{"id":1111,"date":"2018-03-13T15:31:04","date_gmt":"2018-03-13T15:31:04","guid":{"rendered":"http:\/\/kpdi.pl\/deutsch\/?page_id=1111"},"modified":"2018-03-13T15:54:08","modified_gmt":"2018-03-13T15:54:08","slug":"obsluga-spolek-z-sektora-paliw-plynnych","status":"publish","type":"page","link":"https:\/\/kpdi.pl\/deutsch\/obsluga-spolek-z-sektora-paliw-plynnych\/","title":{"rendered":"Doradztwo w sektorze paliw p\u0142ynnych"},"content":{"rendered":"<p>Obs\u0142uga sp\u00f3\u0142ek z sektora paliw p\u0142ynnych to <em>core business<\/em> naszej Kancelarii.<\/p>\n<h3><strong>Grupa LOTOS &#8211; pocz\u0105tki KPDI w Gda\u0144sku<\/strong><\/h3>\n<p>Kancelaria powsta\u0142a w 2003 roku jako <em>in-house <\/em> Grupy LOTOS S.A. i przez kolejne 14 lat \u015bwiadczy\u0142a sta\u0142e, wewn\u0119trzne doradztwo prawne na rzecz wi\u0119kszo\u015bci sp\u00f3\u0142ek z tej grupy kapita\u0142owej.<\/p>\n<h3><strong>Unikalne do\u015bwiadczenie w sektorze paliw p\u0142ynnych<\/strong><\/h3>\n<p>Posiadamy unikalne na skal\u0119 kraju bardzo szerokie do\u015bwiadczenie w obs\u0142udze sp\u00f3\u0142ek prowadz\u0105cych dzia\u0142alno\u015b\u0107 w zakresie\u00a0 wydobycia i przerobu ropy naftowej, a tak\u017ce obrotu produktami naftowymi. Prawnicy naszej Kancelarii zaanga\u017cowani byli w projekty zwi\u0105zane z wydobyciem ropy naftowej i gazu na szelfie Morza Ba\u0142tyckiego.<\/p>\n<h3><strong>Bazy paliw<\/strong><\/h3>\n<p>Doradzali\u015bmy w szeregu projekt\u00f3w zwi\u0105zanych z nabywaniem, sprzeda\u017c\u0105 i dzier\u017caw\u0105 baz paliw p\u0142ynnych.<\/p>\n<h3>Audyty przedsi\u0119biorstw paliwowych<\/h3>\n<p>Doradzali\u015bmy te\u017c w transakcjach zakupu sp\u00f3\u0142ek paliwowych i zorganizowanych cz\u0119\u015bci przedsi\u0119biorstw takich sp\u00f3\u0142ek (<a href=\"http:\/\/kpdi.pl\/deutsch\/oferta\/kancelaria-prawna\/fuzje-i-przejecia-ma-asset-deal\">M&amp;A<\/a>), prowadz\u0105c m.in. <em>due dilligence<\/em> prawne.<\/p>\n<p>Przez lata prowadzili\u015bmy obs\u0142ug\u0119 <em>in-house<\/em>\u00a0<a href=\"http:\/\/kpdi.pl\/deutsch\/upload\/other\/list referencyjny Grupa LOTOS S.A..jpg\" target=\"_blank\" rel=\"noopener\">Grupy LOTOS S.A.<\/a> i jej sp\u00f3\u0142ek zale\u017cnych, w tym <a href=\"http:\/\/kpdi.pl\/deutsch\/upload\/other\/obs%C5%82uga%20prawna%20LOTOS%20PETROBALTIC.pdf\" target=\"_blank\" rel=\"noopener\">LOTOS Petrobaltic S.A.<\/a>. Stale wsp\u00f3\u0142pracujemy z LOTOS Air BP Polska Sp. z o.o., zajmuj\u0105c\u0105 si\u0119 obrotem paliw lotniczych i tankowaniem samolot\u00f3w.<\/p>\n","protected":false},"excerpt":{"rendered":"<p>Obs\u0142uga sp\u00f3\u0142ek z sektora paliw p\u0142ynnych to core business naszej [&hellip;]<\/p>\n","protected":false},"author":1,"featured_media":0,"parent":0,"menu_order":0,"comment_status":"closed","ping_status":"closed","template":"","meta":{"_exactmetrics_skip_tracking":false,"_exactmetrics_sitenote_active":false,"_exactmetrics_sitenote_note":"","_exactmetrics_sitenote_category":0,"footnotes":""},"class_list":["post-1111","page","type-page","status-publish","hentry"],"yoast_head":"<!-- This site is optimized with the Yoast SEO plugin v27.4 - https:\/\/yoast.com\/product\/yoast-seo-wordpress\/ -->\n<title>Obs\u0142uga sp\u00f3\u0142ek paliwowych - Kancelaria Prawna KPDI (Gda\u0144sk)<\/title>\n<meta name=\"description\" content=\"Obs\u0142uga sp\u00f3\u0142ek z sektora paliw p\u0142ynnych to przedmiot szczeg\u00f3lnej specjalizacji naszej Kancelarii. Kilkana\u015bcie lat sprawowali\u015bmy zadania kancelarii wewn\u0119trznej Grupy LOTOS S.A. i jej sp\u00f3\u0142ek zale\u017cnych.\" \/>\n<meta name=\"robots\" content=\"index, follow, max-snippet:-1, max-image-preview:large, max-video-preview:-1\" \/>\n<link rel=\"canonical\" href=\"https:\/\/kpdi.pl\/deutsch\/obsluga-spolek-z-sektora-paliw-plynnych\/\" \/>\n<meta property=\"og:locale\" content=\"de_DE\" \/>\n<meta property=\"og:type\" content=\"article\" \/>\n<meta property=\"og:title\" content=\"Obs\u0142uga sp\u00f3\u0142ek paliwowych - Kancelaria Prawna KPDI (Gda\u0144sk)\" \/>\n<meta property=\"og:description\" content=\"Obs\u0142uga sp\u00f3\u0142ek z sektora paliw p\u0142ynnych to przedmiot szczeg\u00f3lnej specjalizacji naszej Kancelarii. Kilkana\u015bcie lat sprawowali\u015bmy zadania kancelarii wewn\u0119trznej Grupy LOTOS S.A. i jej sp\u00f3\u0142ek zale\u017cnych.\" \/>\n<meta property=\"og:url\" content=\"https:\/\/kpdi.pl\/deutsch\/obsluga-spolek-z-sektora-paliw-plynnych\/\" \/>\n<meta property=\"og:site_name\" content=\"KPDI DE\" \/>\n<meta property=\"article:modified_time\" content=\"2018-03-13T15:54:08+00:00\" \/>\n<meta name=\"twitter:card\" content=\"summary_large_image\" \/>\n<meta name=\"twitter:label1\" content=\"Gesch\u00e4tzte Lesezeit\" \/>\n\t<meta name=\"twitter:data1\" content=\"1\u00a0Minute\" \/>\n<script type=\"application\/ld+json\" class=\"yoast-schema-graph\">{\"@context\":\"https:\\\/\\\/schema.org\",\"@graph\":[{\"@type\":\"WebPage\",\"@id\":\"https:\\\/\\\/kpdi.pl\\\/deutsch\\\/obsluga-spolek-z-sektora-paliw-plynnych\\\/\",\"url\":\"https:\\\/\\\/kpdi.pl\\\/deutsch\\\/obsluga-spolek-z-sektora-paliw-plynnych\\\/\",\"name\":\"Obs\u0142uga sp\u00f3\u0142ek paliwowych - Kancelaria Prawna KPDI (Gda\u0144sk)\",\"isPartOf\":{\"@id\":\"https:\\\/\\\/kpdi.pl\\\/deutsch\\\/#website\"},\"datePublished\":\"2018-03-13T15:31:04+00:00\",\"dateModified\":\"2018-03-13T15:54:08+00:00\",\"description\":\"Obs\u0142uga sp\u00f3\u0142ek z sektora paliw p\u0142ynnych to przedmiot szczeg\u00f3lnej specjalizacji naszej Kancelarii. Kilkana\u015bcie lat sprawowali\u015bmy zadania kancelarii wewn\u0119trznej Grupy LOTOS S.A. i jej sp\u00f3\u0142ek zale\u017cnych.\",\"breadcrumb\":{\"@id\":\"https:\\\/\\\/kpdi.pl\\\/deutsch\\\/obsluga-spolek-z-sektora-paliw-plynnych\\\/#breadcrumb\"},\"inLanguage\":\"de\",\"potentialAction\":[{\"@type\":\"ReadAction\",\"target\":[\"https:\\\/\\\/kpdi.pl\\\/deutsch\\\/obsluga-spolek-z-sektora-paliw-plynnych\\\/\"]}]},{\"@type\":\"BreadcrumbList\",\"@id\":\"https:\\\/\\\/kpdi.pl\\\/deutsch\\\/obsluga-spolek-z-sektora-paliw-plynnych\\\/#breadcrumb\",\"itemListElement\":[{\"@type\":\"ListItem\",\"position\":1,\"name\":\"Strona g\u0142\u00f3wna\",\"item\":\"https:\\\/\\\/kpdi.pl\\\/deutsch\\\/\"},{\"@type\":\"ListItem\",\"position\":2,\"name\":\"Doradztwo w sektorze paliw p\u0142ynnych\"}]},{\"@type\":\"WebSite\",\"@id\":\"https:\\\/\\\/kpdi.pl\\\/deutsch\\\/#website\",\"url\":\"https:\\\/\\\/kpdi.pl\\\/deutsch\\\/\",\"name\":\"KPDI DE\",\"description\":\"Kancelaria Prawna Gda\u0144sk, obs\u0142uga prawna przedsi\u0119biorstw\",\"potentialAction\":[{\"@type\":\"SearchAction\",\"target\":{\"@type\":\"EntryPoint\",\"urlTemplate\":\"https:\\\/\\\/kpdi.pl\\\/deutsch\\\/?s={search_term_string}\"},\"query-input\":{\"@type\":\"PropertyValueSpecification\",\"valueRequired\":true,\"valueName\":\"search_term_string\"}}],\"inLanguage\":\"de\"}]}<\/script>\n<!-- \/ Yoast SEO plugin. -->","yoast_head_json":{"title":"Obs\u0142uga sp\u00f3\u0142ek paliwowych - Kancelaria Prawna KPDI (Gda\u0144sk)","description":"Obs\u0142uga sp\u00f3\u0142ek z sektora paliw p\u0142ynnych to przedmiot szczeg\u00f3lnej specjalizacji naszej Kancelarii. Kilkana\u015bcie lat sprawowali\u015bmy zadania kancelarii wewn\u0119trznej Grupy LOTOS S.A. i jej sp\u00f3\u0142ek zale\u017cnych.","robots":{"index":"index","follow":"follow","max-snippet":"max-snippet:-1","max-image-preview":"max-image-preview:large","max-video-preview":"max-video-preview:-1"},"canonical":"https:\/\/kpdi.pl\/deutsch\/obsluga-spolek-z-sektora-paliw-plynnych\/","og_locale":"de_DE","og_type":"article","og_title":"Obs\u0142uga sp\u00f3\u0142ek paliwowych - Kancelaria Prawna KPDI (Gda\u0144sk)","og_description":"Obs\u0142uga sp\u00f3\u0142ek z sektora paliw p\u0142ynnych to przedmiot szczeg\u00f3lnej specjalizacji naszej Kancelarii. Kilkana\u015bcie lat sprawowali\u015bmy zadania kancelarii wewn\u0119trznej Grupy LOTOS S.A. i jej sp\u00f3\u0142ek zale\u017cnych.","og_url":"https:\/\/kpdi.pl\/deutsch\/obsluga-spolek-z-sektora-paliw-plynnych\/","og_site_name":"KPDI DE","article_modified_time":"2018-03-13T15:54:08+00:00","twitter_card":"summary_large_image","twitter_misc":{"Gesch\u00e4tzte Lesezeit":"1\u00a0Minute"},"schema":{"@context":"https:\/\/schema.org","@graph":[{"@type":"WebPage","@id":"https:\/\/kpdi.pl\/deutsch\/obsluga-spolek-z-sektora-paliw-plynnych\/","url":"https:\/\/kpdi.pl\/deutsch\/obsluga-spolek-z-sektora-paliw-plynnych\/","name":"Obs\u0142uga sp\u00f3\u0142ek paliwowych - Kancelaria Prawna KPDI (Gda\u0144sk)","isPartOf":{"@id":"https:\/\/kpdi.pl\/deutsch\/#website"},"datePublished":"2018-03-13T15:31:04+00:00","dateModified":"2018-03-13T15:54:08+00:00","description":"Obs\u0142uga sp\u00f3\u0142ek z sektora paliw p\u0142ynnych to przedmiot szczeg\u00f3lnej specjalizacji naszej Kancelarii. Kilkana\u015bcie lat sprawowali\u015bmy zadania kancelarii wewn\u0119trznej Grupy LOTOS S.A. i jej sp\u00f3\u0142ek zale\u017cnych.","breadcrumb":{"@id":"https:\/\/kpdi.pl\/deutsch\/obsluga-spolek-z-sektora-paliw-plynnych\/#breadcrumb"},"inLanguage":"de","potentialAction":[{"@type":"ReadAction","target":["https:\/\/kpdi.pl\/deutsch\/obsluga-spolek-z-sektora-paliw-plynnych\/"]}]},{"@type":"BreadcrumbList","@id":"https:\/\/kpdi.pl\/deutsch\/obsluga-spolek-z-sektora-paliw-plynnych\/#breadcrumb","itemListElement":[{"@type":"ListItem","position":1,"name":"Strona g\u0142\u00f3wna","item":"https:\/\/kpdi.pl\/deutsch\/"},{"@type":"ListItem","position":2,"name":"Doradztwo w sektorze paliw p\u0142ynnych"}]},{"@type":"WebSite","@id":"https:\/\/kpdi.pl\/deutsch\/#website","url":"https:\/\/kpdi.pl\/deutsch\/","name":"KPDI DE","description":"Kancelaria Prawna Gda\u0144sk, obs\u0142uga prawna przedsi\u0119biorstw","potentialAction":[{"@type":"SearchAction","target":{"@type":"EntryPoint","urlTemplate":"https:\/\/kpdi.pl\/deutsch\/?s={search_term_string}"},"query-input":{"@type":"PropertyValueSpecification","valueRequired":true,"valueName":"search_term_string"}}],"inLanguage":"de"}]}},"_links":{"self":[{"href":"https:\/\/kpdi.pl\/deutsch\/wp-json\/wp\/v2\/pages\/1111","targetHints":{"allow":["GET"]}}],"collection":[{"href":"https:\/\/kpdi.pl\/deutsch\/wp-json\/wp\/v2\/pages"}],"about":[{"href":"https:\/\/kpdi.pl\/deutsch\/wp-json\/wp\/v2\/types\/page"}],"author":[{"embeddable":true,"href":"https:\/\/kpdi.pl\/deutsch\/wp-json\/wp\/v2\/users\/1"}],"replies":[{"embeddable":true,"href":"https:\/\/kpdi.pl\/deutsch\/wp-json\/wp\/v2\/comments?post=1111"}],"version-history":[{"count":3,"href":"https:\/\/kpdi.pl\/deutsch\/wp-json\/wp\/v2\/pages\/1111\/revisions"}],"predecessor-version":[{"id":1116,"href":"https:\/\/kpdi.pl\/deutsch\/wp-json\/wp\/v2\/pages\/1111\/revisions\/1116"}],"wp:attachment":[{"href":"https:\/\/kpdi.pl\/deutsch\/wp-json\/wp\/v2\/media?parent=1111"}],"curies":[{"name":"wp","href":"https:\/\/api.w.org\/{rel}","templated":true}]}}