{"id":1123,"date":"2018-03-13T17:12:13","date_gmt":"2018-03-13T17:12:13","guid":{"rendered":"http:\/\/kpdi.pl\/deutsch\/?page_id=1123"},"modified":"2019-07-03T11:07:10","modified_gmt":"2019-07-03T11:07:10","slug":"transport-i-logistyka","status":"publish","type":"page","link":"https:\/\/kpdi.pl\/deutsch\/transport-i-logistyka\/","title":{"rendered":"Transport und Logistik"},"content":{"rendered":"<p><div class=\"fusion-fullwidth fullwidth-box fusion-builder-row-1 nonhundred-percent-fullwidth non-hundred-percent-height-scrolling\" style=\"background-color: rgba(255,255,255,0);background-position: center center;background-repeat: no-repeat;padding-top:0px;padding-right:0px;padding-bottom:0px;padding-left:0px;margin-bottom: 0px;margin-top: 0px;border-width: 0px 0px 0px 0px;border-color:#eae9e9;border-style:solid;\" ><div class=\"fusion-builder-row fusion-row\"><div class=\"fusion-layout-column fusion_builder_column fusion-builder-column-0 fusion_builder_column_1_1 1_1 fusion-one-full fusion-column-first fusion-column-last\" style=\"margin-top:0px;margin-bottom:20px;\"><div class=\"fusion-column-wrapper fusion-flex-column-wrapper-legacy\" style=\"background-position:left top;background-repeat:no-repeat;-webkit-background-size:cover;-moz-background-size:cover;-o-background-size:cover;background-size:cover;padding: 0px 0px 0px 0px;\"><div class=\"fusion-text fusion-text-1\"><h2 style=\"text-align: center;\">Transport und Logistik \u2013 sich erg\u00e4nzenden und untrennbare Gebiete der Unternehmenst\u00e4tigkeit. Hier bieten wir ebenfalls erfolgreich unsere Unterst\u00fctzung an.<\/h2>\n<\/div><div class=\"fusion-clearfix\"><\/div><\/div><\/div><\/div><\/div><div class=\"fusion-fullwidth fullwidth-box fusion-builder-row-2 nonhundred-percent-fullwidth non-hundred-percent-height-scrolling\" style=\"background-color: rgba(255,255,255,0);background-position: center center;background-repeat: no-repeat;padding-top:0px;padding-right:0px;padding-bottom:0px;padding-left:0px;margin-bottom: 0px;margin-top: 0px;border-width: 0px 0px 0px 0px;border-color:#eae9e9;border-style:solid;\" ><div class=\"fusion-builder-row fusion-row\"><div class=\"fusion-layout-column fusion_builder_column fusion-builder-column-1 fusion_builder_column_3_5 3_5 fusion-three-fifth fusion-column-first\" style=\"width:60%;width:calc(60% - ( ( 4% ) * 0.6 ) );margin-right: 4%;margin-top:0px;margin-bottom:20px;\"><div class=\"fusion-column-wrapper fusion-flex-column-wrapper-legacy\" style=\"background-position:left top;background-repeat:no-repeat;-webkit-background-size:cover;-moz-background-size:cover;-o-background-size:cover;background-size:cover;padding: 0px 0px 0px 0px;\"><div class=\"fusion-text fusion-text-2\"><h3>Transport und Logistik von Waren<\/h3>\n<p>\u00dcber viele Jahre leisteten wir Dienste der st\u00e4ndigen Beratung einer gro\u00dfen Kapitalgruppe, die sich mit der Logistik von Obst und Gem\u00fcse an eine Supermarktkette in Polen besch\u00e4ftigt hat.<\/p>\n<p>In Rahmen dieser Gruppe haben wir auch eine Gesellschaft beraten, die sich mit dem inl\u00e4ndischen und ausl\u00e4ndischen Stra\u00dfentransport von Waren besch\u00e4ftigt hat. In diesem Zeitraum der Zusammenarbeit haben wir unsere Erfahrung im Bereich der Streitentscheidung aus Transportanspr\u00fcchen in Anlehnung an das Frachtrecht und die CMR-Konvention vertieft.<\/p>\n<h3>Transport und Logistik von fl\u00fcssigen Brennstoffen<\/h3>\n<p>Im Rahmen der Beratung der LOTOS S.A. Gruppe haben wir uns mit Rechtsfragen der Logistik von fl\u00fcssigen und gasf\u00f6rmigen Brennstoffen besch\u00e4ftigt. Die KPDI-Juristen haben an Projekten in Verbindung mit der Organisation der Lagerung von Gas in unterirdischen Lagerst\u00e4tten (Kavernen) teilgenommen.<\/p>\n<p>Ein wesentlicher Teil unserer T\u00e4tigkeit war der Transport von fl\u00fcssigen Brennstoffen.<\/p>\n<\/div><div class=\"fusion-clearfix\"><\/div><\/div><\/div><div class=\"fusion-layout-column fusion_builder_column fusion-builder-column-2 fusion_builder_column_2_5 2_5 fusion-two-fifth fusion-column-last\" style=\"width:40%;width:calc(40% - ( ( 4% ) * 0.4 ) );margin-top:0px;margin-bottom:20px;\"><div class=\"fusion-column-wrapper fusion-flex-column-wrapper-legacy\" style=\"background-position:left top;background-repeat:no-repeat;-webkit-background-size:cover;-moz-background-size:cover;-o-background-size:cover;background-size:cover;padding: 0px 0px 0px 0px;\"><span class=\" fusion-imageframe imageframe-none imageframe-1 hover-type-none\"><img decoding=\"async\" width=\"300\" height=\"177\" title=\"transport i logistyka\" src=\"http:\/\/kpdi.pl\/wp-content\/uploads\/sites\/5\/2018\/05\/transport-i-logistyka-1-300x177.jpg\" alt class=\"img-responsive wp-image-1702\" srcset=\"https:\/\/kpdi.pl\/deutsch\/wp-content\/uploads\/sites\/5\/2018\/05\/transport-i-logistyka-1-200x118.jpg 200w, https:\/\/kpdi.pl\/deutsch\/wp-content\/uploads\/sites\/5\/2018\/05\/transport-i-logistyka-1-400x236.jpg 400w, https:\/\/kpdi.pl\/deutsch\/wp-content\/uploads\/sites\/5\/2018\/05\/transport-i-logistyka-1-600x353.jpg 600w, https:\/\/kpdi.pl\/deutsch\/wp-content\/uploads\/sites\/5\/2018\/05\/transport-i-logistyka-1-800x471.jpg 800w, https:\/\/kpdi.pl\/deutsch\/wp-content\/uploads\/sites\/5\/2018\/05\/transport-i-logistyka-1.jpg 830w\" sizes=\"(max-width: 800px) 100vw, 600px\" \/><\/span><div class=\"fusion-clearfix\"><\/div><\/div><\/div><\/div><\/div><div class=\"fusion-fullwidth fullwidth-box fusion-builder-row-3 nonhundred-percent-fullwidth non-hundred-percent-height-scrolling\" style=\"background-color: rgba(255,255,255,0);background-position: center center;background-repeat: no-repeat;padding-top:0px;padding-right:0px;padding-bottom:0px;padding-left:0px;margin-bottom: 0px;margin-top: 0px;border-width: 0px 0px 0px 0px;border-color:#eae9e9;border-style:solid;\" ><div class=\"fusion-builder-row fusion-row\"><div class=\"fusion-layout-column fusion_builder_column fusion-builder-column-3 fusion_builder_column_1_1 1_1 fusion-one-full fusion-column-first fusion-column-last\" style=\"margin-top:0px;margin-bottom:20px;\"><div class=\"fusion-column-wrapper fusion-flex-column-wrapper-legacy\" style=\"background-position:left top;background-repeat:no-repeat;-webkit-background-size:cover;-moz-background-size:cover;-o-background-size:cover;background-size:cover;padding: 0px 0px 0px 0px;\"><div class=\"fusion-text fusion-text-3\"><h3>Nicht nur die Rechtsberatung von Transportunternehmen<\/h3>\n<p>Unser Wissen und Erfahrung im Bereich des Transports und Logistik nutzen wir nicht nur w\u00e4hrend der Rechtsberatung der Mandanten aus dieser Branche. Wir haben u.a. auf der Seite des Erwerbers w\u00e4hrend des Anteilerwerbs an einer gro\u00dfen polnischen Transportgesellschaft beraten, was dem Erwerber erm\u00f6glichte, die Gefahren in Verbindung mit der Hauptt\u00e4tigkeit der Gesellschaft im Kaufvertrag in entsprechender Weise zu signalisieren.<\/p>\n<\/div><div class=\"fusion-sep-clear\"><\/div><div class=\"fusion-separator fusion-full-width-sep\" style=\"margin-left: auto;margin-right: auto;margin-top:10px;margin-bottom:30px;width:100%;\"><div class=\"fusion-separator-border sep-single sep-solid\" style=\"border-color:rgba(39,134,229,0.76);border-top-width:1px;\"><\/div><\/div><div class=\"fusion-sep-clear\"><\/div><div class=\"fusion-clearfix\"><\/div><\/div><\/div><\/div><\/div><div class=\"fusion-fullwidth fullwidth-box fusion-builder-row-4 nonhundred-percent-fullwidth non-hundred-percent-height-scrolling\" style=\"background-color: rgba(255,255,255,0);background-position: center center;background-repeat: no-repeat;padding-top:0px;padding-right:0px;padding-bottom:0px;padding-left:0px;margin-bottom: 0px;margin-top: 0px;border-width: 0px 0px 0px 0px;border-color:#eae9e9;border-style:solid;\" ><div class=\"fusion-builder-row fusion-row\"><div class=\"fusion-layout-column fusion_builder_column fusion-builder-column-4 fusion_builder_column_3_5 3_5 fusion-three-fifth fusion-column-first\" style=\"width:60%;width:calc(60% - ( ( 4% ) * 0.6 ) );margin-right: 4%;margin-top:0px;margin-bottom:20px;\"><div class=\"fusion-column-wrapper fusion-flex-column-wrapper-legacy\" style=\"background-position:left top;background-repeat:no-repeat;-webkit-background-size:cover;-moz-background-size:cover;-o-background-size:cover;background-size:cover;padding: 0px 0px 0px 0px;\"><div class=\"fusion-text fusion-text-4\"><h3>Warentransport mit der Bahn<\/h3>\n<p>Wir besitzen eine auf dem polnischen Markt au\u00dfergew\u00f6hnliche Kenntnis im Bereich des Bahnrechts und des Bahntransports. Die Bahnrechtabteilung wird durch den Partner der KPDI, RA Krzysztof Kuczy\u0144ski geleitet.<\/p>\n<p>Unsere Erfahrung mit der Bahn haben wir in einer gesonderten Tab beschrieben -&gt;<\/p>\n<\/div><div class=\"fusion-clearfix\"><\/div><\/div><\/div><div class=\"fusion-layout-column fusion_builder_column fusion-builder-column-5 fusion_builder_column_2_5 2_5 fusion-two-fifth fusion-column-last\" style=\"width:40%;width:calc(40% - ( ( 4% ) * 0.4 ) );margin-top:0px;margin-bottom:20px;\"><div class=\"fusion-column-wrapper fusion-flex-column-wrapper-legacy\" style=\"background-position:left top;background-repeat:no-repeat;-webkit-background-size:cover;-moz-background-size:cover;-o-background-size:cover;background-size:cover;padding: 0px 0px 0px 0px;\"><span class=\" fusion-imageframe imageframe-none imageframe-2 hover-type-none\"><img decoding=\"async\" width=\"250\" height=\"251\" alt=\"krzysztof kuczy\u0144ski adwokat\" title=\"KK1\" src=\"http:\/\/kpdi.pl\/wp-content\/uploads\/sites\/5\/2018\/03\/KK1.png\" class=\"img-responsive wp-image-1413\" srcset=\"https:\/\/kpdi.pl\/deutsch\/wp-content\/uploads\/sites\/5\/2018\/03\/KK1-200x201.png 200w, https:\/\/kpdi.pl\/deutsch\/wp-content\/uploads\/sites\/5\/2018\/03\/KK1.png 250w\" sizes=\"(max-width: 800px) 100vw, 250px\" \/><\/span><div class=\"fusion-clearfix\"><\/div><\/div><\/div><\/div><\/div><\/p>\n","protected":false},"excerpt":{"rendered":"","protected":false},"author":1,"featured_media":0,"parent":0,"menu_order":0,"comment_status":"closed","ping_status":"closed","template":"","meta":{"_exactmetrics_skip_tracking":false,"_exactmetrics_sitenote_active":false,"_exactmetrics_sitenote_note":"","_exactmetrics_sitenote_category":0,"footnotes":""},"class_list":["post-1123","page","type-page","status-publish","hentry"],"yoast_head":"<!-- This site is optimized with the Yoast SEO plugin v27.5 - https:\/\/yoast.com\/product\/yoast-seo-wordpress\/ -->\n<title>Transport und Logistik - KPDI DE<\/title>\n<meta name=\"description\" content=\"Transport i logistyka stanowi\u0105 obszary w kt\u00f3rych od wielu lat \u015bwiadczymy doradztwo prawne. Specjalizujemy si\u0119 w obs\u0142udze prawnej przedsi\u0119biorstw transportowych i rozwi\u0105zywania spor\u00f3w, a tak\u017ce likwidacj\u0105 szk\u00f3d powsta\u0142ych przy realizacji transportu.\" \/>\n<meta name=\"robots\" content=\"index, follow, max-snippet:-1, max-image-preview:large, max-video-preview:-1\" \/>\n<link rel=\"canonical\" href=\"https:\/\/kpdi.pl\/deutsch\/transport-i-logistyka\/\" \/>\n<meta property=\"og:locale\" content=\"de_DE\" \/>\n<meta property=\"og:type\" content=\"article\" \/>\n<meta property=\"og:title\" content=\"Transport und Logistik - KPDI DE\" \/>\n<meta property=\"og:description\" content=\"Transport i logistyka stanowi\u0105 obszary w kt\u00f3rych od wielu lat \u015bwiadczymy doradztwo prawne. Specjalizujemy si\u0119 w obs\u0142udze prawnej przedsi\u0119biorstw transportowych i rozwi\u0105zywania spor\u00f3w, a tak\u017ce likwidacj\u0105 szk\u00f3d powsta\u0142ych przy realizacji transportu.\" \/>\n<meta property=\"og:url\" content=\"https:\/\/kpdi.pl\/deutsch\/transport-i-logistyka\/\" \/>\n<meta property=\"og:site_name\" content=\"KPDI DE\" \/>\n<meta property=\"article:modified_time\" content=\"2019-07-03T11:07:10+00:00\" \/>\n<meta name=\"twitter:card\" content=\"summary_large_image\" \/>\n<meta name=\"twitter:label1\" content=\"Gesch\u00e4tzte Lesezeit\" \/>\n\t<meta name=\"twitter:data1\" content=\"7\u00a0Minuten\" \/>\n<script type=\"application\/ld+json\" class=\"yoast-schema-graph\">{\"@context\":\"https:\\\/\\\/schema.org\",\"@graph\":[{\"@type\":\"WebPage\",\"@id\":\"https:\\\/\\\/kpdi.pl\\\/deutsch\\\/transport-i-logistyka\\\/\",\"url\":\"https:\\\/\\\/kpdi.pl\\\/deutsch\\\/transport-i-logistyka\\\/\",\"name\":\"Transport und Logistik - KPDI DE\",\"isPartOf\":{\"@id\":\"https:\\\/\\\/kpdi.pl\\\/deutsch\\\/#website\"},\"datePublished\":\"2018-03-13T17:12:13+00:00\",\"dateModified\":\"2019-07-03T11:07:10+00:00\",\"description\":\"Transport i logistyka stanowi\u0105 obszary w kt\u00f3rych od wielu lat \u015bwiadczymy doradztwo prawne. Specjalizujemy si\u0119 w obs\u0142udze prawnej przedsi\u0119biorstw transportowych i rozwi\u0105zywania spor\u00f3w, a tak\u017ce likwidacj\u0105 szk\u00f3d powsta\u0142ych przy realizacji transportu.\",\"breadcrumb\":{\"@id\":\"https:\\\/\\\/kpdi.pl\\\/deutsch\\\/transport-i-logistyka\\\/#breadcrumb\"},\"inLanguage\":\"de\",\"potentialAction\":[{\"@type\":\"ReadAction\",\"target\":[\"https:\\\/\\\/kpdi.pl\\\/deutsch\\\/transport-i-logistyka\\\/\"]}]},{\"@type\":\"BreadcrumbList\",\"@id\":\"https:\\\/\\\/kpdi.pl\\\/deutsch\\\/transport-i-logistyka\\\/#breadcrumb\",\"itemListElement\":[{\"@type\":\"ListItem\",\"position\":1,\"name\":\"Strona g\u0142\u00f3wna\",\"item\":\"https:\\\/\\\/kpdi.pl\\\/deutsch\\\/\"},{\"@type\":\"ListItem\",\"position\":2,\"name\":\"Transport und Logistik\"}]},{\"@type\":\"WebSite\",\"@id\":\"https:\\\/\\\/kpdi.pl\\\/deutsch\\\/#website\",\"url\":\"https:\\\/\\\/kpdi.pl\\\/deutsch\\\/\",\"name\":\"KPDI DE\",\"description\":\"Kancelaria Prawna Gda\u0144sk, obs\u0142uga prawna przedsi\u0119biorstw\",\"potentialAction\":[{\"@type\":\"SearchAction\",\"target\":{\"@type\":\"EntryPoint\",\"urlTemplate\":\"https:\\\/\\\/kpdi.pl\\\/deutsch\\\/?s={search_term_string}\"},\"query-input\":{\"@type\":\"PropertyValueSpecification\",\"valueRequired\":true,\"valueName\":\"search_term_string\"}}],\"inLanguage\":\"de\"}]}<\/script>\n<!-- \/ Yoast SEO plugin. -->","yoast_head_json":{"title":"Transport und Logistik - KPDI DE","description":"Transport i logistyka stanowi\u0105 obszary w kt\u00f3rych od wielu lat \u015bwiadczymy doradztwo prawne. Specjalizujemy si\u0119 w obs\u0142udze prawnej przedsi\u0119biorstw transportowych i rozwi\u0105zywania spor\u00f3w, a tak\u017ce likwidacj\u0105 szk\u00f3d powsta\u0142ych przy realizacji transportu.","robots":{"index":"index","follow":"follow","max-snippet":"max-snippet:-1","max-image-preview":"max-image-preview:large","max-video-preview":"max-video-preview:-1"},"canonical":"https:\/\/kpdi.pl\/deutsch\/transport-i-logistyka\/","og_locale":"de_DE","og_type":"article","og_title":"Transport und Logistik - KPDI DE","og_description":"Transport i logistyka stanowi\u0105 obszary w kt\u00f3rych od wielu lat \u015bwiadczymy doradztwo prawne. Specjalizujemy si\u0119 w obs\u0142udze prawnej przedsi\u0119biorstw transportowych i rozwi\u0105zywania spor\u00f3w, a tak\u017ce likwidacj\u0105 szk\u00f3d powsta\u0142ych przy realizacji transportu.","og_url":"https:\/\/kpdi.pl\/deutsch\/transport-i-logistyka\/","og_site_name":"KPDI DE","article_modified_time":"2019-07-03T11:07:10+00:00","twitter_card":"summary_large_image","twitter_misc":{"Gesch\u00e4tzte Lesezeit":"7\u00a0Minuten"},"schema":{"@context":"https:\/\/schema.org","@graph":[{"@type":"WebPage","@id":"https:\/\/kpdi.pl\/deutsch\/transport-i-logistyka\/","url":"https:\/\/kpdi.pl\/deutsch\/transport-i-logistyka\/","name":"Transport und Logistik - KPDI DE","isPartOf":{"@id":"https:\/\/kpdi.pl\/deutsch\/#website"},"datePublished":"2018-03-13T17:12:13+00:00","dateModified":"2019-07-03T11:07:10+00:00","description":"Transport i logistyka stanowi\u0105 obszary w kt\u00f3rych od wielu lat \u015bwiadczymy doradztwo prawne. Specjalizujemy si\u0119 w obs\u0142udze prawnej przedsi\u0119biorstw transportowych i rozwi\u0105zywania spor\u00f3w, a tak\u017ce likwidacj\u0105 szk\u00f3d powsta\u0142ych przy realizacji transportu.","breadcrumb":{"@id":"https:\/\/kpdi.pl\/deutsch\/transport-i-logistyka\/#breadcrumb"},"inLanguage":"de","potentialAction":[{"@type":"ReadAction","target":["https:\/\/kpdi.pl\/deutsch\/transport-i-logistyka\/"]}]},{"@type":"BreadcrumbList","@id":"https:\/\/kpdi.pl\/deutsch\/transport-i-logistyka\/#breadcrumb","itemListElement":[{"@type":"ListItem","position":1,"name":"Strona g\u0142\u00f3wna","item":"https:\/\/kpdi.pl\/deutsch\/"},{"@type":"ListItem","position":2,"name":"Transport und Logistik"}]},{"@type":"WebSite","@id":"https:\/\/kpdi.pl\/deutsch\/#website","url":"https:\/\/kpdi.pl\/deutsch\/","name":"KPDI DE","description":"Kancelaria Prawna Gda\u0144sk, obs\u0142uga prawna przedsi\u0119biorstw","potentialAction":[{"@type":"SearchAction","target":{"@type":"EntryPoint","urlTemplate":"https:\/\/kpdi.pl\/deutsch\/?s={search_term_string}"},"query-input":{"@type":"PropertyValueSpecification","valueRequired":true,"valueName":"search_term_string"}}],"inLanguage":"de"}]}},"_links":{"self":[{"href":"https:\/\/kpdi.pl\/deutsch\/wp-json\/wp\/v2\/pages\/1123","targetHints":{"allow":["GET"]}}],"collection":[{"href":"https:\/\/kpdi.pl\/deutsch\/wp-json\/wp\/v2\/pages"}],"about":[{"href":"https:\/\/kpdi.pl\/deutsch\/wp-json\/wp\/v2\/types\/page"}],"author":[{"embeddable":true,"href":"https:\/\/kpdi.pl\/deutsch\/wp-json\/wp\/v2\/users\/1"}],"replies":[{"embeddable":true,"href":"https:\/\/kpdi.pl\/deutsch\/wp-json\/wp\/v2\/comments?post=1123"}],"version-history":[{"count":8,"href":"https:\/\/kpdi.pl\/deutsch\/wp-json\/wp\/v2\/pages\/1123\/revisions"}],"predecessor-version":[{"id":1900,"href":"https:\/\/kpdi.pl\/deutsch\/wp-json\/wp\/v2\/pages\/1123\/revisions\/1900"}],"wp:attachment":[{"href":"https:\/\/kpdi.pl\/deutsch\/wp-json\/wp\/v2\/media?parent=1123"}],"curies":[{"name":"wp","href":"https:\/\/api.w.org\/{rel}","templated":true}]}}