{"id":1129,"date":"2018-03-14T19:26:54","date_gmt":"2018-03-14T19:26:54","guid":{"rendered":"http:\/\/kpdi.pl\/deutsch\/?page_id=1129"},"modified":"2019-07-01T11:44:19","modified_gmt":"2019-07-01T11:44:19","slug":"handel-miedzynarodowy","status":"publish","type":"page","link":"https:\/\/kpdi.pl\/deutsch\/handel-miedzynarodowy\/","title":{"rendered":"Internationale Gesch\u00e4ftsverkehr"},"content":{"rendered":"<p><div class=\"fusion-fullwidth fullwidth-box fusion-builder-row-1 nonhundred-percent-fullwidth non-hundred-percent-height-scrolling\" style=\"background-color: rgba(255,255,255,0);background-position: center center;background-repeat: no-repeat;padding-top:0px;padding-right:0px;padding-bottom:0px;padding-left:0px;margin-bottom: 0px;margin-top: 0px;border-width: 0px 0px 0px 0px;border-color:#eae9e9;border-style:solid;\" ><div class=\"fusion-builder-row fusion-row\"><div class=\"fusion-layout-column fusion_builder_column fusion-builder-column-0 fusion_builder_column_1_1 1_1 fusion-one-full fusion-column-first fusion-column-last\" style=\"margin-top:0px;margin-bottom:20px;\"><div class=\"fusion-column-wrapper fusion-flex-column-wrapper-legacy\" style=\"background-position:left top;background-repeat:no-repeat;-webkit-background-size:cover;-moz-background-size:cover;-o-background-size:cover;background-size:cover;padding: 0px 0px 0px 0px;\"><div class=\"fusion-text fusion-text-1\"><h3 style=\"text-align: center;\"><strong>Der internationale Gesch\u00e4ftsverkehr stellt die Unternehmer vor au\u00dfergew\u00f6hnlichen Herausforderungen.<\/strong><\/h3>\n<\/div><div class=\"fusion-sep-clear\"><\/div><div class=\"fusion-separator fusion-full-width-sep\" style=\"margin-left: auto;margin-right: auto;width:100%;\"><div class=\"fusion-separator-border sep-single sep-solid\" style=\"border-color:rgba(39,134,229,0.76);border-top-width:1px;\"><\/div><\/div><div class=\"fusion-sep-clear\"><\/div><div class=\"fusion-clearfix\"><\/div><\/div><\/div><div class=\"fusion-layout-column fusion_builder_column fusion-builder-column-1 fusion_builder_column_3_5 3_5 fusion-three-fifth fusion-column-first\" style=\"width:60%;width:calc(60% - ( ( 4% ) * 0.6 ) );margin-right: 4%;margin-top:0px;margin-bottom:20px;\"><div class=\"fusion-column-wrapper fusion-flex-column-wrapper-legacy\" style=\"background-position:left top;background-repeat:no-repeat;-webkit-background-size:cover;-moz-background-size:cover;-o-background-size:cover;background-size:cover;padding: 0px 0px 0px 0px;\"><div class=\"fusion-text fusion-text-2\"><h3><strong>Zust\u00e4ndiges Recht und Gerichtsstand<\/strong><\/h3>\n<p>Wenn die Gesch\u00e4ftspartner sich in verschiedenen L\u00e4ndern befinden, spielt die Bestimmung des zust\u00e4ndigen Rechts und den Gerichtsstand f\u00fcr das Gesch\u00e4ft eine besondere Rolle. Die Wahl eines fremden Rechtes f\u00fchrt uns in eine unbekannte Rechtsordnung. Derselbe Vertrag kann dadurch automatisch seine Gestalt \u00e4ndern und wir bemerken es gar nicht. Bis zum Zeitpunkt, wenn es zu einer Streitigkeit kommt.<\/p>\n<p>Und dann kann es sich herausstellen, dass zu einer Streitl\u00f6sung ausschlie\u00dflich ein Gericht in einem anderen Land zust\u00e4ndig ist. Ein polnischer Jurist kann da nicht mehr helfen. Wir sind dann gezwungen eine Prozessvertretung in einem anderen Staat zu suchen.<\/p>\n<p>Dr\u00fcber hinaus, verpflichten Schlichtungsklausel manchmal, dass der Streit vor einem Schiedsgericht gebracht werden muss. Und zwar an einem besonderen Ort (z.B. in London oder den USA).<\/p>\n<\/div><div class=\"fusion-clearfix\"><\/div><\/div><\/div><div class=\"fusion-layout-column fusion_builder_column fusion-builder-column-2 fusion_builder_column_2_5 2_5 fusion-two-fifth fusion-column-last\" style=\"width:40%;width:calc(40% - ( ( 4% ) * 0.4 ) );margin-top:0px;margin-bottom:20px;\"><div class=\"fusion-column-wrapper fusion-flex-column-wrapper-legacy\" style=\"background-position:left top;background-repeat:no-repeat;-webkit-background-size:cover;-moz-background-size:cover;-o-background-size:cover;background-size:cover;padding: 0px 0px 0px 0px;\"><span class=\" fusion-imageframe imageframe-none imageframe-1 hover-type-none\"><img decoding=\"async\" width=\"300\" height=\"200\" alt=\"handel mi\u0119dzynarodowy\" title=\"handel mi\u0119dzynarodowy\" src=\"http:\/\/kpdi.pl\/wp-content\/uploads\/sites\/5\/2018\/05\/handel-mi\u0119dzynarodowy-300x200.jpg\" class=\"img-responsive wp-image-1731\" srcset=\"https:\/\/kpdi.pl\/deutsch\/wp-content\/uploads\/sites\/5\/2018\/05\/handel-mi\u0119dzynarodowy-200x133.jpg 200w, https:\/\/kpdi.pl\/deutsch\/wp-content\/uploads\/sites\/5\/2018\/05\/handel-mi\u0119dzynarodowy-400x267.jpg 400w, https:\/\/kpdi.pl\/deutsch\/wp-content\/uploads\/sites\/5\/2018\/05\/handel-mi\u0119dzynarodowy-600x400.jpg 600w, https:\/\/kpdi.pl\/deutsch\/wp-content\/uploads\/sites\/5\/2018\/05\/handel-mi\u0119dzynarodowy-800x534.jpg 800w, https:\/\/kpdi.pl\/deutsch\/wp-content\/uploads\/sites\/5\/2018\/05\/handel-mi\u0119dzynarodowy-1200x801.jpg 1200w, https:\/\/kpdi.pl\/deutsch\/wp-content\/uploads\/sites\/5\/2018\/05\/handel-mi\u0119dzynarodowy.jpg 1500w\" sizes=\"(max-width: 800px) 100vw, 600px\" \/><\/span><div class=\"fusion-clearfix\"><\/div><\/div><\/div><\/div><\/div><div class=\"fusion-fullwidth fullwidth-box fusion-builder-row-2 nonhundred-percent-fullwidth non-hundred-percent-height-scrolling\" style=\"background-color: rgba(255,255,255,0);background-position: center center;background-repeat: no-repeat;padding-top:0px;padding-right:0px;padding-bottom:0px;padding-left:0px;margin-bottom: 0px;margin-top: 0px;border-width: 0px 0px 0px 0px;border-color:#eae9e9;border-style:solid;\" ><div class=\"fusion-builder-row fusion-row\"><div class=\"fusion-layout-column fusion_builder_column fusion-builder-column-3 fusion_builder_column_1_1 1_1 fusion-one-full fusion-column-first fusion-column-last\" style=\"margin-top:0px;margin-bottom:20px;\"><div class=\"fusion-column-wrapper fusion-flex-column-wrapper-legacy\" style=\"background-position:left top;background-repeat:no-repeat;-webkit-background-size:cover;-moz-background-size:cover;-o-background-size:cover;background-size:cover;padding: 0px 0px 0px 0px;\"><div class=\"fusion-sep-clear\"><\/div><div class=\"fusion-separator fusion-full-width-sep\" style=\"margin-left: auto;margin-right: auto;width:100%;\"><div class=\"fusion-separator-border sep-single sep-solid\" style=\"border-color:rgba(39,134,229,0.76);border-top-width:1px;\"><\/div><\/div><div class=\"fusion-sep-clear\"><\/div><div class=\"fusion-text fusion-text-3\"><h3><strong>Internationale Vertr\u00e4ge, EU-Recht.<\/strong><\/h3>\n<p>Der internationale Gesch\u00e4ftsverkehr stellt besondere Herausforderungen f\u00fcr die Juristen dar. Unsere Aufgabe ist eine effektive Absicherung des Mandanten, die weit \u00fcber die Bestimmung der Lieferart oder der Zahlungsform und den Zahlungsort hinausragt.\u00a0Einige Handlungen ben\u00f6tigen einer genauen Analyse des fremden Rechts, unter dem Gesichtspunkt der Befugnis der Parteien zum Vertragsschluss, der Handlungsform (z.B. Ausstellen eines Wechsels im Ausland) und andere. Schlie\u00dflich sollte man insbesondere das Steuerrecht ber\u00fccksichtigen, darunter Z\u00f6lle und Akzise sowie die Eigenart der einzelnen Warentransporte (Stra\u00dfe, Bahn, See und Luft).<\/p>\n<p>Die Kanzlei besitzt eine langj\u00e4hrige Erfahrung in der Rechtsberatung beim internationalen Gesch\u00e4ftsverkehr. Die Kenntnis der Problematik und die gr\u00fcndliche Zusammenarbeit mit einer Vielzahl von Rechtskanzleien der <a href=\"http:\/\/kpdi.pl\/eurojuris-international\/\">EUROJURIS International<\/a>, erlauben uns die gestellte Herausforderung auf diesem Gebiet der Unternehmensf\u00fchrung zu erf\u00fcllen.<\/p>\n<\/div><div class=\"imageframe-align-center\"><span class=\" fusion-imageframe imageframe-none imageframe-2 hover-type-none\"><a class=\"fusion-no-lightbox\" href=\"http:\/\/kpdi.pl\/deutsch\/eurojuris-international\/\" target=\"_blank\" aria-label=\"EUROJURIS logo\" rel=\"noopener noreferrer\"><img decoding=\"async\" width=\"300\" height=\"48\" alt=\"EUROJURIS International\" src=\"http:\/\/kpdi.pl\/wp-content\/uploads\/sites\/5\/2018\/03\/EUROJURIS-logo-300x48.png\" class=\"img-responsive wp-image-1480\" srcset=\"https:\/\/kpdi.pl\/deutsch\/wp-content\/uploads\/sites\/5\/2018\/03\/EUROJURIS-logo-200x32.png 200w, https:\/\/kpdi.pl\/deutsch\/wp-content\/uploads\/sites\/5\/2018\/03\/EUROJURIS-logo-400x64.png 400w, https:\/\/kpdi.pl\/deutsch\/wp-content\/uploads\/sites\/5\/2018\/03\/EUROJURIS-logo-600x95.png 600w, https:\/\/kpdi.pl\/deutsch\/wp-content\/uploads\/sites\/5\/2018\/03\/EUROJURIS-logo-800x127.png 800w, https:\/\/kpdi.pl\/deutsch\/wp-content\/uploads\/sites\/5\/2018\/03\/EUROJURIS-logo-1200x191.png 1200w, https:\/\/kpdi.pl\/deutsch\/wp-content\/uploads\/sites\/5\/2018\/03\/EUROJURIS-logo.png 2320w\" sizes=\"(max-width: 800px) 100vw, 1200px\" \/><\/a><\/span><\/div><div class=\"fusion-clearfix\"><\/div><\/div><\/div><\/div><\/div><div class=\"fusion-fullwidth fullwidth-box fusion-builder-row-3 nonhundred-percent-fullwidth non-hundred-percent-height-scrolling\" style=\"background-color: rgba(255,255,255,0);background-position: center center;background-repeat: no-repeat;padding-top:0px;padding-right:0px;padding-bottom:0px;padding-left:0px;margin-bottom: 0px;margin-top: 0px;border-width: 0px 0px 0px 0px;border-color:#eae9e9;border-style:solid;\" ><div class=\"fusion-builder-row fusion-row\"><\/div><\/div><\/p>\n","protected":false},"excerpt":{"rendered":"","protected":false},"author":1,"featured_media":0,"parent":0,"menu_order":0,"comment_status":"closed","ping_status":"closed","template":"","meta":{"_exactmetrics_skip_tracking":false,"_exactmetrics_sitenote_active":false,"_exactmetrics_sitenote_note":"","_exactmetrics_sitenote_category":0,"footnotes":""},"class_list":["post-1129","page","type-page","status-publish","hentry"],"yoast_head":"<!-- This site is optimized with the Yoast SEO plugin v27.5 - https:\/\/yoast.com\/product\/yoast-seo-wordpress\/ -->\n<title>Handel mi\u0119dzynarodowy | Kancelaria Prawna KPDI (Gda\u0144sk)<\/title>\n<meta name=\"description\" content=\"Handel mi\u0119dzynarodowy i reprezentacja przedsi\u0119biorc\u00f3w w transakcjach zagranicznych stanowi jeden z filar\u00f3w naszej specjalizacji. Kancelaria Prawna KPDI doradza na etapie negocjacji um\u00f3w a tak\u017ce reprezentuje klient\u00f3w w sporach z udzia\u0142em zagranicznym. R\u00f3wnie\u017c za granic\u0105.\" \/>\n<meta name=\"robots\" content=\"index, follow, max-snippet:-1, max-image-preview:large, max-video-preview:-1\" \/>\n<link rel=\"canonical\" href=\"https:\/\/kpdi.pl\/deutsch\/handel-miedzynarodowy\/\" \/>\n<meta property=\"og:locale\" content=\"de_DE\" \/>\n<meta property=\"og:type\" content=\"article\" \/>\n<meta property=\"og:title\" content=\"Handel mi\u0119dzynarodowy | Kancelaria Prawna KPDI (Gda\u0144sk)\" \/>\n<meta property=\"og:description\" content=\"Handel mi\u0119dzynarodowy i reprezentacja przedsi\u0119biorc\u00f3w w transakcjach zagranicznych stanowi jeden z filar\u00f3w naszej specjalizacji. Kancelaria Prawna KPDI doradza na etapie negocjacji um\u00f3w a tak\u017ce reprezentuje klient\u00f3w w sporach z udzia\u0142em zagranicznym. R\u00f3wnie\u017c za granic\u0105.\" \/>\n<meta property=\"og:url\" content=\"https:\/\/kpdi.pl\/deutsch\/handel-miedzynarodowy\/\" \/>\n<meta property=\"og:site_name\" content=\"KPDI DE\" \/>\n<meta property=\"article:modified_time\" content=\"2019-07-01T11:44:19+00:00\" \/>\n<meta name=\"twitter:card\" content=\"summary_large_image\" \/>\n<meta name=\"twitter:label1\" content=\"Gesch\u00e4tzte Lesezeit\" \/>\n\t<meta name=\"twitter:data1\" content=\"6\u00a0Minuten\" \/>\n<script type=\"application\/ld+json\" class=\"yoast-schema-graph\">{\"@context\":\"https:\\\/\\\/schema.org\",\"@graph\":[{\"@type\":\"WebPage\",\"@id\":\"https:\\\/\\\/kpdi.pl\\\/deutsch\\\/handel-miedzynarodowy\\\/\",\"url\":\"https:\\\/\\\/kpdi.pl\\\/deutsch\\\/handel-miedzynarodowy\\\/\",\"name\":\"Handel mi\u0119dzynarodowy | Kancelaria Prawna KPDI (Gda\u0144sk)\",\"isPartOf\":{\"@id\":\"https:\\\/\\\/kpdi.pl\\\/deutsch\\\/#website\"},\"datePublished\":\"2018-03-14T19:26:54+00:00\",\"dateModified\":\"2019-07-01T11:44:19+00:00\",\"description\":\"Handel mi\u0119dzynarodowy i reprezentacja przedsi\u0119biorc\u00f3w w transakcjach zagranicznych stanowi jeden z filar\u00f3w naszej specjalizacji. Kancelaria Prawna KPDI doradza na etapie negocjacji um\u00f3w a tak\u017ce reprezentuje klient\u00f3w w sporach z udzia\u0142em zagranicznym. R\u00f3wnie\u017c za granic\u0105.\",\"breadcrumb\":{\"@id\":\"https:\\\/\\\/kpdi.pl\\\/deutsch\\\/handel-miedzynarodowy\\\/#breadcrumb\"},\"inLanguage\":\"de\",\"potentialAction\":[{\"@type\":\"ReadAction\",\"target\":[\"https:\\\/\\\/kpdi.pl\\\/deutsch\\\/handel-miedzynarodowy\\\/\"]}]},{\"@type\":\"BreadcrumbList\",\"@id\":\"https:\\\/\\\/kpdi.pl\\\/deutsch\\\/handel-miedzynarodowy\\\/#breadcrumb\",\"itemListElement\":[{\"@type\":\"ListItem\",\"position\":1,\"name\":\"Strona g\u0142\u00f3wna\",\"item\":\"https:\\\/\\\/kpdi.pl\\\/deutsch\\\/\"},{\"@type\":\"ListItem\",\"position\":2,\"name\":\"Internationale Gesch\u00e4ftsverkehr\"}]},{\"@type\":\"WebSite\",\"@id\":\"https:\\\/\\\/kpdi.pl\\\/deutsch\\\/#website\",\"url\":\"https:\\\/\\\/kpdi.pl\\\/deutsch\\\/\",\"name\":\"KPDI DE\",\"description\":\"Kancelaria Prawna Gda\u0144sk, obs\u0142uga prawna przedsi\u0119biorstw\",\"potentialAction\":[{\"@type\":\"SearchAction\",\"target\":{\"@type\":\"EntryPoint\",\"urlTemplate\":\"https:\\\/\\\/kpdi.pl\\\/deutsch\\\/?s={search_term_string}\"},\"query-input\":{\"@type\":\"PropertyValueSpecification\",\"valueRequired\":true,\"valueName\":\"search_term_string\"}}],\"inLanguage\":\"de\"}]}<\/script>\n<!-- \/ Yoast SEO plugin. -->","yoast_head_json":{"title":"Handel mi\u0119dzynarodowy | Kancelaria Prawna KPDI (Gda\u0144sk)","description":"Handel mi\u0119dzynarodowy i reprezentacja przedsi\u0119biorc\u00f3w w transakcjach zagranicznych stanowi jeden z filar\u00f3w naszej specjalizacji. Kancelaria Prawna KPDI doradza na etapie negocjacji um\u00f3w a tak\u017ce reprezentuje klient\u00f3w w sporach z udzia\u0142em zagranicznym. R\u00f3wnie\u017c za granic\u0105.","robots":{"index":"index","follow":"follow","max-snippet":"max-snippet:-1","max-image-preview":"max-image-preview:large","max-video-preview":"max-video-preview:-1"},"canonical":"https:\/\/kpdi.pl\/deutsch\/handel-miedzynarodowy\/","og_locale":"de_DE","og_type":"article","og_title":"Handel mi\u0119dzynarodowy | Kancelaria Prawna KPDI (Gda\u0144sk)","og_description":"Handel mi\u0119dzynarodowy i reprezentacja przedsi\u0119biorc\u00f3w w transakcjach zagranicznych stanowi jeden z filar\u00f3w naszej specjalizacji. Kancelaria Prawna KPDI doradza na etapie negocjacji um\u00f3w a tak\u017ce reprezentuje klient\u00f3w w sporach z udzia\u0142em zagranicznym. R\u00f3wnie\u017c za granic\u0105.","og_url":"https:\/\/kpdi.pl\/deutsch\/handel-miedzynarodowy\/","og_site_name":"KPDI DE","article_modified_time":"2019-07-01T11:44:19+00:00","twitter_card":"summary_large_image","twitter_misc":{"Gesch\u00e4tzte Lesezeit":"6\u00a0Minuten"},"schema":{"@context":"https:\/\/schema.org","@graph":[{"@type":"WebPage","@id":"https:\/\/kpdi.pl\/deutsch\/handel-miedzynarodowy\/","url":"https:\/\/kpdi.pl\/deutsch\/handel-miedzynarodowy\/","name":"Handel mi\u0119dzynarodowy | Kancelaria Prawna KPDI (Gda\u0144sk)","isPartOf":{"@id":"https:\/\/kpdi.pl\/deutsch\/#website"},"datePublished":"2018-03-14T19:26:54+00:00","dateModified":"2019-07-01T11:44:19+00:00","description":"Handel mi\u0119dzynarodowy i reprezentacja przedsi\u0119biorc\u00f3w w transakcjach zagranicznych stanowi jeden z filar\u00f3w naszej specjalizacji. Kancelaria Prawna KPDI doradza na etapie negocjacji um\u00f3w a tak\u017ce reprezentuje klient\u00f3w w sporach z udzia\u0142em zagranicznym. R\u00f3wnie\u017c za granic\u0105.","breadcrumb":{"@id":"https:\/\/kpdi.pl\/deutsch\/handel-miedzynarodowy\/#breadcrumb"},"inLanguage":"de","potentialAction":[{"@type":"ReadAction","target":["https:\/\/kpdi.pl\/deutsch\/handel-miedzynarodowy\/"]}]},{"@type":"BreadcrumbList","@id":"https:\/\/kpdi.pl\/deutsch\/handel-miedzynarodowy\/#breadcrumb","itemListElement":[{"@type":"ListItem","position":1,"name":"Strona g\u0142\u00f3wna","item":"https:\/\/kpdi.pl\/deutsch\/"},{"@type":"ListItem","position":2,"name":"Internationale Gesch\u00e4ftsverkehr"}]},{"@type":"WebSite","@id":"https:\/\/kpdi.pl\/deutsch\/#website","url":"https:\/\/kpdi.pl\/deutsch\/","name":"KPDI DE","description":"Kancelaria Prawna Gda\u0144sk, obs\u0142uga prawna przedsi\u0119biorstw","potentialAction":[{"@type":"SearchAction","target":{"@type":"EntryPoint","urlTemplate":"https:\/\/kpdi.pl\/deutsch\/?s={search_term_string}"},"query-input":{"@type":"PropertyValueSpecification","valueRequired":true,"valueName":"search_term_string"}}],"inLanguage":"de"}]}},"_links":{"self":[{"href":"https:\/\/kpdi.pl\/deutsch\/wp-json\/wp\/v2\/pages\/1129","targetHints":{"allow":["GET"]}}],"collection":[{"href":"https:\/\/kpdi.pl\/deutsch\/wp-json\/wp\/v2\/pages"}],"about":[{"href":"https:\/\/kpdi.pl\/deutsch\/wp-json\/wp\/v2\/types\/page"}],"author":[{"embeddable":true,"href":"https:\/\/kpdi.pl\/deutsch\/wp-json\/wp\/v2\/users\/1"}],"replies":[{"embeddable":true,"href":"https:\/\/kpdi.pl\/deutsch\/wp-json\/wp\/v2\/comments?post=1129"}],"version-history":[{"count":15,"href":"https:\/\/kpdi.pl\/deutsch\/wp-json\/wp\/v2\/pages\/1129\/revisions"}],"predecessor-version":[{"id":1884,"href":"https:\/\/kpdi.pl\/deutsch\/wp-json\/wp\/v2\/pages\/1129\/revisions\/1884"}],"wp:attachment":[{"href":"https:\/\/kpdi.pl\/deutsch\/wp-json\/wp\/v2\/media?parent=1129"}],"curies":[{"name":"wp","href":"https:\/\/api.w.org\/{rel}","templated":true}]}}