{"id":1141,"date":"2018-03-15T21:53:08","date_gmt":"2018-03-15T21:53:08","guid":{"rendered":"http:\/\/kpdi.pl\/deutsch\/?page_id=1141"},"modified":"2018-03-15T21:53:46","modified_gmt":"2018-03-15T21:53:46","slug":"obsluga-spolek-kolejowych","status":"publish","type":"page","link":"https:\/\/kpdi.pl\/deutsch\/obsluga-spolek-kolejowych\/","title":{"rendered":"Obs\u0142uga sp\u00f3\u0142ek kolejowych"},"content":{"rendered":"<p>Naszym wyj\u0105tkowym atutem na polskim rynku prawniczym jest obs\u0142uga sp\u00f3\u0142ek kolejowych. Kancelaria Prawna KPDI przez 10 lat \u015bwiadczy\u0142a kompleksowe us\u0142ugi prawne dla najwi\u0119kszego polskiego przewo\u017anika kolejowego towar\u00f3w &#8211; LOTOS Kolej Sp. z o.o. w Gda\u0144sku.<\/p>\n<h3><strong>Obs\u0142uga sp\u00f3\u0142ek kolejowych &#8211; co umiemy?<\/strong><\/h3>\n<p>W toku wsp\u00f3\u0142pracy, nasi prawnicy zapewniaj\u0105 zar\u00f3wno obs\u0142ug\u0119 <em>in-house<\/em>, jak i prowadz\u0105 sprawy o znaczeniu strategicznym dla rozwoju sp\u00f3\u0142ki, w tym:<\/p>\n<ul>\n<li>negocjacje um\u00f3w na pozyskanie taboru kolejowego (<strong>lokomotyw i wagon\u00f3w<\/strong>),<\/li>\n<li>pozyskanie finansowania zewn\u0119trznego na dostaw\u0119 lokomotyw w drodze leasingu,<\/li>\n<li>negocjacje kluczowych kontrakt\u00f3w handlowych z klientami i podwykonawcami,<\/li>\n<li>reprezentacj\u0119 w post\u0119powaniach prowadzonych przez <strong>Prezesa Urz\u0119du Transportu Kolejowego<\/strong>.<\/li>\n<\/ul>\n<h3><strong>Ubezpieczenia i likwidacja szk\u00f3d kolejowych<\/strong><\/h3>\n<p>Wyspecjalizowany prawnik KPDI zarz\u0105dza wszelkimi sprawami z zakresu <strong>ubezpiecze\u0144<\/strong> kolejowych, w tym tworzeniem proces\u00f3w oraz procedur likwidacji szk\u00f3d kolejowych. Zapewniamy te\u017c reprezentacj\u0119 w sporach zwi\u0105zanych z <strong>wypadkami kolejowymi, <\/strong>w tym doradztwo w zakresie uczestnictwa w komisjach badania przyczyn wypadk\u00f3w kolejowych.<\/p>\n<h3><strong>W kraju i za granic\u0105<\/strong><\/h3>\n<p>Obs\u0142uga sp\u00f3\u0142ek kolejowych nie ogranicza si\u0119 do terytorium Polski. Na przestrzeni wieloletniej wsp\u00f3\u0142pracy pozyskali\u015bmy unikaln\u0105 wiedz\u0119 o zasadach funkcjonowania rynku kolejowego w Polsce i Niemczech. Doradzali\u015bmy i reprezentowali\u015bmy kluczowego polskiego przewo\u017anika w procesie uzyskiwania \u015bwiadectwa bezpiecze\u0144stwa (Cz\u0119\u015b\u0107 B) w RFN, a tak\u017ce, w toku organizacji dzia\u0142alno\u015bci przewozowej.<\/p>\n<p>Obecnie \u015bwiadczymy us\u0142ugi dla wielu innych podmiot\u00f3w z bran\u017cy kolejowej.<\/p>\n<p>Liderem Dzia\u0142u Prawa Kolejowego KPDI jest <a href=\"http:\/\/kpdi.pl\/deutsch\/nasz-zespol\/partnerzy\/adwokat-krzysztof-kuczynski-llm\">adw. Krzysztof Kuczy\u0144ski<\/a>, autor wielu bran\u017cowych <a href=\"http:\/\/kpdi.pl\/deutsch\/artykuly\/obowiazkowe-oc-przewoznika-remis-ze-wskazaniem-na-przewoznikow\">publikacji<\/a>, w szczeg\u00f3lno\u015bci na \u0142amach <a href=\"https:\/\/kurierkolejowy.eu\/\" target=\"_blank\" rel=\"noopener\">Kuriera Kolejowego<\/a>.<\/p>\n","protected":false},"excerpt":{"rendered":"<p>Naszym wyj\u0105tkowym atutem na polskim rynku prawniczym jest obs\u0142uga sp\u00f3\u0142ek [&hellip;]<\/p>\n","protected":false},"author":1,"featured_media":0,"parent":0,"menu_order":0,"comment_status":"closed","ping_status":"closed","template":"","meta":{"_exactmetrics_skip_tracking":false,"_exactmetrics_sitenote_active":false,"_exactmetrics_sitenote_note":"","_exactmetrics_sitenote_category":0,"footnotes":""},"class_list":["post-1141","page","type-page","status-publish","hentry"],"yoast_head":"<!-- This site is optimized with the Yoast SEO plugin v27.4 - https:\/\/yoast.com\/product\/yoast-seo-wordpress\/ -->\n<title>Obs\u0142uga sp\u00f3\u0142ek kolejowych | Kancelaria Prawna KPDI<\/title>\n<meta name=\"description\" content=\"Obs\u0142uga sp\u00f3\u0142ek kolejowych jest obszarem w kt\u00f3rym mo\u017cemy wykaza\u0107 si\u0119 szczeg\u00f3lnym do\u015bwiadczeniem. Przez przesz\u0142o 10 lat sta\u0142ej obs\u0142ugi przewo\u017anika kolejowego zdobyli\u015bmy unikaln\u0105 wiedz\u0119 o funkcjonowaniu rynku kolejowego i czo\u0142owych jego uczestnikach.\" \/>\n<meta name=\"robots\" content=\"index, follow, max-snippet:-1, max-image-preview:large, max-video-preview:-1\" \/>\n<link rel=\"canonical\" href=\"https:\/\/kpdi.pl\/deutsch\/obsluga-spolek-kolejowych\/\" \/>\n<meta property=\"og:locale\" content=\"de_DE\" \/>\n<meta property=\"og:type\" content=\"article\" \/>\n<meta property=\"og:title\" content=\"Obs\u0142uga sp\u00f3\u0142ek kolejowych | Kancelaria Prawna KPDI\" \/>\n<meta property=\"og:description\" content=\"Obs\u0142uga sp\u00f3\u0142ek kolejowych jest obszarem w kt\u00f3rym mo\u017cemy wykaza\u0107 si\u0119 szczeg\u00f3lnym do\u015bwiadczeniem. Przez przesz\u0142o 10 lat sta\u0142ej obs\u0142ugi przewo\u017anika kolejowego zdobyli\u015bmy unikaln\u0105 wiedz\u0119 o funkcjonowaniu rynku kolejowego i czo\u0142owych jego uczestnikach.\" \/>\n<meta property=\"og:url\" content=\"https:\/\/kpdi.pl\/deutsch\/obsluga-spolek-kolejowych\/\" \/>\n<meta property=\"og:site_name\" content=\"KPDI DE\" \/>\n<meta property=\"article:modified_time\" content=\"2018-03-15T21:53:46+00:00\" \/>\n<meta name=\"twitter:card\" content=\"summary_large_image\" \/>\n<meta name=\"twitter:label1\" content=\"Gesch\u00e4tzte Lesezeit\" \/>\n\t<meta name=\"twitter:data1\" content=\"1\u00a0Minute\" \/>\n<script type=\"application\/ld+json\" class=\"yoast-schema-graph\">{\"@context\":\"https:\\\/\\\/schema.org\",\"@graph\":[{\"@type\":\"WebPage\",\"@id\":\"https:\\\/\\\/kpdi.pl\\\/deutsch\\\/obsluga-spolek-kolejowych\\\/\",\"url\":\"https:\\\/\\\/kpdi.pl\\\/deutsch\\\/obsluga-spolek-kolejowych\\\/\",\"name\":\"Obs\u0142uga sp\u00f3\u0142ek kolejowych | Kancelaria Prawna KPDI\",\"isPartOf\":{\"@id\":\"https:\\\/\\\/kpdi.pl\\\/deutsch\\\/#website\"},\"datePublished\":\"2018-03-15T21:53:08+00:00\",\"dateModified\":\"2018-03-15T21:53:46+00:00\",\"description\":\"Obs\u0142uga sp\u00f3\u0142ek kolejowych jest obszarem w kt\u00f3rym mo\u017cemy wykaza\u0107 si\u0119 szczeg\u00f3lnym do\u015bwiadczeniem. Przez przesz\u0142o 10 lat sta\u0142ej obs\u0142ugi przewo\u017anika kolejowego zdobyli\u015bmy unikaln\u0105 wiedz\u0119 o funkcjonowaniu rynku kolejowego i czo\u0142owych jego uczestnikach.\",\"breadcrumb\":{\"@id\":\"https:\\\/\\\/kpdi.pl\\\/deutsch\\\/obsluga-spolek-kolejowych\\\/#breadcrumb\"},\"inLanguage\":\"de\",\"potentialAction\":[{\"@type\":\"ReadAction\",\"target\":[\"https:\\\/\\\/kpdi.pl\\\/deutsch\\\/obsluga-spolek-kolejowych\\\/\"]}]},{\"@type\":\"BreadcrumbList\",\"@id\":\"https:\\\/\\\/kpdi.pl\\\/deutsch\\\/obsluga-spolek-kolejowych\\\/#breadcrumb\",\"itemListElement\":[{\"@type\":\"ListItem\",\"position\":1,\"name\":\"Strona g\u0142\u00f3wna\",\"item\":\"https:\\\/\\\/kpdi.pl\\\/deutsch\\\/\"},{\"@type\":\"ListItem\",\"position\":2,\"name\":\"Obs\u0142uga sp\u00f3\u0142ek kolejowych\"}]},{\"@type\":\"WebSite\",\"@id\":\"https:\\\/\\\/kpdi.pl\\\/deutsch\\\/#website\",\"url\":\"https:\\\/\\\/kpdi.pl\\\/deutsch\\\/\",\"name\":\"KPDI DE\",\"description\":\"Kancelaria Prawna Gda\u0144sk, obs\u0142uga prawna przedsi\u0119biorstw\",\"potentialAction\":[{\"@type\":\"SearchAction\",\"target\":{\"@type\":\"EntryPoint\",\"urlTemplate\":\"https:\\\/\\\/kpdi.pl\\\/deutsch\\\/?s={search_term_string}\"},\"query-input\":{\"@type\":\"PropertyValueSpecification\",\"valueRequired\":true,\"valueName\":\"search_term_string\"}}],\"inLanguage\":\"de\"}]}<\/script>\n<!-- \/ Yoast SEO plugin. -->","yoast_head_json":{"title":"Obs\u0142uga sp\u00f3\u0142ek kolejowych | Kancelaria Prawna KPDI","description":"Obs\u0142uga sp\u00f3\u0142ek kolejowych jest obszarem w kt\u00f3rym mo\u017cemy wykaza\u0107 si\u0119 szczeg\u00f3lnym do\u015bwiadczeniem. Przez przesz\u0142o 10 lat sta\u0142ej obs\u0142ugi przewo\u017anika kolejowego zdobyli\u015bmy unikaln\u0105 wiedz\u0119 o funkcjonowaniu rynku kolejowego i czo\u0142owych jego uczestnikach.","robots":{"index":"index","follow":"follow","max-snippet":"max-snippet:-1","max-image-preview":"max-image-preview:large","max-video-preview":"max-video-preview:-1"},"canonical":"https:\/\/kpdi.pl\/deutsch\/obsluga-spolek-kolejowych\/","og_locale":"de_DE","og_type":"article","og_title":"Obs\u0142uga sp\u00f3\u0142ek kolejowych | Kancelaria Prawna KPDI","og_description":"Obs\u0142uga sp\u00f3\u0142ek kolejowych jest obszarem w kt\u00f3rym mo\u017cemy wykaza\u0107 si\u0119 szczeg\u00f3lnym do\u015bwiadczeniem. Przez przesz\u0142o 10 lat sta\u0142ej obs\u0142ugi przewo\u017anika kolejowego zdobyli\u015bmy unikaln\u0105 wiedz\u0119 o funkcjonowaniu rynku kolejowego i czo\u0142owych jego uczestnikach.","og_url":"https:\/\/kpdi.pl\/deutsch\/obsluga-spolek-kolejowych\/","og_site_name":"KPDI DE","article_modified_time":"2018-03-15T21:53:46+00:00","twitter_card":"summary_large_image","twitter_misc":{"Gesch\u00e4tzte Lesezeit":"1\u00a0Minute"},"schema":{"@context":"https:\/\/schema.org","@graph":[{"@type":"WebPage","@id":"https:\/\/kpdi.pl\/deutsch\/obsluga-spolek-kolejowych\/","url":"https:\/\/kpdi.pl\/deutsch\/obsluga-spolek-kolejowych\/","name":"Obs\u0142uga sp\u00f3\u0142ek kolejowych | Kancelaria Prawna KPDI","isPartOf":{"@id":"https:\/\/kpdi.pl\/deutsch\/#website"},"datePublished":"2018-03-15T21:53:08+00:00","dateModified":"2018-03-15T21:53:46+00:00","description":"Obs\u0142uga sp\u00f3\u0142ek kolejowych jest obszarem w kt\u00f3rym mo\u017cemy wykaza\u0107 si\u0119 szczeg\u00f3lnym do\u015bwiadczeniem. Przez przesz\u0142o 10 lat sta\u0142ej obs\u0142ugi przewo\u017anika kolejowego zdobyli\u015bmy unikaln\u0105 wiedz\u0119 o funkcjonowaniu rynku kolejowego i czo\u0142owych jego uczestnikach.","breadcrumb":{"@id":"https:\/\/kpdi.pl\/deutsch\/obsluga-spolek-kolejowych\/#breadcrumb"},"inLanguage":"de","potentialAction":[{"@type":"ReadAction","target":["https:\/\/kpdi.pl\/deutsch\/obsluga-spolek-kolejowych\/"]}]},{"@type":"BreadcrumbList","@id":"https:\/\/kpdi.pl\/deutsch\/obsluga-spolek-kolejowych\/#breadcrumb","itemListElement":[{"@type":"ListItem","position":1,"name":"Strona g\u0142\u00f3wna","item":"https:\/\/kpdi.pl\/deutsch\/"},{"@type":"ListItem","position":2,"name":"Obs\u0142uga sp\u00f3\u0142ek kolejowych"}]},{"@type":"WebSite","@id":"https:\/\/kpdi.pl\/deutsch\/#website","url":"https:\/\/kpdi.pl\/deutsch\/","name":"KPDI DE","description":"Kancelaria Prawna Gda\u0144sk, obs\u0142uga prawna przedsi\u0119biorstw","potentialAction":[{"@type":"SearchAction","target":{"@type":"EntryPoint","urlTemplate":"https:\/\/kpdi.pl\/deutsch\/?s={search_term_string}"},"query-input":{"@type":"PropertyValueSpecification","valueRequired":true,"valueName":"search_term_string"}}],"inLanguage":"de"}]}},"_links":{"self":[{"href":"https:\/\/kpdi.pl\/deutsch\/wp-json\/wp\/v2\/pages\/1141","targetHints":{"allow":["GET"]}}],"collection":[{"href":"https:\/\/kpdi.pl\/deutsch\/wp-json\/wp\/v2\/pages"}],"about":[{"href":"https:\/\/kpdi.pl\/deutsch\/wp-json\/wp\/v2\/types\/page"}],"author":[{"embeddable":true,"href":"https:\/\/kpdi.pl\/deutsch\/wp-json\/wp\/v2\/users\/1"}],"replies":[{"embeddable":true,"href":"https:\/\/kpdi.pl\/deutsch\/wp-json\/wp\/v2\/comments?post=1141"}],"version-history":[{"count":2,"href":"https:\/\/kpdi.pl\/deutsch\/wp-json\/wp\/v2\/pages\/1141\/revisions"}],"predecessor-version":[{"id":1143,"href":"https:\/\/kpdi.pl\/deutsch\/wp-json\/wp\/v2\/pages\/1141\/revisions\/1143"}],"wp:attachment":[{"href":"https:\/\/kpdi.pl\/deutsch\/wp-json\/wp\/v2\/media?parent=1141"}],"curies":[{"name":"wp","href":"https:\/\/api.w.org\/{rel}","templated":true}]}}