{"id":1447,"date":"2018-03-22T20:35:24","date_gmt":"2018-03-22T20:35:24","guid":{"rendered":"http:\/\/kpdi.pl\/deutsch\/?page_id=1447"},"modified":"2025-09-25T12:22:23","modified_gmt":"2025-09-25T12:22:23","slug":"procesy-miedzynarodowe","status":"publish","type":"page","link":"https:\/\/kpdi.pl\/deutsch\/procesy-miedzynarodowe\/","title":{"rendered":"Internationale Verfahren"},"content":{"rendered":"<p><div class=\"fusion-fullwidth fullwidth-box fusion-builder-row-1 nonhundred-percent-fullwidth non-hundred-percent-height-scrolling\" style=\"background-color: rgba(255,255,255,0);background-position: center center;background-repeat: no-repeat;padding-top:0px;padding-right:0px;padding-bottom:0px;padding-left:0px;margin-bottom: 0px;margin-top: 0px;border-width: 0px 0px 0px 0px;border-color:#eae9e9;border-style:solid;\" ><div class=\"fusion-builder-row fusion-row\"><div class=\"fusion-layout-column fusion_builder_column fusion-builder-column-0 fusion_builder_column_1_1 1_1 fusion-one-full fusion-column-first fusion-column-last\" style=\"margin-top:0px;margin-bottom:20px;\"><div class=\"fusion-column-wrapper fusion-flex-column-wrapper-legacy\" style=\"background-position:left top;background-blend-mode: overlay;background-repeat:no-repeat;-webkit-background-size:cover;-moz-background-size:cover;-o-background-size:cover;background-size:cover;padding: 0px 0px 0px 0px;\"><div class=\"fusion-text fusion-text-1\"><h2>Internationale Verfahren \u2013 Die Vertretung von Mandanten in Streitverfahren erfordert von uns Kenntnisse der Verfahrensregeln mit internationalem Bezug.<\/h2>\n<\/div><div class=\"fusion-clearfix\"><\/div><\/div><\/div><\/div><\/div><div class=\"fusion-fullwidth fullwidth-box fusion-builder-row-2 nonhundred-percent-fullwidth non-hundred-percent-height-scrolling\" style=\"background-color: rgba(255,255,255,0);background-position: center center;background-repeat: no-repeat;padding-top:0px;padding-right:0px;padding-bottom:0px;padding-left:0px;margin-bottom: 0px;margin-top: 0px;border-width: 0px 0px 0px 0px;border-color:#eae9e9;border-style:solid;\" ><div class=\"fusion-builder-row fusion-row\"><div class=\"fusion-layout-column fusion_builder_column fusion-builder-column-1 fusion_builder_column_1_1 1_1 fusion-one-full fusion-column-first fusion-column-last\" style=\"margin-top:0px;margin-bottom:20px;\"><div class=\"fusion-column-wrapper fusion-flex-column-wrapper-legacy\" style=\"background-position:left top;background-blend-mode: overlay;background-repeat:no-repeat;-webkit-background-size:cover;-moz-background-size:cover;-o-background-size:cover;background-size:cover;padding: 0px 0px 0px 0px;\"><div class=\"fusion-text fusion-text-2\"><h3><strong><img decoding=\"async\" class=\"alignright wp-image-1691 \" src=\"https:\/\/kpdi.pl\/wp-content\/uploads\/2018\/05\/procesy-mi\u0119dzynarodowe1.jpg\" alt=\"procesy mi\u0119dzynarodowe\" width=\"522\" height=\"348\" srcset=\"https:\/\/kpdi.pl\/deutsch\/wp-content\/uploads\/sites\/5\/2018\/05\/procesy-mi\u0119dzynarodowe1-200x133.jpg 200w, https:\/\/kpdi.pl\/deutsch\/wp-content\/uploads\/sites\/5\/2018\/05\/procesy-mi\u0119dzynarodowe1-300x200.jpg 300w, https:\/\/kpdi.pl\/deutsch\/wp-content\/uploads\/sites\/5\/2018\/05\/procesy-mi\u0119dzynarodowe1-400x267.jpg 400w, https:\/\/kpdi.pl\/deutsch\/wp-content\/uploads\/sites\/5\/2018\/05\/procesy-mi\u0119dzynarodowe1-600x400.jpg 600w, https:\/\/kpdi.pl\/deutsch\/wp-content\/uploads\/sites\/5\/2018\/05\/procesy-mi\u0119dzynarodowe1-768x512.jpg 768w, https:\/\/kpdi.pl\/deutsch\/wp-content\/uploads\/sites\/5\/2018\/05\/procesy-mi\u0119dzynarodowe1-800x533.jpg 800w, https:\/\/kpdi.pl\/deutsch\/wp-content\/uploads\/sites\/5\/2018\/05\/procesy-mi\u0119dzynarodowe1.jpg 830w\" sizes=\"(max-width: 522px) 100vw, 522px\" \/><img decoding=\"async\" class=\"alignnone wp-image-1500\" src=\"https:\/\/kpdi.pl\/wp-content\/uploads\/2018\/03\/IKONA-kafle.png\" alt=\"Kancelaria KPDI\" width=\"25\" height=\"25\" \/> Ausl\u00e4ndische Gesch\u00e4ftspartner \u2013 Alltag im polnischen Gesch\u00e4ftsleben<\/strong><\/h3>\n<p>Wirtschaftsbeziehungen innerhalb der Europ\u00e4ischen Union, Handel mit China oder Import von Waren oder Dienstleistungen aus anderen L\u00e4ndern geh\u00f6ren zum Alltag jedes Unternehmers.<\/p>\n<p>Jeder gesch\u00e4ftliche Kontakt eines Kunden mit einem ausl\u00e4ndischen Partner erfordert die Festlegung sowohl des f\u00fcr die jeweilige Transaktion geltenden Rechts als auch der Gerichtsbarkeit des Landes, dem etwaige Streitigkeiten unterliegen. Die meisten Beziehungen enden positiv, daher denken wir nicht dar\u00fcber nach. Wenn es jedoch zu Streitigkeiten kommt \u2013 Reklamationen, Zahlungsausf\u00e4lle, Gegenforderungen, Nichtlieferung von Waren usw. \u2013 gewinnen formale Fragen an Bedeutung.<\/p>\n<p>Die Einreichung einer Klage vor einem Gericht des falschen Landes kann zu irreparablen Sch\u00e4den f\u00fchren. Wenn Parteien aus verschiedenen L\u00e4ndern vor Gericht stehen, m\u00fcssen dar\u00fcber hinaus besondere Verfahrensregeln beachtet werden.<\/p>\n<h3><strong><img decoding=\"async\" class=\"alignnone wp-image-1500\" src=\"https:\/\/kpdi.pl\/wp-content\/uploads\/2018\/03\/IKONA-kafle.png\" alt=\"Kancelaria KPDI\" width=\"25\" height=\"25\" \/> Rechtsanw\u00e4lte, die auf Prozesse mit ausl\u00e4ndischer Beteiligung spezialisiert sind<\/strong><\/h3>\n<p>Wir vertreten ausl\u00e4ndische Mandanten in Polen sowie polnische Mandanten in Streitigkeiten mit ausl\u00e4ndischer Beteiligung. Unsere Anw\u00e4lte sind auf Wirtschaftsprozesse im Zusammenhang mit dem internationalen Handel spezialisiert.<\/p>\n<h3><strong><img decoding=\"async\" class=\"alignnone wp-image-1500\" src=\"https:\/\/kpdi.pl\/wp-content\/uploads\/2018\/03\/IKONA-kafle.png\" alt=\"Kancelaria KPDI\" width=\"25\" height=\"25\" \/> Worin besteht unsere Unterst\u00fctzung?<\/strong><\/h3>\n<p>Dank der Zusammenarbeit mit zahlreichen ausl\u00e4ndischen Anwaltskanzleien, darunter auch den in EUROJURIS International zusammengeschlossenen Kanzleien, bieten wir die Betreuung von Rechtsstreitigkeiten im Ausland an. Diese geht weit \u00fcber die reine sprachliche Unterst\u00fctzung hinaus. Die Anw\u00e4lte von KPDI unterst\u00fctzen den ausl\u00e4ndischen Anwalt in Sachfragen bei der Kommunikation mit dem polnischen Mandanten. Eine angemessene Kommunikation und das Verst\u00e4ndnis der Wechselbeziehungen zwischen den sich \u00fcberschneidenden Rechtssystemen sind Voraussetzung f\u00fcr den Erfolg eines im Ausland gef\u00fchrten Verfahrens.<\/p>\n<\/div><div class=\"fusion-clearfix\"><\/div><\/div><\/div><\/div><\/div><\/p>\n","protected":false},"excerpt":{"rendered":"","protected":false},"author":1,"featured_media":0,"parent":0,"menu_order":0,"comment_status":"closed","ping_status":"closed","template":"","meta":{"_exactmetrics_skip_tracking":false,"_exactmetrics_sitenote_active":false,"_exactmetrics_sitenote_note":"","_exactmetrics_sitenote_category":0,"footnotes":""},"class_list":["post-1447","page","type-page","status-publish","hentry"],"yoast_head":"<!-- This site is optimized with the Yoast SEO plugin v27.5 - https:\/\/yoast.com\/product\/yoast-seo-wordpress\/ -->\n<title>Procesy mi\u0119dzynarodowe | Kancelaria Prawna KPDI (Gda\u0144sk)<\/title>\n<meta name=\"description\" content=\"Procesy mi\u0119dzynarodowe - sprawy s\u0105dowe z udzia\u0142em zagranicznym. Windykacja mi\u0119dzynarodowa. Reprezentujemy polskich i zagranicznych kontrahent\u00f3w w procesach s\u0105dowych w Polsce i organizujemy pomoc prawn\u0105 w sprawach rozpatrywanych przez s\u0105dy obce.\" \/>\n<meta name=\"robots\" content=\"index, follow, max-snippet:-1, max-image-preview:large, max-video-preview:-1\" \/>\n<link rel=\"canonical\" href=\"https:\/\/kpdi.pl\/deutsch\/procesy-miedzynarodowe\/\" \/>\n<meta property=\"og:locale\" content=\"de_DE\" \/>\n<meta property=\"og:type\" content=\"article\" \/>\n<meta property=\"og:title\" content=\"Procesy mi\u0119dzynarodowe | Kancelaria Prawna KPDI (Gda\u0144sk)\" \/>\n<meta property=\"og:description\" content=\"Procesy mi\u0119dzynarodowe - sprawy s\u0105dowe z udzia\u0142em zagranicznym. Windykacja mi\u0119dzynarodowa. Reprezentujemy polskich i zagranicznych kontrahent\u00f3w w procesach s\u0105dowych w Polsce i organizujemy pomoc prawn\u0105 w sprawach rozpatrywanych przez s\u0105dy obce.\" \/>\n<meta property=\"og:url\" content=\"https:\/\/kpdi.pl\/deutsch\/procesy-miedzynarodowe\/\" \/>\n<meta property=\"og:site_name\" content=\"KPDI DE\" \/>\n<meta property=\"article:modified_time\" content=\"2025-09-25T12:22:23+00:00\" \/>\n<meta property=\"og:image\" content=\"https:\/\/kpdi.pl\/wp-content\/uploads\/2018\/03\/IKONA-kafle.png\" \/>\n<meta name=\"twitter:card\" content=\"summary_large_image\" \/>\n<meta name=\"twitter:label1\" content=\"Gesch\u00e4tzte Lesezeit\" \/>\n\t<meta name=\"twitter:data1\" content=\"4\u00a0Minuten\" \/>\n<script type=\"application\/ld+json\" class=\"yoast-schema-graph\">{\"@context\":\"https:\\\/\\\/schema.org\",\"@graph\":[{\"@type\":\"WebPage\",\"@id\":\"https:\\\/\\\/kpdi.pl\\\/deutsch\\\/procesy-miedzynarodowe\\\/\",\"url\":\"https:\\\/\\\/kpdi.pl\\\/deutsch\\\/procesy-miedzynarodowe\\\/\",\"name\":\"Procesy mi\u0119dzynarodowe | Kancelaria Prawna KPDI (Gda\u0144sk)\",\"isPartOf\":{\"@id\":\"https:\\\/\\\/kpdi.pl\\\/deutsch\\\/#website\"},\"primaryImageOfPage\":{\"@id\":\"https:\\\/\\\/kpdi.pl\\\/deutsch\\\/procesy-miedzynarodowe\\\/#primaryimage\"},\"image\":{\"@id\":\"https:\\\/\\\/kpdi.pl\\\/deutsch\\\/procesy-miedzynarodowe\\\/#primaryimage\"},\"thumbnailUrl\":\"https:\\\/\\\/kpdi.pl\\\/wp-content\\\/uploads\\\/2018\\\/03\\\/IKONA-kafle.png\",\"datePublished\":\"2018-03-22T20:35:24+00:00\",\"dateModified\":\"2025-09-25T12:22:23+00:00\",\"description\":\"Procesy mi\u0119dzynarodowe - sprawy s\u0105dowe z udzia\u0142em zagranicznym. Windykacja mi\u0119dzynarodowa. Reprezentujemy polskich i zagranicznych kontrahent\u00f3w w procesach s\u0105dowych w Polsce i organizujemy pomoc prawn\u0105 w sprawach rozpatrywanych przez s\u0105dy obce.\",\"breadcrumb\":{\"@id\":\"https:\\\/\\\/kpdi.pl\\\/deutsch\\\/procesy-miedzynarodowe\\\/#breadcrumb\"},\"inLanguage\":\"de\",\"potentialAction\":[{\"@type\":\"ReadAction\",\"target\":[\"https:\\\/\\\/kpdi.pl\\\/deutsch\\\/procesy-miedzynarodowe\\\/\"]}]},{\"@type\":\"ImageObject\",\"inLanguage\":\"de\",\"@id\":\"https:\\\/\\\/kpdi.pl\\\/deutsch\\\/procesy-miedzynarodowe\\\/#primaryimage\",\"url\":\"https:\\\/\\\/kpdi.pl\\\/wp-content\\\/uploads\\\/2018\\\/03\\\/IKONA-kafle.png\",\"contentUrl\":\"https:\\\/\\\/kpdi.pl\\\/wp-content\\\/uploads\\\/2018\\\/03\\\/IKONA-kafle.png\"},{\"@type\":\"BreadcrumbList\",\"@id\":\"https:\\\/\\\/kpdi.pl\\\/deutsch\\\/procesy-miedzynarodowe\\\/#breadcrumb\",\"itemListElement\":[{\"@type\":\"ListItem\",\"position\":1,\"name\":\"Strona g\u0142\u00f3wna\",\"item\":\"https:\\\/\\\/kpdi.pl\\\/deutsch\\\/\"},{\"@type\":\"ListItem\",\"position\":2,\"name\":\"Internationale Verfahren\"}]},{\"@type\":\"WebSite\",\"@id\":\"https:\\\/\\\/kpdi.pl\\\/deutsch\\\/#website\",\"url\":\"https:\\\/\\\/kpdi.pl\\\/deutsch\\\/\",\"name\":\"KPDI DE\",\"description\":\"Kancelaria Prawna Gda\u0144sk, obs\u0142uga prawna przedsi\u0119biorstw\",\"potentialAction\":[{\"@type\":\"SearchAction\",\"target\":{\"@type\":\"EntryPoint\",\"urlTemplate\":\"https:\\\/\\\/kpdi.pl\\\/deutsch\\\/?s={search_term_string}\"},\"query-input\":{\"@type\":\"PropertyValueSpecification\",\"valueRequired\":true,\"valueName\":\"search_term_string\"}}],\"inLanguage\":\"de\"}]}<\/script>\n<!-- \/ Yoast SEO plugin. -->","yoast_head_json":{"title":"Procesy mi\u0119dzynarodowe | Kancelaria Prawna KPDI (Gda\u0144sk)","description":"Procesy mi\u0119dzynarodowe - sprawy s\u0105dowe z udzia\u0142em zagranicznym. Windykacja mi\u0119dzynarodowa. Reprezentujemy polskich i zagranicznych kontrahent\u00f3w w procesach s\u0105dowych w Polsce i organizujemy pomoc prawn\u0105 w sprawach rozpatrywanych przez s\u0105dy obce.","robots":{"index":"index","follow":"follow","max-snippet":"max-snippet:-1","max-image-preview":"max-image-preview:large","max-video-preview":"max-video-preview:-1"},"canonical":"https:\/\/kpdi.pl\/deutsch\/procesy-miedzynarodowe\/","og_locale":"de_DE","og_type":"article","og_title":"Procesy mi\u0119dzynarodowe | Kancelaria Prawna KPDI (Gda\u0144sk)","og_description":"Procesy mi\u0119dzynarodowe - sprawy s\u0105dowe z udzia\u0142em zagranicznym. Windykacja mi\u0119dzynarodowa. Reprezentujemy polskich i zagranicznych kontrahent\u00f3w w procesach s\u0105dowych w Polsce i organizujemy pomoc prawn\u0105 w sprawach rozpatrywanych przez s\u0105dy obce.","og_url":"https:\/\/kpdi.pl\/deutsch\/procesy-miedzynarodowe\/","og_site_name":"KPDI DE","article_modified_time":"2025-09-25T12:22:23+00:00","og_image":[{"url":"https:\/\/kpdi.pl\/wp-content\/uploads\/2018\/03\/IKONA-kafle.png","type":"","width":"","height":""}],"twitter_card":"summary_large_image","twitter_misc":{"Gesch\u00e4tzte Lesezeit":"4\u00a0Minuten"},"schema":{"@context":"https:\/\/schema.org","@graph":[{"@type":"WebPage","@id":"https:\/\/kpdi.pl\/deutsch\/procesy-miedzynarodowe\/","url":"https:\/\/kpdi.pl\/deutsch\/procesy-miedzynarodowe\/","name":"Procesy mi\u0119dzynarodowe | Kancelaria Prawna KPDI (Gda\u0144sk)","isPartOf":{"@id":"https:\/\/kpdi.pl\/deutsch\/#website"},"primaryImageOfPage":{"@id":"https:\/\/kpdi.pl\/deutsch\/procesy-miedzynarodowe\/#primaryimage"},"image":{"@id":"https:\/\/kpdi.pl\/deutsch\/procesy-miedzynarodowe\/#primaryimage"},"thumbnailUrl":"https:\/\/kpdi.pl\/wp-content\/uploads\/2018\/03\/IKONA-kafle.png","datePublished":"2018-03-22T20:35:24+00:00","dateModified":"2025-09-25T12:22:23+00:00","description":"Procesy mi\u0119dzynarodowe - sprawy s\u0105dowe z udzia\u0142em zagranicznym. Windykacja mi\u0119dzynarodowa. Reprezentujemy polskich i zagranicznych kontrahent\u00f3w w procesach s\u0105dowych w Polsce i organizujemy pomoc prawn\u0105 w sprawach rozpatrywanych przez s\u0105dy obce.","breadcrumb":{"@id":"https:\/\/kpdi.pl\/deutsch\/procesy-miedzynarodowe\/#breadcrumb"},"inLanguage":"de","potentialAction":[{"@type":"ReadAction","target":["https:\/\/kpdi.pl\/deutsch\/procesy-miedzynarodowe\/"]}]},{"@type":"ImageObject","inLanguage":"de","@id":"https:\/\/kpdi.pl\/deutsch\/procesy-miedzynarodowe\/#primaryimage","url":"https:\/\/kpdi.pl\/wp-content\/uploads\/2018\/03\/IKONA-kafle.png","contentUrl":"https:\/\/kpdi.pl\/wp-content\/uploads\/2018\/03\/IKONA-kafle.png"},{"@type":"BreadcrumbList","@id":"https:\/\/kpdi.pl\/deutsch\/procesy-miedzynarodowe\/#breadcrumb","itemListElement":[{"@type":"ListItem","position":1,"name":"Strona g\u0142\u00f3wna","item":"https:\/\/kpdi.pl\/deutsch\/"},{"@type":"ListItem","position":2,"name":"Internationale Verfahren"}]},{"@type":"WebSite","@id":"https:\/\/kpdi.pl\/deutsch\/#website","url":"https:\/\/kpdi.pl\/deutsch\/","name":"KPDI DE","description":"Kancelaria Prawna Gda\u0144sk, obs\u0142uga prawna przedsi\u0119biorstw","potentialAction":[{"@type":"SearchAction","target":{"@type":"EntryPoint","urlTemplate":"https:\/\/kpdi.pl\/deutsch\/?s={search_term_string}"},"query-input":{"@type":"PropertyValueSpecification","valueRequired":true,"valueName":"search_term_string"}}],"inLanguage":"de"}]}},"_links":{"self":[{"href":"https:\/\/kpdi.pl\/deutsch\/wp-json\/wp\/v2\/pages\/1447","targetHints":{"allow":["GET"]}}],"collection":[{"href":"https:\/\/kpdi.pl\/deutsch\/wp-json\/wp\/v2\/pages"}],"about":[{"href":"https:\/\/kpdi.pl\/deutsch\/wp-json\/wp\/v2\/types\/page"}],"author":[{"embeddable":true,"href":"https:\/\/kpdi.pl\/deutsch\/wp-json\/wp\/v2\/users\/1"}],"replies":[{"embeddable":true,"href":"https:\/\/kpdi.pl\/deutsch\/wp-json\/wp\/v2\/comments?post=1447"}],"version-history":[{"count":8,"href":"https:\/\/kpdi.pl\/deutsch\/wp-json\/wp\/v2\/pages\/1447\/revisions"}],"predecessor-version":[{"id":2042,"href":"https:\/\/kpdi.pl\/deutsch\/wp-json\/wp\/v2\/pages\/1447\/revisions\/2042"}],"wp:attachment":[{"href":"https:\/\/kpdi.pl\/deutsch\/wp-json\/wp\/v2\/media?parent=1447"}],"curies":[{"name":"wp","href":"https:\/\/api.w.org\/{rel}","templated":true}]}}