{"id":1484,"date":"2018-03-26T10:58:03","date_gmt":"2018-03-26T10:58:03","guid":{"rendered":"http:\/\/kpdi.pl\/deutsch\/?page_id=1484"},"modified":"2021-03-04T19:16:53","modified_gmt":"2021-03-04T19:16:53","slug":"rechtliche-betreeung-in-house-danzig","status":"publish","type":"page","link":"https:\/\/kpdi.pl\/deutsch\/rechtliche-betreeung-in-house-danzig\/","title":{"rendered":"Rechtsberatung von Gesellschaften in-house"},"content":{"rendered":"<div class=\"fusion-fullwidth fullwidth-box fusion-builder-row-1 nonhundred-percent-fullwidth non-hundred-percent-height-scrolling\" style=\"background-color: rgba(255,255,255,0);background-position: center center;background-repeat: no-repeat;padding-top:0px;padding-right:0px;padding-bottom:0px;padding-left:0px;margin-bottom: 0px;margin-top: 0px;border-width: 0px 0px 0px 0px;border-color:#eae9e9;border-style:solid;\" ><div class=\"fusion-builder-row fusion-row\"><div class=\"fusion-layout-column fusion_builder_column fusion-builder-column-0 fusion_builder_column_1_2 1_2 fusion-one-half fusion-column-first\" style=\"width:50%;width:calc(50% - ( ( 4% ) * 0.5 ) );margin-right: 4%;margin-top:0px;margin-bottom:20px;\"><div class=\"fusion-column-wrapper fusion-flex-column-wrapper-legacy\" style=\"background-position:left top;background-repeat:no-repeat;-webkit-background-size:cover;-moz-background-size:cover;-o-background-size:cover;background-size:cover;padding: 0px 0px 0px 0px;\"><div class=\"fusion-text fusion-text-1\"><div id=\"tw-target-text-container\" class=\"tw-ta-container hide-focus-ring tw-nfl\" tabindex=\"0\">\n<p id=\"tw-target-text\" class=\"tw-data-text tw-text-large XcVN5d tw-ta\" dir=\"ltr\" data-placeholder=\"T\u0142umaczenie\"><span lang=\"de\">Der interne Rechtsdienst ist mit der Einstellung eines Rechtsberaters &#8222;Vollzeit&#8220; verbunden. Ein interner Anwalt hat viele Vorteile: Er kennt alle Aspekte der Gesch\u00e4ftst\u00e4tigkeit des Unternehmens, arbeitet innerhalb seiner Struktur und ist t\u00e4glich verf\u00fcgbar. Leider hat diese L\u00f6sung auch viele Nachteile. <\/span><\/p>\n<p class=\"tw-data-text tw-text-large XcVN5d tw-ta\" dir=\"ltr\" data-placeholder=\"T\u0142umaczenie\"><span lang=\"de\">Normalerweise arbeitet ein Vollzeitanwalt alleine. Dies wirft das Problem auf, die Kontinuit\u00e4t der juristischen Dienstleistungen w\u00e4hrend seiner Abwesenheit (Urlaub, Krankheit, Gesch\u00e4ftsreise) sicherzustellen. Schlie\u00dflich kann das Gesch\u00e4ft nicht auf die R\u00fcckkehr des Rechtsberaters warten. <\/span><\/p>\n<p class=\"tw-data-text tw-text-large XcVN5d tw-ta\" dir=\"ltr\" data-placeholder=\"T\u0142umaczenie\"><span lang=\"de\">Selbst der beste Anwalt wird nicht in jedem Rechtsbereich zum Spezialisten. Neue Technologien, sich \u00e4ndernde gesetzliche Vorschriften, Vorschriften anderer T\u00e4tigkeitsbereiche &#8211; dies sind nur Beispiele f\u00fcr die Schwierigkeiten, auf die jeder Anwalt auf seinem Karriereweg st\u00f6\u00dft. Um die T\u00e4tigkeit eines Unternehmers zu unterst\u00fctzen, m\u00fcssen wir jedoch alle Gesetzes\u00e4nderungen vollst\u00e4ndig befolgen. <\/span><\/p>\n<p class=\"tw-data-text tw-text-large XcVN5d tw-ta\" dir=\"ltr\" data-placeholder=\"T\u0142umaczenie\"><span lang=\"de\">Schlie\u00dflich ist der Bedarf an Prozesskostenhilfe nicht konstant. Manchmal gibt es wenig Arbeit, und schlie\u00dflich steht unser Kunde vor einem ernsthaften Gesch\u00e4ftsprojekt. Die Bereitstellung angemessener Unterst\u00fctzung geht h\u00e4ufig zu Lasten der t\u00e4glichen Abwicklung der Unternehmensangelegenheiten.<\/span><\/p>\n<\/div>\n<div id=\"tw-target-rmn-container\" class=\"tw-ta-container hide-focus-ring tw-nfl\">\n<p id=\"tw-target-rmn\" class=\"tw-data-placeholder tw-text-small tw-ta\" dir=\"ltr\">\n<\/div>\n<\/div><div class=\"fusion-clearfix\"><\/div><\/div><\/div><div class=\"fusion-layout-column fusion_builder_column fusion-builder-column-1 fusion_builder_column_2_5 2_5 fusion-two-fifth fusion-column-last\" style=\"width:40%;width:calc(40% - ( ( 4% ) * 0.4 ) );margin-top:0px;margin-bottom:20px;\"><div class=\"fusion-column-wrapper fusion-flex-column-wrapper-legacy\" style=\"background-position:left top;background-repeat:no-repeat;-webkit-background-size:cover;-moz-background-size:cover;-o-background-size:cover;background-size:cover;padding: 0px 0px 0px 0px;\"><span class=\" fusion-imageframe imageframe-none imageframe-1 hover-type-none\"><img decoding=\"async\" width=\"831\" height=\"550\" alt=\"Law 9\" title=\"law_post_9-compressor\" src=\"http:\/\/kpdi.pl\/wp-content\/uploads\/2015\/07\/law_post_9-compressor.jpg\" class=\"img-responsive wp-image-964\"\/><\/span><div class=\"fusion-clearfix\"><\/div><\/div><\/div><div class=\"fusion-layout-column fusion_builder_column fusion-builder-column-2 fusion_builder_column_1_1 1_1 fusion-one-full fusion-column-first fusion-column-last\" style=\"margin-top:0px;margin-bottom:20px;\"><div class=\"fusion-column-wrapper fusion-flex-column-wrapper-legacy\" style=\"background-position:left top;background-repeat:no-repeat;-webkit-background-size:cover;-moz-background-size:cover;-o-background-size:cover;background-size:cover;padding: 0px 0px 0px 0px;\"><div class=\"fusion-text fusion-text-2\"><div class=\"QmZWSe\">\n<div class=\"DHcWmd\"><\/div>\n<\/div>\n<div class=\"oSioSc\">\n<div id=\"tw-target\">\n<div id=\"kAz1tf\" class=\"g9WsWb\">\n<div id=\"tw-target-text-container\" class=\"tw-ta-container hide-focus-ring tw-nfl\" tabindex=\"0\">\n<h2 id=\"tw-target-text\" class=\"tw-data-text tw-text-large XcVN5d tw-ta\" dir=\"ltr\" style=\"text-align: center;\" data-placeholder=\"T\u0142umaczenie\"><span lang=\"de\"><strong>OPTIMIERUNG DER RECHTLICHEN BETREEUNG IN-HOUSE<\/strong><br \/>\n<\/span><\/h2>\n<\/div>\n<\/div>\n<\/div>\n<\/div>\n<\/div><div class=\"fusion-text fusion-text-3\"><p id=\"tw-target-text\" class=\"tw-data-text tw-text-large XcVN5d tw-ta\" dir=\"ltr\" data-placeholder=\"T\u0142umaczenie\"><span lang=\"de\">Rechtliche Betreuung <em>in-house<\/em>, die von der KPDI-Anwaltskanzlei erbracht werden, l\u00f6sen die oben genannten Probleme.<\/span><\/p>\n<\/div><div class=\"fusion-content-boxes content-boxes columns row fusion-columns-1 fusion-columns-total-6 fusion-content-boxes-1 content-boxes-icon-with-title content-left\" data-animationOffset=\"top-into-view\" style=\"margin-top:0px;margin-bottom:60px;\"><style type=\"text\/css\">.fusion-content-boxes-1 .heading .content-box-heading {color:#333333;}\n\t\t\t\t\t.fusion-content-boxes-1 .fusion-content-box-hover .link-area-link-icon-hover .heading .content-box-heading,\n\t\t\t\t\t.fusion-content-boxes-1 .fusion-content-box-hover .link-area-link-icon-hover .heading .heading-link .content-box-heading,\n\t\t\t\t\t.fusion-content-boxes-1 .fusion-content-box-hover .link-area-box-hover .heading .content-box-heading,\n\t\t\t\t\t.fusion-content-boxes-1 .fusion-content-box-hover .link-area-box-hover .heading .heading-link .content-box-heading,\n\t\t\t\t\t.fusion-content-boxes-1 .fusion-content-box-hover .link-area-link-icon-hover.link-area-box .fusion-read-more,\n\t\t\t\t\t.fusion-content-boxes-1 .fusion-content-box-hover .link-area-link-icon-hover.link-area-box .fusion-read-more::after,\n\t\t\t\t\t.fusion-content-boxes-1 .fusion-content-box-hover .link-area-link-icon-hover.link-area-box .fusion-read-more::before,\n\t\t\t\t\t.fusion-content-boxes-1 .fusion-content-box-hover .fusion-read-more:hover:after,\n\t\t\t\t\t.fusion-content-boxes-1 .fusion-content-box-hover .fusion-read-more:hover:before,\n\t\t\t\t\t.fusion-content-boxes-1 .fusion-content-box-hover .fusion-read-more:hover,\n\t\t\t\t\t.fusion-content-boxes-1 .fusion-content-box-hover .link-area-box-hover.link-area-box .fusion-read-more,\n\t\t\t\t\t.fusion-content-boxes-1 .fusion-content-box-hover .link-area-box-hover.link-area-box .fusion-read-more::after,\n\t\t\t\t\t.fusion-content-boxes-1 .fusion-content-box-hover .link-area-box-hover.link-area-box .fusion-read-more::before,\n\t\t\t\t\t.fusion-content-boxes-1 .fusion-content-box-hover .link-area-link-icon-hover .icon .circle-no,\n\t\t\t\t\t.fusion-content-boxes-1 .heading .heading-link:hover .content-box-heading {\n\t\t\t\t\t\tcolor: #1a80b6;\n\t\t\t\t\t}\n\t\t\t\t\t.fusion-content-boxes-1 .fusion-content-box-hover .link-area-box-hover .icon .circle-no {\n\t\t\t\t\t\tcolor: #1a80b6 !important;\n\t\t\t\t\t}.fusion-content-boxes-1 .fusion-content-box-hover .link-area-box.link-area-box-hover .fusion-content-box-button {background: #5aabd6;color: #105378;background-image: -webkit-gradient( linear, left bottom, left top, from( #90c9e8 ), to( #5aabd6 ) );background-image: linear-gradient( to top, #90c9e8, #5aabd6 )}.fusion-content-boxes-1 .fusion-content-box-hover .link-area-box.link-area-box-hover .fusion-content-box-button .fusion-button-text {color: #105378;}\n\t\t\t\t\t.fusion-content-boxes-1 .fusion-content-box-hover .link-area-link-icon-hover .heading .icon > span {\n\t\t\t\t\t\tbackground-color: #1a80b6 !important;\n\t\t\t\t\t}\n\t\t\t\t\t.fusion-content-boxes-1 .fusion-content-box-hover .link-area-box-hover .heading .icon > span {\n\t\t\t\t\t\tborder-color: #1a80b6 !important;\n\t\t\t\t\t}<\/style><div class=\"fusion-column content-box-column content-box-column content-box-column-1 col-lg-12 col-md-12 col-sm-12 fusion-content-box-hover content-box-column-last-in-row\"><div class=\"col content-box-wrapper content-wrapper link-area-link-icon icon-hover-animation-fade\" style=\"background-color:rgba(255,255,255,0);\" data-animationOffset=\"top-into-view\"><div class=\"heading heading-with-icon icon-left\"><div aria-hidden=\"true\" class=\"image\"><img decoding=\"async\" src=\"http:\/\/kpdi.pl\/wp-content\/uploads\/2018\/03\/IKONA-kafle.png\" width=\"35\" height=\"35\" alt=\"\" \/><\/div><h2 class=\"content-box-heading\" style=\"font-size:18px;line-height:23px;\">Dem Kunden wird ein st\u00e4ndiger Ansprechpartner zugewiesen.<\/h2><\/div><div class=\"fusion-clearfix\"><\/div><div class=\"content-container\" style=\"color:#747474;\">\n<div id=\"tw-target-text-container\" class=\"tw-ta-container hide-focus-ring tw-nfl\" tabindex=\"0\">\n<p id=\"tw-target-text\" class=\"tw-data-text tw-text-large XcVN5d tw-ta\" dir=\"ltr\" data-placeholder=\"T\u0142umaczenie\"><span lang=\"de\">Der Supervisor ist normalerweise ein KPDI-Partner. Es gew\u00e4hrleistet einen effizienten Informationsaustausch und die Verwaltung der gesamten Angelegenheiten des Kunden. Der Vormund trennt und \u00fcberwacht die Arbeit seiner untergeordneten Anw\u00e4lte.<\/span><\/p>\n<\/div>\n<\/div><\/div><\/div><div class=\"fusion-column content-box-column content-box-column content-box-column-2 col-lg-12 col-md-12 col-sm-12 fusion-content-box-hover content-box-column-last-in-row\"><div class=\"col content-box-wrapper content-wrapper link-area-link-icon icon-hover-animation-fade\" style=\"background-color:rgba(255,255,255,0);\" data-animationOffset=\"top-into-view\"><div class=\"heading heading-with-icon icon-left\"><div aria-hidden=\"true\" class=\"image\"><img decoding=\"async\" src=\"http:\/\/kpdi.pl\/wp-content\/uploads\/2018\/03\/IKONA-kafle.png\" width=\"35\" height=\"35\" alt=\"\" \/><\/div><h2 class=\"content-box-heading\" style=\"font-size:18px;line-height:23px;\">Auf Anfrage beauftragen wir einen Anwalt, innerhalb der vereinbarten Arbeitszeit beim Kunden zu arbeiten.<\/h2><\/div><div class=\"fusion-clearfix\"><\/div><div class=\"content-container\" style=\"color:#747474;\">\n<div id=\"tw-target-text-container\" class=\"tw-ta-container hide-focus-ring tw-nfl\" tabindex=\"0\">\n<p id=\"tw-target-text\" class=\"tw-data-text tw-text-large XcVN5d tw-ta\" dir=\"ltr\" data-placeholder=\"T\u0142umaczenie\"><span lang=\"de\">Ein delegierter Rechtsanwalt f\u00fchrt an bestimmten Tagen und zu bestimmten Stunden Aufgaben beim Kunden aus. Einerseits gew\u00e4hrleistet es den direkten Kontakt aller Mitarbeiter mit unserem Anwalt, andererseits erm\u00f6glicht es uns, Ihre Bed\u00fcrfnisse besser zu verstehen und auf sie einzugehen.<\/span><\/p>\n<\/div>\n<div id=\"tw-target-rmn-container\" class=\"tw-ta-container hide-focus-ring tw-nfl\">\n<p id=\"tw-target-rmn\" class=\"tw-data-placeholder tw-text-small tw-ta\" dir=\"ltr\">\n<\/div>\n<\/div><\/div><\/div><div class=\"fusion-column content-box-column content-box-column content-box-column-3 col-lg-12 col-md-12 col-sm-12 fusion-content-box-hover content-box-column-last-in-row\"><div class=\"col content-box-wrapper content-wrapper link-area-link-icon icon-hover-animation-fade\" style=\"background-color:rgba(255,255,255,0);\" data-animationOffset=\"top-into-view\"><div class=\"heading heading-with-icon icon-left\"><div aria-hidden=\"true\" class=\"image\"><img decoding=\"async\" src=\"http:\/\/kpdi.pl\/wp-content\/uploads\/2018\/03\/IKONA-kafle.png\" width=\"35\" height=\"35\" alt=\"\" \/><\/div><h2 class=\"content-box-heading\" style=\"font-size:18px;line-height:23px;\">Wir bieten einen Ersatz f\u00fcr einen delegierten Anwalt<\/h2><\/div><div class=\"fusion-clearfix\"><\/div><div class=\"content-container\" style=\"color:#747474;\">\n<div id=\"tw-target-text-container\" class=\"tw-ta-container hide-focus-ring tw-nfl\" tabindex=\"0\">\n<p id=\"tw-target-text\" class=\"tw-data-text tw-text-large XcVN5d tw-ta\" dir=\"ltr\" data-placeholder=\"T\u0142umaczenie\"><span lang=\"de\">Urlaub, Krankheit oder sogar die Gesch\u00e4ftsreise eines Anwalts sollten die Zusammenarbeit mit der Rechtsabteilung nicht st\u00f6ren. Bei Bedarf stellen wir die Kontinuit\u00e4t der Beratung sicher, und &#8211; falls erforderlich &#8211; beauftragen wir Anw\u00e4lte, diese zu ersetzen.<\/span><\/p>\n<\/div>\n<div id=\"tw-target-rmn-container\" class=\"tw-ta-container hide-focus-ring tw-nfl\">\n<p id=\"tw-target-rmn\" class=\"tw-data-placeholder tw-text-small tw-ta\" dir=\"ltr\">\n<\/div>\n<\/div><\/div><\/div><div class=\"fusion-column content-box-column content-box-column content-box-column-4 col-lg-12 col-md-12 col-sm-12 fusion-content-box-hover content-box-column-last-in-row\"><div class=\"col content-box-wrapper content-wrapper link-area-link-icon icon-hover-animation-fade\" style=\"background-color:rgba(255,255,255,0);\" data-animationOffset=\"top-into-view\"><div class=\"heading heading-with-icon icon-left\"><div aria-hidden=\"true\" class=\"image\"><img decoding=\"async\" src=\"http:\/\/kpdi.pl\/wp-content\/uploads\/2018\/03\/IKONA-kafle.png\" width=\"35\" height=\"35\" alt=\"\" \/><\/div><h2 class=\"content-box-heading\" style=\"font-size:18px;line-height:23px;\">Aufgaben, die spezifisches Wissen erfordern, werden einem Spezialisten in einem bestimmten Rechtsbereich zugewiesen<\/h2><\/div><div class=\"fusion-clearfix\"><\/div><div class=\"content-container\" style=\"color:#747474;\">\n<div id=\"tw-target-text-container\" class=\"tw-ta-container hide-focus-ring tw-nfl\" tabindex=\"0\">\n<p id=\"tw-target-text\" class=\"tw-data-text tw-text-large XcVN5d tw-ta\" dir=\"ltr\" data-placeholder=\"T\u0142umaczenie\"><span lang=\"de\">Anw\u00e4lte haben auch ihre Spezialisierungen. Wir haben unser Team zusammengestellt, um uns zu erg\u00e4nzen. Dank dessen unterst\u00fctzt die gesamte Anwaltskanzlei delegierte Anw\u00e4lte bei der L\u00f6sung spezifischer rechtlicher Probleme.<\/span><\/p>\n<\/div>\n<div id=\"tw-target-rmn-container\" class=\"tw-ta-container hide-focus-ring tw-nfl\">\n<p id=\"tw-target-rmn\" class=\"tw-data-placeholder tw-text-small tw-ta\" dir=\"ltr\">\n<\/div>\n<\/div><\/div><\/div><div class=\"fusion-column content-box-column content-box-column content-box-column-5 col-lg-12 col-md-12 col-sm-12 fusion-content-box-hover content-box-column-last-in-row\"><div class=\"col content-box-wrapper content-wrapper link-area-link-icon icon-hover-animation-fade\" style=\"background-color:rgba(255,255,255,0);\" data-animationOffset=\"top-into-view\"><div class=\"heading heading-with-icon icon-left\"><div aria-hidden=\"true\" class=\"image\"><img decoding=\"async\" src=\"http:\/\/kpdi.pl\/wp-content\/uploads\/2018\/03\/IKONA-kafle.png\" width=\"35\" height=\"35\" alt=\"\" \/><\/div><h2 class=\"content-box-heading\" style=\"font-size:18px;line-height:23px;\">Bei Bedarf ernennen wir Arbeitsteams<\/h2><\/div><div class=\"fusion-clearfix\"><\/div><div class=\"content-container\" style=\"color:#747474;\">\n<div id=\"tw-target-text-container\" class=\"tw-ta-container hide-focus-ring tw-nfl\" tabindex=\"0\">\n<p id=\"tw-target-text\" class=\"tw-data-text tw-text-large XcVN5d tw-ta\" dir=\"ltr\" data-placeholder=\"T\u0142umaczenie\"><span lang=\"de\">Bei komplexen und gro\u00dfen Projekten organisieren und verwalten wir die Arbeit von Ad-hoc-Arbeitsteams. Dazu geh\u00f6ren h\u00e4ufig auch andere Berater (Wirtschaftspr\u00fcfer, Abschlusspr\u00fcfer, Sachverst\u00e4ndige, Patentanw\u00e4lte usw.) Die Rolle von KPDI besteht darin, zu einem positiven Abschluss des Projekts zu f\u00fchren.<\/span><\/p>\n<\/div>\n<div id=\"tw-target-rmn-container\" class=\"tw-ta-container hide-focus-ring tw-nfl\">\n<p id=\"tw-target-rmn\" class=\"tw-data-placeholder tw-text-small tw-ta\" dir=\"ltr\">\n<\/div>\n<\/div><\/div><\/div><div class=\"fusion-column content-box-column content-box-column content-box-column-6 col-lg-12 col-md-12 col-sm-12 fusion-content-box-hover content-box-column-last content-box-column-last-in-row\"><div class=\"col content-box-wrapper content-wrapper link-area-link-icon icon-hover-animation-fade\" style=\"background-color:rgba(255,255,255,0);\" data-animationOffset=\"top-into-view\"><div class=\"heading heading-with-icon icon-left\"><div aria-hidden=\"true\" class=\"image\"><img decoding=\"async\" src=\"http:\/\/kpdi.pl\/wp-content\/uploads\/2018\/03\/IKONA-kafle.png\" width=\"35\" height=\"35\" alt=\"\" \/><\/div><h2 class=\"content-box-heading\" style=\"font-size:18px;line-height:23px;\">Wir optimieren die Kosten - das Abrechnungsmodell ist flexibel und an den tats\u00e4chlichen Arbeitsaufwand des Anwalts angepasst<\/h2><\/div><div class=\"fusion-clearfix\"><\/div><div class=\"content-container\" style=\"color:#747474;\">\n<p id=\"tw-target-text\" class=\"tw-data-text tw-text-large XcVN5d tw-ta\" dir=\"ltr\" data-placeholder=\"T\u0142umaczenie\"><span lang=\"de\">Die von uns entwickelten Abwicklungsmodelle erm\u00f6glichen es uns, die Kosten f\u00fcr juristische Dienstleistungen an die tats\u00e4chliche Nachfrage nach unseren Dienstleistungen anzupassen. Infolgedessen senken wir die Kosten f\u00fcr juristische Dienstleistungen erheblich und gew\u00e4hrleisten gleichzeitig ein H\u00f6chstma\u00df an Qualit\u00e4t.<\/span><\/p>\n<\/div><\/div><\/div><style type=\"text\/css\">\n\t\t\t\t\t\t.fusion-content-boxes-1 .fusion-content-box-hover .heading-link:hover .icon i.circle-yes,\n\t\t\t\t\t\t.fusion-content-boxes-1 .fusion-content-box-hover .link-area-box:hover .heading-link .icon i.circle-yes,\n\t\t\t\t\t\t.fusion-content-boxes-1 .fusion-content-box-hover .link-area-link-icon-hover .heading .icon i.circle-yes,\n\t\t\t\t\t\t.fusion-content-boxes-1 .fusion-content-box-hover .link-area-box-hover .heading .icon i.circle-yes {\n\t\t\t\t\t\t\tbackground-color: #1a80b6 !important;\n\t\t\t\t\t\t\tborder-color: #1a80b6 !important;\n\t\t\t\t\t\t}<\/style><div class=\"fusion-clearfix\"><\/div><\/div><div class=\"fusion-clearfix\"><\/div><\/div><\/div><\/div><\/div>\n","protected":false},"excerpt":{"rendered":"","protected":false},"author":1,"featured_media":0,"parent":0,"menu_order":0,"comment_status":"closed","ping_status":"closed","template":"","meta":{"_exactmetrics_skip_tracking":false,"_exactmetrics_sitenote_active":false,"_exactmetrics_sitenote_note":"","_exactmetrics_sitenote_category":0,"footnotes":""},"class_list":["post-1484","page","type-page","status-publish","hentry"],"yoast_head":"<!-- This site is optimized with the Yoast SEO plugin v27.5 - https:\/\/yoast.com\/product\/yoast-seo-wordpress\/ -->\n<title>Kanzlei KPDI Danzig | Rechtliche Betreuung in-house<\/title>\n<meta name=\"description\" content=\"Unsere rechtliche Betreeung in-house erm\u00f6glicht unsere Mandanten interne Prozesse optimieren. Erfahren Sie mehr.\" \/>\n<meta name=\"robots\" content=\"index, follow, max-snippet:-1, max-image-preview:large, max-video-preview:-1\" \/>\n<link rel=\"canonical\" href=\"https:\/\/kpdi.pl\/deutsch\/rechtliche-betreeung-in-house-danzig\/\" \/>\n<meta property=\"og:locale\" content=\"de_DE\" \/>\n<meta property=\"og:type\" content=\"article\" \/>\n<meta property=\"og:title\" content=\"Kanzlei KPDI Danzig | Rechtliche Betreuung in-house\" \/>\n<meta property=\"og:description\" content=\"Unsere rechtliche Betreeung in-house erm\u00f6glicht unsere Mandanten interne Prozesse optimieren. Erfahren Sie mehr.\" \/>\n<meta property=\"og:url\" content=\"https:\/\/kpdi.pl\/deutsch\/rechtliche-betreeung-in-house-danzig\/\" \/>\n<meta property=\"og:site_name\" content=\"KPDI DE\" \/>\n<meta property=\"article:modified_time\" content=\"2021-03-04T19:16:53+00:00\" \/>\n<meta name=\"twitter:card\" content=\"summary_large_image\" \/>\n<meta name=\"twitter:label1\" content=\"Gesch\u00e4tzte Lesezeit\" \/>\n\t<meta name=\"twitter:data1\" content=\"5\u00a0Minuten\" \/>\n<script type=\"application\/ld+json\" class=\"yoast-schema-graph\">{\"@context\":\"https:\\\/\\\/schema.org\",\"@graph\":[{\"@type\":\"WebPage\",\"@id\":\"https:\\\/\\\/kpdi.pl\\\/deutsch\\\/rechtliche-betreeung-in-house-danzig\\\/\",\"url\":\"https:\\\/\\\/kpdi.pl\\\/deutsch\\\/rechtliche-betreeung-in-house-danzig\\\/\",\"name\":\"Kanzlei KPDI Danzig | Rechtliche Betreuung in-house\",\"isPartOf\":{\"@id\":\"https:\\\/\\\/kpdi.pl\\\/deutsch\\\/#website\"},\"datePublished\":\"2018-03-26T10:58:03+00:00\",\"dateModified\":\"2021-03-04T19:16:53+00:00\",\"description\":\"Unsere rechtliche Betreeung in-house erm\u00f6glicht unsere Mandanten interne Prozesse optimieren. Erfahren Sie mehr.\",\"breadcrumb\":{\"@id\":\"https:\\\/\\\/kpdi.pl\\\/deutsch\\\/rechtliche-betreeung-in-house-danzig\\\/#breadcrumb\"},\"inLanguage\":\"de\",\"potentialAction\":[{\"@type\":\"ReadAction\",\"target\":[\"https:\\\/\\\/kpdi.pl\\\/deutsch\\\/rechtliche-betreeung-in-house-danzig\\\/\"]}]},{\"@type\":\"BreadcrumbList\",\"@id\":\"https:\\\/\\\/kpdi.pl\\\/deutsch\\\/rechtliche-betreeung-in-house-danzig\\\/#breadcrumb\",\"itemListElement\":[{\"@type\":\"ListItem\",\"position\":1,\"name\":\"Strona g\u0142\u00f3wna\",\"item\":\"https:\\\/\\\/kpdi.pl\\\/deutsch\\\/\"},{\"@type\":\"ListItem\",\"position\":2,\"name\":\"Rechtsberatung von Gesellschaften in-house\"}]},{\"@type\":\"WebSite\",\"@id\":\"https:\\\/\\\/kpdi.pl\\\/deutsch\\\/#website\",\"url\":\"https:\\\/\\\/kpdi.pl\\\/deutsch\\\/\",\"name\":\"KPDI DE\",\"description\":\"Kancelaria Prawna Gda\u0144sk, obs\u0142uga prawna przedsi\u0119biorstw\",\"potentialAction\":[{\"@type\":\"SearchAction\",\"target\":{\"@type\":\"EntryPoint\",\"urlTemplate\":\"https:\\\/\\\/kpdi.pl\\\/deutsch\\\/?s={search_term_string}\"},\"query-input\":{\"@type\":\"PropertyValueSpecification\",\"valueRequired\":true,\"valueName\":\"search_term_string\"}}],\"inLanguage\":\"de\"}]}<\/script>\n<!-- \/ Yoast SEO plugin. -->","yoast_head_json":{"title":"Kanzlei KPDI Danzig | Rechtliche Betreuung in-house","description":"Unsere rechtliche Betreeung in-house erm\u00f6glicht unsere Mandanten interne Prozesse optimieren. Erfahren Sie mehr.","robots":{"index":"index","follow":"follow","max-snippet":"max-snippet:-1","max-image-preview":"max-image-preview:large","max-video-preview":"max-video-preview:-1"},"canonical":"https:\/\/kpdi.pl\/deutsch\/rechtliche-betreeung-in-house-danzig\/","og_locale":"de_DE","og_type":"article","og_title":"Kanzlei KPDI Danzig | Rechtliche Betreuung in-house","og_description":"Unsere rechtliche Betreeung in-house erm\u00f6glicht unsere Mandanten interne Prozesse optimieren. Erfahren Sie mehr.","og_url":"https:\/\/kpdi.pl\/deutsch\/rechtliche-betreeung-in-house-danzig\/","og_site_name":"KPDI DE","article_modified_time":"2021-03-04T19:16:53+00:00","twitter_card":"summary_large_image","twitter_misc":{"Gesch\u00e4tzte Lesezeit":"5\u00a0Minuten"},"schema":{"@context":"https:\/\/schema.org","@graph":[{"@type":"WebPage","@id":"https:\/\/kpdi.pl\/deutsch\/rechtliche-betreeung-in-house-danzig\/","url":"https:\/\/kpdi.pl\/deutsch\/rechtliche-betreeung-in-house-danzig\/","name":"Kanzlei KPDI Danzig | Rechtliche Betreuung in-house","isPartOf":{"@id":"https:\/\/kpdi.pl\/deutsch\/#website"},"datePublished":"2018-03-26T10:58:03+00:00","dateModified":"2021-03-04T19:16:53+00:00","description":"Unsere rechtliche Betreeung in-house erm\u00f6glicht unsere Mandanten interne Prozesse optimieren. Erfahren Sie mehr.","breadcrumb":{"@id":"https:\/\/kpdi.pl\/deutsch\/rechtliche-betreeung-in-house-danzig\/#breadcrumb"},"inLanguage":"de","potentialAction":[{"@type":"ReadAction","target":["https:\/\/kpdi.pl\/deutsch\/rechtliche-betreeung-in-house-danzig\/"]}]},{"@type":"BreadcrumbList","@id":"https:\/\/kpdi.pl\/deutsch\/rechtliche-betreeung-in-house-danzig\/#breadcrumb","itemListElement":[{"@type":"ListItem","position":1,"name":"Strona g\u0142\u00f3wna","item":"https:\/\/kpdi.pl\/deutsch\/"},{"@type":"ListItem","position":2,"name":"Rechtsberatung von Gesellschaften in-house"}]},{"@type":"WebSite","@id":"https:\/\/kpdi.pl\/deutsch\/#website","url":"https:\/\/kpdi.pl\/deutsch\/","name":"KPDI DE","description":"Kancelaria Prawna Gda\u0144sk, obs\u0142uga prawna przedsi\u0119biorstw","potentialAction":[{"@type":"SearchAction","target":{"@type":"EntryPoint","urlTemplate":"https:\/\/kpdi.pl\/deutsch\/?s={search_term_string}"},"query-input":{"@type":"PropertyValueSpecification","valueRequired":true,"valueName":"search_term_string"}}],"inLanguage":"de"}]}},"_links":{"self":[{"href":"https:\/\/kpdi.pl\/deutsch\/wp-json\/wp\/v2\/pages\/1484","targetHints":{"allow":["GET"]}}],"collection":[{"href":"https:\/\/kpdi.pl\/deutsch\/wp-json\/wp\/v2\/pages"}],"about":[{"href":"https:\/\/kpdi.pl\/deutsch\/wp-json\/wp\/v2\/types\/page"}],"author":[{"embeddable":true,"href":"https:\/\/kpdi.pl\/deutsch\/wp-json\/wp\/v2\/users\/1"}],"replies":[{"embeddable":true,"href":"https:\/\/kpdi.pl\/deutsch\/wp-json\/wp\/v2\/comments?post=1484"}],"version-history":[{"count":23,"href":"https:\/\/kpdi.pl\/deutsch\/wp-json\/wp\/v2\/pages\/1484\/revisions"}],"predecessor-version":[{"id":1971,"href":"https:\/\/kpdi.pl\/deutsch\/wp-json\/wp\/v2\/pages\/1484\/revisions\/1971"}],"wp:attachment":[{"href":"https:\/\/kpdi.pl\/deutsch\/wp-json\/wp\/v2\/media?parent=1484"}],"curies":[{"name":"wp","href":"https:\/\/api.w.org\/{rel}","templated":true}]}}