{"id":1541,"date":"2018-04-10T10:12:50","date_gmt":"2018-04-10T10:12:50","guid":{"rendered":"http:\/\/kpdi.pl\/deutsch\/?page_id=1541"},"modified":"2019-07-01T10:39:19","modified_gmt":"2019-07-01T10:39:19","slug":"sprawy-pracownicze","status":"publish","type":"page","link":"https:\/\/kpdi.pl\/deutsch\/sprawy-pracownicze\/","title":{"rendered":"Arbeitsrechtsangelegenheiten"},"content":{"rendered":"<p><div class=\"fusion-fullwidth fullwidth-box fusion-builder-row-1 nonhundred-percent-fullwidth non-hundred-percent-height-scrolling\" style=\"background-color: rgba(255,255,255,0);background-position: center center;background-repeat: no-repeat;padding-top:0px;padding-right:0px;padding-bottom:0px;padding-left:0px;margin-bottom: 0px;margin-top: 0px;border-width: 0px 0px 0px 0px;border-color:#eae9e9;border-style:solid;\" ><div class=\"fusion-builder-row fusion-row\"><div class=\"fusion-layout-column fusion_builder_column fusion-builder-column-0 fusion_builder_column_1_1 1_1 fusion-one-full fusion-column-first fusion-column-last\" style=\"margin-top:0px;margin-bottom:20px;\"><div class=\"fusion-column-wrapper fusion-flex-column-wrapper-legacy\" style=\"background-position:left top;background-repeat:no-repeat;-webkit-background-size:cover;-moz-background-size:cover;-o-background-size:cover;background-size:cover;padding: 0px 0px 0px 0px;\"><div class=\"fusion-text fusion-text-1\"><h2 style=\"text-align: center;\"><strong>Arbeitsrechtsangelegenheiten <\/strong><\/h2>\n<h3 style=\"text-align: center;\"><strong>Die KPDI Kanzlei ber\u00e4t seit vielen Jahren im Bereich des Arbeitsrechts<\/strong><br \/>\n<strong>und vertritt sowohl Arbeitnehmer als auch Arbeitgeber.<\/strong><\/h3>\n<h3 style=\"text-align: left;\"><strong>\u00a0<\/strong><\/h3>\n<\/div><div class=\"fusion-sep-clear\"><\/div><div class=\"fusion-separator fusion-full-width-sep\" style=\"margin-left: auto;margin-right: auto;width:100%;\"><div class=\"fusion-separator-border sep-single sep-solid\" style=\"border-color:rgba(39,134,229,0.76);border-top-width:1px;\"><\/div><\/div><div class=\"fusion-sep-clear\"><\/div><div class=\"fusion-clearfix\"><\/div><\/div><\/div><\/div><\/div><div class=\"fusion-fullwidth fullwidth-box fusion-builder-row-2 nonhundred-percent-fullwidth non-hundred-percent-height-scrolling\" style=\"background-color: rgba(255,255,255,0);background-position: center center;background-repeat: no-repeat;padding-top:0px;padding-right:0px;padding-bottom:0px;padding-left:0px;margin-bottom: 0px;margin-top: 0px;border-width: 0px 0px 0px 0px;border-color:#eae9e9;border-style:solid;\" ><div class=\"fusion-builder-row fusion-row\"><div class=\"fusion-layout-column fusion_builder_column fusion-builder-column-1 fusion_builder_column_1_1 1_1 fusion-one-full fusion-column-first fusion-column-last\" style=\"margin-top:0px;margin-bottom:20px;\"><div class=\"fusion-column-wrapper fusion-flex-column-wrapper-legacy\" style=\"background-position:left top;background-repeat:no-repeat;-webkit-background-size:cover;-moz-background-size:cover;-o-background-size:cover;background-size:cover;padding: 0px 0px 0px 0px;\"><div class=\"fusion-flip-boxes flip-boxes row fusion-columns-1 flip-effect-classic\"><div class=\"fusion-flip-box-wrapper fusion-column col-lg-12 col-md-12 col-sm-12\"><div class=\"fusion-flip-box flip-right\" tabindex=\"0\"><div class=\"flip-box-inner-wrapper\"><div class=\"flip-box-front\" style=\"background-color:#f6f6f6;border-color:rgba(0,0,0,0);border-radius:4px;border-style:solid;border-width:1px;color:#747474;transition-duration:0.8s;\"><div class=\"flip-box-front-inner\"><div class=\"flip-box-grafix flip-box-image\"><img decoding=\"async\" src=\"http:\/\/kpdi.pl\/wp-content\/uploads\/sites\/5\/2018\/03\/IKONA-kafle.png\" width=\"35\" height=\"35\" alt=\"\" \/><\/div><h2 class=\"flip-box-heading\" style=\"color:#333333;\">Individuelles Arbeitsrecht in jeder Firma <\/h2>Die KPDI als Berater des individuellen HR<\/div><\/div><div class=\"flip-box-back\" style=\"background-color:rgba(39,134,229,0.76);border-color:rgba(0,0,0,0);border-radius:4px;border-style:solid;border-width:1px;color:#ffffff;transition-duration:0.8s;\"><div class=\"flip-box-back-inner\"><h3 class=\"flip-box-heading-back\" style=\"color:#eeeded;\">Wir beraten Arbeitnehmer und Arbeitgeber bei der Bestimmung des Vertragsinhalts der Arbeitsvertr\u00e4ge und anderen Unterlagen.<\/h3>\n<p>Ein Unternehmen ist nicht nur das Kapital. Es ist auch und sogar vor allem: die Menschen. Probleme des individuellen Arbeitsrechts stehen daher im Interesse jeder Firma. Ein erfahrener Rechtsanwalt oder Rechtsberater in arbeitsrechtlichen Angelegenheiten ist eine unabk\u00f6mmliche Unterst\u00fctzung.<\/p>\n<p>Die KPDI ber\u00e4t Unternehmern und Arbeitnehmer bei der Erstellung von Unterlagen bez\u00fcglich des Arbeitsverh\u00e4ltnisses. Wir verhandeln u.a. Arbeitsvertr\u00e4ge, Vertr\u00e4ge \u00fcber Wettbewerbsverbote, Vereinbarungen \u00fcber die Nutzungsbedingungen von Dienstfahrzeugen oder die Deckung von Schulungskosten der Mitarbeiter aus.<\/p>\n<\/div><\/div><\/div><\/div><\/div><div class=\"fusion-flip-box-wrapper fusion-column col-lg-12 col-md-12 col-sm-12\"><div class=\"fusion-flip-box flip-right\" tabindex=\"0\"><div class=\"flip-box-inner-wrapper\"><div class=\"flip-box-front\" style=\"background-color:#f6f6f6;border-color:rgba(0,0,0,0);border-radius:4px;border-style:solid;border-width:1px;color:#747474;transition-duration:0.8s;\"><div class=\"flip-box-front-inner\"><div class=\"flip-box-grafix flip-box-image\"><img decoding=\"async\" src=\"http:\/\/kpdi.pl\/wp-content\/uploads\/sites\/5\/2018\/03\/IKONA-kafle.png\" width=\"35\" height=\"35\" alt=\"\" \/><\/div><h2 class=\"flip-box-heading\" style=\"color:#333333;\">Kollektives Arbeitsrecht<\/h2>Das sind Tarifvertr\u00e4ge, Arbeitssatzungen, Verg\u00fctungssatzung und andere<\/div><\/div><div class=\"flip-box-back\" style=\"background-color:rgba(39,134,229,0.76);border-color:rgba(0,0,0,0);border-radius:4px;border-style:solid;border-width:1px;color:#ffffff;transition-duration:0.8s;\"><div class=\"flip-box-back-inner\"><h3 class=\"flip-box-heading-back\" style=\"color:#eeeded;\">Wir bearbeiten und verhandeln \u00fcber die interne Dokumentation des kollektiven Arbeitsrechts <\/h3>\n<p>Die Kanzlei kann eine reiche Erfahrung im Bereich des Arbeitgeberrechtsschutzes ausweisen. In gro\u00dfen Unternehmen gilt der Tarifvertrag, oder die Arbeitssatzung und die Verg\u00fctungssatzung und die Interessen der Arbeitnehmer vertritt die betriebliche Gewerkschaftsorganisation (Gewerkschaften). Wir beraten und vertreten den Arbeitgeber bei Verhandlungen mit den Gewerkschaften und bei Kontakten mit den Betriebsr\u00e4ten u.\u00c4.<\/p>\n<\/div><\/div><\/div><\/div><\/div><div class=\"fusion-flip-box-wrapper fusion-column col-lg-12 col-md-12 col-sm-12\"><div class=\"fusion-flip-box flip-right\" tabindex=\"0\"><div class=\"flip-box-inner-wrapper\"><div class=\"flip-box-front\" style=\"background-color:#f6f6f6;border-color:rgba(0,0,0,0);border-radius:4px;border-style:solid;border-width:1px;color:#747474;transition-duration:0.8s;\"><div class=\"flip-box-front-inner\"><div class=\"flip-box-grafix flip-box-image\"><img decoding=\"async\" src=\"http:\/\/kpdi.pl\/wp-content\/uploads\/sites\/5\/2018\/03\/IKONA-kafle.png\" width=\"35\" height=\"35\" alt=\"\" \/><\/div><h2 class=\"flip-box-heading\" style=\"color:#333333;\">Vertretung bei arbeitsbetrieblichen Streitigkeiten <\/h2>Falls es zu einem Streit kommt, hilft der Rechtsberater oder der Rechtsanwalt bei der g\u00fctlichen oder gerichtlichen Streitl\u00f6sung <\/div><\/div><div class=\"flip-box-back\" style=\"background-color:rgba(39,134,229,0.76);border-color:rgba(0,0,0,0);border-radius:4px;border-style:solid;border-width:1px;color:#ffffff;transition-duration:0.8s;\"><div class=\"flip-box-back-inner\"><h3 class=\"flip-box-heading-back\" style=\"color:#eeeded;\">Wir helfen bei der Verteidigung Ihrer Rechte vor Gericht <\/h3>\n<p>Wir vertreten unsere Mandanten beim arbeitsrechtlichen Verfahren vor den Arbeitsgerichten \u2013 sowohl die Arbeitnehmer als auch die Arbeitgeber. Streitgegenstand solcher Verfahren ist nicht nur die unbegr\u00fcndete Aufl\u00f6sung oder K\u00fcndigung des Arbeitsverh\u00e4ltnisses. Die Parteien eines Arbeitsvertrags streiten sich auch \u00fcber finanzielle Abrechnung, Wettbewerbsverbote, Mobbing oder Diskrimination.<\/p>\n<\/div><\/div><\/div><\/div><\/div><\/div><div class=\"clearfix\"><\/div><div class=\"fusion-clearfix\"><\/div><\/div><\/div><\/div><\/div><div class=\"fusion-fullwidth fullwidth-box fusion-builder-row-3 nonhundred-percent-fullwidth non-hundred-percent-height-scrolling\" style=\"background-color: rgba(255,255,255,0);background-position: center center;background-repeat: no-repeat;padding-top:0px;padding-right:0px;padding-bottom:0px;padding-left:0px;margin-bottom: 0px;margin-top: 0px;border-width: 0px 0px 0px 0px;border-color:#eae9e9;border-style:solid;\" ><div class=\"fusion-builder-row fusion-row\"><div class=\"fusion-layout-column fusion_builder_column fusion-builder-column-2 fusion_builder_column_1_1 1_1 fusion-one-full fusion-column-first fusion-column-last\" style=\"margin-top:0px;margin-bottom:20px;\"><div class=\"fusion-column-wrapper fusion-flex-column-wrapper-legacy\" style=\"background-position:left top;background-repeat:no-repeat;-webkit-background-size:cover;-moz-background-size:cover;-o-background-size:cover;background-size:cover;padding: 0px 0px 0px 0px;\"><div class=\"fusion-sep-clear\"><\/div><div class=\"fusion-separator fusion-full-width-sep\" style=\"margin-left: auto;margin-right: auto;margin-top:10px;margin-bottom:10px;width:100%;\"><div class=\"fusion-separator-border sep-single sep-solid\" style=\"border-color:rgba(39,134,229,0.76);border-top-width:1px;\"><\/div><\/div><div class=\"fusion-sep-clear\"><\/div><div class=\"fusion-clearfix\"><\/div><\/div><\/div><\/div><\/div><div class=\"fusion-fullwidth fullwidth-box fusion-builder-row-4 nonhundred-percent-fullwidth non-hundred-percent-height-scrolling\" style=\"background-color: rgba(255,255,255,0);background-position: center center;background-repeat: no-repeat;padding-top:0px;padding-right:0px;padding-bottom:0px;padding-left:0px;margin-bottom: 0px;margin-top: 0px;border-width: 0px 0px 0px 0px;border-color:#eae9e9;border-style:solid;\" ><div class=\"fusion-builder-row fusion-row\"><div class=\"fusion-layout-column fusion_builder_column fusion-builder-column-3 fusion_builder_column_2_3 2_3 fusion-two-third fusion-column-first\" style=\"width:66.666666666667%;width:calc(66.666666666667% - ( ( 4% ) * 0.66666666666667 ) );margin-right: 4%;margin-top:0px;margin-bottom:20px;\"><div class=\"fusion-column-wrapper fusion-flex-column-wrapper-legacy\" style=\"background-position:left top;background-repeat:no-repeat;-webkit-background-size:cover;-moz-background-size:cover;-o-background-size:cover;background-size:cover;padding: 0px 0px 0px 0px;\"><div class=\"fusion-text fusion-text-2\"><h3 style=\"text-align: center;\">Die Leiterin unseres Teams<\/h3>\n<h3 style=\"text-align: center;\">in arbeitsrechtlichen Angelegenheiten ist:<\/h3>\n<h3 style=\"text-align: center;\"><a href=\"http:\/\/kpdi.pl\/radca-prawny-anna-grzesznik-matla\/\">Rechtsberaterin Anna Grzesznik-Matla.<\/a><\/h3>\n<h3 style=\"text-align: center;\"><\/h3>\n<\/div><div class=\"fusion-sep-clear\"><\/div><div class=\"fusion-separator fusion-full-width-sep\" style=\"margin-left: auto;margin-right: auto;margin-top:10px;margin-bottom:30px;width:100%;\"><\/div><div class=\"fusion-sep-clear\"><\/div><div class=\"fusion-aligncenter\"><style>.fusion-body .fusion-button.button-1{border-radius:2px 2px 2px 2px;}<\/style><a class=\"fusion-button button-flat button-xlarge button-default button-1 fusion-button-default-span fusion-button-default-type\" target=\"_self\"><span class=\"fusion-button-text\">Frage zum Arbeitsrecht <\/span><\/a><\/div><div class=\"fusion-clearfix\"><\/div><\/div><\/div><div class=\"fusion-layout-column fusion_builder_column fusion-builder-column-4 fusion_builder_column_1_3 1_3 fusion-one-third fusion-column-last\" style=\"width:33.333333333333%;width:calc(33.333333333333% - ( ( 4% ) * 0.33333333333333 ) );margin-top:0px;margin-bottom:20px;\"><div class=\"fusion-column-wrapper fusion-flex-column-wrapper-legacy\" style=\"background-position:left top;background-repeat:no-repeat;-webkit-background-size:cover;-moz-background-size:cover;-o-background-size:cover;background-size:cover;padding: 0px 0px 0px 0px;\"><span class=\" fusion-imageframe imageframe-none imageframe-1 hover-type-none\"><a class=\"fusion-no-lightbox\" href=\"http:\/\/kpdi.pl\/deutsch\/radca-prawny-anna-grzesznik-matla\/\" target=\"_self\" aria-label=\"AGM1\"><img decoding=\"async\" width=\"250\" height=\"250\" alt=\"radca prawny Anna Grzesznik-&lt;Matla\" src=\"http:\/\/kpdi.pl\/wp-content\/uploads\/sites\/5\/2018\/03\/AGM1.png\" class=\"img-responsive wp-image-1418\" srcset=\"https:\/\/kpdi.pl\/deutsch\/wp-content\/uploads\/sites\/5\/2018\/03\/AGM1-200x200.png 200w, https:\/\/kpdi.pl\/deutsch\/wp-content\/uploads\/sites\/5\/2018\/03\/AGM1.png 250w\" sizes=\"(max-width: 800px) 100vw, 250px\" \/><\/a><\/span><div class=\"fusion-clearfix\"><\/div><\/div><\/div><\/div><\/div><div class=\"fusion-fullwidth fullwidth-box fusion-builder-row-5 nonhundred-percent-fullwidth non-hundred-percent-height-scrolling\" style=\"background-color: rgba(255,255,255,0);background-position: center center;background-repeat: no-repeat;padding-top:0px;padding-right:0px;padding-bottom:0px;padding-left:0px;margin-bottom: 0px;margin-top: 0px;border-width: 0px 0px 0px 0px;border-color:#eae9e9;border-style:solid;\" ><div class=\"fusion-builder-row fusion-row\"><\/div><\/div><\/p>\n","protected":false},"excerpt":{"rendered":"","protected":false},"author":1,"featured_media":0,"parent":0,"menu_order":0,"comment_status":"closed","ping_status":"closed","template":"","meta":{"_exactmetrics_skip_tracking":false,"_exactmetrics_sitenote_active":false,"_exactmetrics_sitenote_note":"","_exactmetrics_sitenote_category":0,"footnotes":""},"class_list":["post-1541","page","type-page","status-publish","hentry"],"yoast_head":"<!-- This site is optimized with the Yoast SEO plugin v27.5 - https:\/\/yoast.com\/product\/yoast-seo-wordpress\/ -->\n<title>Arbeitsrechtsangelegenheiten - KPDI DE<\/title>\n<meta name=\"description\" content=\"Sprawy pracownicze to obszar zainteresowania ka\u017cdego przedsi\u0119biorcy. Kancelaria prawna KPDI w Gda\u0144sku zajmuje si\u0119 problematyk\u0105 indywidualnego i zbiorowego prawa pracy. Doradzamy i reprezentujemy klient\u00f3w przed s\u0105dami.\" \/>\n<meta name=\"robots\" content=\"index, follow, max-snippet:-1, max-image-preview:large, max-video-preview:-1\" \/>\n<link rel=\"canonical\" href=\"https:\/\/kpdi.pl\/deutsch\/sprawy-pracownicze\/\" \/>\n<meta property=\"og:locale\" content=\"de_DE\" \/>\n<meta property=\"og:type\" content=\"article\" \/>\n<meta property=\"og:title\" content=\"Arbeitsrechtsangelegenheiten - KPDI DE\" \/>\n<meta property=\"og:description\" content=\"Sprawy pracownicze to obszar zainteresowania ka\u017cdego przedsi\u0119biorcy. Kancelaria prawna KPDI w Gda\u0144sku zajmuje si\u0119 problematyk\u0105 indywidualnego i zbiorowego prawa pracy. Doradzamy i reprezentujemy klient\u00f3w przed s\u0105dami.\" \/>\n<meta property=\"og:url\" content=\"https:\/\/kpdi.pl\/deutsch\/sprawy-pracownicze\/\" \/>\n<meta property=\"og:site_name\" content=\"KPDI DE\" \/>\n<meta property=\"article:modified_time\" content=\"2019-07-01T10:39:19+00:00\" \/>\n<meta name=\"twitter:card\" content=\"summary_large_image\" \/>\n<meta name=\"twitter:label1\" content=\"Gesch\u00e4tzte Lesezeit\" \/>\n\t<meta name=\"twitter:data1\" content=\"9\u00a0Minuten\" \/>\n<script type=\"application\/ld+json\" class=\"yoast-schema-graph\">{\"@context\":\"https:\\\/\\\/schema.org\",\"@graph\":[{\"@type\":\"WebPage\",\"@id\":\"https:\\\/\\\/kpdi.pl\\\/deutsch\\\/sprawy-pracownicze\\\/\",\"url\":\"https:\\\/\\\/kpdi.pl\\\/deutsch\\\/sprawy-pracownicze\\\/\",\"name\":\"Arbeitsrechtsangelegenheiten - KPDI DE\",\"isPartOf\":{\"@id\":\"https:\\\/\\\/kpdi.pl\\\/deutsch\\\/#website\"},\"datePublished\":\"2018-04-10T10:12:50+00:00\",\"dateModified\":\"2019-07-01T10:39:19+00:00\",\"description\":\"Sprawy pracownicze to obszar zainteresowania ka\u017cdego przedsi\u0119biorcy. Kancelaria prawna KPDI w Gda\u0144sku zajmuje si\u0119 problematyk\u0105 indywidualnego i zbiorowego prawa pracy. Doradzamy i reprezentujemy klient\u00f3w przed s\u0105dami.\",\"breadcrumb\":{\"@id\":\"https:\\\/\\\/kpdi.pl\\\/deutsch\\\/sprawy-pracownicze\\\/#breadcrumb\"},\"inLanguage\":\"de\",\"potentialAction\":[{\"@type\":\"ReadAction\",\"target\":[\"https:\\\/\\\/kpdi.pl\\\/deutsch\\\/sprawy-pracownicze\\\/\"]}]},{\"@type\":\"BreadcrumbList\",\"@id\":\"https:\\\/\\\/kpdi.pl\\\/deutsch\\\/sprawy-pracownicze\\\/#breadcrumb\",\"itemListElement\":[{\"@type\":\"ListItem\",\"position\":1,\"name\":\"Strona g\u0142\u00f3wna\",\"item\":\"https:\\\/\\\/kpdi.pl\\\/deutsch\\\/\"},{\"@type\":\"ListItem\",\"position\":2,\"name\":\"Arbeitsrechtsangelegenheiten\"}]},{\"@type\":\"WebSite\",\"@id\":\"https:\\\/\\\/kpdi.pl\\\/deutsch\\\/#website\",\"url\":\"https:\\\/\\\/kpdi.pl\\\/deutsch\\\/\",\"name\":\"KPDI DE\",\"description\":\"Kancelaria Prawna Gda\u0144sk, obs\u0142uga prawna przedsi\u0119biorstw\",\"potentialAction\":[{\"@type\":\"SearchAction\",\"target\":{\"@type\":\"EntryPoint\",\"urlTemplate\":\"https:\\\/\\\/kpdi.pl\\\/deutsch\\\/?s={search_term_string}\"},\"query-input\":{\"@type\":\"PropertyValueSpecification\",\"valueRequired\":true,\"valueName\":\"search_term_string\"}}],\"inLanguage\":\"de\"}]}<\/script>\n<!-- \/ Yoast SEO plugin. -->","yoast_head_json":{"title":"Arbeitsrechtsangelegenheiten - KPDI DE","description":"Sprawy pracownicze to obszar zainteresowania ka\u017cdego przedsi\u0119biorcy. Kancelaria prawna KPDI w Gda\u0144sku zajmuje si\u0119 problematyk\u0105 indywidualnego i zbiorowego prawa pracy. Doradzamy i reprezentujemy klient\u00f3w przed s\u0105dami.","robots":{"index":"index","follow":"follow","max-snippet":"max-snippet:-1","max-image-preview":"max-image-preview:large","max-video-preview":"max-video-preview:-1"},"canonical":"https:\/\/kpdi.pl\/deutsch\/sprawy-pracownicze\/","og_locale":"de_DE","og_type":"article","og_title":"Arbeitsrechtsangelegenheiten - KPDI DE","og_description":"Sprawy pracownicze to obszar zainteresowania ka\u017cdego przedsi\u0119biorcy. Kancelaria prawna KPDI w Gda\u0144sku zajmuje si\u0119 problematyk\u0105 indywidualnego i zbiorowego prawa pracy. Doradzamy i reprezentujemy klient\u00f3w przed s\u0105dami.","og_url":"https:\/\/kpdi.pl\/deutsch\/sprawy-pracownicze\/","og_site_name":"KPDI DE","article_modified_time":"2019-07-01T10:39:19+00:00","twitter_card":"summary_large_image","twitter_misc":{"Gesch\u00e4tzte Lesezeit":"9\u00a0Minuten"},"schema":{"@context":"https:\/\/schema.org","@graph":[{"@type":"WebPage","@id":"https:\/\/kpdi.pl\/deutsch\/sprawy-pracownicze\/","url":"https:\/\/kpdi.pl\/deutsch\/sprawy-pracownicze\/","name":"Arbeitsrechtsangelegenheiten - KPDI DE","isPartOf":{"@id":"https:\/\/kpdi.pl\/deutsch\/#website"},"datePublished":"2018-04-10T10:12:50+00:00","dateModified":"2019-07-01T10:39:19+00:00","description":"Sprawy pracownicze to obszar zainteresowania ka\u017cdego przedsi\u0119biorcy. Kancelaria prawna KPDI w Gda\u0144sku zajmuje si\u0119 problematyk\u0105 indywidualnego i zbiorowego prawa pracy. Doradzamy i reprezentujemy klient\u00f3w przed s\u0105dami.","breadcrumb":{"@id":"https:\/\/kpdi.pl\/deutsch\/sprawy-pracownicze\/#breadcrumb"},"inLanguage":"de","potentialAction":[{"@type":"ReadAction","target":["https:\/\/kpdi.pl\/deutsch\/sprawy-pracownicze\/"]}]},{"@type":"BreadcrumbList","@id":"https:\/\/kpdi.pl\/deutsch\/sprawy-pracownicze\/#breadcrumb","itemListElement":[{"@type":"ListItem","position":1,"name":"Strona g\u0142\u00f3wna","item":"https:\/\/kpdi.pl\/deutsch\/"},{"@type":"ListItem","position":2,"name":"Arbeitsrechtsangelegenheiten"}]},{"@type":"WebSite","@id":"https:\/\/kpdi.pl\/deutsch\/#website","url":"https:\/\/kpdi.pl\/deutsch\/","name":"KPDI DE","description":"Kancelaria Prawna Gda\u0144sk, obs\u0142uga prawna przedsi\u0119biorstw","potentialAction":[{"@type":"SearchAction","target":{"@type":"EntryPoint","urlTemplate":"https:\/\/kpdi.pl\/deutsch\/?s={search_term_string}"},"query-input":{"@type":"PropertyValueSpecification","valueRequired":true,"valueName":"search_term_string"}}],"inLanguage":"de"}]}},"_links":{"self":[{"href":"https:\/\/kpdi.pl\/deutsch\/wp-json\/wp\/v2\/pages\/1541","targetHints":{"allow":["GET"]}}],"collection":[{"href":"https:\/\/kpdi.pl\/deutsch\/wp-json\/wp\/v2\/pages"}],"about":[{"href":"https:\/\/kpdi.pl\/deutsch\/wp-json\/wp\/v2\/types\/page"}],"author":[{"embeddable":true,"href":"https:\/\/kpdi.pl\/deutsch\/wp-json\/wp\/v2\/users\/1"}],"replies":[{"embeddable":true,"href":"https:\/\/kpdi.pl\/deutsch\/wp-json\/wp\/v2\/comments?post=1541"}],"version-history":[{"count":14,"href":"https:\/\/kpdi.pl\/deutsch\/wp-json\/wp\/v2\/pages\/1541\/revisions"}],"predecessor-version":[{"id":1882,"href":"https:\/\/kpdi.pl\/deutsch\/wp-json\/wp\/v2\/pages\/1541\/revisions\/1882"}],"wp:attachment":[{"href":"https:\/\/kpdi.pl\/deutsch\/wp-json\/wp\/v2\/media?parent=1541"}],"curies":[{"name":"wp","href":"https:\/\/api.w.org\/{rel}","templated":true}]}}