{"id":1601,"date":"2018-04-17T20:18:14","date_gmt":"2018-04-17T20:18:14","guid":{"rendered":"http:\/\/kpdi.pl\/deutsch\/?page_id=1601"},"modified":"2025-09-25T12:51:33","modified_gmt":"2025-09-25T12:51:33","slug":"ochorona-konkurencji-i-konsumentow","status":"publish","type":"page","link":"https:\/\/kpdi.pl\/deutsch\/ochorona-konkurencji-i-konsumentow\/","title":{"rendered":"Wettbewerb- und Konsumentenschutz"},"content":{"rendered":"<p><div class=\"fusion-fullwidth fullwidth-box fusion-builder-row-1 nonhundred-percent-fullwidth non-hundred-percent-height-scrolling\" style=\"background-color: rgba(255,255,255,0);background-position: center center;background-repeat: no-repeat;padding-top:0px;padding-right:0px;padding-bottom:0px;padding-left:0px;margin-bottom: 0px;margin-top: 0px;border-width: 0px 0px 0px 0px;border-color:#eae9e9;border-style:solid;\" ><div class=\"fusion-builder-row fusion-row\"><div class=\"fusion-layout-column fusion_builder_column fusion-builder-column-0 fusion_builder_column_1_1 1_1 fusion-one-full fusion-column-first fusion-column-last\" style=\"margin-top:0px;margin-bottom:20px;\"><div class=\"fusion-column-wrapper fusion-flex-column-wrapper-legacy\" style=\"background-position:left top;background-repeat:no-repeat;-webkit-background-size:cover;-moz-background-size:cover;-o-background-size:cover;background-size:cover;padding: 0px 0px 0px 0px;\"><div class=\"fusion-text fusion-text-1\"><h2 style=\"text-align: center;\">Wettbewerb- und Konsumentenschutz \u2013 Beratung der KPDI<\/h2>\n<\/div><div class=\"fusion-text fusion-text-2\"><p>Die Aufgabe der Kanzlei ist die Gew\u00e4hrleistung, dass die durch unsere Mandaten geschlossenen Vereinbarungen mit dem Wettbewerbsrecht \u00fcbereinstimmen und die Interessen der Konsumenten nicht verletzen werden.<\/p>\n<\/div><div class=\"fusion-sep-clear\"><\/div><div class=\"fusion-separator fusion-full-width-sep\" style=\"margin-left: auto;margin-right: auto;margin-top:10px;margin-bottom:20px;width:100%;\"><div class=\"fusion-separator-border sep-single sep-solid\" style=\"border-color:rgba(39,134,229,0.76);border-top-width:1px;\"><\/div><\/div><div class=\"fusion-sep-clear\"><\/div><div class=\"fusion-clearfix\"><\/div><\/div><\/div><\/div><\/div><div class=\"fusion-fullwidth fullwidth-box fusion-builder-row-2 nonhundred-percent-fullwidth non-hundred-percent-height-scrolling\" style=\"background-color: rgba(255,255,255,0);background-position: center center;background-repeat: no-repeat;padding-top:0px;padding-right:0px;padding-bottom:0px;padding-left:0px;margin-bottom: 0px;margin-top: 0px;border-width: 0px 0px 0px 0px;border-color:#eae9e9;border-style:solid;\" ><div class=\"fusion-builder-row fusion-row\"><div class=\"fusion-layout-column fusion_builder_column fusion-builder-column-1 fusion_builder_column_3_5 3_5 fusion-three-fifth fusion-column-first\" style=\"width:60%;width:calc(60% - ( ( 4% ) * 0.6 ) );margin-right: 4%;margin-top:0px;margin-bottom:20px;\"><div class=\"fusion-column-wrapper fusion-flex-column-wrapper-legacy\" style=\"background-position:left top;background-repeat:no-repeat;-webkit-background-size:cover;-moz-background-size:cover;-o-background-size:cover;background-size:cover;padding: 0px 0px 0px 0px;\"><div class=\"fusion-text fusion-text-3\"><h3><strong>Unlauterer Wettbewerb<\/strong><\/h3>\n<p>Die Verletzung der Grunds\u00e4tze des lauteren Wettbewerbs kann viele Formen annehmen. Unehrliche Werbung, die \u00dcberredung eines Mitarbeiters zum Wechsel zu einem anderen Arbeitgeber, oder die Offenbarung von Betriebsgeheimnissen sind nur einige Beispiele von unerlaubten Handlungen. Solche Handlungen k\u00f6nnen zu Entstehung von Schadensanspr\u00fcchen f\u00fchren.<\/p>\n<p>Die Kanzlei ber\u00e4t seit vielen Jahren erfolgreich in diesem Bereich.<\/p>\n<h3><strong>Missbrauch der Monopolstellung<\/strong><\/h3>\n<p>Schutz der Konkurrenz ist Gegenstand der Interessen von inl\u00e4ndischen und europ\u00e4ischen Wettbewerbsbeh\u00f6rden. Deren Aufgabe ist u.a. das Wirken gegen verschiedene Formen von Missbrauch der Monopolstellung auf dem Markt. Ausdruck solcher Missbr\u00e4uche ist z.B. die Aufdr\u00e4ngung von \u00fcberh\u00f6hten Preisen oder die Aufteilung des Marktes nach Gebietskriterien.<\/p>\n<p>Unsere Beratung umfasst auch diese Problematik.<\/p>\n<\/div><div class=\"fusion-clearfix\"><\/div><\/div><\/div><div class=\"fusion-layout-column fusion_builder_column fusion-builder-column-2 fusion_builder_column_2_5 2_5 fusion-two-fifth fusion-column-last\" style=\"width:40%;width:calc(40% - ( ( 4% ) * 0.4 ) );margin-top:0px;margin-bottom:20px;\"><div class=\"fusion-column-wrapper fusion-flex-column-wrapper-legacy\" style=\"background-position:left top;background-repeat:no-repeat;-webkit-background-size:cover;-moz-background-size:cover;-o-background-size:cover;background-size:cover;padding: 0px 0px 0px 0px;\"><div class=\"fusion-sep-clear\"><\/div><div class=\"fusion-separator fusion-full-width-sep\" style=\"margin-left: auto;margin-right: auto;margin-top:20px;margin-bottom:20px;width:100%;\"><\/div><div class=\"fusion-sep-clear\"><\/div><span class=\" fusion-imageframe imageframe-none imageframe-1 hover-type-none\"><img decoding=\"async\" width=\"300\" height=\"195\" alt=\"ochrona konkurencji\" title=\"ochrona konkurencji\" src=\"http:\/\/kpdi.pl\/wp-content\/uploads\/sites\/5\/2018\/05\/ochrona-konkurencji-300x195.jpg\" class=\"img-responsive wp-image-1772\" srcset=\"https:\/\/kpdi.pl\/deutsch\/wp-content\/uploads\/sites\/5\/2018\/05\/ochrona-konkurencji-200x130.jpg 200w, https:\/\/kpdi.pl\/deutsch\/wp-content\/uploads\/sites\/5\/2018\/05\/ochrona-konkurencji-400x259.jpg 400w, https:\/\/kpdi.pl\/deutsch\/wp-content\/uploads\/sites\/5\/2018\/05\/ochrona-konkurencji-600x389.jpg 600w, https:\/\/kpdi.pl\/deutsch\/wp-content\/uploads\/sites\/5\/2018\/05\/ochrona-konkurencji-800x519.jpg 800w, https:\/\/kpdi.pl\/deutsch\/wp-content\/uploads\/sites\/5\/2018\/05\/ochrona-konkurencji-1200x778.jpg 1200w, https:\/\/kpdi.pl\/deutsch\/wp-content\/uploads\/sites\/5\/2018\/05\/ochrona-konkurencji.jpg 1500w\" sizes=\"(max-width: 800px) 100vw, 600px\" \/><\/span><div class=\"fusion-clearfix\"><\/div><\/div><\/div><\/div><\/div><div class=\"fusion-fullwidth fullwidth-box fusion-builder-row-3 nonhundred-percent-fullwidth non-hundred-percent-height-scrolling\" style=\"background-color: rgba(255,255,255,0);background-position: center center;background-repeat: no-repeat;padding-top:0px;padding-right:0px;padding-bottom:0px;padding-left:0px;margin-bottom: 0px;margin-top: 0px;border-width: 0px 0px 0px 0px;border-color:#eae9e9;border-style:solid;\" ><div class=\"fusion-builder-row fusion-row\"><div class=\"fusion-layout-column fusion_builder_column fusion-builder-column-3 fusion_builder_column_1_1 1_1 fusion-one-full fusion-column-first fusion-column-last\" style=\"margin-top:0px;margin-bottom:20px;\"><div class=\"fusion-column-wrapper fusion-flex-column-wrapper-legacy\" style=\"background-position:left top;background-repeat:no-repeat;-webkit-background-size:cover;-moz-background-size:cover;-o-background-size:cover;background-size:cover;padding: 0px 0px 0px 0px;\"><div class=\"fusion-sep-clear\"><\/div><div class=\"fusion-separator fusion-full-width-sep\" style=\"margin-left: auto;margin-right: auto;margin-top:10px;margin-bottom:20px;width:100%;\"><\/div><div class=\"fusion-sep-clear\"><\/div><style type=\"text\/css\"><\/style><div class=\"fusion-title title fusion-title-1 fusion-title-center fusion-title-text fusion-title-size-three\" style=\"margin-top:0px;margin-right:0px;margin-bottom:31px;margin-left:0px;\"><div class=\"title-sep-container title-sep-container-left\"><div class=\"title-sep sep-single sep-solid\" style=\"border-color:rgba(39,134,229,0.76);\"><\/div><\/div><span class=\"awb-title-spacer\"><\/span><h3 class=\"title-heading-center\" style=\"margin:0;\"><h3><em>Die Problematik des rechtlichen Schutzes der Konkurrenz und Konsumenten betrifft nicht nur Unternehmen mit Monopolstellung.<\/em><\/h3><\/h3><span class=\"awb-title-spacer\"><\/span><div class=\"title-sep-container title-sep-container-right\"><div class=\"title-sep sep-single sep-solid\" style=\"border-color:rgba(39,134,229,0.76);\"><\/div><\/div><\/div><div class=\"fusion-sep-clear\"><\/div><div class=\"fusion-separator fusion-full-width-sep\" style=\"margin-left: auto;margin-right: auto;margin-top:10px;margin-bottom:20px;width:100%;\"><\/div><div class=\"fusion-sep-clear\"><\/div><div class=\"fusion-clearfix\"><\/div><\/div><\/div><\/div><\/div><div class=\"fusion-fullwidth fullwidth-box fusion-builder-row-4 nonhundred-percent-fullwidth non-hundred-percent-height-scrolling\" style=\"background-color: rgba(255,255,255,0);background-position: center center;background-repeat: no-repeat;padding-top:0px;padding-right:0px;padding-bottom:0px;padding-left:0px;margin-bottom: 0px;margin-top: 0px;border-width: 0px 0px 0px 0px;border-color:#eae9e9;border-style:solid;\" ><div class=\"fusion-builder-row fusion-row\"><div class=\"fusion-layout-column fusion_builder_column fusion-builder-column-4 fusion_builder_column_3_5 3_5 fusion-three-fifth fusion-column-first\" style=\"width:60%;width:calc(60% - ( ( 4% ) * 0.6 ) );margin-right: 4%;margin-top:0px;margin-bottom:20px;\"><div class=\"fusion-column-wrapper fusion-flex-column-wrapper-legacy\" style=\"background-position:left top;background-repeat:no-repeat;-webkit-background-size:cover;-moz-background-size:cover;-o-background-size:cover;background-size:cover;padding: 0px 0px 0px 0px;\"><div class=\"fusion-text fusion-text-4\"><h3><strong>Vereinbarungen zur Begrenzung der Konkurrenz<\/strong><\/h3>\n<p>Eine typische Form der Verletzung von Schutzgrundsetzen der Konkurrenten sind s\u00e4mtliche Arten von Unternehmerabsprachen, deren Ziel oder Ergebnis die Verletzung der lauteren Konkurrenz auf dem Markt ist. Solche Vereinbarungen k\u00f6nnen z.B. zur Zugangsbegrenzung zum Markt oder der Eliminierung von Unternehmern, die nicht durch diese Vereinbarung umfasst sind, f\u00fchren. Verboten sind Preisabsprachen oder Marktaufteilungen. Unerlaubt ist auch die Vereinbarung von Angebotsbedingungen bei Vergabeverfahren.<\/p>\n<p>Anzeichen solcher Vereinbarungen gibt es viele.<\/p>\n<h3>Konzentration von Unternehmen<\/h3>\n<p>Der Schutz der Konkurrenz und der Konsumenten dr\u00fcckt sich auch in der Kontrolle der Unternehmerkonzentration aus. Sie kann nicht nur in der Konzentration von Anteilen an den Konkurrenzgesellschaften bestehen. Die Wirkungen f\u00fcr den Markt k\u00f6nnen auch alleine durch den Erwerb von Verm\u00f6gen eines anderen Unternehmers ausgel\u00f6st werden.<\/p>\n<p>Die Aufgabe der Kanzlei ist die Vertretung der Mandanten im Verfahren vor der Wettbewerbsbeh\u00f6rde bei der Meldung der Konzentrationsabsicht.<\/p>\n<\/div><div class=\"fusion-clearfix\"><\/div><\/div><\/div><div class=\"fusion-layout-column fusion_builder_column fusion-builder-column-5 fusion_builder_column_2_5 2_5 fusion-two-fifth fusion-column-last\" style=\"width:40%;width:calc(40% - ( ( 4% ) * 0.4 ) );margin-top:0px;margin-bottom:20px;\"><div class=\"fusion-column-wrapper fusion-flex-column-wrapper-legacy\" style=\"background-position:left top;background-repeat:no-repeat;-webkit-background-size:cover;-moz-background-size:cover;-o-background-size:cover;background-size:cover;padding: 0px 0px 0px 0px;\"><div class=\"fusion-sep-clear\"><\/div><div class=\"fusion-separator fusion-full-width-sep\" style=\"margin-left: auto;margin-right: auto;margin-top:20px;margin-bottom:20px;width:100%;\"><\/div><div class=\"fusion-sep-clear\"><\/div><span class=\" fusion-imageframe imageframe-none imageframe-2 hover-type-none\"><img decoding=\"async\" width=\"300\" height=\"201\" title=\"ochrona konsumenta\" src=\"http:\/\/kpdi.pl\/wp-content\/uploads\/sites\/5\/2018\/05\/ochrona-konsumenta-300x201.jpg\" alt class=\"img-responsive wp-image-1776\" srcset=\"https:\/\/kpdi.pl\/deutsch\/wp-content\/uploads\/sites\/5\/2018\/05\/ochrona-konsumenta-200x134.jpg 200w, https:\/\/kpdi.pl\/deutsch\/wp-content\/uploads\/sites\/5\/2018\/05\/ochrona-konsumenta-400x268.jpg 400w, https:\/\/kpdi.pl\/deutsch\/wp-content\/uploads\/sites\/5\/2018\/05\/ochrona-konsumenta-600x402.jpg 600w, https:\/\/kpdi.pl\/deutsch\/wp-content\/uploads\/sites\/5\/2018\/05\/ochrona-konsumenta-800x535.jpg 800w, https:\/\/kpdi.pl\/deutsch\/wp-content\/uploads\/sites\/5\/2018\/05\/ochrona-konsumenta-1200x803.jpg 1200w, https:\/\/kpdi.pl\/deutsch\/wp-content\/uploads\/sites\/5\/2018\/05\/ochrona-konsumenta.jpg 1500w\" sizes=\"(max-width: 800px) 100vw, 600px\" \/><\/span><div class=\"fusion-clearfix\"><\/div><\/div><\/div><\/div><\/div><\/p>\n","protected":false},"excerpt":{"rendered":"","protected":false},"author":1,"featured_media":0,"parent":0,"menu_order":0,"comment_status":"closed","ping_status":"closed","template":"","meta":{"_exactmetrics_skip_tracking":false,"_exactmetrics_sitenote_active":false,"_exactmetrics_sitenote_note":"","_exactmetrics_sitenote_category":0,"footnotes":""},"class_list":["post-1601","page","type-page","status-publish","hentry"],"yoast_head":"<!-- This site is optimized with the Yoast SEO plugin v27.6 - https:\/\/yoast.com\/product\/yoast-seo-wordpress\/ -->\n<title>Ochrona konkurencji i konsument\u00f3w | Kancelaria Prawna KPDI (Gda\u0144sk)<\/title>\n<meta name=\"description\" content=\"Ochrona konkurencji i konsument\u00f3w - doradzamy przedsi\u0119biorcom we wszelkich aspektach prawa uczciwej konkurencji. Reprezentujemy przy zg\u0142oszeniu zamiaru koncentracji, doradzamy przy zawierani um\u00f3w mog\u0105cych wp\u0142yn\u0105\u0107 na konkurencj\u0119 lub wp\u0142ywa\u0107 na zbiorowe interesy konsument\u00f3w.\" \/>\n<meta name=\"robots\" content=\"index, follow, max-snippet:-1, max-image-preview:large, max-video-preview:-1\" \/>\n<link rel=\"canonical\" href=\"https:\/\/kpdi.pl\/deutsch\/ochorona-konkurencji-i-konsumentow\/\" \/>\n<meta property=\"og:locale\" content=\"de_DE\" \/>\n<meta property=\"og:type\" content=\"article\" \/>\n<meta property=\"og:title\" content=\"Ochrona konkurencji i konsument\u00f3w | Kancelaria Prawna KPDI (Gda\u0144sk)\" \/>\n<meta property=\"og:description\" content=\"Ochrona konkurencji i konsument\u00f3w - doradzamy przedsi\u0119biorcom we wszelkich aspektach prawa uczciwej konkurencji. Reprezentujemy przy zg\u0142oszeniu zamiaru koncentracji, doradzamy przy zawierani um\u00f3w mog\u0105cych wp\u0142yn\u0105\u0107 na konkurencj\u0119 lub wp\u0142ywa\u0107 na zbiorowe interesy konsument\u00f3w.\" \/>\n<meta property=\"og:url\" content=\"https:\/\/kpdi.pl\/deutsch\/ochorona-konkurencji-i-konsumentow\/\" \/>\n<meta property=\"og:site_name\" content=\"KPDI DE\" \/>\n<meta property=\"article:modified_time\" content=\"2025-09-25T12:51:33+00:00\" \/>\n<meta name=\"twitter:card\" content=\"summary_large_image\" \/>\n<meta name=\"twitter:label1\" content=\"Gesch\u00e4tzte Lesezeit\" \/>\n\t<meta name=\"twitter:data1\" content=\"8\u00a0Minuten\" \/>\n<script type=\"application\/ld+json\" class=\"yoast-schema-graph\">{\"@context\":\"https:\\\/\\\/schema.org\",\"@graph\":[{\"@type\":\"WebPage\",\"@id\":\"https:\\\/\\\/kpdi.pl\\\/deutsch\\\/ochorona-konkurencji-i-konsumentow\\\/\",\"url\":\"https:\\\/\\\/kpdi.pl\\\/deutsch\\\/ochorona-konkurencji-i-konsumentow\\\/\",\"name\":\"Ochrona konkurencji i konsument\u00f3w | Kancelaria Prawna KPDI (Gda\u0144sk)\",\"isPartOf\":{\"@id\":\"https:\\\/\\\/kpdi.pl\\\/deutsch\\\/#website\"},\"datePublished\":\"2018-04-17T20:18:14+00:00\",\"dateModified\":\"2025-09-25T12:51:33+00:00\",\"description\":\"Ochrona konkurencji i konsument\u00f3w - doradzamy przedsi\u0119biorcom we wszelkich aspektach prawa uczciwej konkurencji. Reprezentujemy przy zg\u0142oszeniu zamiaru koncentracji, doradzamy przy zawierani um\u00f3w mog\u0105cych wp\u0142yn\u0105\u0107 na konkurencj\u0119 lub wp\u0142ywa\u0107 na zbiorowe interesy konsument\u00f3w.\",\"breadcrumb\":{\"@id\":\"https:\\\/\\\/kpdi.pl\\\/deutsch\\\/ochorona-konkurencji-i-konsumentow\\\/#breadcrumb\"},\"inLanguage\":\"de\",\"potentialAction\":[{\"@type\":\"ReadAction\",\"target\":[\"https:\\\/\\\/kpdi.pl\\\/deutsch\\\/ochorona-konkurencji-i-konsumentow\\\/\"]}]},{\"@type\":\"BreadcrumbList\",\"@id\":\"https:\\\/\\\/kpdi.pl\\\/deutsch\\\/ochorona-konkurencji-i-konsumentow\\\/#breadcrumb\",\"itemListElement\":[{\"@type\":\"ListItem\",\"position\":1,\"name\":\"Strona g\u0142\u00f3wna\",\"item\":\"https:\\\/\\\/kpdi.pl\\\/deutsch\\\/\"},{\"@type\":\"ListItem\",\"position\":2,\"name\":\"Wettbewerb- und Konsumentenschutz\"}]},{\"@type\":\"WebSite\",\"@id\":\"https:\\\/\\\/kpdi.pl\\\/deutsch\\\/#website\",\"url\":\"https:\\\/\\\/kpdi.pl\\\/deutsch\\\/\",\"name\":\"KPDI DE\",\"description\":\"Kancelaria Prawna Gda\u0144sk, obs\u0142uga prawna przedsi\u0119biorstw\",\"potentialAction\":[{\"@type\":\"SearchAction\",\"target\":{\"@type\":\"EntryPoint\",\"urlTemplate\":\"https:\\\/\\\/kpdi.pl\\\/deutsch\\\/?s={search_term_string}\"},\"query-input\":{\"@type\":\"PropertyValueSpecification\",\"valueRequired\":true,\"valueName\":\"search_term_string\"}}],\"inLanguage\":\"de\"}]}<\/script>\n<!-- \/ Yoast SEO plugin. -->","yoast_head_json":{"title":"Ochrona konkurencji i konsument\u00f3w | Kancelaria Prawna KPDI (Gda\u0144sk)","description":"Ochrona konkurencji i konsument\u00f3w - doradzamy przedsi\u0119biorcom we wszelkich aspektach prawa uczciwej konkurencji. Reprezentujemy przy zg\u0142oszeniu zamiaru koncentracji, doradzamy przy zawierani um\u00f3w mog\u0105cych wp\u0142yn\u0105\u0107 na konkurencj\u0119 lub wp\u0142ywa\u0107 na zbiorowe interesy konsument\u00f3w.","robots":{"index":"index","follow":"follow","max-snippet":"max-snippet:-1","max-image-preview":"max-image-preview:large","max-video-preview":"max-video-preview:-1"},"canonical":"https:\/\/kpdi.pl\/deutsch\/ochorona-konkurencji-i-konsumentow\/","og_locale":"de_DE","og_type":"article","og_title":"Ochrona konkurencji i konsument\u00f3w | Kancelaria Prawna KPDI (Gda\u0144sk)","og_description":"Ochrona konkurencji i konsument\u00f3w - doradzamy przedsi\u0119biorcom we wszelkich aspektach prawa uczciwej konkurencji. Reprezentujemy przy zg\u0142oszeniu zamiaru koncentracji, doradzamy przy zawierani um\u00f3w mog\u0105cych wp\u0142yn\u0105\u0107 na konkurencj\u0119 lub wp\u0142ywa\u0107 na zbiorowe interesy konsument\u00f3w.","og_url":"https:\/\/kpdi.pl\/deutsch\/ochorona-konkurencji-i-konsumentow\/","og_site_name":"KPDI DE","article_modified_time":"2025-09-25T12:51:33+00:00","twitter_card":"summary_large_image","twitter_misc":{"Gesch\u00e4tzte Lesezeit":"8\u00a0Minuten"},"schema":{"@context":"https:\/\/schema.org","@graph":[{"@type":"WebPage","@id":"https:\/\/kpdi.pl\/deutsch\/ochorona-konkurencji-i-konsumentow\/","url":"https:\/\/kpdi.pl\/deutsch\/ochorona-konkurencji-i-konsumentow\/","name":"Ochrona konkurencji i konsument\u00f3w | Kancelaria Prawna KPDI (Gda\u0144sk)","isPartOf":{"@id":"https:\/\/kpdi.pl\/deutsch\/#website"},"datePublished":"2018-04-17T20:18:14+00:00","dateModified":"2025-09-25T12:51:33+00:00","description":"Ochrona konkurencji i konsument\u00f3w - doradzamy przedsi\u0119biorcom we wszelkich aspektach prawa uczciwej konkurencji. Reprezentujemy przy zg\u0142oszeniu zamiaru koncentracji, doradzamy przy zawierani um\u00f3w mog\u0105cych wp\u0142yn\u0105\u0107 na konkurencj\u0119 lub wp\u0142ywa\u0107 na zbiorowe interesy konsument\u00f3w.","breadcrumb":{"@id":"https:\/\/kpdi.pl\/deutsch\/ochorona-konkurencji-i-konsumentow\/#breadcrumb"},"inLanguage":"de","potentialAction":[{"@type":"ReadAction","target":["https:\/\/kpdi.pl\/deutsch\/ochorona-konkurencji-i-konsumentow\/"]}]},{"@type":"BreadcrumbList","@id":"https:\/\/kpdi.pl\/deutsch\/ochorona-konkurencji-i-konsumentow\/#breadcrumb","itemListElement":[{"@type":"ListItem","position":1,"name":"Strona g\u0142\u00f3wna","item":"https:\/\/kpdi.pl\/deutsch\/"},{"@type":"ListItem","position":2,"name":"Wettbewerb- und Konsumentenschutz"}]},{"@type":"WebSite","@id":"https:\/\/kpdi.pl\/deutsch\/#website","url":"https:\/\/kpdi.pl\/deutsch\/","name":"KPDI DE","description":"Kancelaria Prawna Gda\u0144sk, obs\u0142uga prawna przedsi\u0119biorstw","potentialAction":[{"@type":"SearchAction","target":{"@type":"EntryPoint","urlTemplate":"https:\/\/kpdi.pl\/deutsch\/?s={search_term_string}"},"query-input":{"@type":"PropertyValueSpecification","valueRequired":true,"valueName":"search_term_string"}}],"inLanguage":"de"}]}},"_links":{"self":[{"href":"https:\/\/kpdi.pl\/deutsch\/wp-json\/wp\/v2\/pages\/1601","targetHints":{"allow":["GET"]}}],"collection":[{"href":"https:\/\/kpdi.pl\/deutsch\/wp-json\/wp\/v2\/pages"}],"about":[{"href":"https:\/\/kpdi.pl\/deutsch\/wp-json\/wp\/v2\/types\/page"}],"author":[{"embeddable":true,"href":"https:\/\/kpdi.pl\/deutsch\/wp-json\/wp\/v2\/users\/1"}],"replies":[{"embeddable":true,"href":"https:\/\/kpdi.pl\/deutsch\/wp-json\/wp\/v2\/comments?post=1601"}],"version-history":[{"count":11,"href":"https:\/\/kpdi.pl\/deutsch\/wp-json\/wp\/v2\/pages\/1601\/revisions"}],"predecessor-version":[{"id":1887,"href":"https:\/\/kpdi.pl\/deutsch\/wp-json\/wp\/v2\/pages\/1601\/revisions\/1887"}],"wp:attachment":[{"href":"https:\/\/kpdi.pl\/deutsch\/wp-json\/wp\/v2\/media?parent=1601"}],"curies":[{"name":"wp","href":"https:\/\/api.w.org\/{rel}","templated":true}]}}