{"id":1615,"date":"2018-04-18T12:29:43","date_gmt":"2018-04-18T12:29:43","guid":{"rendered":"http:\/\/kpdi.pl\/deutsch\/?page_id=1615"},"modified":"2019-07-01T12:59:32","modified_gmt":"2019-07-01T12:59:32","slug":"due-dilligence","status":"publish","type":"page","link":"https:\/\/kpdi.pl\/deutsch\/due-dilligence\/","title":{"rendered":"Due dilligence"},"content":{"rendered":"<p><div class=\"fusion-fullwidth fullwidth-box fusion-builder-row-1 nonhundred-percent-fullwidth non-hundred-percent-height-scrolling\" style=\"background-color: rgba(255,255,255,0);background-position: center center;background-repeat: no-repeat;padding-top:0px;padding-right:0px;padding-bottom:0px;padding-left:0px;margin-bottom: 0px;margin-top: 0px;border-width: 0px 0px 0px 0px;border-color:#eae9e9;border-style:solid;\" ><div class=\"fusion-builder-row fusion-row\"><div class=\"fusion-layout-column fusion_builder_column fusion-builder-column-0 fusion_builder_column_1_1 1_1 fusion-one-full fusion-column-first fusion-column-last\" style=\"margin-top:0px;margin-bottom:20px;\"><div class=\"fusion-column-wrapper fusion-flex-column-wrapper-legacy\" style=\"background-position:left top;background-repeat:no-repeat;-webkit-background-size:cover;-moz-background-size:cover;-o-background-size:cover;background-size:cover;padding: 0px 0px 0px 0px;\"><div class=\"fusion-text fusion-text-1\"><h2><strong>Due Diligence \u2013 hei\u00dft \u00dcberpr\u00fcfung von Gesellschaften, Unternehmen und Immobilien<\/strong><\/h2>\n<\/div><div class=\"fusion-sep-clear\"><\/div><div class=\"fusion-separator fusion-full-width-sep\" style=\"margin-left: auto;margin-right: auto;margin-top:10px;margin-bottom:10px;width:100%;\"><div class=\"fusion-separator-border sep-single sep-solid\" style=\"border-color:rgba(39,134,229,0.76);border-top-width:1px;\"><\/div><\/div><div class=\"fusion-sep-clear\"><\/div><div class=\"fusion-clearfix\"><\/div><\/div><\/div><\/div><\/div><div class=\"fusion-fullwidth fullwidth-box fusion-builder-row-2 nonhundred-percent-fullwidth non-hundred-percent-height-scrolling\" style=\"background-color: rgba(255,255,255,0);background-position: center center;background-repeat: no-repeat;padding-top:0px;padding-right:0px;padding-bottom:0px;padding-left:0px;margin-bottom: 0px;margin-top: 0px;border-width: 0px 0px 0px 0px;border-color:#eae9e9;border-style:solid;\" ><div class=\"fusion-builder-row fusion-row\"><div class=\"fusion-layout-column fusion_builder_column fusion-builder-column-1 fusion_builder_column_1_1 1_1 fusion-one-full fusion-column-first fusion-column-last\" style=\"margin-top:0px;margin-bottom:20px;\"><div class=\"fusion-column-wrapper fusion-flex-column-wrapper-legacy\" style=\"background-position:left top;background-repeat:no-repeat;-webkit-background-size:cover;-moz-background-size:cover;-o-background-size:cover;background-size:cover;padding: 0px 0px 0px 0px;\"><div class=\"fusion-text fusion-text-2\"><h3>Due Diligence von Gesellschaften und Unternehmer<\/h3>\n<p>Der Ankauf von Gesellschaftsanteile ist ein unkomplizierter Vertrag. Eine viel gr\u00f6\u00dfere Herausforderung ist die Pr\u00fcfung der Gesellschaftssubstanz, deren Gesellschafter wir werden, und Manchmal \u2013 der alleinige Eigent\u00fcmer. Mit dem Erwerb der Anteile kaufen wir einen \u201eSack\u201d, ohne den Inhalt zu kennen. Unsere Aufgabe ist die Sammlung aller Informationen \u00fcber die Geschichte und Risiken, die sich aus der bisherigen T\u00e4tigkeit der Gesellschaft ergeben.<\/p>\n<p>In Zusammenarbeit mit den Steuerberatern und Wirtschaftspr\u00fcfern bereiten wir einen umfangreichen Pr\u00fcfbericht vor, der sich nicht ausschlie\u00dflich auf die rechtlichen Fragen begrenzt, sondern auch Steuer- und Finanzangelegenheiten umfasst.<\/p>\n<\/div><div class=\"fusion-clearfix\"><\/div><\/div><\/div><\/div><\/div><div class=\"fusion-fullwidth fullwidth-box fusion-builder-row-3 nonhundred-percent-fullwidth non-hundred-percent-height-scrolling\" style=\"background-color: rgba(255,255,255,0);background-position: center center;background-repeat: no-repeat;padding-top:0px;padding-right:0px;padding-bottom:0px;padding-left:0px;margin-bottom: 0px;margin-top: 0px;border-width: 0px 0px 0px 0px;border-color:#eae9e9;border-style:solid;\" ><div class=\"fusion-builder-row fusion-row\"><div class=\"fusion-layout-column fusion_builder_column fusion-builder-column-2 fusion_builder_column_1_1 1_1 fusion-one-full fusion-column-first fusion-column-last\" style=\"margin-top:0px;margin-bottom:20px;\"><div class=\"fusion-column-wrapper fusion-flex-column-wrapper-legacy\" style=\"background-position:left top;background-repeat:no-repeat;-webkit-background-size:cover;-moz-background-size:cover;-o-background-size:cover;background-size:cover;padding: 0px 0px 0px 0px;\"><div class=\"fusion-clearfix\"><\/div><\/div><\/div><\/div><\/div><div class=\"fusion-fullwidth fullwidth-box fusion-builder-row-4 nonhundred-percent-fullwidth non-hundred-percent-height-scrolling\" style=\"background-color: rgba(255,255,255,0);background-position: center center;background-repeat: no-repeat;padding-top:0px;padding-right:0px;padding-bottom:0px;padding-left:0px;margin-bottom: 0px;margin-top: 0px;border-width: 0px 0px 0px 0px;border-color:#eae9e9;border-style:solid;\" ><div class=\"fusion-builder-row fusion-row\"><div class=\"fusion-layout-column fusion_builder_column fusion-builder-column-3 fusion_builder_column_3_5 3_5 fusion-three-fifth fusion-column-first\" style=\"width:60%;width:calc(60% - ( ( 4% ) * 0.6 ) );margin-right: 4%;margin-top:0px;margin-bottom:20px;\"><div class=\"fusion-column-wrapper fusion-flex-column-wrapper-legacy\" style=\"background-position:left top;background-repeat:no-repeat;-webkit-background-size:cover;-moz-background-size:cover;-o-background-size:cover;background-size:cover;padding: 0px 0px 0px 0px;\"><div class=\"fusion-text fusion-text-3\"><h3>Due Diligence der Immobilien<\/h3>\n<p>Der Erwerb von Grundst\u00fccken oder Geb\u00e4uden ist ebenfalls ein ernsthaftes Gesch\u00e4ft. Immobilien sind durch unterschiedliche Titel belastet. Der Immobilienk\u00e4ufer kann f\u00fcr die Schulden seines rechtlichen Vorg\u00e4ngers haften.<\/p>\n<p>Das F\u00fchren von Investitionen auf einer Immobilie, die wir zu erwerben beabsichtigen, ist nur dann m\u00f6glich, wenn dies durch die \u00f6rtlichen Rechtsvorschriften erlaubt ist (\u00f6rtlicher Bebauungsplan, Bescheid \u00fcber die Bebauungsbedingungen).<\/p>\n<p>Die Aufgabe der Kanzlei ist die Sicherstellung der Rechtsicherheit des Immobilienerwerbers, was wir in Wege der entsprechenden Pr\u00fcfung verwirklichen.<\/p>\n<\/div><div class=\"fusion-clearfix\"><\/div><\/div><\/div><div class=\"fusion-layout-column fusion_builder_column fusion-builder-column-4 fusion_builder_column_2_5 2_5 fusion-two-fifth fusion-column-last\" style=\"width:40%;width:calc(40% - ( ( 4% ) * 0.4 ) );margin-top:0px;margin-bottom:20px;\"><div class=\"fusion-column-wrapper fusion-flex-column-wrapper-legacy\" style=\"background-position:left top;background-repeat:no-repeat;-webkit-background-size:cover;-moz-background-size:cover;-o-background-size:cover;background-size:cover;padding: 0px 0px 0px 0px;\"><span class=\" fusion-imageframe imageframe-none imageframe-1 hover-type-none\"><img decoding=\"async\" width=\"300\" height=\"214\" alt=\"due dilligence\" title=\"due dilligence\" src=\"http:\/\/kpdi.pl\/wp-content\/uploads\/sites\/5\/2018\/05\/due-dilligence-300x214.jpg\" class=\"img-responsive wp-image-1752\" srcset=\"https:\/\/kpdi.pl\/deutsch\/wp-content\/uploads\/sites\/5\/2018\/05\/due-dilligence-200x142.jpg 200w, https:\/\/kpdi.pl\/deutsch\/wp-content\/uploads\/sites\/5\/2018\/05\/due-dilligence-400x285.jpg 400w, https:\/\/kpdi.pl\/deutsch\/wp-content\/uploads\/sites\/5\/2018\/05\/due-dilligence-600x427.jpg 600w, https:\/\/kpdi.pl\/deutsch\/wp-content\/uploads\/sites\/5\/2018\/05\/due-dilligence-800x570.jpg 800w, https:\/\/kpdi.pl\/deutsch\/wp-content\/uploads\/sites\/5\/2018\/05\/due-dilligence-1200x854.jpg 1200w, https:\/\/kpdi.pl\/deutsch\/wp-content\/uploads\/sites\/5\/2018\/05\/due-dilligence.jpg 1500w\" sizes=\"(max-width: 800px) 100vw, 600px\" \/><\/span><div class=\"fusion-clearfix\"><\/div><\/div><\/div><\/div><\/div><\/p>\n","protected":false},"excerpt":{"rendered":"","protected":false},"author":1,"featured_media":0,"parent":0,"menu_order":0,"comment_status":"closed","ping_status":"closed","template":"","meta":{"_exactmetrics_skip_tracking":false,"_exactmetrics_sitenote_active":false,"_exactmetrics_sitenote_note":"","_exactmetrics_sitenote_category":0,"footnotes":""},"class_list":["post-1615","page","type-page","status-publish","hentry"],"yoast_head":"<!-- This site is optimized with the Yoast SEO plugin v27.6 - https:\/\/yoast.com\/product\/yoast-seo-wordpress\/ -->\n<title>Due dilligence - KPDI DE<\/title>\n<meta name=\"description\" content=\"Prowadzimy due dilligence sp\u00f3\u0142ek, przedsi\u0119biorstw i nieruchomo\u015bci. Audyt prawny uzupe\u0142niany jest o badanie podatkowe i finansowe. Kancelaria organizuje badanie i przygotowuje raport z ocen\u0105 ryzyk transakcji.\" \/>\n<meta name=\"robots\" content=\"index, follow, max-snippet:-1, max-image-preview:large, max-video-preview:-1\" \/>\n<link rel=\"canonical\" href=\"https:\/\/kpdi.pl\/deutsch\/due-dilligence\/\" \/>\n<meta property=\"og:locale\" content=\"de_DE\" \/>\n<meta property=\"og:type\" content=\"article\" \/>\n<meta property=\"og:title\" content=\"Due dilligence - KPDI DE\" \/>\n<meta property=\"og:description\" content=\"Prowadzimy due dilligence sp\u00f3\u0142ek, przedsi\u0119biorstw i nieruchomo\u015bci. Audyt prawny uzupe\u0142niany jest o badanie podatkowe i finansowe. Kancelaria organizuje badanie i przygotowuje raport z ocen\u0105 ryzyk transakcji.\" \/>\n<meta property=\"og:url\" content=\"https:\/\/kpdi.pl\/deutsch\/due-dilligence\/\" \/>\n<meta property=\"og:site_name\" content=\"KPDI DE\" \/>\n<meta property=\"article:modified_time\" content=\"2019-07-01T12:59:32+00:00\" \/>\n<meta name=\"twitter:card\" content=\"summary_large_image\" \/>\n<meta name=\"twitter:label1\" content=\"Gesch\u00e4tzte Lesezeit\" \/>\n\t<meta name=\"twitter:data1\" content=\"6\u00a0Minuten\" \/>\n<script type=\"application\/ld+json\" class=\"yoast-schema-graph\">{\"@context\":\"https:\\\/\\\/schema.org\",\"@graph\":[{\"@type\":\"WebPage\",\"@id\":\"https:\\\/\\\/kpdi.pl\\\/deutsch\\\/due-dilligence\\\/\",\"url\":\"https:\\\/\\\/kpdi.pl\\\/deutsch\\\/due-dilligence\\\/\",\"name\":\"Due dilligence - KPDI DE\",\"isPartOf\":{\"@id\":\"https:\\\/\\\/kpdi.pl\\\/deutsch\\\/#website\"},\"datePublished\":\"2018-04-18T12:29:43+00:00\",\"dateModified\":\"2019-07-01T12:59:32+00:00\",\"description\":\"Prowadzimy due dilligence sp\u00f3\u0142ek, przedsi\u0119biorstw i nieruchomo\u015bci. Audyt prawny uzupe\u0142niany jest o badanie podatkowe i finansowe. Kancelaria organizuje badanie i przygotowuje raport z ocen\u0105 ryzyk transakcji.\",\"breadcrumb\":{\"@id\":\"https:\\\/\\\/kpdi.pl\\\/deutsch\\\/due-dilligence\\\/#breadcrumb\"},\"inLanguage\":\"de\",\"potentialAction\":[{\"@type\":\"ReadAction\",\"target\":[\"https:\\\/\\\/kpdi.pl\\\/deutsch\\\/due-dilligence\\\/\"]}]},{\"@type\":\"BreadcrumbList\",\"@id\":\"https:\\\/\\\/kpdi.pl\\\/deutsch\\\/due-dilligence\\\/#breadcrumb\",\"itemListElement\":[{\"@type\":\"ListItem\",\"position\":1,\"name\":\"Strona g\u0142\u00f3wna\",\"item\":\"https:\\\/\\\/kpdi.pl\\\/deutsch\\\/\"},{\"@type\":\"ListItem\",\"position\":2,\"name\":\"Due dilligence\"}]},{\"@type\":\"WebSite\",\"@id\":\"https:\\\/\\\/kpdi.pl\\\/deutsch\\\/#website\",\"url\":\"https:\\\/\\\/kpdi.pl\\\/deutsch\\\/\",\"name\":\"KPDI DE\",\"description\":\"Kancelaria Prawna Gda\u0144sk, obs\u0142uga prawna przedsi\u0119biorstw\",\"potentialAction\":[{\"@type\":\"SearchAction\",\"target\":{\"@type\":\"EntryPoint\",\"urlTemplate\":\"https:\\\/\\\/kpdi.pl\\\/deutsch\\\/?s={search_term_string}\"},\"query-input\":{\"@type\":\"PropertyValueSpecification\",\"valueRequired\":true,\"valueName\":\"search_term_string\"}}],\"inLanguage\":\"de\"}]}<\/script>\n<!-- \/ Yoast SEO plugin. -->","yoast_head_json":{"title":"Due dilligence - KPDI DE","description":"Prowadzimy due dilligence sp\u00f3\u0142ek, przedsi\u0119biorstw i nieruchomo\u015bci. Audyt prawny uzupe\u0142niany jest o badanie podatkowe i finansowe. Kancelaria organizuje badanie i przygotowuje raport z ocen\u0105 ryzyk transakcji.","robots":{"index":"index","follow":"follow","max-snippet":"max-snippet:-1","max-image-preview":"max-image-preview:large","max-video-preview":"max-video-preview:-1"},"canonical":"https:\/\/kpdi.pl\/deutsch\/due-dilligence\/","og_locale":"de_DE","og_type":"article","og_title":"Due dilligence - KPDI DE","og_description":"Prowadzimy due dilligence sp\u00f3\u0142ek, przedsi\u0119biorstw i nieruchomo\u015bci. Audyt prawny uzupe\u0142niany jest o badanie podatkowe i finansowe. Kancelaria organizuje badanie i przygotowuje raport z ocen\u0105 ryzyk transakcji.","og_url":"https:\/\/kpdi.pl\/deutsch\/due-dilligence\/","og_site_name":"KPDI DE","article_modified_time":"2019-07-01T12:59:32+00:00","twitter_card":"summary_large_image","twitter_misc":{"Gesch\u00e4tzte Lesezeit":"6\u00a0Minuten"},"schema":{"@context":"https:\/\/schema.org","@graph":[{"@type":"WebPage","@id":"https:\/\/kpdi.pl\/deutsch\/due-dilligence\/","url":"https:\/\/kpdi.pl\/deutsch\/due-dilligence\/","name":"Due dilligence - KPDI DE","isPartOf":{"@id":"https:\/\/kpdi.pl\/deutsch\/#website"},"datePublished":"2018-04-18T12:29:43+00:00","dateModified":"2019-07-01T12:59:32+00:00","description":"Prowadzimy due dilligence sp\u00f3\u0142ek, przedsi\u0119biorstw i nieruchomo\u015bci. Audyt prawny uzupe\u0142niany jest o badanie podatkowe i finansowe. Kancelaria organizuje badanie i przygotowuje raport z ocen\u0105 ryzyk transakcji.","breadcrumb":{"@id":"https:\/\/kpdi.pl\/deutsch\/due-dilligence\/#breadcrumb"},"inLanguage":"de","potentialAction":[{"@type":"ReadAction","target":["https:\/\/kpdi.pl\/deutsch\/due-dilligence\/"]}]},{"@type":"BreadcrumbList","@id":"https:\/\/kpdi.pl\/deutsch\/due-dilligence\/#breadcrumb","itemListElement":[{"@type":"ListItem","position":1,"name":"Strona g\u0142\u00f3wna","item":"https:\/\/kpdi.pl\/deutsch\/"},{"@type":"ListItem","position":2,"name":"Due dilligence"}]},{"@type":"WebSite","@id":"https:\/\/kpdi.pl\/deutsch\/#website","url":"https:\/\/kpdi.pl\/deutsch\/","name":"KPDI DE","description":"Kancelaria Prawna Gda\u0144sk, obs\u0142uga prawna przedsi\u0119biorstw","potentialAction":[{"@type":"SearchAction","target":{"@type":"EntryPoint","urlTemplate":"https:\/\/kpdi.pl\/deutsch\/?s={search_term_string}"},"query-input":{"@type":"PropertyValueSpecification","valueRequired":true,"valueName":"search_term_string"}}],"inLanguage":"de"}]}},"_links":{"self":[{"href":"https:\/\/kpdi.pl\/deutsch\/wp-json\/wp\/v2\/pages\/1615","targetHints":{"allow":["GET"]}}],"collection":[{"href":"https:\/\/kpdi.pl\/deutsch\/wp-json\/wp\/v2\/pages"}],"about":[{"href":"https:\/\/kpdi.pl\/deutsch\/wp-json\/wp\/v2\/types\/page"}],"author":[{"embeddable":true,"href":"https:\/\/kpdi.pl\/deutsch\/wp-json\/wp\/v2\/users\/1"}],"replies":[{"embeddable":true,"href":"https:\/\/kpdi.pl\/deutsch\/wp-json\/wp\/v2\/comments?post=1615"}],"version-history":[{"count":6,"href":"https:\/\/kpdi.pl\/deutsch\/wp-json\/wp\/v2\/pages\/1615\/revisions"}],"predecessor-version":[{"id":1895,"href":"https:\/\/kpdi.pl\/deutsch\/wp-json\/wp\/v2\/pages\/1615\/revisions\/1895"}],"wp:attachment":[{"href":"https:\/\/kpdi.pl\/deutsch\/wp-json\/wp\/v2\/media?parent=1615"}],"curies":[{"name":"wp","href":"https:\/\/api.w.org\/{rel}","templated":true}]}}