{"id":1627,"date":"2018-04-18T15:23:06","date_gmt":"2018-04-18T15:23:06","guid":{"rendered":"http:\/\/kpdi.pl\/deutsch\/?page_id=1627"},"modified":"2019-07-01T13:29:36","modified_gmt":"2019-07-01T13:29:36","slug":"zakladanie-spolek","status":"publish","type":"page","link":"https:\/\/kpdi.pl\/deutsch\/zakladanie-spolek\/","title":{"rendered":"Gesellschaftsgr\u00fcndung"},"content":{"rendered":"<p><div class=\"fusion-fullwidth fullwidth-box fusion-builder-row-1 nonhundred-percent-fullwidth non-hundred-percent-height-scrolling\" style=\"background-color: rgba(255,255,255,0);background-position: center center;background-repeat: no-repeat;padding-top:0px;padding-right:0px;padding-bottom:0px;padding-left:0px;margin-bottom: 0px;margin-top: 0px;border-width: 0px 0px 0px 0px;border-color:#eae9e9;border-style:solid;\" ><div class=\"fusion-builder-row fusion-row\"><div class=\"fusion-layout-column fusion_builder_column fusion-builder-column-0 fusion_builder_column_1_1 1_1 fusion-one-full fusion-column-first fusion-column-last\" style=\"margin-top:0px;margin-bottom:20px;\"><div class=\"fusion-column-wrapper fusion-flex-column-wrapper-legacy\" style=\"background-position:left top;background-repeat:no-repeat;-webkit-background-size:cover;-moz-background-size:cover;-o-background-size:cover;background-size:cover;padding: 0px 0px 0px 0px;\"><div class=\"fusion-text fusion-text-1\"><h2>Gesellschaftsgr\u00fcndung \u2013 Wahl der Gesellschaftsform?<\/h2>\n<\/div><div class=\"fusion-clearfix\"><\/div><\/div><\/div><div class=\"fusion-layout-column fusion_builder_column fusion-builder-column-1 fusion_builder_column_2_5 2_5 fusion-two-fifth fusion-column-first\" style=\"width:40%;width:calc(40% - ( ( 4% ) * 0.4 ) );margin-right: 4%;margin-top:0px;margin-bottom:20px;\"><div class=\"fusion-column-wrapper fusion-flex-column-wrapper-legacy\" style=\"background-position:left top;background-repeat:no-repeat;-webkit-background-size:cover;-moz-background-size:cover;-o-background-size:cover;background-size:cover;padding: 0px 0px 0px 0px;\"><span class=\" fusion-imageframe imageframe-none imageframe-1 hover-type-none\"><img decoding=\"async\" width=\"300\" height=\"200\" alt=\"zak\u0142adanie sp\u00f3\u0142ek\" title=\"zak\u0142adanie sp\u00f3\u0142ek1\" src=\"http:\/\/kpdi.pl\/wp-content\/uploads\/sites\/5\/2018\/05\/zak\u0142adanie-sp\u00f3\u0142ek1-300x200.jpg\" class=\"img-responsive wp-image-1715\" srcset=\"https:\/\/kpdi.pl\/deutsch\/wp-content\/uploads\/sites\/5\/2018\/05\/zak\u0142adanie-sp\u00f3\u0142ek1-200x133.jpg 200w, https:\/\/kpdi.pl\/deutsch\/wp-content\/uploads\/sites\/5\/2018\/05\/zak\u0142adanie-sp\u00f3\u0142ek1-400x267.jpg 400w, https:\/\/kpdi.pl\/deutsch\/wp-content\/uploads\/sites\/5\/2018\/05\/zak\u0142adanie-sp\u00f3\u0142ek1-600x400.jpg 600w, https:\/\/kpdi.pl\/deutsch\/wp-content\/uploads\/sites\/5\/2018\/05\/zak\u0142adanie-sp\u00f3\u0142ek1-800x534.jpg 800w, https:\/\/kpdi.pl\/deutsch\/wp-content\/uploads\/sites\/5\/2018\/05\/zak\u0142adanie-sp\u00f3\u0142ek1-1200x801.jpg 1200w, https:\/\/kpdi.pl\/deutsch\/wp-content\/uploads\/sites\/5\/2018\/05\/zak\u0142adanie-sp\u00f3\u0142ek1.jpg 1500w\" sizes=\"(max-width: 800px) 100vw, 600px\" \/><\/span><div class=\"fusion-clearfix\"><\/div><\/div><\/div><div class=\"fusion-layout-column fusion_builder_column fusion-builder-column-2 fusion_builder_column_3_5 3_5 fusion-three-fifth fusion-column-last\" style=\"width:60%;width:calc(60% - ( ( 4% ) * 0.6 ) );margin-top:0px;margin-bottom:20px;\"><div class=\"fusion-column-wrapper fusion-flex-column-wrapper-legacy\" style=\"background-position:left top;background-repeat:no-repeat;-webkit-background-size:cover;-moz-background-size:cover;-o-background-size:cover;background-size:cover;padding: 0px 0px 0px 0px;\"><div class=\"fusion-text fusion-text-2\"><p>Unternehmer entscheiden sich f\u00fcr eine Gesellschaftsgr\u00fcndung aus verschieden Gr\u00fcnden. Manchen m\u00f6chten das Potential von einigen Menschen verbinden, andere wollen ihr pers\u00f6nliches Verm\u00f6gen vor Anspr\u00fcchen sichern, noch andere suchen schlie\u00dflich einen\u00a0 Investor, der f\u00fcr einen Teil der Anteile ein bestimmtes Projekt finanziert. Gesonderte Gesellschaften erlaubten auch die verschiedenen T\u00e4tigkeiten eines Unternehmers strukturell voneinander zu trennen.<\/p>\n<p>Die bekannteste Rechtsform ist die GmbH. Sie erlaubt die Durchf\u00fchrung von verschiedenen Gesch\u00e4ftsideen. Leider ist sie gleichzeitig steuerlich au\u00dferordentlich uneffektiv. Viele Male zeigte sich, dass man dieselben Ziele durch andere bessere Strukturen erreichen kann.<\/p>\n<p>Die Gr\u00fcndung der Gesellschaft sollte man mit dem Kennenlernen der Ziele des Unternehmens beginnen. Erst dann k\u00f6nnen wir L\u00f6sungen an Ihre Bed\u00fcrfnisse ma\u00dfschneidern.<\/p>\n<\/div><div class=\"fusion-clearfix\"><\/div><\/div><\/div><div class=\"fusion-layout-column fusion_builder_column fusion-builder-column-3 fusion_builder_column_1_1 1_1 fusion-one-full fusion-column-first fusion-column-last\" style=\"margin-top:0px;margin-bottom:20px;\"><div class=\"fusion-column-wrapper fusion-flex-column-wrapper-legacy\" style=\"background-position:left top;background-repeat:no-repeat;-webkit-background-size:cover;-moz-background-size:cover;-o-background-size:cover;background-size:cover;padding: 0px 0px 0px 0px;\"><div class=\"fusion-sep-clear\"><\/div><div class=\"fusion-separator fusion-full-width-sep\" style=\"margin-left: auto;margin-right: auto;margin-top:10px;margin-bottom:30px;width:100%;\"><div class=\"fusion-separator-border sep-single sep-solid\" style=\"border-color:rgba(39,134,229,0.76);border-top-width:1px;\"><\/div><\/div><div class=\"fusion-sep-clear\"><\/div><div class=\"fusion-clearfix\"><\/div><\/div><\/div><\/div><\/div><div class=\"fusion-fullwidth fullwidth-box fusion-builder-row-2 nonhundred-percent-fullwidth non-hundred-percent-height-scrolling\" style=\"background-color: rgba(255,255,255,0);background-position: center center;background-repeat: no-repeat;padding-top:0px;padding-right:0px;padding-bottom:0px;padding-left:0px;margin-bottom: 0px;margin-top: 0px;border-width: 0px 0px 0px 0px;border-color:#eae9e9;border-style:solid;\" ><div class=\"fusion-builder-row fusion-row\"><div class=\"fusion-layout-column fusion_builder_column fusion-builder-column-4 fusion_builder_column_3_5 3_5 fusion-three-fifth fusion-column-first\" style=\"width:60%;width:calc(60% - ( ( 4% ) * 0.6 ) );margin-right: 4%;margin-top:0px;margin-bottom:20px;\"><div class=\"fusion-column-wrapper fusion-flex-column-wrapper-legacy\" style=\"background-position:left top;background-repeat:no-repeat;-webkit-background-size:cover;-moz-background-size:cover;-o-background-size:cover;background-size:cover;padding: 0px 0px 0px 0px;\"><div class=\"fusion-text fusion-text-3\"><h2><strong>Worin besteht die KPDI-Beratung?<\/strong><\/h2>\n<\/div><div class=\"fusion-text fusion-text-4\"><p>Eine Gesellschaftsgr\u00fcndung ist nicht nur die Wahl der Rechtsform. Die Entstehung eines neuen Unternehmens ist sehr oft mit der Notwendigkeit der Kl\u00e4rung der Verh\u00e4ltnisse zwischen den Gesellschaftern, sowie den Wirtschaftsverh\u00e4ltnissen zwischen den Unternehmen und seiner Gesch\u00e4ftsumgebung, verbunden.<\/p>\n<p>Die KPDI- Juristen vertreten die Gesellschafter bei Verhandlungen der Gesellschaftsvertr\u00e4ge sowie \u2013 f\u00fcr den Gesch\u00e4ftsverkehr vertraulichen \u2013 Gesellschaftervertr\u00e4gen. Im Rahmen dieses Vereinbarungspakets, bestimmen wir nicht nur die Bedingungen der Gesellschaftsgr\u00fcndung und deren Verwaltung, sondern auch andere Fragen, wie z.B. Investitions- und Finanzierungsgrunds\u00e4tze der Gesellschaftst\u00e4tigkeit, Optionen f\u00fcr den Erwerb\/ Ver\u00e4u\u00dferung von Anteile, Grunds\u00e4tze der F\u00fchrung der Konkurrenzt\u00e4tigkeit, besonderen L\u00f6sungen der Streitigkeiten oder schlie\u00dflich \u2013 Folgen der Beendigung der T\u00e4tigkeit.<\/p>\n<p>Beispiel eines solchen Gesch\u00e4fts war die Gr\u00fcndung der LOTOS Air BP Polska Sp. z o.o., wo wir die LOTOS S.A. Gruppe bei den Verhandlungen \u00fcber die Vertragspakete vertreten haben, in denen die Grunds\u00e4tze des Anteilserwerbs der Gesellschaft und die Zusammenarbeit der Gesellschafter geregelt wurden, die zugleich die Gesch\u00e4ftsumgebung der Gesellschaft darstellten.<\/p>\n<\/div><div class=\"fusion-clearfix\"><\/div><\/div><\/div><div class=\"fusion-layout-column fusion_builder_column fusion-builder-column-5 fusion_builder_column_2_5 2_5 fusion-two-fifth fusion-column-last\" style=\"width:40%;width:calc(40% - ( ( 4% ) * 0.4 ) );margin-top:0px;margin-bottom:20px;\"><div class=\"fusion-column-wrapper fusion-flex-column-wrapper-legacy\" style=\"background-position:left top;background-repeat:no-repeat;-webkit-background-size:cover;-moz-background-size:cover;-o-background-size:cover;background-size:cover;padding: 0px 0px 0px 0px;\"><span class=\" fusion-imageframe imageframe-none imageframe-2 hover-type-none\"><img decoding=\"async\" width=\"300\" height=\"200\" title=\"zak\u0142adanie sp\u00f3\u0142ek 2\" src=\"http:\/\/kpdi.pl\/wp-content\/uploads\/sites\/5\/2018\/05\/zak\u0142adanie-sp\u00f3\u0142ek-2-300x200.jpg\" alt class=\"img-responsive wp-image-1717\" srcset=\"https:\/\/kpdi.pl\/deutsch\/wp-content\/uploads\/sites\/5\/2018\/05\/zak\u0142adanie-sp\u00f3\u0142ek-2-200x133.jpg 200w, https:\/\/kpdi.pl\/deutsch\/wp-content\/uploads\/sites\/5\/2018\/05\/zak\u0142adanie-sp\u00f3\u0142ek-2-400x267.jpg 400w, https:\/\/kpdi.pl\/deutsch\/wp-content\/uploads\/sites\/5\/2018\/05\/zak\u0142adanie-sp\u00f3\u0142ek-2-600x400.jpg 600w, https:\/\/kpdi.pl\/deutsch\/wp-content\/uploads\/sites\/5\/2018\/05\/zak\u0142adanie-sp\u00f3\u0142ek-2-800x534.jpg 800w, https:\/\/kpdi.pl\/deutsch\/wp-content\/uploads\/sites\/5\/2018\/05\/zak\u0142adanie-sp\u00f3\u0142ek-2-1200x801.jpg 1200w, https:\/\/kpdi.pl\/deutsch\/wp-content\/uploads\/sites\/5\/2018\/05\/zak\u0142adanie-sp\u00f3\u0142ek-2.jpg 1500w\" sizes=\"(max-width: 800px) 100vw, 600px\" \/><\/span><div class=\"fusion-clearfix\"><\/div><\/div><\/div><\/div><\/div><\/p>\n","protected":false},"excerpt":{"rendered":"","protected":false},"author":1,"featured_media":0,"parent":0,"menu_order":0,"comment_status":"closed","ping_status":"closed","template":"","meta":{"_exactmetrics_skip_tracking":false,"_exactmetrics_sitenote_active":false,"_exactmetrics_sitenote_note":"","_exactmetrics_sitenote_category":0,"footnotes":""},"class_list":["post-1627","page","type-page","status-publish","hentry"],"yoast_head":"<!-- This site is optimized with the Yoast SEO plugin v27.6 - https:\/\/yoast.com\/product\/yoast-seo-wordpress\/ -->\n<title>Gesellschaftsgr\u00fcndung - KPDI DE<\/title>\n<meta name=\"description\" content=\"Zak\u0142adanie sp\u00f3\u0142ek, w tym prowadzenie negocjacji umowy wsp\u00f3lnik\u00f3w oraz um\u00f3w nabycia udzia\u0142\u00f3w, to jeden z obszar\u00f3w specjalizacji naszej Kancelarii. Pomo\u017cemy wybra\u0107 najkorzystniejsz\u0105 form\u0119 prawn\u0105 Waszego biznesu.\" \/>\n<meta name=\"robots\" content=\"index, follow, max-snippet:-1, max-image-preview:large, max-video-preview:-1\" \/>\n<link rel=\"canonical\" href=\"https:\/\/kpdi.pl\/deutsch\/zakladanie-spolek\/\" \/>\n<meta property=\"og:locale\" content=\"de_DE\" \/>\n<meta property=\"og:type\" content=\"article\" \/>\n<meta property=\"og:title\" content=\"Gesellschaftsgr\u00fcndung - KPDI DE\" \/>\n<meta property=\"og:description\" content=\"Zak\u0142adanie sp\u00f3\u0142ek, w tym prowadzenie negocjacji umowy wsp\u00f3lnik\u00f3w oraz um\u00f3w nabycia udzia\u0142\u00f3w, to jeden z obszar\u00f3w specjalizacji naszej Kancelarii. Pomo\u017cemy wybra\u0107 najkorzystniejsz\u0105 form\u0119 prawn\u0105 Waszego biznesu.\" \/>\n<meta property=\"og:url\" content=\"https:\/\/kpdi.pl\/deutsch\/zakladanie-spolek\/\" \/>\n<meta property=\"og:site_name\" content=\"KPDI DE\" \/>\n<meta property=\"article:modified_time\" content=\"2019-07-01T13:29:36+00:00\" \/>\n<meta name=\"twitter:card\" content=\"summary_large_image\" \/>\n<meta name=\"twitter:label1\" content=\"Gesch\u00e4tzte Lesezeit\" \/>\n\t<meta name=\"twitter:data1\" content=\"6\u00a0Minuten\" \/>\n<script type=\"application\/ld+json\" class=\"yoast-schema-graph\">{\"@context\":\"https:\\\/\\\/schema.org\",\"@graph\":[{\"@type\":\"WebPage\",\"@id\":\"https:\\\/\\\/kpdi.pl\\\/deutsch\\\/zakladanie-spolek\\\/\",\"url\":\"https:\\\/\\\/kpdi.pl\\\/deutsch\\\/zakladanie-spolek\\\/\",\"name\":\"Gesellschaftsgr\u00fcndung - KPDI DE\",\"isPartOf\":{\"@id\":\"https:\\\/\\\/kpdi.pl\\\/deutsch\\\/#website\"},\"datePublished\":\"2018-04-18T15:23:06+00:00\",\"dateModified\":\"2019-07-01T13:29:36+00:00\",\"description\":\"Zak\u0142adanie sp\u00f3\u0142ek, w tym prowadzenie negocjacji umowy wsp\u00f3lnik\u00f3w oraz um\u00f3w nabycia udzia\u0142\u00f3w, to jeden z obszar\u00f3w specjalizacji naszej Kancelarii. Pomo\u017cemy wybra\u0107 najkorzystniejsz\u0105 form\u0119 prawn\u0105 Waszego biznesu.\",\"breadcrumb\":{\"@id\":\"https:\\\/\\\/kpdi.pl\\\/deutsch\\\/zakladanie-spolek\\\/#breadcrumb\"},\"inLanguage\":\"de\",\"potentialAction\":[{\"@type\":\"ReadAction\",\"target\":[\"https:\\\/\\\/kpdi.pl\\\/deutsch\\\/zakladanie-spolek\\\/\"]}]},{\"@type\":\"BreadcrumbList\",\"@id\":\"https:\\\/\\\/kpdi.pl\\\/deutsch\\\/zakladanie-spolek\\\/#breadcrumb\",\"itemListElement\":[{\"@type\":\"ListItem\",\"position\":1,\"name\":\"Strona g\u0142\u00f3wna\",\"item\":\"https:\\\/\\\/kpdi.pl\\\/deutsch\\\/\"},{\"@type\":\"ListItem\",\"position\":2,\"name\":\"Gesellschaftsgr\u00fcndung\"}]},{\"@type\":\"WebSite\",\"@id\":\"https:\\\/\\\/kpdi.pl\\\/deutsch\\\/#website\",\"url\":\"https:\\\/\\\/kpdi.pl\\\/deutsch\\\/\",\"name\":\"KPDI DE\",\"description\":\"Kancelaria Prawna Gda\u0144sk, obs\u0142uga prawna przedsi\u0119biorstw\",\"potentialAction\":[{\"@type\":\"SearchAction\",\"target\":{\"@type\":\"EntryPoint\",\"urlTemplate\":\"https:\\\/\\\/kpdi.pl\\\/deutsch\\\/?s={search_term_string}\"},\"query-input\":{\"@type\":\"PropertyValueSpecification\",\"valueRequired\":true,\"valueName\":\"search_term_string\"}}],\"inLanguage\":\"de\"}]}<\/script>\n<!-- \/ Yoast SEO plugin. -->","yoast_head_json":{"title":"Gesellschaftsgr\u00fcndung - KPDI DE","description":"Zak\u0142adanie sp\u00f3\u0142ek, w tym prowadzenie negocjacji umowy wsp\u00f3lnik\u00f3w oraz um\u00f3w nabycia udzia\u0142\u00f3w, to jeden z obszar\u00f3w specjalizacji naszej Kancelarii. Pomo\u017cemy wybra\u0107 najkorzystniejsz\u0105 form\u0119 prawn\u0105 Waszego biznesu.","robots":{"index":"index","follow":"follow","max-snippet":"max-snippet:-1","max-image-preview":"max-image-preview:large","max-video-preview":"max-video-preview:-1"},"canonical":"https:\/\/kpdi.pl\/deutsch\/zakladanie-spolek\/","og_locale":"de_DE","og_type":"article","og_title":"Gesellschaftsgr\u00fcndung - KPDI DE","og_description":"Zak\u0142adanie sp\u00f3\u0142ek, w tym prowadzenie negocjacji umowy wsp\u00f3lnik\u00f3w oraz um\u00f3w nabycia udzia\u0142\u00f3w, to jeden z obszar\u00f3w specjalizacji naszej Kancelarii. Pomo\u017cemy wybra\u0107 najkorzystniejsz\u0105 form\u0119 prawn\u0105 Waszego biznesu.","og_url":"https:\/\/kpdi.pl\/deutsch\/zakladanie-spolek\/","og_site_name":"KPDI DE","article_modified_time":"2019-07-01T13:29:36+00:00","twitter_card":"summary_large_image","twitter_misc":{"Gesch\u00e4tzte Lesezeit":"6\u00a0Minuten"},"schema":{"@context":"https:\/\/schema.org","@graph":[{"@type":"WebPage","@id":"https:\/\/kpdi.pl\/deutsch\/zakladanie-spolek\/","url":"https:\/\/kpdi.pl\/deutsch\/zakladanie-spolek\/","name":"Gesellschaftsgr\u00fcndung - KPDI DE","isPartOf":{"@id":"https:\/\/kpdi.pl\/deutsch\/#website"},"datePublished":"2018-04-18T15:23:06+00:00","dateModified":"2019-07-01T13:29:36+00:00","description":"Zak\u0142adanie sp\u00f3\u0142ek, w tym prowadzenie negocjacji umowy wsp\u00f3lnik\u00f3w oraz um\u00f3w nabycia udzia\u0142\u00f3w, to jeden z obszar\u00f3w specjalizacji naszej Kancelarii. Pomo\u017cemy wybra\u0107 najkorzystniejsz\u0105 form\u0119 prawn\u0105 Waszego biznesu.","breadcrumb":{"@id":"https:\/\/kpdi.pl\/deutsch\/zakladanie-spolek\/#breadcrumb"},"inLanguage":"de","potentialAction":[{"@type":"ReadAction","target":["https:\/\/kpdi.pl\/deutsch\/zakladanie-spolek\/"]}]},{"@type":"BreadcrumbList","@id":"https:\/\/kpdi.pl\/deutsch\/zakladanie-spolek\/#breadcrumb","itemListElement":[{"@type":"ListItem","position":1,"name":"Strona g\u0142\u00f3wna","item":"https:\/\/kpdi.pl\/deutsch\/"},{"@type":"ListItem","position":2,"name":"Gesellschaftsgr\u00fcndung"}]},{"@type":"WebSite","@id":"https:\/\/kpdi.pl\/deutsch\/#website","url":"https:\/\/kpdi.pl\/deutsch\/","name":"KPDI DE","description":"Kancelaria Prawna Gda\u0144sk, obs\u0142uga prawna przedsi\u0119biorstw","potentialAction":[{"@type":"SearchAction","target":{"@type":"EntryPoint","urlTemplate":"https:\/\/kpdi.pl\/deutsch\/?s={search_term_string}"},"query-input":{"@type":"PropertyValueSpecification","valueRequired":true,"valueName":"search_term_string"}}],"inLanguage":"de"}]}},"_links":{"self":[{"href":"https:\/\/kpdi.pl\/deutsch\/wp-json\/wp\/v2\/pages\/1627","targetHints":{"allow":["GET"]}}],"collection":[{"href":"https:\/\/kpdi.pl\/deutsch\/wp-json\/wp\/v2\/pages"}],"about":[{"href":"https:\/\/kpdi.pl\/deutsch\/wp-json\/wp\/v2\/types\/page"}],"author":[{"embeddable":true,"href":"https:\/\/kpdi.pl\/deutsch\/wp-json\/wp\/v2\/users\/1"}],"replies":[{"embeddable":true,"href":"https:\/\/kpdi.pl\/deutsch\/wp-json\/wp\/v2\/comments?post=1627"}],"version-history":[{"count":11,"href":"https:\/\/kpdi.pl\/deutsch\/wp-json\/wp\/v2\/pages\/1627\/revisions"}],"predecessor-version":[{"id":1897,"href":"https:\/\/kpdi.pl\/deutsch\/wp-json\/wp\/v2\/pages\/1627\/revisions\/1897"}],"wp:attachment":[{"href":"https:\/\/kpdi.pl\/deutsch\/wp-json\/wp\/v2\/media?parent=1627"}],"curies":[{"name":"wp","href":"https:\/\/api.w.org\/{rel}","templated":true}]}}