{"id":1672,"date":"2018-05-04T11:28:49","date_gmt":"2018-05-04T11:28:49","guid":{"rendered":"http:\/\/kpdi.pl\/deutsch\/?page_id=1672"},"modified":"2025-09-25T12:46:38","modified_gmt":"2025-09-25T12:46:38","slug":"obsluga-korporacyjna-spolek","status":"publish","type":"page","link":"https:\/\/kpdi.pl\/deutsch\/obsluga-korporacyjna-spolek\/","title":{"rendered":"Rechtsberatung von Kapitalgesellschaften"},"content":{"rendered":"<p><div class=\"fusion-fullwidth fullwidth-box fusion-builder-row-1 nonhundred-percent-fullwidth non-hundred-percent-height-scrolling\" style=\"background-color: rgba(255,255,255,0);background-position: center center;background-repeat: no-repeat;padding-top:0px;padding-right:0px;padding-bottom:0px;padding-left:0px;margin-bottom: 0px;margin-top: 0px;border-width: 0px 0px 0px 0px;border-color:#eae9e9;border-style:solid;\" ><div class=\"fusion-builder-row fusion-row\"><div class=\"fusion-layout-column fusion_builder_column fusion-builder-column-0 fusion_builder_column_1_1 1_1 fusion-one-full fusion-column-first fusion-column-last\" style=\"margin-top:0px;margin-bottom:20px;\"><div class=\"fusion-column-wrapper fusion-flex-column-wrapper-legacy\" style=\"background-position:left top;background-repeat:no-repeat;-webkit-background-size:cover;-moz-background-size:cover;-o-background-size:cover;background-size:cover;padding: 0px 0px 0px 0px;\"><div class=\"fusion-text fusion-text-1\"><h2 style=\"text-align: center;\">Rechtsberatung von Kooperationsgesellschaften \u2013 Beratung von gro\u00dfen Unternehmen und Kapitalgesellschaften<\/h2>\n<\/div><div class=\"fusion-text fusion-text-2\"><p style=\"text-align: center;\">Die Rechtskanzlei KPDI betreut seit vielen Jahren gro\u00dfe Unternehmen und Kapitalgruppen. Unsere Aufgabe ist sie Sicherstellung der ordnungsgem\u00e4\u00dfen Handlungen der Organe mit der weit gefassten kooperativen Dokumentation. Wir beraten dar\u00fcber hinaus bei der Gestaltung der internen Regulierung der Kapitalgruppe, die der inneren Ordnung in der Holdingstruktur dient.<\/p>\n<\/div><div class=\"fusion-sep-clear\"><\/div><div class=\"fusion-separator fusion-full-width-sep\" style=\"margin-left: auto;margin-right: auto;margin-top:40px;margin-bottom:40px;width:100%;\"><div class=\"fusion-separator-border sep-single sep-solid\" style=\"border-color:rgba(39,134,229,0.76);border-top-width:1px;\"><\/div><\/div><div class=\"fusion-sep-clear\"><\/div><div class=\"fusion-clearfix\"><\/div><\/div><\/div><\/div><\/div><div class=\"fusion-fullwidth fullwidth-box fusion-builder-row-2 nonhundred-percent-fullwidth non-hundred-percent-height-scrolling\" style=\"background-color: rgba(255,255,255,0);background-position: center center;background-repeat: no-repeat;padding-top:0px;padding-right:0px;padding-bottom:0px;padding-left:0px;margin-bottom: 0px;margin-top: 0px;border-width: 0px 0px 0px 0px;border-color:#eae9e9;border-style:solid;\" ><div class=\"fusion-builder-row fusion-row\"><div class=\"fusion-layout-column fusion_builder_column fusion-builder-column-1 fusion_builder_column_3_5 3_5 fusion-three-fifth fusion-column-first\" style=\"width:60%;width:calc(60% - ( ( 4% ) * 0.6 ) );margin-right: 4%;margin-top:0px;margin-bottom:20px;\"><div class=\"fusion-column-wrapper fusion-flex-column-wrapper-legacy\" style=\"background-position:left top;background-repeat:no-repeat;-webkit-background-size:cover;-moz-background-size:cover;-o-background-size:cover;background-size:cover;padding: 0px 0px 0px 0px;\"><div class=\"fusion-text fusion-text-3\"><h3>Beratung der Gesellschaftsorgane<\/h3>\n<p>Die laufende T\u00e4tigkeit der mehrk\u00f6pfigen Gesellschaftsorgane erfordert eine Organisationsunterst\u00fctzung. In vielen F\u00e4llen ist die fachm\u00e4nnische Hilfe eines Rechtsberaters n\u00f6tig. Die Grunds\u00e4tze der Berufung einer Versammlung, Beschlussverfahren, das F\u00fchren einer Versammlung, die Vorbereitung eines ordnungsgem\u00e4\u00dfen Protokolls sind nur einige Situationen, in denen Rechtsfragen auftauchen k\u00f6nnen.<\/p>\n<\/div><div class=\"fusion-clearfix\"><\/div><\/div><\/div><div class=\"fusion-layout-column fusion_builder_column fusion-builder-column-2 fusion_builder_column_2_5 2_5 fusion-two-fifth fusion-column-last\" style=\"width:40%;width:calc(40% - ( ( 4% ) * 0.4 ) );margin-top:0px;margin-bottom:20px;\"><div class=\"fusion-column-wrapper fusion-flex-column-wrapper-legacy\" style=\"background-position:left top;background-repeat:no-repeat;-webkit-background-size:cover;-moz-background-size:cover;-o-background-size:cover;background-size:cover;padding: 0px 0px 0px 0px;\"><span class=\" fusion-imageframe imageframe-none imageframe-1 hover-type-none\"><img decoding=\"async\" width=\"300\" height=\"199\" title=\"obs\u0142uga korporacyjna sp\u00f3\u0142ek\" src=\"http:\/\/kpdi.pl\/wp-content\/uploads\/sites\/5\/2018\/05\/obs\u0142uga-korporacyjna-sp\u00f3\u0142ek-1-300x199.jpg\" alt class=\"img-responsive wp-image-1764\" srcset=\"https:\/\/kpdi.pl\/deutsch\/wp-content\/uploads\/sites\/5\/2018\/05\/obs\u0142uga-korporacyjna-sp\u00f3\u0142ek-1-200x133.jpg 200w, https:\/\/kpdi.pl\/deutsch\/wp-content\/uploads\/sites\/5\/2018\/05\/obs\u0142uga-korporacyjna-sp\u00f3\u0142ek-1-400x265.jpg 400w, https:\/\/kpdi.pl\/deutsch\/wp-content\/uploads\/sites\/5\/2018\/05\/obs\u0142uga-korporacyjna-sp\u00f3\u0142ek-1-600x398.jpg 600w, https:\/\/kpdi.pl\/deutsch\/wp-content\/uploads\/sites\/5\/2018\/05\/obs\u0142uga-korporacyjna-sp\u00f3\u0142ek-1-800x530.jpg 800w, https:\/\/kpdi.pl\/deutsch\/wp-content\/uploads\/sites\/5\/2018\/05\/obs\u0142uga-korporacyjna-sp\u00f3\u0142ek-1-1200x795.jpg 1200w, https:\/\/kpdi.pl\/deutsch\/wp-content\/uploads\/sites\/5\/2018\/05\/obs\u0142uga-korporacyjna-sp\u00f3\u0142ek-1.jpg 1500w\" sizes=\"(max-width: 800px) 100vw, 600px\" \/><\/span><div class=\"fusion-clearfix\"><\/div><\/div><\/div><\/div><\/div><div class=\"fusion-fullwidth fullwidth-box fusion-builder-row-3 nonhundred-percent-fullwidth non-hundred-percent-height-scrolling\" style=\"background-color: rgba(255,255,255,0);background-position: center center;background-repeat: no-repeat;padding-top:0px;padding-right:0px;padding-bottom:0px;padding-left:0px;margin-bottom: 0px;margin-top: 0px;border-width: 0px 0px 0px 0px;border-color:#eae9e9;border-style:solid;\" ><div class=\"fusion-builder-row fusion-row\"><div class=\"fusion-layout-column fusion_builder_column fusion-builder-column-3 fusion_builder_column_1_1 1_1 fusion-one-full fusion-column-first fusion-column-last\" style=\"margin-top:0px;margin-bottom:20px;\"><div class=\"fusion-column-wrapper fusion-flex-column-wrapper-legacy\" style=\"background-position:left top;background-repeat:no-repeat;-webkit-background-size:cover;-moz-background-size:cover;-o-background-size:cover;background-size:cover;padding: 0px 0px 0px 0px;\"><div class=\"fusion-sep-clear\"><\/div><div class=\"fusion-separator fusion-full-width-sep\" style=\"margin-left: auto;margin-right: auto;margin-top:40px;margin-bottom:40px;width:100%;\"><div class=\"fusion-separator-border sep-single sep-solid\" style=\"border-color:rgba(39,134,229,0.76);border-top-width:1px;\"><\/div><\/div><div class=\"fusion-sep-clear\"><\/div><div class=\"fusion-clearfix\"><\/div><\/div><\/div><\/div><\/div><div class=\"fusion-fullwidth fullwidth-box fusion-builder-row-4 nonhundred-percent-fullwidth non-hundred-percent-height-scrolling\" style=\"background-color: rgba(255,255,255,0);background-position: center center;background-repeat: no-repeat;padding-top:0px;padding-right:0px;padding-bottom:0px;padding-left:0px;margin-bottom: 0px;margin-top: 0px;border-width: 0px 0px 0px 0px;border-color:#eae9e9;border-style:solid;\" ><div class=\"fusion-builder-row fusion-row\"><div class=\"fusion-layout-column fusion_builder_column fusion-builder-column-4 fusion_builder_column_1_1 1_1 fusion-one-full fusion-column-first fusion-column-last\" style=\"margin-top:0px;margin-bottom:20px;\"><div class=\"fusion-column-wrapper fusion-flex-column-wrapper-legacy\" style=\"background-position:left top;background-repeat:no-repeat;-webkit-background-size:cover;-moz-background-size:cover;-o-background-size:cover;background-size:cover;padding: 0px 0px 0px 0px;\"><div class=\"fusion-text fusion-text-4\"><h3>Kooperationsordnung<\/h3>\n<p>Die Aufteilung eines gro\u00dfen Unternehmens in viele Gesellschaften hat zu Folge, dass ein effektives Kontrollsystem ihrer T\u00e4tigkeit eingef\u00fchrt werden muss. Erster Schritt auf dem Weg zur Gew\u00e4hrleistung der Einheitlichkeit von Handlungen der Vorst\u00e4nde der abh\u00e4ngigen Gesellschaften mit dem Willen des Eigent\u00fcmers ist die Bildung von klaren Verfahrensgrunds\u00e4tzen. Zu ihnen geh\u00f6ren alle Arten von internen Rechtsakten, die eine spezifische Kooperationsordnung f\u00fcr die gegebene Kapitalgruppe ergeben.<\/p>\n<\/div><div class=\"fusion-sep-clear\"><\/div><div class=\"fusion-separator fusion-full-width-sep\" style=\"margin-left: auto;margin-right: auto;margin-top:40px;margin-bottom:40px;width:100%;\"><div class=\"fusion-separator-border sep-single sep-solid\" style=\"border-color:rgba(39,134,229,0.76);border-top-width:1px;\"><\/div><\/div><div class=\"fusion-sep-clear\"><\/div><div class=\"fusion-clearfix\"><\/div><\/div><\/div><\/div><\/div><div class=\"fusion-fullwidth fullwidth-box fusion-builder-row-5 nonhundred-percent-fullwidth non-hundred-percent-height-scrolling\" style=\"background-color: rgba(255,255,255,0);background-position: center center;background-repeat: no-repeat;padding-top:0px;padding-right:0px;padding-bottom:0px;padding-left:0px;margin-bottom: 0px;margin-top: 0px;border-width: 0px 0px 0px 0px;border-color:#eae9e9;border-style:solid;\" ><div class=\"fusion-builder-row fusion-row\"><div class=\"fusion-layout-column fusion_builder_column fusion-builder-column-5 fusion_builder_column_3_5 3_5 fusion-three-fifth fusion-column-first\" style=\"width:60%;width:calc(60% - ( ( 4% ) * 0.6 ) );margin-right: 4%;margin-top:0px;margin-bottom:20px;\"><div class=\"fusion-column-wrapper fusion-flex-column-wrapper-legacy\" style=\"background-position:left top;background-repeat:no-repeat;-webkit-background-size:cover;-moz-background-size:cover;-o-background-size:cover;background-size:cover;padding: 0px 0px 0px 0px;\"><div class=\"fusion-text fusion-text-5\"><h3>Kommissionen und Komitees<\/h3>\n<p>Nicht selten zentralisieren Kapitalgruppen ihre Entscheidungsprozesse in Investitions- oder Finanzsachen. Es werden Zielkomitees gegr\u00fcndet, dessen Aufgabe die Gew\u00e4hrleistung der Kontrolle \u00fcber den wesentlichen Ausgabenbereich ist, die einen Einfluss auf das Gesamtergebnis der Gruppe haben k\u00f6nnte. Diese internen Organe funktionieren gem\u00e4\u00df den Satzungen, dessen Gestaltung und Auslegung ebenfalls eine Rechtberatung erfordert.<\/p>\n<\/div><div class=\"fusion-clearfix\"><\/div><\/div><\/div><div class=\"fusion-layout-column fusion_builder_column fusion-builder-column-6 fusion_builder_column_2_5 2_5 fusion-two-fifth fusion-column-last\" style=\"width:40%;width:calc(40% - ( ( 4% ) * 0.4 ) );margin-top:0px;margin-bottom:20px;\"><div class=\"fusion-column-wrapper fusion-flex-column-wrapper-legacy\" style=\"background-position:left top;background-repeat:no-repeat;-webkit-background-size:cover;-moz-background-size:cover;-o-background-size:cover;background-size:cover;padding: 0px 0px 0px 0px;\"><span class=\" fusion-imageframe imageframe-none imageframe-2 hover-type-none\"><img decoding=\"async\" width=\"1370\" height=\"649\" alt=\"Law 5\" title=\"law_5-compressor\" src=\"http:\/\/kpdi.pl\/wp-content\/uploads\/sites\/5\/2015\/02\/law_5-compressor.jpg\" class=\"img-responsive wp-image-685\"\/><\/span><div class=\"fusion-clearfix\"><\/div><\/div><\/div><\/div><\/div><\/p>\n","protected":false},"excerpt":{"rendered":"","protected":false},"author":1,"featured_media":0,"parent":0,"menu_order":0,"comment_status":"closed","ping_status":"closed","template":"","meta":{"_exactmetrics_skip_tracking":false,"_exactmetrics_sitenote_active":false,"_exactmetrics_sitenote_note":"","_exactmetrics_sitenote_category":0,"footnotes":""},"class_list":["post-1672","page","type-page","status-publish","hentry"],"yoast_head":"<!-- This site is optimized with the Yoast SEO plugin v27.6 - https:\/\/yoast.com\/product\/yoast-seo-wordpress\/ -->\n<title>Obs\u0142uga korporacyjna sp\u00f3\u0142ek | Kancelaria Prawna KPDI (Gda\u0144sk)<\/title>\n<meta name=\"description\" content=\"Obs\u0142uga korporacyjna sp\u00f3\u0142ek. Kancelaria Prawna KPDI (Gda\u0144sk) doradza przy tworzeniu dokumentacji wewn\u0119trznej grup kapita\u0142owych. Doradzamy zarz\u0105dom oraz radom nadzorczym sp\u00f3\u0142ek kapita\u0142owych w toku ich bie\u017c\u0105cej dzia\u0142alno\u015bci.\" \/>\n<meta name=\"robots\" content=\"index, follow, max-snippet:-1, max-image-preview:large, max-video-preview:-1\" \/>\n<link rel=\"canonical\" href=\"https:\/\/kpdi.pl\/deutsch\/obsluga-korporacyjna-spolek\/\" \/>\n<meta property=\"og:locale\" content=\"de_DE\" \/>\n<meta property=\"og:type\" content=\"article\" \/>\n<meta property=\"og:title\" content=\"Obs\u0142uga korporacyjna sp\u00f3\u0142ek | Kancelaria Prawna KPDI (Gda\u0144sk)\" \/>\n<meta property=\"og:description\" content=\"Obs\u0142uga korporacyjna sp\u00f3\u0142ek. Kancelaria Prawna KPDI (Gda\u0144sk) doradza przy tworzeniu dokumentacji wewn\u0119trznej grup kapita\u0142owych. Doradzamy zarz\u0105dom oraz radom nadzorczym sp\u00f3\u0142ek kapita\u0142owych w toku ich bie\u017c\u0105cej dzia\u0142alno\u015bci.\" \/>\n<meta property=\"og:url\" content=\"https:\/\/kpdi.pl\/deutsch\/obsluga-korporacyjna-spolek\/\" \/>\n<meta property=\"og:site_name\" content=\"KPDI DE\" \/>\n<meta property=\"article:modified_time\" content=\"2025-09-25T12:46:38+00:00\" \/>\n<meta name=\"twitter:card\" content=\"summary_large_image\" \/>\n<meta name=\"twitter:label1\" content=\"Gesch\u00e4tzte Lesezeit\" \/>\n\t<meta name=\"twitter:data1\" content=\"8\u00a0Minuten\" \/>\n<script type=\"application\/ld+json\" class=\"yoast-schema-graph\">{\"@context\":\"https:\\\/\\\/schema.org\",\"@graph\":[{\"@type\":\"WebPage\",\"@id\":\"https:\\\/\\\/kpdi.pl\\\/deutsch\\\/obsluga-korporacyjna-spolek\\\/\",\"url\":\"https:\\\/\\\/kpdi.pl\\\/deutsch\\\/obsluga-korporacyjna-spolek\\\/\",\"name\":\"Obs\u0142uga korporacyjna sp\u00f3\u0142ek | Kancelaria Prawna KPDI (Gda\u0144sk)\",\"isPartOf\":{\"@id\":\"https:\\\/\\\/kpdi.pl\\\/deutsch\\\/#website\"},\"datePublished\":\"2018-05-04T11:28:49+00:00\",\"dateModified\":\"2025-09-25T12:46:38+00:00\",\"description\":\"Obs\u0142uga korporacyjna sp\u00f3\u0142ek. Kancelaria Prawna KPDI (Gda\u0144sk) doradza przy tworzeniu dokumentacji wewn\u0119trznej grup kapita\u0142owych. Doradzamy zarz\u0105dom oraz radom nadzorczym sp\u00f3\u0142ek kapita\u0142owych w toku ich bie\u017c\u0105cej dzia\u0142alno\u015bci.\",\"breadcrumb\":{\"@id\":\"https:\\\/\\\/kpdi.pl\\\/deutsch\\\/obsluga-korporacyjna-spolek\\\/#breadcrumb\"},\"inLanguage\":\"de\",\"potentialAction\":[{\"@type\":\"ReadAction\",\"target\":[\"https:\\\/\\\/kpdi.pl\\\/deutsch\\\/obsluga-korporacyjna-spolek\\\/\"]}]},{\"@type\":\"BreadcrumbList\",\"@id\":\"https:\\\/\\\/kpdi.pl\\\/deutsch\\\/obsluga-korporacyjna-spolek\\\/#breadcrumb\",\"itemListElement\":[{\"@type\":\"ListItem\",\"position\":1,\"name\":\"Strona g\u0142\u00f3wna\",\"item\":\"https:\\\/\\\/kpdi.pl\\\/deutsch\\\/\"},{\"@type\":\"ListItem\",\"position\":2,\"name\":\"Rechtsberatung von Kapitalgesellschaften\"}]},{\"@type\":\"WebSite\",\"@id\":\"https:\\\/\\\/kpdi.pl\\\/deutsch\\\/#website\",\"url\":\"https:\\\/\\\/kpdi.pl\\\/deutsch\\\/\",\"name\":\"KPDI DE\",\"description\":\"Kancelaria Prawna Gda\u0144sk, obs\u0142uga prawna przedsi\u0119biorstw\",\"potentialAction\":[{\"@type\":\"SearchAction\",\"target\":{\"@type\":\"EntryPoint\",\"urlTemplate\":\"https:\\\/\\\/kpdi.pl\\\/deutsch\\\/?s={search_term_string}\"},\"query-input\":{\"@type\":\"PropertyValueSpecification\",\"valueRequired\":true,\"valueName\":\"search_term_string\"}}],\"inLanguage\":\"de\"}]}<\/script>\n<!-- \/ Yoast SEO plugin. -->","yoast_head_json":{"title":"Obs\u0142uga korporacyjna sp\u00f3\u0142ek | Kancelaria Prawna KPDI (Gda\u0144sk)","description":"Obs\u0142uga korporacyjna sp\u00f3\u0142ek. Kancelaria Prawna KPDI (Gda\u0144sk) doradza przy tworzeniu dokumentacji wewn\u0119trznej grup kapita\u0142owych. Doradzamy zarz\u0105dom oraz radom nadzorczym sp\u00f3\u0142ek kapita\u0142owych w toku ich bie\u017c\u0105cej dzia\u0142alno\u015bci.","robots":{"index":"index","follow":"follow","max-snippet":"max-snippet:-1","max-image-preview":"max-image-preview:large","max-video-preview":"max-video-preview:-1"},"canonical":"https:\/\/kpdi.pl\/deutsch\/obsluga-korporacyjna-spolek\/","og_locale":"de_DE","og_type":"article","og_title":"Obs\u0142uga korporacyjna sp\u00f3\u0142ek | Kancelaria Prawna KPDI (Gda\u0144sk)","og_description":"Obs\u0142uga korporacyjna sp\u00f3\u0142ek. Kancelaria Prawna KPDI (Gda\u0144sk) doradza przy tworzeniu dokumentacji wewn\u0119trznej grup kapita\u0142owych. Doradzamy zarz\u0105dom oraz radom nadzorczym sp\u00f3\u0142ek kapita\u0142owych w toku ich bie\u017c\u0105cej dzia\u0142alno\u015bci.","og_url":"https:\/\/kpdi.pl\/deutsch\/obsluga-korporacyjna-spolek\/","og_site_name":"KPDI DE","article_modified_time":"2025-09-25T12:46:38+00:00","twitter_card":"summary_large_image","twitter_misc":{"Gesch\u00e4tzte Lesezeit":"8\u00a0Minuten"},"schema":{"@context":"https:\/\/schema.org","@graph":[{"@type":"WebPage","@id":"https:\/\/kpdi.pl\/deutsch\/obsluga-korporacyjna-spolek\/","url":"https:\/\/kpdi.pl\/deutsch\/obsluga-korporacyjna-spolek\/","name":"Obs\u0142uga korporacyjna sp\u00f3\u0142ek | Kancelaria Prawna KPDI (Gda\u0144sk)","isPartOf":{"@id":"https:\/\/kpdi.pl\/deutsch\/#website"},"datePublished":"2018-05-04T11:28:49+00:00","dateModified":"2025-09-25T12:46:38+00:00","description":"Obs\u0142uga korporacyjna sp\u00f3\u0142ek. Kancelaria Prawna KPDI (Gda\u0144sk) doradza przy tworzeniu dokumentacji wewn\u0119trznej grup kapita\u0142owych. Doradzamy zarz\u0105dom oraz radom nadzorczym sp\u00f3\u0142ek kapita\u0142owych w toku ich bie\u017c\u0105cej dzia\u0142alno\u015bci.","breadcrumb":{"@id":"https:\/\/kpdi.pl\/deutsch\/obsluga-korporacyjna-spolek\/#breadcrumb"},"inLanguage":"de","potentialAction":[{"@type":"ReadAction","target":["https:\/\/kpdi.pl\/deutsch\/obsluga-korporacyjna-spolek\/"]}]},{"@type":"BreadcrumbList","@id":"https:\/\/kpdi.pl\/deutsch\/obsluga-korporacyjna-spolek\/#breadcrumb","itemListElement":[{"@type":"ListItem","position":1,"name":"Strona g\u0142\u00f3wna","item":"https:\/\/kpdi.pl\/deutsch\/"},{"@type":"ListItem","position":2,"name":"Rechtsberatung von Kapitalgesellschaften"}]},{"@type":"WebSite","@id":"https:\/\/kpdi.pl\/deutsch\/#website","url":"https:\/\/kpdi.pl\/deutsch\/","name":"KPDI DE","description":"Kancelaria Prawna Gda\u0144sk, obs\u0142uga prawna przedsi\u0119biorstw","potentialAction":[{"@type":"SearchAction","target":{"@type":"EntryPoint","urlTemplate":"https:\/\/kpdi.pl\/deutsch\/?s={search_term_string}"},"query-input":{"@type":"PropertyValueSpecification","valueRequired":true,"valueName":"search_term_string"}}],"inLanguage":"de"}]}},"_links":{"self":[{"href":"https:\/\/kpdi.pl\/deutsch\/wp-json\/wp\/v2\/pages\/1672","targetHints":{"allow":["GET"]}}],"collection":[{"href":"https:\/\/kpdi.pl\/deutsch\/wp-json\/wp\/v2\/pages"}],"about":[{"href":"https:\/\/kpdi.pl\/deutsch\/wp-json\/wp\/v2\/types\/page"}],"author":[{"embeddable":true,"href":"https:\/\/kpdi.pl\/deutsch\/wp-json\/wp\/v2\/users\/1"}],"replies":[{"embeddable":true,"href":"https:\/\/kpdi.pl\/deutsch\/wp-json\/wp\/v2\/comments?post=1672"}],"version-history":[{"count":6,"href":"https:\/\/kpdi.pl\/deutsch\/wp-json\/wp\/v2\/pages\/1672\/revisions"}],"predecessor-version":[{"id":1912,"href":"https:\/\/kpdi.pl\/deutsch\/wp-json\/wp\/v2\/pages\/1672\/revisions\/1912"}],"wp:attachment":[{"href":"https:\/\/kpdi.pl\/deutsch\/wp-json\/wp\/v2\/media?parent=1672"}],"curies":[{"name":"wp","href":"https:\/\/api.w.org\/{rel}","templated":true}]}}