{"id":1960,"date":"2021-03-04T18:33:02","date_gmt":"2021-03-04T18:33:02","guid":{"rendered":"http:\/\/kpdi.pl\/deutsch\/?page_id=1960"},"modified":"2025-09-23T12:34:50","modified_gmt":"2025-09-23T12:34:50","slug":"anwalt-in-internationalen-angelegenheiten-gdansk","status":"publish","type":"page","link":"https:\/\/kpdi.pl\/deutsch\/anwalt-in-internationalen-angelegenheiten-gdansk\/","title":{"rendered":"UNSERE ERFAHRUNG IN INTERNATIONALEN ANGELEGENHEITEN\u00a0"},"content":{"rendered":"<h2 id=\"tw-target-text\" class=\"tw-data-text tw-text-large XcVN5d tw-ta\" dir=\"ltr\" data-placeholder=\"T\u0142umaczenie\"><span lang=\"de\"><strong>UNSERE ERFAHRUNG IN INTERNATIONALEN ANGELEGENHEITEN\u00a0<\/strong> <\/span><\/h2>\n<p class=\"tw-data-text tw-text-large XcVN5d tw-ta\" dir=\"ltr\" data-placeholder=\"T\u0142umaczenie\"><span lang=\"de\">In unserer langj\u00e4hrigen T\u00e4tigkeit bei <a href=\"https:\/\/www.eurojuris.net\/home\" target=\"_blank\" rel=\"noopener\">EUROJURIS International<\/a> haben wir umfangreiche Erfahrungen in internationalen Angelegenheiten gesammelt. Wir vertreten Mandanten in F\u00e4llen, die ein Element des ausl\u00e4ndischen Rechts betreffen. Dies gilt haupts\u00e4chlich f\u00fcr Vertr\u00e4ge mit einem ausl\u00e4ndischen Auftragnehmer und im internationalen Handel. Wir organisieren Rechtshilfe im Ausland und helfen bei der Beilegung von Streitigkeiten in internationalen Angelegenheiten. <\/span><\/p>\n<h3><strong><img decoding=\"async\" class=\"alignnone wp-image-1500\" src=\"http:\/\/kpdi.pl\/wp-content\/uploads\/2018\/03\/IKONA-kafle.png\" alt=\"Kancelaria KPDI\" width=\"25\" height=\"25\" \/> <\/strong><span lang=\"de\"><strong>WIR HANDELN GRENZ\u00dcBERSCHRTEITEND<\/strong><br \/>\n<\/span><\/h3>\n<p><img decoding=\"async\" class=\"size-full wp-image-1044 alignright\" src=\"http:\/\/kpdi.pl\/wp-content\/uploads\/2015\/02\/law_7-compressor1.jpg\" alt=\"\" width=\"596\" height=\"750\" \/><\/p>\n<p>&nbsp;<\/p>\n<div id=\"tw-target-text-container\" class=\"tw-ta-container hide-focus-ring tw-nfl\" tabindex=\"0\">\n<p id=\"tw-target-text\" class=\"tw-data-text tw-text-large XcVN5d tw-ta\" dir=\"ltr\" data-placeholder=\"T\u0142umaczenie\"><span lang=\"de\">EUROJURIS International ist eine Organisation von \u00fcber 600 Anwaltskanzleien mit \u00fcber 6.000 Anw\u00e4lten. Das T\u00e4tigkeitsspektrum der Organisation erstreckt sich nicht nur auf das gesamte Gebiet der EU, sondern auch auf die meisten L\u00e4nder Asiens und Amerikas. Dank unserer langj\u00e4hrigen T\u00e4tigkeit in diesem Netzwerk haben wir Kompetenz in der Beratung in internationalen Angelegenheiten erworben. Dank der entwickelten Beziehungen zu Anwaltskanzleien, die mit EUROJURIS International verbunden sind, \u00fcbernehmen wir effizient die Vertretung von Mandanten in Polen, holen Beratung und Vertretung in ausl\u00e4ndischen Gerichtsbarkeiten ein, nehmen an Schulungen, thematischen Konferenzen und internationalem Austausch teil. <\/span><\/p>\n<h3><strong><img decoding=\"async\" class=\"alignnone wp-image-1500\" src=\"http:\/\/kpdi.pl\/wp-content\/uploads\/2018\/03\/IKONA-kafle.png\" alt=\"Kancelaria KPDI\" width=\"25\" height=\"25\" \/> <span lang=\"de\">UNTERST\u00dcTZUNG F\u00dcR INTERNATIONALEN HANDEL <\/span><\/strong><\/h3>\n<p class=\"tw-data-text tw-text-large XcVN5d tw-ta\" dir=\"ltr\" data-placeholder=\"T\u0142umaczenie\"><span lang=\"de\">Die Zusammenarbeit auf dem Gemeinschaftsmarkt, ein reger wirtschaftlicher Austausch mit den L\u00e4ndern Asiens und der USA, sind nur Beispiele daf\u00fcr, wie sich unsere Kunden f\u00fcr die M\u00e4rkte anderer L\u00e4nder \u00f6ffnen. Dieser Aspekt des Gesch\u00e4fts wirft auch Probleme internationaler Natur auf, deren L\u00f6sung die Unterst\u00fctzung von Anw\u00e4lten mit ausl\u00e4ndischer Erfahrung und angemessener sprachlicher Vorbereitung erfordert. Wenn andererseits die Beziehung zum Auftragnehmer auf ausl\u00e4ndischem Recht beruht, ist die Unterst\u00fctzung eines ausl\u00e4ndischen Anwalts unabdingbar. <\/span><\/p>\n<h3><strong><img decoding=\"async\" class=\"alignnone wp-image-1500\" src=\"http:\/\/kpdi.pl\/wp-content\/uploads\/2018\/03\/IKONA-kafle.png\" alt=\"Kancelaria KPDI\" width=\"25\" height=\"25\" \/> <span lang=\"de\">AUF SCHUTZ DER QUALIT\u00c4T <\/span><\/strong><\/h3>\n<p><span lang=\"de\">EUROJURIS International verbindet nicht nur Anw\u00e4lte, sondern sichert auch die Qualit\u00e4t ihrer Dienstleistungen. Viele Unternehmen sind nach ISO 9001 zertifiziert. Regelm\u00e4\u00dfige Schulungen gew\u00e4hrleisten die hohen Standards, die Kunden im In- und Ausland erwarten. KPDI hat au\u00dferdem ein Prozessmanagementsystem implementiert, das den Standards ISO 9001 und 27001 entspricht.<\/span><\/p>\n<\/div>\n<div id=\"tw-target-rmn-container\" class=\"tw-ta-container hide-focus-ring tw-nfl\">\n<pre id=\"tw-target-rmn\" class=\"tw-data-placeholder tw-text-small tw-ta\" dir=\"ltr\" data-placeholder=\"\"><\/pre>\n<\/div>\n","protected":false},"excerpt":{"rendered":"<p>UNSERE ERFAHRUNG IN INTERNATIONALEN ANGELEGENHEITEN\u00a0 In unserer langj\u00e4hrigen T\u00e4tigkeit bei [&hellip;]<\/p>\n","protected":false},"author":1,"featured_media":0,"parent":0,"menu_order":0,"comment_status":"closed","ping_status":"closed","template":"","meta":{"_exactmetrics_skip_tracking":false,"_exactmetrics_sitenote_active":false,"_exactmetrics_sitenote_note":"","_exactmetrics_sitenote_category":0,"footnotes":""},"class_list":["post-1960","page","type-page","status-publish","hentry"],"yoast_head":"<!-- This site is optimized with the Yoast SEO plugin v27.5 - https:\/\/yoast.com\/product\/yoast-seo-wordpress\/ -->\n<title>KPDI Kanzlei | Ihr Berater in internationalen Angelegenheiten<\/title>\n<meta name=\"description\" content=\"KPDI Kanzlei Gdansk | Wir sind in internationalen Angelegenheiten t\u00e4tig, inkl. nach deutschem Recht. Internationale Prozesse, Inkasso\" \/>\n<meta name=\"robots\" content=\"index, follow, max-snippet:-1, max-image-preview:large, max-video-preview:-1\" \/>\n<link rel=\"canonical\" href=\"https:\/\/kpdi.pl\/deutsch\/anwalt-in-internationalen-angelegenheiten-gdansk\/\" \/>\n<meta property=\"og:locale\" content=\"de_DE\" \/>\n<meta property=\"og:type\" content=\"article\" \/>\n<meta property=\"og:title\" content=\"KPDI Kanzlei | Ihr Berater in internationalen Angelegenheiten\" \/>\n<meta property=\"og:description\" content=\"KPDI Kanzlei Gdansk | Wir sind in internationalen Angelegenheiten t\u00e4tig, inkl. nach deutschem Recht. Internationale Prozesse, Inkasso\" \/>\n<meta property=\"og:url\" content=\"https:\/\/kpdi.pl\/deutsch\/anwalt-in-internationalen-angelegenheiten-gdansk\/\" \/>\n<meta property=\"og:site_name\" content=\"KPDI DE\" \/>\n<meta property=\"article:modified_time\" content=\"2025-09-23T12:34:50+00:00\" \/>\n<meta property=\"og:image\" content=\"https:\/\/kpdi.pl\/deutsch\/wp-content\/uploads\/sites\/5\/2018\/03\/IKONA-kafle.png\" \/>\n\t<meta property=\"og:image:width\" content=\"62\" \/>\n\t<meta property=\"og:image:height\" content=\"61\" \/>\n\t<meta property=\"og:image:type\" content=\"image\/png\" \/>\n<meta name=\"twitter:card\" content=\"summary_large_image\" \/>\n<meta name=\"twitter:label1\" content=\"Gesch\u00e4tzte Lesezeit\" \/>\n\t<meta name=\"twitter:data1\" content=\"3\u00a0Minuten\" \/>\n<script type=\"application\/ld+json\" class=\"yoast-schema-graph\">{\"@context\":\"https:\\\/\\\/schema.org\",\"@graph\":[{\"@type\":\"WebPage\",\"@id\":\"https:\\\/\\\/kpdi.pl\\\/deutsch\\\/anwalt-in-internationalen-angelegenheiten-gdansk\\\/\",\"url\":\"https:\\\/\\\/kpdi.pl\\\/deutsch\\\/anwalt-in-internationalen-angelegenheiten-gdansk\\\/\",\"name\":\"KPDI Kanzlei | Ihr Berater in internationalen Angelegenheiten\",\"isPartOf\":{\"@id\":\"https:\\\/\\\/kpdi.pl\\\/deutsch\\\/#website\"},\"primaryImageOfPage\":{\"@id\":\"https:\\\/\\\/kpdi.pl\\\/deutsch\\\/anwalt-in-internationalen-angelegenheiten-gdansk\\\/#primaryimage\"},\"image\":{\"@id\":\"https:\\\/\\\/kpdi.pl\\\/deutsch\\\/anwalt-in-internationalen-angelegenheiten-gdansk\\\/#primaryimage\"},\"thumbnailUrl\":\"http:\\\/\\\/kpdi.pl\\\/wp-content\\\/uploads\\\/2018\\\/03\\\/IKONA-kafle.png\",\"datePublished\":\"2021-03-04T18:33:02+00:00\",\"dateModified\":\"2025-09-23T12:34:50+00:00\",\"description\":\"KPDI Kanzlei Gdansk | Wir sind in internationalen Angelegenheiten t\u00e4tig, inkl. nach deutschem Recht. Internationale Prozesse, Inkasso\",\"breadcrumb\":{\"@id\":\"https:\\\/\\\/kpdi.pl\\\/deutsch\\\/anwalt-in-internationalen-angelegenheiten-gdansk\\\/#breadcrumb\"},\"inLanguage\":\"de\",\"potentialAction\":[{\"@type\":\"ReadAction\",\"target\":[\"https:\\\/\\\/kpdi.pl\\\/deutsch\\\/anwalt-in-internationalen-angelegenheiten-gdansk\\\/\"]}]},{\"@type\":\"ImageObject\",\"inLanguage\":\"de\",\"@id\":\"https:\\\/\\\/kpdi.pl\\\/deutsch\\\/anwalt-in-internationalen-angelegenheiten-gdansk\\\/#primaryimage\",\"url\":\"http:\\\/\\\/kpdi.pl\\\/wp-content\\\/uploads\\\/2018\\\/03\\\/IKONA-kafle.png\",\"contentUrl\":\"http:\\\/\\\/kpdi.pl\\\/wp-content\\\/uploads\\\/2018\\\/03\\\/IKONA-kafle.png\"},{\"@type\":\"BreadcrumbList\",\"@id\":\"https:\\\/\\\/kpdi.pl\\\/deutsch\\\/anwalt-in-internationalen-angelegenheiten-gdansk\\\/#breadcrumb\",\"itemListElement\":[{\"@type\":\"ListItem\",\"position\":1,\"name\":\"Strona g\u0142\u00f3wna\",\"item\":\"https:\\\/\\\/kpdi.pl\\\/deutsch\\\/\"},{\"@type\":\"ListItem\",\"position\":2,\"name\":\"UNSERE ERFAHRUNG IN INTERNATIONALEN ANGELEGENHEITEN\u00a0\"}]},{\"@type\":\"WebSite\",\"@id\":\"https:\\\/\\\/kpdi.pl\\\/deutsch\\\/#website\",\"url\":\"https:\\\/\\\/kpdi.pl\\\/deutsch\\\/\",\"name\":\"KPDI DE\",\"description\":\"Kancelaria Prawna Gda\u0144sk, obs\u0142uga prawna przedsi\u0119biorstw\",\"potentialAction\":[{\"@type\":\"SearchAction\",\"target\":{\"@type\":\"EntryPoint\",\"urlTemplate\":\"https:\\\/\\\/kpdi.pl\\\/deutsch\\\/?s={search_term_string}\"},\"query-input\":{\"@type\":\"PropertyValueSpecification\",\"valueRequired\":true,\"valueName\":\"search_term_string\"}}],\"inLanguage\":\"de\"}]}<\/script>\n<!-- \/ Yoast SEO plugin. -->","yoast_head_json":{"title":"KPDI Kanzlei | Ihr Berater in internationalen Angelegenheiten","description":"KPDI Kanzlei Gdansk | Wir sind in internationalen Angelegenheiten t\u00e4tig, inkl. nach deutschem Recht. Internationale Prozesse, Inkasso","robots":{"index":"index","follow":"follow","max-snippet":"max-snippet:-1","max-image-preview":"max-image-preview:large","max-video-preview":"max-video-preview:-1"},"canonical":"https:\/\/kpdi.pl\/deutsch\/anwalt-in-internationalen-angelegenheiten-gdansk\/","og_locale":"de_DE","og_type":"article","og_title":"KPDI Kanzlei | Ihr Berater in internationalen Angelegenheiten","og_description":"KPDI Kanzlei Gdansk | Wir sind in internationalen Angelegenheiten t\u00e4tig, inkl. nach deutschem Recht. Internationale Prozesse, Inkasso","og_url":"https:\/\/kpdi.pl\/deutsch\/anwalt-in-internationalen-angelegenheiten-gdansk\/","og_site_name":"KPDI DE","article_modified_time":"2025-09-23T12:34:50+00:00","og_image":[{"width":62,"height":61,"url":"https:\/\/kpdi.pl\/deutsch\/wp-content\/uploads\/sites\/5\/2018\/03\/IKONA-kafle.png","type":"image\/png"}],"twitter_card":"summary_large_image","twitter_misc":{"Gesch\u00e4tzte Lesezeit":"3\u00a0Minuten"},"schema":{"@context":"https:\/\/schema.org","@graph":[{"@type":"WebPage","@id":"https:\/\/kpdi.pl\/deutsch\/anwalt-in-internationalen-angelegenheiten-gdansk\/","url":"https:\/\/kpdi.pl\/deutsch\/anwalt-in-internationalen-angelegenheiten-gdansk\/","name":"KPDI Kanzlei | Ihr Berater in internationalen Angelegenheiten","isPartOf":{"@id":"https:\/\/kpdi.pl\/deutsch\/#website"},"primaryImageOfPage":{"@id":"https:\/\/kpdi.pl\/deutsch\/anwalt-in-internationalen-angelegenheiten-gdansk\/#primaryimage"},"image":{"@id":"https:\/\/kpdi.pl\/deutsch\/anwalt-in-internationalen-angelegenheiten-gdansk\/#primaryimage"},"thumbnailUrl":"http:\/\/kpdi.pl\/wp-content\/uploads\/2018\/03\/IKONA-kafle.png","datePublished":"2021-03-04T18:33:02+00:00","dateModified":"2025-09-23T12:34:50+00:00","description":"KPDI Kanzlei Gdansk | Wir sind in internationalen Angelegenheiten t\u00e4tig, inkl. nach deutschem Recht. Internationale Prozesse, Inkasso","breadcrumb":{"@id":"https:\/\/kpdi.pl\/deutsch\/anwalt-in-internationalen-angelegenheiten-gdansk\/#breadcrumb"},"inLanguage":"de","potentialAction":[{"@type":"ReadAction","target":["https:\/\/kpdi.pl\/deutsch\/anwalt-in-internationalen-angelegenheiten-gdansk\/"]}]},{"@type":"ImageObject","inLanguage":"de","@id":"https:\/\/kpdi.pl\/deutsch\/anwalt-in-internationalen-angelegenheiten-gdansk\/#primaryimage","url":"http:\/\/kpdi.pl\/wp-content\/uploads\/2018\/03\/IKONA-kafle.png","contentUrl":"http:\/\/kpdi.pl\/wp-content\/uploads\/2018\/03\/IKONA-kafle.png"},{"@type":"BreadcrumbList","@id":"https:\/\/kpdi.pl\/deutsch\/anwalt-in-internationalen-angelegenheiten-gdansk\/#breadcrumb","itemListElement":[{"@type":"ListItem","position":1,"name":"Strona g\u0142\u00f3wna","item":"https:\/\/kpdi.pl\/deutsch\/"},{"@type":"ListItem","position":2,"name":"UNSERE ERFAHRUNG IN INTERNATIONALEN ANGELEGENHEITEN\u00a0"}]},{"@type":"WebSite","@id":"https:\/\/kpdi.pl\/deutsch\/#website","url":"https:\/\/kpdi.pl\/deutsch\/","name":"KPDI DE","description":"Kancelaria Prawna Gda\u0144sk, obs\u0142uga prawna przedsi\u0119biorstw","potentialAction":[{"@type":"SearchAction","target":{"@type":"EntryPoint","urlTemplate":"https:\/\/kpdi.pl\/deutsch\/?s={search_term_string}"},"query-input":{"@type":"PropertyValueSpecification","valueRequired":true,"valueName":"search_term_string"}}],"inLanguage":"de"}]}},"_links":{"self":[{"href":"https:\/\/kpdi.pl\/deutsch\/wp-json\/wp\/v2\/pages\/1960","targetHints":{"allow":["GET"]}}],"collection":[{"href":"https:\/\/kpdi.pl\/deutsch\/wp-json\/wp\/v2\/pages"}],"about":[{"href":"https:\/\/kpdi.pl\/deutsch\/wp-json\/wp\/v2\/types\/page"}],"author":[{"embeddable":true,"href":"https:\/\/kpdi.pl\/deutsch\/wp-json\/wp\/v2\/users\/1"}],"replies":[{"embeddable":true,"href":"https:\/\/kpdi.pl\/deutsch\/wp-json\/wp\/v2\/comments?post=1960"}],"version-history":[{"count":6,"href":"https:\/\/kpdi.pl\/deutsch\/wp-json\/wp\/v2\/pages\/1960\/revisions"}],"predecessor-version":[{"id":1999,"href":"https:\/\/kpdi.pl\/deutsch\/wp-json\/wp\/v2\/pages\/1960\/revisions\/1999"}],"wp:attachment":[{"href":"https:\/\/kpdi.pl\/deutsch\/wp-json\/wp\/v2\/media?parent=1960"}],"curies":[{"name":"wp","href":"https:\/\/api.w.org\/{rel}","templated":true}]}}