{"id":2050,"date":"2025-09-25T13:02:46","date_gmt":"2025-09-25T13:02:46","guid":{"rendered":"https:\/\/kpdi.pl\/deutsch\/?page_id=2050"},"modified":"2025-09-25T13:04:32","modified_gmt":"2025-09-25T13:04:32","slug":"prawnik-zarzadzajacy-spolka-nasze-doswiadczenie-w-biznesie","status":"publish","type":"page","link":"https:\/\/kpdi.pl\/deutsch\/prawnik-zarzadzajacy-spolka-nasze-doswiadczenie-w-biznesie\/","title":{"rendered":"Rechtsanwalt der die Gesellschaft leitet"},"content":{"rendered":"<div class=\"fusion-fullwidth fullwidth-box fusion-builder-row-1 fusion-flex-container nonhundred-percent-fullwidth non-hundred-percent-height-scrolling\" style=\"background-color: rgba(255,255,255,0);background-position: center center;background-repeat: no-repeat;border-width: 0px 0px 0px 0px;border-color:#eae9e9;border-style:solid;\" ><div class=\"fusion-builder-row fusion-row fusion-flex-align-items-flex-start\" style=\"max-width:1144px;margin-left: calc(-4% \/ 2 );margin-right: calc(-4% \/ 2 );\"><div class=\"fusion-layout-column fusion_builder_column fusion-builder-column-0 fusion_builder_column_1_1 1_1 fusion-flex-column\"><div class=\"fusion-column-wrapper fusion-flex-justify-content-flex-start fusion-content-layout-column\" style=\"background-position:left top;background-blend-mode: overlay;background-repeat:no-repeat;-webkit-background-size:cover;-moz-background-size:cover;-o-background-size:cover;background-size:cover;padding: 0px 0px 0px 0px;\"><div class=\"fusion-text fusion-text-1\"><blockquote>\n<p><strong>Wir treffen t\u00e4glich wirtschaftliche Entscheidungen, agieren als Marktteilnehmer und sind mit den aktuellen Problemen der Gesch\u00e4ftst\u00e4tigkeit konfrontiert. Dadurch sind wir darauf vorbereitet, nicht nur Ihr Rechtsberater, sondern auch Ihr Gesch\u00e4ftspartner zu sein.<\/strong><\/p>\n<\/blockquote>\n<p>Ein Rechtsanwalt, der eine Gesellschaft leitet, ist im Wirtschaftsverkehr ein immer h\u00e4ufiger anzutreffendes Ph\u00e4nomen. Seit einigen Jahren erlauben sogar die als konservativ geltenden Regeln der Anwaltsethik die Mitwirkung von Rechtsanw\u00e4lten in Vorst\u00e4nden von Gesellschaften. Nat\u00fcrlich verwaltet jeder Anwalt, der eine eigene Kanzlei betreibt, auch sein eigenes Unternehmen. Dabei handelt es sich jedoch in der Regel um ein Kleinstunternehmen oder h\u00f6chstens um ein kleines Unternehmen, das auf dem recht spezifischen Markt der Rechtsberatung t\u00e4tig ist.<\/p>\n<p>Erst die \u00dcbernahme der Gesch\u00e4ftsf\u00fchrung eines anderen Unternehmens erm\u00f6glichte es uns, die Bed\u00fcrfnisse unserer Kunden vollst\u00e4ndig zu verstehen.<\/p>\n<h3 class=\"fusion-responsive-typography-calculated\" style=\"--fontsize: 16; line-height: 1.5; --minfontsize: 16;\" data-fontsize=\"16\" data-lineheight=\"24px\"><img decoding=\"async\" class=\"alignleft wp-image-1500\" src=\"https:\/\/kpdi.pl\/wp-content\/uploads\/2018\/03\/IKONA-kafle.png\" alt=\"Kancelaria KPDI\" width=\"25\" height=\"25\" \/>Gesch\u00e4ftliches Problem<\/h3>\n<p>Wie oft h\u00f6ren wir von einem Anwalt: Ich kann Ihnen nicht helfen, weil Ihr Problem \u201egesch\u00e4ftlicher\u201d und nicht \u201erechtlicher\u201d Natur ist? Auf diese Weise sch\u00fctzen sich Anw\u00e4lte vor der Verantwortung f\u00fcr wirtschaftliche Entscheidungen. Aber nicht nur das. Meistens weichen sie jedoch Fragen aus Bereichen aus, in denen sie nicht \u00fcber viel Erfahrung verf\u00fcgen. Dabei erwartet der Kunde in der Regel eine L\u00f6sung f\u00fcr sein Problem, das seinem Wesen nach gesch\u00e4ftlicher Natur ist.<\/p>\n<h3 class=\"fusion-responsive-typography-calculated\" style=\"--fontsize: 16; line-height: 1.5; --minfontsize: 16;\" data-fontsize=\"16\" data-lineheight=\"24px\"><img decoding=\"async\" class=\"wp-image-1500 alignleft\" src=\"https:\/\/kpdi.pl\/wp-content\/uploads\/2018\/03\/IKONA-kafle.png\" alt=\"Kancelaria KPDI\" width=\"25\" height=\"25\" \/>Ein Anwalt als Gesch\u00e4ftsf\u00fchrer \u2013 wozu?<\/h3>\n<p>Nach vielen Jahren der Rechtspraxis im Bereich des Wirtschaftsverkehrs haben wir ein breites Spektrum an Problemen und Risiken im Zusammenhang mit der F\u00fchrung eines Unternehmens kennengelernt. Erst die \u00dcbernahme der Leitung eines anderen Unternehmens als unserer Kanzlei erm\u00f6glicht es uns jedoch, die Denkweise und Erwartungen unserer Kunden wirklich zu verstehen. Ein Anwalt, der ein Unternehmen leitet, steht auf der anderen Seite und stellt sich Herausforderungen, die bisher nicht in den Bereich der Rechtsberatung fielen.<\/p>\n<h3 class=\"fusion-responsive-typography-calculated\" style=\"--fontsize: 16; line-height: 1.5; --minfontsize: 16;\" data-fontsize=\"16\" data-lineheight=\"24px\"><img decoding=\"async\" class=\"alignleft wp-image-1500\" src=\"https:\/\/kpdi.pl\/wp-content\/uploads\/2018\/03\/IKONA-kafle.png\" alt=\"Kancelaria KPDI\" width=\"25\" height=\"25\" \/><\/h3>\n<h3 class=\"fusion-responsive-typography-calculated\" style=\"--fontsize: 16; line-height: 1.5; --minfontsize: 16;\" data-fontsize=\"16\" data-lineheight=\"24px\">Unsere Erfahrungen<\/h3>\n<p>Die Partner der Kanzlei KPDI sind seit vielen Jahren in der Verwaltung anderer Unternehmen t\u00e4tig \u2013 sowohl eigener als auch fremder. Dazu geh\u00f6ren Unternehmen aus dem Produktionsbereich (u. a. Baudienstleistungen, Werbung, neue Technologien, Bekleidung) und dem Dienstleistungsbereich (u. a. Schienenverkehr, Schulungen).<\/p>\n<p>Wir laden Sie zur Zusammenarbeit ein!<\/p>\n<p>Rechtsberater Robert Ignatiuk<\/p>\n<\/div><\/div><style type=\"text\/css\">.fusion-body .fusion-builder-column-0{width:100% !important;margin-top : 0px;margin-bottom : 0px;}.fusion-builder-column-0 > .fusion-column-wrapper {padding-top : 0px !important;padding-right : 0px !important;margin-right : 1.92%;padding-bottom : 0px !important;padding-left : 0px !important;margin-left : 1.92%;}@media only screen and (max-width:1024px) {.fusion-body .fusion-builder-column-0{width:100% !important;}.fusion-builder-column-0 > .fusion-column-wrapper {margin-right : 1.92%;margin-left : 1.92%;}}@media only screen and (max-width:640px) {.fusion-body .fusion-builder-column-0{width:100% !important;}.fusion-builder-column-0 > .fusion-column-wrapper {margin-right : 1.92%;margin-left : 1.92%;}}<\/style><\/div><\/div><style type=\"text\/css\">.fusion-body .fusion-flex-container.fusion-builder-row-1{ padding-top : 0px;margin-top : 0px;padding-right : 0px;padding-bottom : 0px;margin-bottom : 0px;padding-left : 0px;}<\/style><\/div>\n","protected":false},"excerpt":{"rendered":"","protected":false},"author":6,"featured_media":1763,"parent":0,"menu_order":0,"comment_status":"closed","ping_status":"closed","template":"","meta":{"_exactmetrics_skip_tracking":false,"_exactmetrics_sitenote_active":false,"_exactmetrics_sitenote_note":"","_exactmetrics_sitenote_category":0,"footnotes":""},"class_list":["post-2050","page","type-page","status-publish","has-post-thumbnail","hentry"],"yoast_head":"<!-- This site is optimized with the Yoast SEO plugin v27.5 - https:\/\/yoast.com\/product\/yoast-seo-wordpress\/ -->\n<title>Rechtsanwalt der die Gesellschaft leitet - KPDI DE<\/title>\n<meta name=\"robots\" content=\"index, follow, max-snippet:-1, max-image-preview:large, max-video-preview:-1\" \/>\n<link rel=\"canonical\" href=\"https:\/\/kpdi.pl\/deutsch\/prawnik-zarzadzajacy-spolka-nasze-doswiadczenie-w-biznesie\/\" \/>\n<meta property=\"og:locale\" content=\"de_DE\" \/>\n<meta property=\"og:type\" content=\"article\" \/>\n<meta property=\"og:title\" content=\"Rechtsanwalt der die Gesellschaft leitet - KPDI DE\" \/>\n<meta property=\"og:url\" content=\"https:\/\/kpdi.pl\/deutsch\/prawnik-zarzadzajacy-spolka-nasze-doswiadczenie-w-biznesie\/\" \/>\n<meta property=\"og:site_name\" content=\"KPDI DE\" \/>\n<meta property=\"article:modified_time\" content=\"2025-09-25T13:04:32+00:00\" \/>\n<meta property=\"og:image\" content=\"https:\/\/kpdi.pl\/deutsch\/wp-content\/uploads\/sites\/5\/2018\/05\/obs\u0142uga-korporacyjna-sp\u00f3\u0142ek.jpg\" \/>\n\t<meta property=\"og:image:width\" content=\"1500\" \/>\n\t<meta property=\"og:image:height\" content=\"994\" \/>\n\t<meta property=\"og:image:type\" content=\"image\/jpeg\" \/>\n<meta name=\"twitter:card\" content=\"summary_large_image\" \/>\n<meta name=\"twitter:label1\" content=\"Gesch\u00e4tzte Lesezeit\" \/>\n\t<meta name=\"twitter:data1\" content=\"3\u00a0Minuten\" \/>\n<script type=\"application\/ld+json\" class=\"yoast-schema-graph\">{\"@context\":\"https:\\\/\\\/schema.org\",\"@graph\":[{\"@type\":\"WebPage\",\"@id\":\"https:\\\/\\\/kpdi.pl\\\/deutsch\\\/prawnik-zarzadzajacy-spolka-nasze-doswiadczenie-w-biznesie\\\/\",\"url\":\"https:\\\/\\\/kpdi.pl\\\/deutsch\\\/prawnik-zarzadzajacy-spolka-nasze-doswiadczenie-w-biznesie\\\/\",\"name\":\"Rechtsanwalt der die Gesellschaft leitet - KPDI DE\",\"isPartOf\":{\"@id\":\"https:\\\/\\\/kpdi.pl\\\/deutsch\\\/#website\"},\"primaryImageOfPage\":{\"@id\":\"https:\\\/\\\/kpdi.pl\\\/deutsch\\\/prawnik-zarzadzajacy-spolka-nasze-doswiadczenie-w-biznesie\\\/#primaryimage\"},\"image\":{\"@id\":\"https:\\\/\\\/kpdi.pl\\\/deutsch\\\/prawnik-zarzadzajacy-spolka-nasze-doswiadczenie-w-biznesie\\\/#primaryimage\"},\"thumbnailUrl\":\"https:\\\/\\\/kpdi.pl\\\/deutsch\\\/wp-content\\\/uploads\\\/sites\\\/5\\\/2018\\\/05\\\/obs\u0142uga-korporacyjna-sp\u00f3\u0142ek.jpg\",\"datePublished\":\"2025-09-25T13:02:46+00:00\",\"dateModified\":\"2025-09-25T13:04:32+00:00\",\"breadcrumb\":{\"@id\":\"https:\\\/\\\/kpdi.pl\\\/deutsch\\\/prawnik-zarzadzajacy-spolka-nasze-doswiadczenie-w-biznesie\\\/#breadcrumb\"},\"inLanguage\":\"de\",\"potentialAction\":[{\"@type\":\"ReadAction\",\"target\":[\"https:\\\/\\\/kpdi.pl\\\/deutsch\\\/prawnik-zarzadzajacy-spolka-nasze-doswiadczenie-w-biznesie\\\/\"]}]},{\"@type\":\"ImageObject\",\"inLanguage\":\"de\",\"@id\":\"https:\\\/\\\/kpdi.pl\\\/deutsch\\\/prawnik-zarzadzajacy-spolka-nasze-doswiadczenie-w-biznesie\\\/#primaryimage\",\"url\":\"https:\\\/\\\/kpdi.pl\\\/deutsch\\\/wp-content\\\/uploads\\\/sites\\\/5\\\/2018\\\/05\\\/obs\u0142uga-korporacyjna-sp\u00f3\u0142ek.jpg\",\"contentUrl\":\"https:\\\/\\\/kpdi.pl\\\/deutsch\\\/wp-content\\\/uploads\\\/sites\\\/5\\\/2018\\\/05\\\/obs\u0142uga-korporacyjna-sp\u00f3\u0142ek.jpg\",\"width\":1500,\"height\":994,\"caption\":\"obs\u0142uga korporacyjna sp\u00f3\u0142ek\"},{\"@type\":\"BreadcrumbList\",\"@id\":\"https:\\\/\\\/kpdi.pl\\\/deutsch\\\/prawnik-zarzadzajacy-spolka-nasze-doswiadczenie-w-biznesie\\\/#breadcrumb\",\"itemListElement\":[{\"@type\":\"ListItem\",\"position\":1,\"name\":\"Strona g\u0142\u00f3wna\",\"item\":\"https:\\\/\\\/kpdi.pl\\\/deutsch\\\/\"},{\"@type\":\"ListItem\",\"position\":2,\"name\":\"Rechtsanwalt der die Gesellschaft leitet\"}]},{\"@type\":\"WebSite\",\"@id\":\"https:\\\/\\\/kpdi.pl\\\/deutsch\\\/#website\",\"url\":\"https:\\\/\\\/kpdi.pl\\\/deutsch\\\/\",\"name\":\"KPDI DE\",\"description\":\"Kancelaria Prawna Gda\u0144sk, obs\u0142uga prawna przedsi\u0119biorstw\",\"potentialAction\":[{\"@type\":\"SearchAction\",\"target\":{\"@type\":\"EntryPoint\",\"urlTemplate\":\"https:\\\/\\\/kpdi.pl\\\/deutsch\\\/?s={search_term_string}\"},\"query-input\":{\"@type\":\"PropertyValueSpecification\",\"valueRequired\":true,\"valueName\":\"search_term_string\"}}],\"inLanguage\":\"de\"}]}<\/script>\n<!-- \/ Yoast SEO plugin. -->","yoast_head_json":{"title":"Rechtsanwalt der die Gesellschaft leitet - KPDI DE","robots":{"index":"index","follow":"follow","max-snippet":"max-snippet:-1","max-image-preview":"max-image-preview:large","max-video-preview":"max-video-preview:-1"},"canonical":"https:\/\/kpdi.pl\/deutsch\/prawnik-zarzadzajacy-spolka-nasze-doswiadczenie-w-biznesie\/","og_locale":"de_DE","og_type":"article","og_title":"Rechtsanwalt der die Gesellschaft leitet - KPDI DE","og_url":"https:\/\/kpdi.pl\/deutsch\/prawnik-zarzadzajacy-spolka-nasze-doswiadczenie-w-biznesie\/","og_site_name":"KPDI DE","article_modified_time":"2025-09-25T13:04:32+00:00","og_image":[{"width":1500,"height":994,"url":"https:\/\/kpdi.pl\/deutsch\/wp-content\/uploads\/sites\/5\/2018\/05\/obs\u0142uga-korporacyjna-sp\u00f3\u0142ek.jpg","type":"image\/jpeg"}],"twitter_card":"summary_large_image","twitter_misc":{"Gesch\u00e4tzte Lesezeit":"3\u00a0Minuten"},"schema":{"@context":"https:\/\/schema.org","@graph":[{"@type":"WebPage","@id":"https:\/\/kpdi.pl\/deutsch\/prawnik-zarzadzajacy-spolka-nasze-doswiadczenie-w-biznesie\/","url":"https:\/\/kpdi.pl\/deutsch\/prawnik-zarzadzajacy-spolka-nasze-doswiadczenie-w-biznesie\/","name":"Rechtsanwalt der die Gesellschaft leitet - KPDI DE","isPartOf":{"@id":"https:\/\/kpdi.pl\/deutsch\/#website"},"primaryImageOfPage":{"@id":"https:\/\/kpdi.pl\/deutsch\/prawnik-zarzadzajacy-spolka-nasze-doswiadczenie-w-biznesie\/#primaryimage"},"image":{"@id":"https:\/\/kpdi.pl\/deutsch\/prawnik-zarzadzajacy-spolka-nasze-doswiadczenie-w-biznesie\/#primaryimage"},"thumbnailUrl":"https:\/\/kpdi.pl\/deutsch\/wp-content\/uploads\/sites\/5\/2018\/05\/obs\u0142uga-korporacyjna-sp\u00f3\u0142ek.jpg","datePublished":"2025-09-25T13:02:46+00:00","dateModified":"2025-09-25T13:04:32+00:00","breadcrumb":{"@id":"https:\/\/kpdi.pl\/deutsch\/prawnik-zarzadzajacy-spolka-nasze-doswiadczenie-w-biznesie\/#breadcrumb"},"inLanguage":"de","potentialAction":[{"@type":"ReadAction","target":["https:\/\/kpdi.pl\/deutsch\/prawnik-zarzadzajacy-spolka-nasze-doswiadczenie-w-biznesie\/"]}]},{"@type":"ImageObject","inLanguage":"de","@id":"https:\/\/kpdi.pl\/deutsch\/prawnik-zarzadzajacy-spolka-nasze-doswiadczenie-w-biznesie\/#primaryimage","url":"https:\/\/kpdi.pl\/deutsch\/wp-content\/uploads\/sites\/5\/2018\/05\/obs\u0142uga-korporacyjna-sp\u00f3\u0142ek.jpg","contentUrl":"https:\/\/kpdi.pl\/deutsch\/wp-content\/uploads\/sites\/5\/2018\/05\/obs\u0142uga-korporacyjna-sp\u00f3\u0142ek.jpg","width":1500,"height":994,"caption":"obs\u0142uga korporacyjna sp\u00f3\u0142ek"},{"@type":"BreadcrumbList","@id":"https:\/\/kpdi.pl\/deutsch\/prawnik-zarzadzajacy-spolka-nasze-doswiadczenie-w-biznesie\/#breadcrumb","itemListElement":[{"@type":"ListItem","position":1,"name":"Strona g\u0142\u00f3wna","item":"https:\/\/kpdi.pl\/deutsch\/"},{"@type":"ListItem","position":2,"name":"Rechtsanwalt der die Gesellschaft leitet"}]},{"@type":"WebSite","@id":"https:\/\/kpdi.pl\/deutsch\/#website","url":"https:\/\/kpdi.pl\/deutsch\/","name":"KPDI DE","description":"Kancelaria Prawna Gda\u0144sk, obs\u0142uga prawna przedsi\u0119biorstw","potentialAction":[{"@type":"SearchAction","target":{"@type":"EntryPoint","urlTemplate":"https:\/\/kpdi.pl\/deutsch\/?s={search_term_string}"},"query-input":{"@type":"PropertyValueSpecification","valueRequired":true,"valueName":"search_term_string"}}],"inLanguage":"de"}]}},"_links":{"self":[{"href":"https:\/\/kpdi.pl\/deutsch\/wp-json\/wp\/v2\/pages\/2050","targetHints":{"allow":["GET"]}}],"collection":[{"href":"https:\/\/kpdi.pl\/deutsch\/wp-json\/wp\/v2\/pages"}],"about":[{"href":"https:\/\/kpdi.pl\/deutsch\/wp-json\/wp\/v2\/types\/page"}],"author":[{"embeddable":true,"href":"https:\/\/kpdi.pl\/deutsch\/wp-json\/wp\/v2\/users\/6"}],"replies":[{"embeddable":true,"href":"https:\/\/kpdi.pl\/deutsch\/wp-json\/wp\/v2\/comments?post=2050"}],"version-history":[{"count":1,"href":"https:\/\/kpdi.pl\/deutsch\/wp-json\/wp\/v2\/pages\/2050\/revisions"}],"predecessor-version":[{"id":2051,"href":"https:\/\/kpdi.pl\/deutsch\/wp-json\/wp\/v2\/pages\/2050\/revisions\/2051"}],"wp:featuredmedia":[{"embeddable":true,"href":"https:\/\/kpdi.pl\/deutsch\/wp-json\/wp\/v2\/media\/1763"}],"wp:attachment":[{"href":"https:\/\/kpdi.pl\/deutsch\/wp-json\/wp\/v2\/media?parent=2050"}],"curies":[{"name":"wp","href":"https:\/\/api.w.org\/{rel}","templated":true}]}}