{"id":1088,"date":"2018-03-12T21:52:17","date_gmt":"2018-03-12T21:52:17","guid":{"rendered":"http:\/\/kpdi.pl\/english\/?page_id=1088"},"modified":"2018-11-05T19:53:51","modified_gmt":"2018-11-05T19:53:51","slug":"fuzje-i-przejecia-spolek","status":"publish","type":"page","link":"https:\/\/kpdi.pl\/english\/fuzje-i-przejecia-spolek\/","title":{"rendered":"Home\/ Mergers and acquisitions of companies"},"content":{"rendered":"<div class=\"fusion-fullwidth fullwidth-box fusion-builder-row-1 nonhundred-percent-fullwidth non-hundred-percent-height-scrolling\" style=\"background-color: rgba(255,255,255,0);background-position: center center;background-repeat: no-repeat;padding-top:0px;padding-right:0px;padding-bottom:0px;padding-left:0px;margin-bottom: 0px;margin-top: 0px;border-width: 0px 0px 0px 0px;border-color:#eae9e9;border-style:solid;\" ><div class=\"fusion-builder-row fusion-row\"><div class=\"fusion-layout-column fusion_builder_column fusion-builder-column-0 fusion_builder_column_3_5 3_5 fusion-three-fifth fusion-column-first\" style=\"width:60%;width:calc(60% - ( ( 4% ) * 0.6 ) );margin-right: 4%;margin-top:0px;margin-bottom:20px;\"><div class=\"fusion-column-wrapper fusion-flex-column-wrapper-legacy\" style=\"background-position:left top;background-repeat:no-repeat;-webkit-background-size:cover;-moz-background-size:cover;-o-background-size:cover;background-size:cover;padding: 0px 0px 0px 0px;\"><div class=\"fusion-text fusion-text-1\"><h3><strong>We enjoy many years of experience in M&amp;A transactions.<\/strong><\/h3>\n<p>We advised on numerous restructuring processes in which commercial companies were separated, joined or new ones formed or joint venture companies were established. We represented among others Grupa LOTOS S.A. in negotiations and establishing the joint venture of LOTOS Air BP Sp. z o.o.<\/p>\n<p>We proved our effectiveness not only strictly in M&amp;A, but also in asset deals.<\/p>\n<h3><strong>Legal audits<\/strong><\/h3>\n<p>This type of projects involves developing due diligence reports and determining legal conditions for transactions.<\/p>\n<h3><strong>Negotiations<\/strong><\/h3>\n<p>Our lawyers also negotiate packages of agreements regarding M&amp;A transactions to comprehensively regulate the contractual obligations of all parties of such transactions as well as the relations between the acquired company and the market and between the acquired company and its authorities.<\/p>\n<h3><strong>Intended concentration<\/strong><\/h3>\n<p>We represent our Clients before the President of the Office of Competition and Consumer Protection in the process of notifying of the intention to concentrate.<\/p>\n<\/div><div class=\"fusion-clearfix\"><\/div><\/div><\/div><div class=\"fusion-layout-column fusion_builder_column fusion-builder-column-1 fusion_builder_column_2_5 2_5 fusion-two-fifth fusion-column-last\" style=\"width:40%;width:calc(40% - ( ( 4% ) * 0.4 ) );margin-top:0px;margin-bottom:20px;\"><div class=\"fusion-column-wrapper fusion-flex-column-wrapper-legacy\" style=\"background-position:left top;background-repeat:no-repeat;-webkit-background-size:cover;-moz-background-size:cover;-o-background-size:cover;background-size:cover;padding: 0px 0px 0px 0px;\"><span class=\" fusion-imageframe imageframe-none imageframe-1 hover-type-none\"><img decoding=\"async\" width=\"831\" height=\"550\" alt=\"fuzje i przej\u0119cia\" title=\"law_post_8-compressor\" src=\"http:\/\/kpdi.pl\/wp-content\/uploads\/sites\/4\/2015\/07\/law_post_8-compressor.jpg\" class=\"img-responsive wp-image-963\"\/><\/span><div class=\"fusion-clearfix\"><\/div><\/div><\/div><\/div><\/div>\n","protected":false},"excerpt":{"rendered":"","protected":false},"author":1,"featured_media":0,"parent":0,"menu_order":0,"comment_status":"closed","ping_status":"closed","template":"","meta":{"_exactmetrics_skip_tracking":false,"_exactmetrics_sitenote_active":false,"_exactmetrics_sitenote_note":"","_exactmetrics_sitenote_category":0,"footnotes":""},"class_list":["post-1088","page","type-page","status-publish","hentry"],"yoast_head":"<!-- This site is optimized with the Yoast SEO plugin v27.5 - https:\/\/yoast.com\/product\/yoast-seo-wordpress\/ -->\n<title>M&amp;A, fuzje i przej\u0119cia sp\u00f3\u0142ek | Kancelaria Prawna KPDI (Gda\u0144sk)<\/title>\n<meta name=\"description\" content=\"W ramach obs\u0142ugi grup kapita\u0142owych prowadzimy ich restrukturyzacje wewn\u0119trzne. Doradzamy w zakresie transakcji M&amp;A, w tym w nabywaniu sp\u00f3\u0142ek oraz zorganizowanych cz\u0119\u015bci przedsi\u0119biorstw. Prowadzimy audyty prawne przedsi\u0119biorstw.\" \/>\n<meta name=\"robots\" content=\"index, follow, max-snippet:-1, max-image-preview:large, max-video-preview:-1\" \/>\n<link rel=\"canonical\" href=\"https:\/\/kpdi.pl\/english\/fuzje-i-przejecia-spolek\/\" \/>\n<meta property=\"og:locale\" content=\"en_US\" \/>\n<meta property=\"og:type\" content=\"article\" \/>\n<meta property=\"og:title\" content=\"M&amp;A, fuzje i przej\u0119cia sp\u00f3\u0142ek | Kancelaria Prawna KPDI (Gda\u0144sk)\" \/>\n<meta property=\"og:description\" content=\"W ramach obs\u0142ugi grup kapita\u0142owych prowadzimy ich restrukturyzacje wewn\u0119trzne. Doradzamy w zakresie transakcji M&amp;A, w tym w nabywaniu sp\u00f3\u0142ek oraz zorganizowanych cz\u0119\u015bci przedsi\u0119biorstw. Prowadzimy audyty prawne przedsi\u0119biorstw.\" \/>\n<meta property=\"og:url\" content=\"https:\/\/kpdi.pl\/english\/fuzje-i-przejecia-spolek\/\" \/>\n<meta property=\"og:site_name\" content=\"KPDI EN\" \/>\n<meta property=\"article:modified_time\" content=\"2018-11-05T19:53:51+00:00\" \/>\n<meta name=\"twitter:card\" content=\"summary_large_image\" \/>\n<meta name=\"twitter:label1\" content=\"Est. reading time\" \/>\n\t<meta name=\"twitter:data1\" content=\"2 minutes\" \/>\n<script type=\"application\/ld+json\" class=\"yoast-schema-graph\">{\"@context\":\"https:\\\/\\\/schema.org\",\"@graph\":[{\"@type\":\"WebPage\",\"@id\":\"https:\\\/\\\/kpdi.pl\\\/english\\\/fuzje-i-przejecia-spolek\\\/\",\"url\":\"https:\\\/\\\/kpdi.pl\\\/english\\\/fuzje-i-przejecia-spolek\\\/\",\"name\":\"M&A, fuzje i przej\u0119cia sp\u00f3\u0142ek | Kancelaria Prawna KPDI (Gda\u0144sk)\",\"isPartOf\":{\"@id\":\"https:\\\/\\\/kpdi.pl\\\/english\\\/#website\"},\"datePublished\":\"2018-03-12T21:52:17+00:00\",\"dateModified\":\"2018-11-05T19:53:51+00:00\",\"description\":\"W ramach obs\u0142ugi grup kapita\u0142owych prowadzimy ich restrukturyzacje wewn\u0119trzne. Doradzamy w zakresie transakcji M&A, w tym w nabywaniu sp\u00f3\u0142ek oraz zorganizowanych cz\u0119\u015bci przedsi\u0119biorstw. Prowadzimy audyty prawne przedsi\u0119biorstw.\",\"breadcrumb\":{\"@id\":\"https:\\\/\\\/kpdi.pl\\\/english\\\/fuzje-i-przejecia-spolek\\\/#breadcrumb\"},\"inLanguage\":\"en-US\",\"potentialAction\":[{\"@type\":\"ReadAction\",\"target\":[\"https:\\\/\\\/kpdi.pl\\\/english\\\/fuzje-i-przejecia-spolek\\\/\"]}]},{\"@type\":\"BreadcrumbList\",\"@id\":\"https:\\\/\\\/kpdi.pl\\\/english\\\/fuzje-i-przejecia-spolek\\\/#breadcrumb\",\"itemListElement\":[{\"@type\":\"ListItem\",\"position\":1,\"name\":\"Strona g\u0142\u00f3wna\",\"item\":\"https:\\\/\\\/kpdi.pl\\\/english\\\/\"},{\"@type\":\"ListItem\",\"position\":2,\"name\":\"Home\\\/ Mergers and acquisitions of companies\"}]},{\"@type\":\"WebSite\",\"@id\":\"https:\\\/\\\/kpdi.pl\\\/english\\\/#website\",\"url\":\"https:\\\/\\\/kpdi.pl\\\/english\\\/\",\"name\":\"KPDI EN\",\"description\":\"KPDI | Law Office Gda\u0144sk\",\"potentialAction\":[{\"@type\":\"SearchAction\",\"target\":{\"@type\":\"EntryPoint\",\"urlTemplate\":\"https:\\\/\\\/kpdi.pl\\\/english\\\/?s={search_term_string}\"},\"query-input\":{\"@type\":\"PropertyValueSpecification\",\"valueRequired\":true,\"valueName\":\"search_term_string\"}}],\"inLanguage\":\"en-US\"}]}<\/script>\n<!-- \/ Yoast SEO plugin. -->","yoast_head_json":{"title":"M&A, fuzje i przej\u0119cia sp\u00f3\u0142ek | Kancelaria Prawna KPDI (Gda\u0144sk)","description":"W ramach obs\u0142ugi grup kapita\u0142owych prowadzimy ich restrukturyzacje wewn\u0119trzne. Doradzamy w zakresie transakcji M&A, w tym w nabywaniu sp\u00f3\u0142ek oraz zorganizowanych cz\u0119\u015bci przedsi\u0119biorstw. Prowadzimy audyty prawne przedsi\u0119biorstw.","robots":{"index":"index","follow":"follow","max-snippet":"max-snippet:-1","max-image-preview":"max-image-preview:large","max-video-preview":"max-video-preview:-1"},"canonical":"https:\/\/kpdi.pl\/english\/fuzje-i-przejecia-spolek\/","og_locale":"en_US","og_type":"article","og_title":"M&A, fuzje i przej\u0119cia sp\u00f3\u0142ek | Kancelaria Prawna KPDI (Gda\u0144sk)","og_description":"W ramach obs\u0142ugi grup kapita\u0142owych prowadzimy ich restrukturyzacje wewn\u0119trzne. Doradzamy w zakresie transakcji M&A, w tym w nabywaniu sp\u00f3\u0142ek oraz zorganizowanych cz\u0119\u015bci przedsi\u0119biorstw. Prowadzimy audyty prawne przedsi\u0119biorstw.","og_url":"https:\/\/kpdi.pl\/english\/fuzje-i-przejecia-spolek\/","og_site_name":"KPDI EN","article_modified_time":"2018-11-05T19:53:51+00:00","twitter_card":"summary_large_image","twitter_misc":{"Est. reading time":"2 minutes"},"schema":{"@context":"https:\/\/schema.org","@graph":[{"@type":"WebPage","@id":"https:\/\/kpdi.pl\/english\/fuzje-i-przejecia-spolek\/","url":"https:\/\/kpdi.pl\/english\/fuzje-i-przejecia-spolek\/","name":"M&A, fuzje i przej\u0119cia sp\u00f3\u0142ek | Kancelaria Prawna KPDI (Gda\u0144sk)","isPartOf":{"@id":"https:\/\/kpdi.pl\/english\/#website"},"datePublished":"2018-03-12T21:52:17+00:00","dateModified":"2018-11-05T19:53:51+00:00","description":"W ramach obs\u0142ugi grup kapita\u0142owych prowadzimy ich restrukturyzacje wewn\u0119trzne. Doradzamy w zakresie transakcji M&A, w tym w nabywaniu sp\u00f3\u0142ek oraz zorganizowanych cz\u0119\u015bci przedsi\u0119biorstw. Prowadzimy audyty prawne przedsi\u0119biorstw.","breadcrumb":{"@id":"https:\/\/kpdi.pl\/english\/fuzje-i-przejecia-spolek\/#breadcrumb"},"inLanguage":"en-US","potentialAction":[{"@type":"ReadAction","target":["https:\/\/kpdi.pl\/english\/fuzje-i-przejecia-spolek\/"]}]},{"@type":"BreadcrumbList","@id":"https:\/\/kpdi.pl\/english\/fuzje-i-przejecia-spolek\/#breadcrumb","itemListElement":[{"@type":"ListItem","position":1,"name":"Strona g\u0142\u00f3wna","item":"https:\/\/kpdi.pl\/english\/"},{"@type":"ListItem","position":2,"name":"Home\/ Mergers and acquisitions of companies"}]},{"@type":"WebSite","@id":"https:\/\/kpdi.pl\/english\/#website","url":"https:\/\/kpdi.pl\/english\/","name":"KPDI EN","description":"KPDI | Law Office Gda\u0144sk","potentialAction":[{"@type":"SearchAction","target":{"@type":"EntryPoint","urlTemplate":"https:\/\/kpdi.pl\/english\/?s={search_term_string}"},"query-input":{"@type":"PropertyValueSpecification","valueRequired":true,"valueName":"search_term_string"}}],"inLanguage":"en-US"}]}},"_links":{"self":[{"href":"https:\/\/kpdi.pl\/english\/wp-json\/wp\/v2\/pages\/1088","targetHints":{"allow":["GET"]}}],"collection":[{"href":"https:\/\/kpdi.pl\/english\/wp-json\/wp\/v2\/pages"}],"about":[{"href":"https:\/\/kpdi.pl\/english\/wp-json\/wp\/v2\/types\/page"}],"author":[{"embeddable":true,"href":"https:\/\/kpdi.pl\/english\/wp-json\/wp\/v2\/users\/1"}],"replies":[{"embeddable":true,"href":"https:\/\/kpdi.pl\/english\/wp-json\/wp\/v2\/comments?post=1088"}],"version-history":[{"count":6,"href":"https:\/\/kpdi.pl\/english\/wp-json\/wp\/v2\/pages\/1088\/revisions"}],"predecessor-version":[{"id":1929,"href":"https:\/\/kpdi.pl\/english\/wp-json\/wp\/v2\/pages\/1088\/revisions\/1929"}],"wp:attachment":[{"href":"https:\/\/kpdi.pl\/english\/wp-json\/wp\/v2\/media?parent=1088"}],"curies":[{"name":"wp","href":"https:\/\/api.w.org\/{rel}","templated":true}]}}