{"id":1098,"date":"2018-03-12T22:39:49","date_gmt":"2018-03-12T22:39:49","guid":{"rendered":"http:\/\/kpdi.pl\/english\/?page_id=1098"},"modified":"2019-06-28T10:55:33","modified_gmt":"2019-06-28T10:55:33","slug":"zamowienia-publiczne","status":"publish","type":"page","link":"https:\/\/kpdi.pl\/english\/zamowienia-publiczne\/","title":{"rendered":"Public procurement"},"content":{"rendered":"<p><div class=\"fusion-fullwidth fullwidth-box fusion-builder-row-1 nonhundred-percent-fullwidth non-hundred-percent-height-scrolling\" style=\"background-color: rgba(255,255,255,0);background-position: center center;background-repeat: no-repeat;padding-top:0px;padding-right:0px;padding-bottom:0px;padding-left:0px;margin-bottom: 0px;margin-top: 0px;border-width: 0px 0px 0px 0px;border-color:#eae9e9;border-style:solid;\" ><div class=\"fusion-builder-row fusion-row\"><div class=\"fusion-layout-column fusion_builder_column fusion-builder-column-0 fusion_builder_column_1_1 1_1 fusion-one-full fusion-column-first fusion-column-last\" style=\"margin-top:0px;margin-bottom:20px;\"><div class=\"fusion-column-wrapper fusion-flex-column-wrapper-legacy\" style=\"background-position:left top;background-repeat:no-repeat;-webkit-background-size:cover;-moz-background-size:cover;-o-background-size:cover;background-size:cover;padding: 0px 0px 0px 0px;\"><div class=\"fusion-text fusion-text-1\"><h2><strong>KPDI Law Office has long-standing experience in the area of public procurement. <\/strong><\/h2>\n<\/div><div class=\"fusion-sep-clear\"><\/div><div class=\"fusion-separator fusion-full-width-sep\" style=\"margin-left: auto;margin-right: auto;margin-top:10px;margin-bottom:40px;width:100%;\"><div class=\"fusion-separator-border sep-single sep-solid\" style=\"border-color:rgba(39,134,229,0.76);border-top-width:1px;\"><\/div><\/div><div class=\"fusion-sep-clear\"><\/div><div class=\"fusion-clearfix\"><\/div><\/div><\/div><\/div><\/div><div class=\"fusion-fullwidth fullwidth-box fusion-builder-row-2 nonhundred-percent-fullwidth non-hundred-percent-height-scrolling\" style=\"background-color: rgba(255,255,255,0);background-position: center center;background-repeat: no-repeat;padding-top:0px;padding-right:0px;padding-bottom:0px;padding-left:0px;margin-bottom: 0px;margin-top: 0px;border-width: 0px 0px 0px 0px;border-color:#eae9e9;border-style:solid;\" ><div class=\"fusion-builder-row fusion-row\"><div class=\"fusion-layout-column fusion_builder_column fusion-builder-column-1 fusion_builder_column_3_5 3_5 fusion-three-fifth fusion-column-first\" style=\"width:60%;width:calc(60% - ( ( 4% ) * 0.6 ) );margin-right: 4%;margin-top:0px;margin-bottom:20px;\"><div class=\"fusion-column-wrapper fusion-flex-column-wrapper-legacy\" style=\"background-position:left top;background-repeat:no-repeat;-webkit-background-size:cover;-moz-background-size:cover;-o-background-size:cover;background-size:cover;padding: 0px 0px 0px 0px;\"><div class=\"fusion-text fusion-text-2\"><h3>Whom do we advise?<\/h3>\n<p>Public entities as the contracting authority obliged to follow the law and organize the purchase of goods and services according to strict procedures, are bound to follow provisions of the Public Procurement Law. These entities include first of all organizational units of the State Treasury, local government bodies and companies established by them.<\/p>\n<p>Lawyers also assist the economic operator who submits a tender in the public procurement procedure as economic operators are also entitled to legal remedies to ensure just assessment of tenders.<\/p>\n<\/div><div class=\"fusion-clearfix\"><\/div><\/div><\/div><div class=\"fusion-layout-column fusion_builder_column fusion-builder-column-2 fusion_builder_column_2_5 2_5 fusion-two-fifth fusion-column-last\" style=\"width:40%;width:calc(40% - ( ( 4% ) * 0.4 ) );margin-top:0px;margin-bottom:20px;\"><div class=\"fusion-column-wrapper fusion-flex-column-wrapper-legacy\" style=\"background-position:left top;background-repeat:no-repeat;-webkit-background-size:cover;-moz-background-size:cover;-o-background-size:cover;background-size:cover;padding: 0px 0px 0px 0px;\"><span class=\" fusion-imageframe imageframe-none imageframe-1 hover-type-none\"><img decoding=\"async\" width=\"831\" height=\"550\" alt=\"ochrona praw autorskich\" title=\"law_post_5-compressor\" src=\"http:\/\/kpdi.pl\/wp-content\/uploads\/sites\/4\/2015\/07\/law_post_5-compressor.jpg\" class=\"img-responsive wp-image-960\"\/><\/span><div class=\"fusion-clearfix\"><\/div><\/div><\/div><\/div><\/div><div class=\"fusion-fullwidth fullwidth-box fusion-builder-row-3 nonhundred-percent-fullwidth non-hundred-percent-height-scrolling\" style=\"background-color: rgba(255,255,255,0);background-position: center center;background-repeat: no-repeat;padding-top:0px;padding-right:0px;padding-bottom:0px;padding-left:0px;margin-bottom: 0px;margin-top: 0px;border-width: 0px 0px 0px 0px;border-color:#eae9e9;border-style:solid;\" ><div class=\"fusion-builder-row fusion-row\"><div class=\"fusion-layout-column fusion_builder_column fusion-builder-column-3 fusion_builder_column_1_1 1_1 fusion-one-full fusion-column-first fusion-column-last\" style=\"margin-top:0px;margin-bottom:20px;\"><div class=\"fusion-column-wrapper fusion-flex-column-wrapper-legacy\" style=\"background-position:left top;background-repeat:no-repeat;-webkit-background-size:cover;-moz-background-size:cover;-o-background-size:cover;background-size:cover;padding: 0px 0px 0px 0px;\"><div class=\"fusion-text fusion-text-3\"><h3><strong>What does our consultancy consist in?<\/strong><\/h3>\n<p>We advise the Contracting Authorities on developing the documentation required by the Public Procurement Law. A legal adviser assists in developing the essential terms of reference of a contract, advises on responses to tenderers\u2019 questions, and participates in the works of the commission appointed to assess tenders. Thanks to providing services to entities in the energy industry, we also organize utilities procurement.<\/p>\n<p>In practice, we also represent our Clients at the stage of performance under and settling public procurement contracts.<\/p>\n<p>In case of any disputes, we conduct negotiations and <a href=\"http:\/\/kpdi.pl\/english\/oferta\/kancelaria-prawna\/mediacja-w-sporach\">mediations<\/a> as well as represent our Clients in proceedings held before the National Chamber of Appeals and courts.<\/p>\n<\/div><div class=\"fusion-clearfix\"><\/div><\/div><\/div><\/div><\/div><div class=\"fusion-fullwidth fullwidth-box fusion-builder-row-4 nonhundred-percent-fullwidth non-hundred-percent-height-scrolling\" style=\"background-color: rgba(255,255,255,0);background-position: center center;background-repeat: no-repeat;padding-top:0px;padding-right:0px;padding-bottom:0px;padding-left:0px;margin-bottom: 0px;margin-top: 0px;border-width: 0px 0px 0px 0px;border-color:#eae9e9;border-style:solid;\" ><div class=\"fusion-builder-row fusion-row\"><div class=\"fusion-layout-column fusion_builder_column fusion-builder-column-4 fusion_builder_column_3_5 3_5 fusion-three-fifth fusion-column-first\" style=\"width:60%;width:calc(60% - ( ( 4% ) * 0.6 ) );margin-right: 4%;margin-top:0px;margin-bottom:20px;\"><div class=\"fusion-column-wrapper fusion-flex-column-wrapper-legacy\" style=\"background-position:left top;background-repeat:no-repeat;-webkit-background-size:cover;-moz-background-size:cover;-o-background-size:cover;background-size:cover;padding: 0px 0px 0px 0px;\"><div class=\"fusion-text fusion-text-4\"><h3><strong>\u00a0Our experience in public procurement<\/strong><\/h3>\n<p>Among other projects, our Law Office was the head consultant in the building of the Maritime Culture Centre in Gda\u0144sk. We developed the public procurement documentation, including the draft agreement, and we supervised the legal area of the investment until the final settlement with the general contractor and the intermediary financing institution (within the Norwegian Financial Mechanism). The investment was executed under a FIDIC contract.<\/p>\n<p>We also hold long-standing experience in providing legal services to hospitals and to energy companies where public contracts are awarded under the conditions of utilities procurement.<\/p>\n<\/div><div class=\"fusion-clearfix\"><\/div><\/div><\/div><div class=\"fusion-layout-column fusion_builder_column fusion-builder-column-5 fusion_builder_column_2_5 2_5 fusion-two-fifth fusion-column-last\" style=\"width:40%;width:calc(40% - ( ( 4% ) * 0.4 ) );margin-top:0px;margin-bottom:20px;\"><div class=\"fusion-column-wrapper fusion-flex-column-wrapper-legacy\" style=\"background-position:left top;background-repeat:no-repeat;-webkit-background-size:cover;-moz-background-size:cover;-o-background-size:cover;background-size:cover;padding: 0px 0px 0px 0px;\"><div class=\"fusion-sep-clear\"><\/div><div class=\"fusion-separator fusion-full-width-sep\" style=\"margin-left: auto;margin-right: auto;margin-top:10px;margin-bottom:10px;width:100%;\"><\/div><div class=\"fusion-sep-clear\"><\/div><span class=\" fusion-imageframe imageframe-none imageframe-2 hover-type-none\"><img decoding=\"async\" width=\"300\" height=\"169\" alt=\"zam\u00f3wienia publiczne\" title=\"zam\u00f3wienia publiczne\" src=\"http:\/\/kpdi.pl\/wp-content\/uploads\/sites\/4\/2018\/05\/zam\u00f3wienia-publiczne-300x169.jpg\" class=\"img-responsive wp-image-1719\" srcset=\"https:\/\/kpdi.pl\/english\/wp-content\/uploads\/sites\/4\/2018\/05\/zam\u00f3wienia-publiczne-200x113.jpg 200w, https:\/\/kpdi.pl\/english\/wp-content\/uploads\/sites\/4\/2018\/05\/zam\u00f3wienia-publiczne-400x225.jpg 400w, https:\/\/kpdi.pl\/english\/wp-content\/uploads\/sites\/4\/2018\/05\/zam\u00f3wienia-publiczne-600x338.jpg 600w, https:\/\/kpdi.pl\/english\/wp-content\/uploads\/sites\/4\/2018\/05\/zam\u00f3wienia-publiczne-800x450.jpg 800w, https:\/\/kpdi.pl\/english\/wp-content\/uploads\/sites\/4\/2018\/05\/zam\u00f3wienia-publiczne-1200x675.jpg 1200w, https:\/\/kpdi.pl\/english\/wp-content\/uploads\/sites\/4\/2018\/05\/zam\u00f3wienia-publiczne.jpg 4252w\" sizes=\"(max-width: 800px) 100vw, 600px\" \/><\/span><div class=\"fusion-clearfix\"><\/div><\/div><\/div><\/div><\/div><\/p>\n","protected":false},"excerpt":{"rendered":"","protected":false},"author":1,"featured_media":0,"parent":0,"menu_order":0,"comment_status":"closed","ping_status":"closed","template":"","meta":{"_exactmetrics_skip_tracking":false,"_exactmetrics_sitenote_active":false,"_exactmetrics_sitenote_note":"","_exactmetrics_sitenote_category":0,"footnotes":""},"class_list":["post-1098","page","type-page","status-publish","hentry"],"yoast_head":"<!-- This site is optimized with the Yoast SEO plugin v27.5 - https:\/\/yoast.com\/product\/yoast-seo-wordpress\/ -->\n<title>Public procurement - KPDI EN<\/title>\n<meta name=\"description\" content=\"Zam\u00f3wienia publiczne, w tym sektorowe. Doradzamy podmiotom obowi\u0105zanym do stosowania zam\u00f3wie\u0144 publicznych w przygotowywaniu SIWZ i organizacji post\u0119powa\u0144 o udzielenie zam\u00f3wienia. Reprezentujemy uczestnik\u00f3w post\u0119powa\u0144 przez Krajow\u0105 Izb\u0105 Odwo\u0142awcz\u0105 (KIO).\" \/>\n<meta name=\"robots\" content=\"index, follow, max-snippet:-1, max-image-preview:large, max-video-preview:-1\" \/>\n<link rel=\"canonical\" href=\"https:\/\/kpdi.pl\/english\/zamowienia-publiczne\/\" \/>\n<meta property=\"og:locale\" content=\"en_US\" \/>\n<meta property=\"og:type\" content=\"article\" \/>\n<meta property=\"og:title\" content=\"Public procurement - KPDI EN\" \/>\n<meta property=\"og:description\" content=\"Zam\u00f3wienia publiczne, w tym sektorowe. Doradzamy podmiotom obowi\u0105zanym do stosowania zam\u00f3wie\u0144 publicznych w przygotowywaniu SIWZ i organizacji post\u0119powa\u0144 o udzielenie zam\u00f3wienia. Reprezentujemy uczestnik\u00f3w post\u0119powa\u0144 przez Krajow\u0105 Izb\u0105 Odwo\u0142awcz\u0105 (KIO).\" \/>\n<meta property=\"og:url\" content=\"https:\/\/kpdi.pl\/english\/zamowienia-publiczne\/\" \/>\n<meta property=\"og:site_name\" content=\"KPDI EN\" \/>\n<meta property=\"article:modified_time\" content=\"2019-06-28T10:55:33+00:00\" \/>\n<meta name=\"twitter:card\" content=\"summary_large_image\" \/>\n<meta name=\"twitter:label1\" content=\"Est. reading time\" \/>\n\t<meta name=\"twitter:data1\" content=\"7 minutes\" \/>\n<script type=\"application\/ld+json\" class=\"yoast-schema-graph\">{\"@context\":\"https:\\\/\\\/schema.org\",\"@graph\":[{\"@type\":\"WebPage\",\"@id\":\"https:\\\/\\\/kpdi.pl\\\/english\\\/zamowienia-publiczne\\\/\",\"url\":\"https:\\\/\\\/kpdi.pl\\\/english\\\/zamowienia-publiczne\\\/\",\"name\":\"Public procurement - KPDI EN\",\"isPartOf\":{\"@id\":\"https:\\\/\\\/kpdi.pl\\\/english\\\/#website\"},\"datePublished\":\"2018-03-12T22:39:49+00:00\",\"dateModified\":\"2019-06-28T10:55:33+00:00\",\"description\":\"Zam\u00f3wienia publiczne, w tym sektorowe. Doradzamy podmiotom obowi\u0105zanym do stosowania zam\u00f3wie\u0144 publicznych w przygotowywaniu SIWZ i organizacji post\u0119powa\u0144 o udzielenie zam\u00f3wienia. Reprezentujemy uczestnik\u00f3w post\u0119powa\u0144 przez Krajow\u0105 Izb\u0105 Odwo\u0142awcz\u0105 (KIO).\",\"breadcrumb\":{\"@id\":\"https:\\\/\\\/kpdi.pl\\\/english\\\/zamowienia-publiczne\\\/#breadcrumb\"},\"inLanguage\":\"en-US\",\"potentialAction\":[{\"@type\":\"ReadAction\",\"target\":[\"https:\\\/\\\/kpdi.pl\\\/english\\\/zamowienia-publiczne\\\/\"]}]},{\"@type\":\"BreadcrumbList\",\"@id\":\"https:\\\/\\\/kpdi.pl\\\/english\\\/zamowienia-publiczne\\\/#breadcrumb\",\"itemListElement\":[{\"@type\":\"ListItem\",\"position\":1,\"name\":\"Strona g\u0142\u00f3wna\",\"item\":\"https:\\\/\\\/kpdi.pl\\\/english\\\/\"},{\"@type\":\"ListItem\",\"position\":2,\"name\":\"Public procurement\"}]},{\"@type\":\"WebSite\",\"@id\":\"https:\\\/\\\/kpdi.pl\\\/english\\\/#website\",\"url\":\"https:\\\/\\\/kpdi.pl\\\/english\\\/\",\"name\":\"KPDI EN\",\"description\":\"KPDI | Law Office Gda\u0144sk\",\"potentialAction\":[{\"@type\":\"SearchAction\",\"target\":{\"@type\":\"EntryPoint\",\"urlTemplate\":\"https:\\\/\\\/kpdi.pl\\\/english\\\/?s={search_term_string}\"},\"query-input\":{\"@type\":\"PropertyValueSpecification\",\"valueRequired\":true,\"valueName\":\"search_term_string\"}}],\"inLanguage\":\"en-US\"}]}<\/script>\n<!-- \/ Yoast SEO plugin. -->","yoast_head_json":{"title":"Public procurement - KPDI EN","description":"Zam\u00f3wienia publiczne, w tym sektorowe. Doradzamy podmiotom obowi\u0105zanym do stosowania zam\u00f3wie\u0144 publicznych w przygotowywaniu SIWZ i organizacji post\u0119powa\u0144 o udzielenie zam\u00f3wienia. Reprezentujemy uczestnik\u00f3w post\u0119powa\u0144 przez Krajow\u0105 Izb\u0105 Odwo\u0142awcz\u0105 (KIO).","robots":{"index":"index","follow":"follow","max-snippet":"max-snippet:-1","max-image-preview":"max-image-preview:large","max-video-preview":"max-video-preview:-1"},"canonical":"https:\/\/kpdi.pl\/english\/zamowienia-publiczne\/","og_locale":"en_US","og_type":"article","og_title":"Public procurement - KPDI EN","og_description":"Zam\u00f3wienia publiczne, w tym sektorowe. Doradzamy podmiotom obowi\u0105zanym do stosowania zam\u00f3wie\u0144 publicznych w przygotowywaniu SIWZ i organizacji post\u0119powa\u0144 o udzielenie zam\u00f3wienia. Reprezentujemy uczestnik\u00f3w post\u0119powa\u0144 przez Krajow\u0105 Izb\u0105 Odwo\u0142awcz\u0105 (KIO).","og_url":"https:\/\/kpdi.pl\/english\/zamowienia-publiczne\/","og_site_name":"KPDI EN","article_modified_time":"2019-06-28T10:55:33+00:00","twitter_card":"summary_large_image","twitter_misc":{"Est. reading time":"7 minutes"},"schema":{"@context":"https:\/\/schema.org","@graph":[{"@type":"WebPage","@id":"https:\/\/kpdi.pl\/english\/zamowienia-publiczne\/","url":"https:\/\/kpdi.pl\/english\/zamowienia-publiczne\/","name":"Public procurement - KPDI EN","isPartOf":{"@id":"https:\/\/kpdi.pl\/english\/#website"},"datePublished":"2018-03-12T22:39:49+00:00","dateModified":"2019-06-28T10:55:33+00:00","description":"Zam\u00f3wienia publiczne, w tym sektorowe. Doradzamy podmiotom obowi\u0105zanym do stosowania zam\u00f3wie\u0144 publicznych w przygotowywaniu SIWZ i organizacji post\u0119powa\u0144 o udzielenie zam\u00f3wienia. Reprezentujemy uczestnik\u00f3w post\u0119powa\u0144 przez Krajow\u0105 Izb\u0105 Odwo\u0142awcz\u0105 (KIO).","breadcrumb":{"@id":"https:\/\/kpdi.pl\/english\/zamowienia-publiczne\/#breadcrumb"},"inLanguage":"en-US","potentialAction":[{"@type":"ReadAction","target":["https:\/\/kpdi.pl\/english\/zamowienia-publiczne\/"]}]},{"@type":"BreadcrumbList","@id":"https:\/\/kpdi.pl\/english\/zamowienia-publiczne\/#breadcrumb","itemListElement":[{"@type":"ListItem","position":1,"name":"Strona g\u0142\u00f3wna","item":"https:\/\/kpdi.pl\/english\/"},{"@type":"ListItem","position":2,"name":"Public procurement"}]},{"@type":"WebSite","@id":"https:\/\/kpdi.pl\/english\/#website","url":"https:\/\/kpdi.pl\/english\/","name":"KPDI EN","description":"KPDI | Law Office Gda\u0144sk","potentialAction":[{"@type":"SearchAction","target":{"@type":"EntryPoint","urlTemplate":"https:\/\/kpdi.pl\/english\/?s={search_term_string}"},"query-input":{"@type":"PropertyValueSpecification","valueRequired":true,"valueName":"search_term_string"}}],"inLanguage":"en-US"}]}},"_links":{"self":[{"href":"https:\/\/kpdi.pl\/english\/wp-json\/wp\/v2\/pages\/1098","targetHints":{"allow":["GET"]}}],"collection":[{"href":"https:\/\/kpdi.pl\/english\/wp-json\/wp\/v2\/pages"}],"about":[{"href":"https:\/\/kpdi.pl\/english\/wp-json\/wp\/v2\/types\/page"}],"author":[{"embeddable":true,"href":"https:\/\/kpdi.pl\/english\/wp-json\/wp\/v2\/users\/1"}],"replies":[{"embeddable":true,"href":"https:\/\/kpdi.pl\/english\/wp-json\/wp\/v2\/comments?post=1098"}],"version-history":[{"count":10,"href":"https:\/\/kpdi.pl\/english\/wp-json\/wp\/v2\/pages\/1098\/revisions"}],"predecessor-version":[{"id":1987,"href":"https:\/\/kpdi.pl\/english\/wp-json\/wp\/v2\/pages\/1098\/revisions\/1987"}],"wp:attachment":[{"href":"https:\/\/kpdi.pl\/english\/wp-json\/wp\/v2\/media?parent=1098"}],"curies":[{"name":"wp","href":"https:\/\/api.w.org\/{rel}","templated":true}]}}