{"id":1110,"date":"2018-03-13T15:36:33","date_gmt":"2018-03-13T15:36:33","guid":{"rendered":"http:\/\/kpdi.pl\/english\/?page_id=1110"},"modified":"2018-03-13T15:58:57","modified_gmt":"2018-03-13T15:58:57","slug":"obsluga-spolek-energetycznych","status":"publish","type":"page","link":"https:\/\/kpdi.pl\/english\/obsluga-spolek-energetycznych\/","title":{"rendered":"Obs\u0142uga sp\u00f3\u0142ek energetycznych"},"content":{"rendered":"<p>Obs\u0142uga sp\u00f3\u0142ek energetycznych, w tym <a href=\"http:\/\/kpdi.pl\/english\/?page_id=1111&amp;preview=true\">paliwowych<\/a>, stanowi wiod\u0105cy obszar zainteresowania naszej Kancelarii.<\/p>\n<p>Wykaza\u0107 mo\u017cemy si\u0119 d\u0142ugoletnim do\u015bwiadczeniem w obs\u0142udze sp\u00f3\u0142ek prowadz\u0105cych dzia\u0142alno\u015b\u0107 w zakresie wytwarzania i sprzeda\u017cy energii elektrycznej oraz cieplnej w Gda\u0144sku.<\/p>\n<p>Prawnicy naszej Kancelarii zaanga\u017cowani byli w pionierskie na skal\u0119 krajow\u0105 projekty zwi\u0105zane z zapewnieniem bezpiecze\u0144stwa energetycznego kraju.<\/p>\n<p>Nie tylko doradzamy, ale i prowadzimy szkolenia tematyczne dla przedsi\u0119biorc\u00f3w z tej bran\u017cy.<\/p>\n<h3><strong>Audyty sp\u00f3\u0142ek energetycznych<\/strong><\/h3>\n<p>Doradzali\u015bmy w transakcjach przej\u0119cia sp\u00f3\u0142ek paliwowych i energetycznych (<a href=\"http:\/\/kpdi.pl\/english\/fuzje-i-przejecia-spolek\/\">M&amp;A<\/a>), prowadz\u0105c m.in. <em>due dilligence<\/em> prawne.<\/p>\n<h3><strong>Reprezentacja przez Prezesem Urz\u0119du Regulacji Energetyki<\/strong><\/h3>\n<p>Wielokrotnie reprezentowali\u015bmy klient\u00f3w w post\u0119powaniach przed Prezesem Urz\u0119du Regulacji Energetyki, w szczeg\u00f3lno\u015bci w post\u0119powaniach zwi\u0105zanych z udzieleniem i zmian\u0105 warunk\u00f3w koncesji na wytwarzanie energii, a tak\u017ce zatwierdzenia taryf.<\/p>\n<h3><strong>Nasze do\u015bwiadczenie<\/strong><\/h3>\n<p>Przez lata zapewniali\u015bmy wewn\u0119trzn\u0105 obs\u0142ug\u0119 <a href=\"http:\/\/kpdi.pl\/english\/upload\/other\/obs%C5%82uga%20prawna%20elektrociep%C5%82owni.pdf\" target=\"_blank\" rel=\"noopener\">Elektrociep\u0142owni Wybrze\u017ce (EDF Wybrze\u017ce) w Gda\u0144sku.<\/a> Od wielu lat \u015bwiadczymy sta\u0142\u0105 obs\u0142ug\u0119<a href=\"http:\/\/kpdi.pl\/english\/upload\/other\/obs%C5%82uga%20sp%C3%B3%C5%82ek%20energetycznych%20GPEC.pdf\" target=\"_blank\" rel=\"noopener\"> Gda\u0144skiego Przedsi\u0119biorstwa Energetyki Cieplnej (GPEC)<\/a>.<\/p>\n","protected":false},"excerpt":{"rendered":"<p>Obs\u0142uga sp\u00f3\u0142ek energetycznych, w tym paliwowych, stanowi wiod\u0105cy obszar zainteresowania [&hellip;]<\/p>\n","protected":false},"author":1,"featured_media":0,"parent":0,"menu_order":0,"comment_status":"closed","ping_status":"closed","template":"","meta":{"_exactmetrics_skip_tracking":false,"_exactmetrics_sitenote_active":false,"_exactmetrics_sitenote_note":"","_exactmetrics_sitenote_category":0,"footnotes":""},"class_list":["post-1110","page","type-page","status-publish","hentry"],"yoast_head":"<!-- This site is optimized with the Yoast SEO plugin v27.4 - https:\/\/yoast.com\/product\/yoast-seo-wordpress\/ -->\n<title>Obs\u0142uga sp\u00f3\u0142ek energetycznych | Kancelaria Prawna KPDI<\/title>\n<meta name=\"description\" content=\"Obs\u0142uga sp\u00f3\u0142ek energetycznych stanowi przedmiot \u015bcis\u0142ej specjalizacji naszej Kancelarii Prawnej. Reprezentujemy klient\u00f3w przed Prezesem URE oraz w bie\u017c\u0105cej dzia\u0142alno\u015bci przedsi\u0119biorstwa energetycznego.\" \/>\n<meta name=\"robots\" content=\"index, follow, max-snippet:-1, max-image-preview:large, max-video-preview:-1\" \/>\n<link rel=\"canonical\" href=\"https:\/\/kpdi.pl\/english\/obsluga-spolek-energetycznych\/\" \/>\n<meta property=\"og:locale\" content=\"en_US\" \/>\n<meta property=\"og:type\" content=\"article\" \/>\n<meta property=\"og:title\" content=\"Obs\u0142uga sp\u00f3\u0142ek energetycznych | Kancelaria Prawna KPDI\" \/>\n<meta property=\"og:description\" content=\"Obs\u0142uga sp\u00f3\u0142ek energetycznych stanowi przedmiot \u015bcis\u0142ej specjalizacji naszej Kancelarii Prawnej. Reprezentujemy klient\u00f3w przed Prezesem URE oraz w bie\u017c\u0105cej dzia\u0142alno\u015bci przedsi\u0119biorstwa energetycznego.\" \/>\n<meta property=\"og:url\" content=\"https:\/\/kpdi.pl\/english\/obsluga-spolek-energetycznych\/\" \/>\n<meta property=\"og:site_name\" content=\"KPDI EN\" \/>\n<meta property=\"article:modified_time\" content=\"2018-03-13T15:58:57+00:00\" \/>\n<meta name=\"twitter:card\" content=\"summary_large_image\" \/>\n<meta name=\"twitter:label1\" content=\"Est. reading time\" \/>\n\t<meta name=\"twitter:data1\" content=\"1 minute\" \/>\n<script type=\"application\/ld+json\" class=\"yoast-schema-graph\">{\"@context\":\"https:\\\/\\\/schema.org\",\"@graph\":[{\"@type\":\"WebPage\",\"@id\":\"https:\\\/\\\/kpdi.pl\\\/english\\\/obsluga-spolek-energetycznych\\\/\",\"url\":\"https:\\\/\\\/kpdi.pl\\\/english\\\/obsluga-spolek-energetycznych\\\/\",\"name\":\"Obs\u0142uga sp\u00f3\u0142ek energetycznych | Kancelaria Prawna KPDI\",\"isPartOf\":{\"@id\":\"https:\\\/\\\/kpdi.pl\\\/english\\\/#website\"},\"datePublished\":\"2018-03-13T15:36:33+00:00\",\"dateModified\":\"2018-03-13T15:58:57+00:00\",\"description\":\"Obs\u0142uga sp\u00f3\u0142ek energetycznych stanowi przedmiot \u015bcis\u0142ej specjalizacji naszej Kancelarii Prawnej. Reprezentujemy klient\u00f3w przed Prezesem URE oraz w bie\u017c\u0105cej dzia\u0142alno\u015bci przedsi\u0119biorstwa energetycznego.\",\"breadcrumb\":{\"@id\":\"https:\\\/\\\/kpdi.pl\\\/english\\\/obsluga-spolek-energetycznych\\\/#breadcrumb\"},\"inLanguage\":\"en-US\",\"potentialAction\":[{\"@type\":\"ReadAction\",\"target\":[\"https:\\\/\\\/kpdi.pl\\\/english\\\/obsluga-spolek-energetycznych\\\/\"]}]},{\"@type\":\"BreadcrumbList\",\"@id\":\"https:\\\/\\\/kpdi.pl\\\/english\\\/obsluga-spolek-energetycznych\\\/#breadcrumb\",\"itemListElement\":[{\"@type\":\"ListItem\",\"position\":1,\"name\":\"Strona g\u0142\u00f3wna\",\"item\":\"https:\\\/\\\/kpdi.pl\\\/english\\\/\"},{\"@type\":\"ListItem\",\"position\":2,\"name\":\"Obs\u0142uga sp\u00f3\u0142ek energetycznych\"}]},{\"@type\":\"WebSite\",\"@id\":\"https:\\\/\\\/kpdi.pl\\\/english\\\/#website\",\"url\":\"https:\\\/\\\/kpdi.pl\\\/english\\\/\",\"name\":\"KPDI EN\",\"description\":\"KPDI | Law Office Gda\u0144sk\",\"potentialAction\":[{\"@type\":\"SearchAction\",\"target\":{\"@type\":\"EntryPoint\",\"urlTemplate\":\"https:\\\/\\\/kpdi.pl\\\/english\\\/?s={search_term_string}\"},\"query-input\":{\"@type\":\"PropertyValueSpecification\",\"valueRequired\":true,\"valueName\":\"search_term_string\"}}],\"inLanguage\":\"en-US\"}]}<\/script>\n<!-- \/ Yoast SEO plugin. -->","yoast_head_json":{"title":"Obs\u0142uga sp\u00f3\u0142ek energetycznych | Kancelaria Prawna KPDI","description":"Obs\u0142uga sp\u00f3\u0142ek energetycznych stanowi przedmiot \u015bcis\u0142ej specjalizacji naszej Kancelarii Prawnej. Reprezentujemy klient\u00f3w przed Prezesem URE oraz w bie\u017c\u0105cej dzia\u0142alno\u015bci przedsi\u0119biorstwa energetycznego.","robots":{"index":"index","follow":"follow","max-snippet":"max-snippet:-1","max-image-preview":"max-image-preview:large","max-video-preview":"max-video-preview:-1"},"canonical":"https:\/\/kpdi.pl\/english\/obsluga-spolek-energetycznych\/","og_locale":"en_US","og_type":"article","og_title":"Obs\u0142uga sp\u00f3\u0142ek energetycznych | Kancelaria Prawna KPDI","og_description":"Obs\u0142uga sp\u00f3\u0142ek energetycznych stanowi przedmiot \u015bcis\u0142ej specjalizacji naszej Kancelarii Prawnej. Reprezentujemy klient\u00f3w przed Prezesem URE oraz w bie\u017c\u0105cej dzia\u0142alno\u015bci przedsi\u0119biorstwa energetycznego.","og_url":"https:\/\/kpdi.pl\/english\/obsluga-spolek-energetycznych\/","og_site_name":"KPDI EN","article_modified_time":"2018-03-13T15:58:57+00:00","twitter_card":"summary_large_image","twitter_misc":{"Est. reading time":"1 minute"},"schema":{"@context":"https:\/\/schema.org","@graph":[{"@type":"WebPage","@id":"https:\/\/kpdi.pl\/english\/obsluga-spolek-energetycznych\/","url":"https:\/\/kpdi.pl\/english\/obsluga-spolek-energetycznych\/","name":"Obs\u0142uga sp\u00f3\u0142ek energetycznych | Kancelaria Prawna KPDI","isPartOf":{"@id":"https:\/\/kpdi.pl\/english\/#website"},"datePublished":"2018-03-13T15:36:33+00:00","dateModified":"2018-03-13T15:58:57+00:00","description":"Obs\u0142uga sp\u00f3\u0142ek energetycznych stanowi przedmiot \u015bcis\u0142ej specjalizacji naszej Kancelarii Prawnej. Reprezentujemy klient\u00f3w przed Prezesem URE oraz w bie\u017c\u0105cej dzia\u0142alno\u015bci przedsi\u0119biorstwa energetycznego.","breadcrumb":{"@id":"https:\/\/kpdi.pl\/english\/obsluga-spolek-energetycznych\/#breadcrumb"},"inLanguage":"en-US","potentialAction":[{"@type":"ReadAction","target":["https:\/\/kpdi.pl\/english\/obsluga-spolek-energetycznych\/"]}]},{"@type":"BreadcrumbList","@id":"https:\/\/kpdi.pl\/english\/obsluga-spolek-energetycznych\/#breadcrumb","itemListElement":[{"@type":"ListItem","position":1,"name":"Strona g\u0142\u00f3wna","item":"https:\/\/kpdi.pl\/english\/"},{"@type":"ListItem","position":2,"name":"Obs\u0142uga sp\u00f3\u0142ek energetycznych"}]},{"@type":"WebSite","@id":"https:\/\/kpdi.pl\/english\/#website","url":"https:\/\/kpdi.pl\/english\/","name":"KPDI EN","description":"KPDI | Law Office Gda\u0144sk","potentialAction":[{"@type":"SearchAction","target":{"@type":"EntryPoint","urlTemplate":"https:\/\/kpdi.pl\/english\/?s={search_term_string}"},"query-input":{"@type":"PropertyValueSpecification","valueRequired":true,"valueName":"search_term_string"}}],"inLanguage":"en-US"}]}},"_links":{"self":[{"href":"https:\/\/kpdi.pl\/english\/wp-json\/wp\/v2\/pages\/1110","targetHints":{"allow":["GET"]}}],"collection":[{"href":"https:\/\/kpdi.pl\/english\/wp-json\/wp\/v2\/pages"}],"about":[{"href":"https:\/\/kpdi.pl\/english\/wp-json\/wp\/v2\/types\/page"}],"author":[{"embeddable":true,"href":"https:\/\/kpdi.pl\/english\/wp-json\/wp\/v2\/users\/1"}],"replies":[{"embeddable":true,"href":"https:\/\/kpdi.pl\/english\/wp-json\/wp\/v2\/comments?post=1110"}],"version-history":[{"count":3,"href":"https:\/\/kpdi.pl\/english\/wp-json\/wp\/v2\/pages\/1110\/revisions"}],"predecessor-version":[{"id":1115,"href":"https:\/\/kpdi.pl\/english\/wp-json\/wp\/v2\/pages\/1110\/revisions\/1115"}],"wp:attachment":[{"href":"https:\/\/kpdi.pl\/english\/wp-json\/wp\/v2\/media?parent=1110"}],"curies":[{"name":"wp","href":"https:\/\/api.w.org\/{rel}","templated":true}]}}