{"id":1118,"date":"2018-03-13T16:35:43","date_gmt":"2018-03-13T16:35:43","guid":{"rendered":"http:\/\/kpdi.pl\/english\/?page_id=1118"},"modified":"2025-09-25T10:05:08","modified_gmt":"2025-09-25T10:05:08","slug":"nieruchomosci","status":"publish","type":"page","link":"https:\/\/kpdi.pl\/english\/nieruchomosci\/","title":{"rendered":"Real estates"},"content":{"rendered":"<p><div class=\"fusion-fullwidth fullwidth-box fusion-builder-row-1 nonhundred-percent-fullwidth non-hundred-percent-height-scrolling\" style=\"background-color: rgba(255,255,255,0);background-position: center center;background-repeat: no-repeat;padding-top:0px;padding-right:0px;padding-bottom:0px;padding-left:0px;margin-bottom: 0px;margin-top: 0px;border-width: 0px 0px 0px 0px;border-color:#eae9e9;border-style:solid;\" ><div class=\"fusion-builder-row fusion-row\"><div class=\"fusion-layout-column fusion_builder_column fusion-builder-column-0 fusion_builder_column_1_1 1_1 fusion-one-full fusion-column-first fusion-column-last\" style=\"margin-top:0px;margin-bottom:20px;\"><div class=\"fusion-column-wrapper fusion-flex-column-wrapper-legacy\" style=\"background-position:left top;background-repeat:no-repeat;-webkit-background-size:cover;-moz-background-size:cover;-o-background-size:cover;background-size:cover;padding: 0px 0px 0px 0px;\"><div class=\"fusion-text fusion-text-1\"><h3 style=\"text-align: center;\"><strong>Real property is a special type of legal interests. Dealing in real property requires not only applying special procedures but also securing the interest of the parties to a real property transaction.<\/strong><\/h3>\n<\/div><div class=\"fusion-text fusion-text-2\"><p style=\"text-align: center;\">We are active on the real property market, in particular in the area of purchase of investment land.<\/p>\n<\/div><div class=\"fusion-sep-clear\"><\/div><div class=\"fusion-separator fusion-full-width-sep\" style=\"margin-left: auto;margin-right: auto;margin-top:10px;margin-bottom:40px;width:100%;\"><div class=\"fusion-separator-border sep-single sep-solid\" style=\"border-color:rgba(39,134,229,0.76);border-top-width:1px;\"><\/div><\/div><div class=\"fusion-sep-clear\"><\/div><div class=\"fusion-clearfix\"><\/div><\/div><\/div><\/div><\/div><div class=\"fusion-fullwidth fullwidth-box fusion-builder-row-2 nonhundred-percent-fullwidth non-hundred-percent-height-scrolling\" style=\"background-color: rgba(255,255,255,0);background-position: center center;background-repeat: no-repeat;padding-top:0px;padding-right:0px;padding-bottom:0px;padding-left:0px;margin-bottom: 0px;margin-top: 0px;border-width: 0px 0px 0px 0px;border-color:#eae9e9;border-style:solid;\" ><div class=\"fusion-builder-row fusion-row\"><div class=\"fusion-layout-column fusion_builder_column fusion-builder-column-1 fusion_builder_column_3_5 3_5 fusion-three-fifth fusion-column-first\" style=\"width:60%;width:calc(60% - ( ( 4% ) * 0.6 ) );margin-right: 4%;margin-top:0px;margin-bottom:20px;\"><div class=\"fusion-column-wrapper fusion-flex-column-wrapper-legacy\" style=\"background-position:left top;background-repeat:no-repeat;-webkit-background-size:cover;-moz-background-size:cover;-o-background-size:cover;background-size:cover;padding: 0px 0px 0px 0px;\"><div class=\"fusion-text fusion-text-3\"><h3><strong>Legal audits<\/strong><\/h3>\n<p>Knowledge of the legal status is of key importance for any investment regardless of its size. The role of a lawyer is to duly secure the interests of the represented party, which in the case of real property transactions is of particular importance due to the transaction value and nature of the property. Once a new investment is started, consequences of any legal defects will be extremely significant as one real property cannot be replaced with any other.<\/p>\n<p>To eliminate any risks connected with buying real property we conduct legal audits of real property. The audit is aimed at verifying the legal status \u2013 examining the conditions and validity of acquisition, any present liabilities or potential claims for ownership (in civil or public institutional proceedings), and conditions of future use, including development.<\/p>\n<\/div><div class=\"fusion-clearfix\"><\/div><\/div><\/div><div class=\"fusion-layout-column fusion_builder_column fusion-builder-column-2 fusion_builder_column_2_5 2_5 fusion-two-fifth fusion-column-last\" style=\"width:40%;width:calc(40% - ( ( 4% ) * 0.4 ) );margin-top:0px;margin-bottom:20px;\"><div class=\"fusion-column-wrapper fusion-flex-column-wrapper-legacy\" style=\"background-position:left top;background-repeat:no-repeat;-webkit-background-size:cover;-moz-background-size:cover;-o-background-size:cover;background-size:cover;padding: 0px 0px 0px 0px;\"><span class=\" fusion-imageframe imageframe-none imageframe-1 hover-type-none\"><img decoding=\"async\" width=\"600\" height=\"440\" alt=\"nieruchomo\u015bci\" title=\"law_6-compressor\" src=\"http:\/\/kpdi.pl\/wp-content\/uploads\/sites\/4\/2015\/02\/law_6-compressor.jpg\" class=\"img-responsive wp-image-733\"\/><\/span><div class=\"fusion-clearfix\"><\/div><\/div><\/div><\/div><\/div><div class=\"fusion-fullwidth fullwidth-box fusion-builder-row-3 nonhundred-percent-fullwidth non-hundred-percent-height-scrolling\" style=\"background-color: rgba(255,255,255,0);background-position: center center;background-repeat: no-repeat;padding-top:0px;padding-right:0px;padding-bottom:0px;padding-left:0px;margin-bottom: 0px;margin-top: 0px;border-width: 0px 0px 0px 0px;border-color:#eae9e9;border-style:solid;\" ><div class=\"fusion-builder-row fusion-row\"><div class=\"fusion-layout-column fusion_builder_column fusion-builder-column-3 fusion_builder_column_1_1 1_1 fusion-one-full fusion-column-first fusion-column-last\" style=\"margin-top:0px;margin-bottom:20px;\"><div class=\"fusion-column-wrapper fusion-flex-column-wrapper-legacy\" style=\"background-position:left top;background-repeat:no-repeat;-webkit-background-size:cover;-moz-background-size:cover;-o-background-size:cover;background-size:cover;padding: 0px 0px 0px 0px;\"><div class=\"fusion-sep-clear\"><\/div><div class=\"fusion-separator fusion-full-width-sep\" style=\"margin-left: auto;margin-right: auto;margin-top:10px;margin-bottom:40px;width:100%;\"><div class=\"fusion-separator-border sep-single sep-solid\" style=\"border-color:rgba(39,134,229,0.76);border-top-width:1px;\"><\/div><\/div><div class=\"fusion-sep-clear\"><\/div><div class=\"fusion-text fusion-text-4\"><h3><strong>Negotiations of agreements<\/strong><\/h3>\n<p>Despite the fact that real property transactions are made with the participation of notaries, often negotiations of the terms and conditions of transactions require a lawyer\u2019s involvement. The issues supervised by lawyers include among others determining proper collaterals, terms of payment, proper representations and indemnity.<\/p>\n<p>We also ensure participation of our lawyers during notarial deeds.<\/p>\n<\/div><div class=\"fusion-sep-clear\"><\/div><div class=\"fusion-separator fusion-full-width-sep\" style=\"margin-left: auto;margin-right: auto;margin-top:40px;margin-bottom:40px;width:100%;\"><div class=\"fusion-separator-border sep-single sep-solid\" style=\"border-color:rgba(39,134,229,0.76);border-top-width:1px;\"><\/div><\/div><div class=\"fusion-sep-clear\"><\/div><div class=\"fusion-clearfix\"><\/div><\/div><\/div><\/div><\/div><div class=\"fusion-fullwidth fullwidth-box fusion-builder-row-4 nonhundred-percent-fullwidth non-hundred-percent-height-scrolling\" style=\"background-color: rgba(255,255,255,0);background-position: center center;background-repeat: no-repeat;padding-top:0px;padding-right:0px;padding-bottom:0px;padding-left:0px;margin-bottom: 0px;margin-top: 0px;border-width: 0px 0px 0px 0px;border-color:#eae9e9;border-style:solid;\" ><div class=\"fusion-builder-row fusion-row\"><div class=\"fusion-layout-column fusion_builder_column fusion-builder-column-4 fusion_builder_column_3_5 3_5 fusion-three-fifth fusion-column-first\" style=\"width:60%;width:calc(60% - ( ( 4% ) * 0.6 ) );margin-right: 4%;margin-top:0px;margin-bottom:20px;\"><div class=\"fusion-column-wrapper fusion-flex-column-wrapper-legacy\" style=\"background-position:left top;background-repeat:no-repeat;-webkit-background-size:cover;-moz-background-size:cover;-o-background-size:cover;background-size:cover;padding: 0px 0px 0px 0px;\"><div class=\"fusion-text fusion-text-5\"><h3><strong>Purchase and lease of premises<\/strong><\/h3>\n<p>Real property means not only land but also premises. As such premises often are not yet built, particular type of risk occurs which needs to be provided for properly in an agreement.<\/p>\n<p>Similarly, particular type of risk occurs in the case of lease of premises \u2013 namely the risk of the tenant\u2019s refusal to leave the property and, consequently, the issue of eviction.<\/p>\n<p>All of these problems are constantly and successfully dealt with by KPDI.<\/p>\n<\/div><div class=\"fusion-clearfix\"><\/div><\/div><\/div><div class=\"fusion-layout-column fusion_builder_column fusion-builder-column-5 fusion_builder_column_2_5 2_5 fusion-two-fifth fusion-column-last\" style=\"width:40%;width:calc(40% - ( ( 4% ) * 0.4 ) );margin-top:0px;margin-bottom:20px;\"><div class=\"fusion-column-wrapper fusion-flex-column-wrapper-legacy\" style=\"background-position:left top;background-repeat:no-repeat;-webkit-background-size:cover;-moz-background-size:cover;-o-background-size:cover;background-size:cover;padding: 0px 0px 0px 0px;\"><span class=\" fusion-imageframe imageframe-none imageframe-2 hover-type-none\"><img decoding=\"async\" width=\"1123\" height=\"649\" title=\"law_2-compressor\" src=\"http:\/\/kpdi.pl\/wp-content\/uploads\/sites\/4\/2015\/02\/law_2-compressor.jpg\" alt class=\"img-responsive wp-image-682\"\/><\/span><div class=\"fusion-clearfix\"><\/div><\/div><\/div><\/div><\/div><\/p>\n","protected":false},"excerpt":{"rendered":"","protected":false},"author":1,"featured_media":0,"parent":0,"menu_order":0,"comment_status":"closed","ping_status":"closed","template":"","meta":{"_exactmetrics_skip_tracking":false,"_exactmetrics_sitenote_active":false,"_exactmetrics_sitenote_note":"","_exactmetrics_sitenote_category":0,"footnotes":""},"class_list":["post-1118","page","type-page","status-publish","hentry"],"yoast_head":"<!-- This site is optimized with the Yoast SEO plugin v27.5 - https:\/\/yoast.com\/product\/yoast-seo-wordpress\/ -->\n<title>Real estates - KPDI EN<\/title>\n<meta name=\"description\" content=\"Obs\u0142uga prawna transakcji maj\u0105cych za przedmiot nieruchomo\u015bci. Doradzamy przy zakupie, wynajmie oraz prowadzimy audyty nieruchomo\u015bci, w tym nieruchomo\u015bci inwestycyjnych.\" \/>\n<meta name=\"robots\" content=\"index, follow, max-snippet:-1, max-image-preview:large, max-video-preview:-1\" \/>\n<link rel=\"canonical\" href=\"https:\/\/kpdi.pl\/english\/nieruchomosci\/\" \/>\n<meta property=\"og:locale\" content=\"en_US\" \/>\n<meta property=\"og:type\" content=\"article\" \/>\n<meta property=\"og:title\" content=\"Real estates - KPDI EN\" \/>\n<meta property=\"og:description\" content=\"Obs\u0142uga prawna transakcji maj\u0105cych za przedmiot nieruchomo\u015bci. Doradzamy przy zakupie, wynajmie oraz prowadzimy audyty nieruchomo\u015bci, w tym nieruchomo\u015bci inwestycyjnych.\" \/>\n<meta property=\"og:url\" content=\"https:\/\/kpdi.pl\/english\/nieruchomosci\/\" \/>\n<meta property=\"og:site_name\" content=\"KPDI EN\" \/>\n<meta property=\"article:modified_time\" content=\"2025-09-25T10:05:08+00:00\" \/>\n<meta name=\"twitter:card\" content=\"summary_large_image\" \/>\n<meta name=\"twitter:label1\" content=\"Est. reading time\" \/>\n\t<meta name=\"twitter:data1\" content=\"4 minutes\" \/>\n<script type=\"application\/ld+json\" class=\"yoast-schema-graph\">{\"@context\":\"https:\\\/\\\/schema.org\",\"@graph\":[{\"@type\":\"WebPage\",\"@id\":\"https:\\\/\\\/kpdi.pl\\\/english\\\/nieruchomosci\\\/\",\"url\":\"https:\\\/\\\/kpdi.pl\\\/english\\\/nieruchomosci\\\/\",\"name\":\"Real estates - KPDI EN\",\"isPartOf\":{\"@id\":\"https:\\\/\\\/kpdi.pl\\\/english\\\/#website\"},\"datePublished\":\"2018-03-13T16:35:43+00:00\",\"dateModified\":\"2025-09-25T10:05:08+00:00\",\"description\":\"Obs\u0142uga prawna transakcji maj\u0105cych za przedmiot nieruchomo\u015bci. Doradzamy przy zakupie, wynajmie oraz prowadzimy audyty nieruchomo\u015bci, w tym nieruchomo\u015bci inwestycyjnych.\",\"breadcrumb\":{\"@id\":\"https:\\\/\\\/kpdi.pl\\\/english\\\/nieruchomosci\\\/#breadcrumb\"},\"inLanguage\":\"en-US\",\"potentialAction\":[{\"@type\":\"ReadAction\",\"target\":[\"https:\\\/\\\/kpdi.pl\\\/english\\\/nieruchomosci\\\/\"]}]},{\"@type\":\"BreadcrumbList\",\"@id\":\"https:\\\/\\\/kpdi.pl\\\/english\\\/nieruchomosci\\\/#breadcrumb\",\"itemListElement\":[{\"@type\":\"ListItem\",\"position\":1,\"name\":\"Strona g\u0142\u00f3wna\",\"item\":\"https:\\\/\\\/kpdi.pl\\\/english\\\/\"},{\"@type\":\"ListItem\",\"position\":2,\"name\":\"Real estates\"}]},{\"@type\":\"WebSite\",\"@id\":\"https:\\\/\\\/kpdi.pl\\\/english\\\/#website\",\"url\":\"https:\\\/\\\/kpdi.pl\\\/english\\\/\",\"name\":\"KPDI EN\",\"description\":\"KPDI | Law Office Gda\u0144sk\",\"potentialAction\":[{\"@type\":\"SearchAction\",\"target\":{\"@type\":\"EntryPoint\",\"urlTemplate\":\"https:\\\/\\\/kpdi.pl\\\/english\\\/?s={search_term_string}\"},\"query-input\":{\"@type\":\"PropertyValueSpecification\",\"valueRequired\":true,\"valueName\":\"search_term_string\"}}],\"inLanguage\":\"en-US\"}]}<\/script>\n<!-- \/ Yoast SEO plugin. -->","yoast_head_json":{"title":"Real estates - KPDI EN","description":"Obs\u0142uga prawna transakcji maj\u0105cych za przedmiot nieruchomo\u015bci. Doradzamy przy zakupie, wynajmie oraz prowadzimy audyty nieruchomo\u015bci, w tym nieruchomo\u015bci inwestycyjnych.","robots":{"index":"index","follow":"follow","max-snippet":"max-snippet:-1","max-image-preview":"max-image-preview:large","max-video-preview":"max-video-preview:-1"},"canonical":"https:\/\/kpdi.pl\/english\/nieruchomosci\/","og_locale":"en_US","og_type":"article","og_title":"Real estates - KPDI EN","og_description":"Obs\u0142uga prawna transakcji maj\u0105cych za przedmiot nieruchomo\u015bci. Doradzamy przy zakupie, wynajmie oraz prowadzimy audyty nieruchomo\u015bci, w tym nieruchomo\u015bci inwestycyjnych.","og_url":"https:\/\/kpdi.pl\/english\/nieruchomosci\/","og_site_name":"KPDI EN","article_modified_time":"2025-09-25T10:05:08+00:00","twitter_card":"summary_large_image","twitter_misc":{"Est. reading time":"4 minutes"},"schema":{"@context":"https:\/\/schema.org","@graph":[{"@type":"WebPage","@id":"https:\/\/kpdi.pl\/english\/nieruchomosci\/","url":"https:\/\/kpdi.pl\/english\/nieruchomosci\/","name":"Real estates - KPDI EN","isPartOf":{"@id":"https:\/\/kpdi.pl\/english\/#website"},"datePublished":"2018-03-13T16:35:43+00:00","dateModified":"2025-09-25T10:05:08+00:00","description":"Obs\u0142uga prawna transakcji maj\u0105cych za przedmiot nieruchomo\u015bci. Doradzamy przy zakupie, wynajmie oraz prowadzimy audyty nieruchomo\u015bci, w tym nieruchomo\u015bci inwestycyjnych.","breadcrumb":{"@id":"https:\/\/kpdi.pl\/english\/nieruchomosci\/#breadcrumb"},"inLanguage":"en-US","potentialAction":[{"@type":"ReadAction","target":["https:\/\/kpdi.pl\/english\/nieruchomosci\/"]}]},{"@type":"BreadcrumbList","@id":"https:\/\/kpdi.pl\/english\/nieruchomosci\/#breadcrumb","itemListElement":[{"@type":"ListItem","position":1,"name":"Strona g\u0142\u00f3wna","item":"https:\/\/kpdi.pl\/english\/"},{"@type":"ListItem","position":2,"name":"Real estates"}]},{"@type":"WebSite","@id":"https:\/\/kpdi.pl\/english\/#website","url":"https:\/\/kpdi.pl\/english\/","name":"KPDI EN","description":"KPDI | Law Office Gda\u0144sk","potentialAction":[{"@type":"SearchAction","target":{"@type":"EntryPoint","urlTemplate":"https:\/\/kpdi.pl\/english\/?s={search_term_string}"},"query-input":{"@type":"PropertyValueSpecification","valueRequired":true,"valueName":"search_term_string"}}],"inLanguage":"en-US"}]}},"_links":{"self":[{"href":"https:\/\/kpdi.pl\/english\/wp-json\/wp\/v2\/pages\/1118","targetHints":{"allow":["GET"]}}],"collection":[{"href":"https:\/\/kpdi.pl\/english\/wp-json\/wp\/v2\/pages"}],"about":[{"href":"https:\/\/kpdi.pl\/english\/wp-json\/wp\/v2\/types\/page"}],"author":[{"embeddable":true,"href":"https:\/\/kpdi.pl\/english\/wp-json\/wp\/v2\/users\/1"}],"replies":[{"embeddable":true,"href":"https:\/\/kpdi.pl\/english\/wp-json\/wp\/v2\/comments?post=1118"}],"version-history":[{"count":11,"href":"https:\/\/kpdi.pl\/english\/wp-json\/wp\/v2\/pages\/1118\/revisions"}],"predecessor-version":[{"id":2152,"href":"https:\/\/kpdi.pl\/english\/wp-json\/wp\/v2\/pages\/1118\/revisions\/2152"}],"wp:attachment":[{"href":"https:\/\/kpdi.pl\/english\/wp-json\/wp\/v2\/media?parent=1118"}],"curies":[{"name":"wp","href":"https:\/\/api.w.org\/{rel}","templated":true}]}}