{"id":1127,"date":"2018-03-13T17:25:57","date_gmt":"2018-03-13T17:25:57","guid":{"rendered":"http:\/\/kpdi.pl\/english\/?page_id=1127"},"modified":"2019-06-28T09:10:19","modified_gmt":"2019-06-28T09:10:19","slug":"obsluga-inwestycji-fidic","status":"publish","type":"page","link":"https:\/\/kpdi.pl\/english\/obsluga-inwestycji-fidic\/","title":{"rendered":"Investment services. FIDIC."},"content":{"rendered":"<p><div class=\"fusion-fullwidth fullwidth-box fusion-builder-row-1 nonhundred-percent-fullwidth non-hundred-percent-height-scrolling\" style=\"background-color: rgba(255,255,255,0);background-position: center center;background-repeat: no-repeat;padding-top:0px;padding-right:0px;padding-bottom:0px;padding-left:0px;margin-bottom: 0px;margin-top: 0px;border-width: 0px 0px 0px 0px;border-color:#eae9e9;border-style:solid;\" ><div class=\"fusion-builder-row fusion-row\"><div class=\"fusion-layout-column fusion_builder_column fusion-builder-column-0 fusion_builder_column_1_1 1_1 fusion-one-full fusion-column-first fusion-column-last\" style=\"margin-top:0px;margin-bottom:20px;\"><div class=\"fusion-column-wrapper fusion-flex-column-wrapper-legacy\" style=\"background-position:left top;background-repeat:no-repeat;-webkit-background-size:cover;-moz-background-size:cover;-o-background-size:cover;background-size:cover;padding: 0px 0px 0px 0px;\"><div class=\"fusion-text fusion-text-1\"><h2 style=\"text-align: center;\"><strong>\u00a0Any investement, in particular if FIDIC contract conditions are applied, requires specialist legal consultancy.<\/strong><\/h2>\n<h2 style=\"text-align: center;\"><\/h2>\n<\/div><div class=\"fusion-sep-clear\"><\/div><div class=\"fusion-separator fusion-full-width-sep\" style=\"margin-left: auto;margin-right: auto;margin-top:10px;margin-bottom:20px;width:100%;\"><div class=\"fusion-separator-border sep-single sep-solid\" style=\"border-color:rgba(39,134,229,0.76);border-top-width:1px;\"><\/div><\/div><div class=\"fusion-sep-clear\"><\/div><div class=\"fusion-clearfix\"><\/div><\/div><\/div><\/div><\/div><div class=\"fusion-fullwidth fullwidth-box fusion-builder-row-2 nonhundred-percent-fullwidth non-hundred-percent-height-scrolling\" style=\"background-color: rgba(255,255,255,0);background-position: center center;background-repeat: no-repeat;padding-top:0px;padding-right:0px;padding-bottom:0px;padding-left:0px;margin-bottom: 0px;margin-top: 0px;border-width: 0px 0px 0px 0px;border-color:#eae9e9;border-style:solid;\" ><div class=\"fusion-builder-row fusion-row\"><div class=\"fusion-layout-column fusion_builder_column fusion-builder-column-1 fusion_builder_column_3_5 3_5 fusion-three-fifth fusion-column-first\" style=\"width:60%;width:calc(60% - ( ( 4% ) * 0.6 ) );margin-right: 4%;margin-top:0px;margin-bottom:20px;\"><div class=\"fusion-column-wrapper fusion-flex-column-wrapper-legacy\" style=\"background-position:left top;background-repeat:no-repeat;-webkit-background-size:cover;-moz-background-size:cover;-o-background-size:cover;background-size:cover;padding: 0px 0px 0px 0px;\"><div class=\"fusion-text fusion-text-2\"><h3><strong>Investor and the investor&#8217;s duties<\/strong><\/h3>\n<p>Any risks connected with investment in real property are borne by the investor. It is the investor who has to choose the proper building contractor and enter into building works agreement in the first place and then during the investment is obliged to follow the provisions of civil, building, labour, insurance, environmental protection, conservation and other laws. Quite often the Economic Operator is selected through the Public Procurement Procedure which particularly formalizes the selection of the contractor.<\/p>\n<\/div><div class=\"fusion-clearfix\"><\/div><\/div><\/div><div class=\"fusion-layout-column fusion_builder_column fusion-builder-column-2 fusion_builder_column_2_5 2_5 fusion-two-fifth fusion-column-last\" style=\"width:40%;width:calc(40% - ( ( 4% ) * 0.4 ) );margin-top:0px;margin-bottom:20px;\"><div class=\"fusion-column-wrapper fusion-flex-column-wrapper-legacy\" style=\"background-position:left top;background-repeat:no-repeat;-webkit-background-size:cover;-moz-background-size:cover;-o-background-size:cover;background-size:cover;padding: 0px 0px 0px 0px;\"><span class=\" fusion-imageframe imageframe-none imageframe-1 hover-type-none\"><img decoding=\"async\" width=\"300\" height=\"200\" alt=\"obs\u0142uga inwestycji\" title=\"FIDIC\" src=\"http:\/\/kpdi.pl\/wp-content\/uploads\/sites\/4\/2018\/05\/FIDIC-300x200.jpg\" class=\"img-responsive wp-image-1707\" srcset=\"https:\/\/kpdi.pl\/english\/wp-content\/uploads\/sites\/4\/2018\/05\/FIDIC-200x133.jpg 200w, https:\/\/kpdi.pl\/english\/wp-content\/uploads\/sites\/4\/2018\/05\/FIDIC-400x267.jpg 400w, https:\/\/kpdi.pl\/english\/wp-content\/uploads\/sites\/4\/2018\/05\/FIDIC-600x400.jpg 600w, https:\/\/kpdi.pl\/english\/wp-content\/uploads\/sites\/4\/2018\/05\/FIDIC-800x533.jpg 800w, https:\/\/kpdi.pl\/english\/wp-content\/uploads\/sites\/4\/2018\/05\/FIDIC.jpg 830w\" sizes=\"(max-width: 800px) 100vw, 600px\" \/><\/span><div class=\"fusion-clearfix\"><\/div><\/div><\/div><\/div><\/div><div class=\"fusion-fullwidth fullwidth-box fusion-builder-row-3 nonhundred-percent-fullwidth non-hundred-percent-height-scrolling\" style=\"background-color: rgba(255,255,255,0);background-position: center center;background-repeat: no-repeat;padding-top:0px;padding-right:0px;padding-bottom:0px;padding-left:0px;margin-bottom: 0px;margin-top: 0px;border-width: 0px 0px 0px 0px;border-color:#eae9e9;border-style:solid;\" ><div class=\"fusion-builder-row fusion-row\"><div class=\"fusion-layout-column fusion_builder_column fusion-builder-column-3 fusion_builder_column_1_1 1_1 fusion-one-full fusion-column-first fusion-column-last\" style=\"margin-top:0px;margin-bottom:20px;\"><div class=\"fusion-column-wrapper fusion-flex-column-wrapper-legacy\" style=\"background-position:left top;background-repeat:no-repeat;-webkit-background-size:cover;-moz-background-size:cover;-o-background-size:cover;background-size:cover;padding: 0px 0px 0px 0px;\"><div class=\"fusion-sep-clear\"><\/div><div class=\"fusion-separator fusion-full-width-sep\" style=\"margin-left: auto;margin-right: auto;margin-top:10px;margin-bottom:40px;width:100%;\"><div class=\"fusion-separator-border sep-single sep-solid\" style=\"border-color:rgba(39,134,229,0.76);border-top-width:1px;\"><\/div><\/div><div class=\"fusion-sep-clear\"><\/div><div class=\"fusion-text fusion-text-3\"><h2 style=\"text-align: center;\"><strong>Investment services &#8211; KPDI&#8217;s experience<\/strong><\/h2>\n<p style=\"text-align: center;\">KPDI Law Office advised on numerous building investments. Here are only some them:<\/p>\n<\/div><div class=\"fusion-clearfix\"><\/div><\/div><\/div><\/div><\/div><div class=\"fusion-fullwidth fullwidth-box fusion-builder-row-4 nonhundred-percent-fullwidth non-hundred-percent-height-scrolling\" style=\"background-color: rgba(255,255,255,0);background-position: center center;background-repeat: no-repeat;padding-top:0px;padding-right:0px;padding-bottom:0px;padding-left:0px;margin-bottom: 0px;margin-top: 0px;border-width: 0px 0px 0px 0px;border-color:#eae9e9;border-style:solid;\" ><div class=\"fusion-builder-row fusion-row\"><div class=\"fusion-layout-column fusion_builder_column fusion-builder-column-4 fusion_builder_column_1_2 1_2 fusion-one-half fusion-column-first\" style=\"width:50%;width:calc(50% - ( ( 4% ) * 0.5 ) );margin-right: 4%;margin-top:0px;margin-bottom:20px;\"><div class=\"fusion-column-wrapper fusion-flex-column-wrapper-legacy\" style=\"background-position:left top;background-repeat:no-repeat;-webkit-background-size:cover;-moz-background-size:cover;-o-background-size:cover;background-size:cover;padding: 0px 0px 0px 0px;\"><div class=\"fusion-sep-clear\"><\/div><div class=\"fusion-separator fusion-full-width-sep\" style=\"margin-left: auto;margin-right: auto;margin-top:10px;margin-bottom:10px;width:100%;\"><\/div><div class=\"fusion-sep-clear\"><\/div><span class=\" fusion-imageframe imageframe-none imageframe-2 hover-type-none\"><img decoding=\"async\" width=\"300\" height=\"220\" alt=\"Skyscraper\" title=\"skyscraper\" src=\"http:\/\/kpdi.pl\/wp-content\/uploads\/sites\/4\/2015\/02\/skyscraper.jpg\" class=\"img-responsive wp-image-245\"\/><\/span><div class=\"fusion-clearfix\"><\/div><\/div><\/div><div class=\"fusion-layout-column fusion_builder_column fusion-builder-column-5 fusion_builder_column_1_2 1_2 fusion-one-half fusion-column-last\" style=\"width:50%;width:calc(50% - ( ( 4% ) * 0.5 ) );margin-top:0px;margin-bottom:20px;\"><div class=\"fusion-column-wrapper fusion-flex-column-wrapper-legacy\" style=\"background-position:left top;background-repeat:no-repeat;-webkit-background-size:cover;-moz-background-size:cover;-o-background-size:cover;background-size:cover;padding: 0px 0px 0px 0px;\"><div class=\"fusion-text fusion-text-4\"><p><strong>Program 10+ &#8211; the comprehensive technical development scheme for LOTOS Group<\/strong><\/p>\n<p>As the legal consultant of Grupa LOTOS S.A. we provided our services in the project of Gda\u0144sk refinery expansion under the working name \u201cProgram 10+\u201d with the budget of PLN 5.6 billion (EUR 1.4 billion).<\/p>\n<\/div><div class=\"fusion-clearfix\"><\/div><\/div><\/div><\/div><\/div><div class=\"fusion-fullwidth fullwidth-box fusion-builder-row-5 nonhundred-percent-fullwidth non-hundred-percent-height-scrolling\" style=\"background-color: rgba(255,255,255,0);background-position: center center;background-repeat: no-repeat;padding-top:0px;padding-right:0px;padding-bottom:0px;padding-left:0px;margin-bottom: 0px;margin-top: 0px;border-width: 0px 0px 0px 0px;border-color:#eae9e9;border-style:solid;\" ><div class=\"fusion-builder-row fusion-row\"><div class=\"fusion-layout-column fusion_builder_column fusion-builder-column-6 fusion_builder_column_1_1 1_1 fusion-one-full fusion-column-first fusion-column-last\" style=\"margin-top:0px;margin-bottom:20px;\"><div class=\"fusion-column-wrapper fusion-flex-column-wrapper-legacy\" style=\"background-position:left top;background-repeat:no-repeat;-webkit-background-size:cover;-moz-background-size:cover;-o-background-size:cover;background-size:cover;padding: 0px 0px 0px 0px;\"><div class=\"fusion-sep-clear\"><\/div><div class=\"fusion-separator fusion-full-width-sep\" style=\"margin-left: auto;margin-right: auto;margin-top:10px;margin-bottom:20px;width:100%;\"><div class=\"fusion-separator-border sep-single sep-solid\" style=\"border-color:rgba(39,134,229,0.76);border-top-width:1px;\"><\/div><\/div><div class=\"fusion-sep-clear\"><\/div><div class=\"fusion-clearfix\"><\/div><\/div><\/div><\/div><\/div><div class=\"fusion-fullwidth fullwidth-box fusion-builder-row-6 nonhundred-percent-fullwidth non-hundred-percent-height-scrolling\" style=\"background-color: rgba(255,255,255,0);background-position: center center;background-repeat: no-repeat;padding-top:0px;padding-right:0px;padding-bottom:0px;padding-left:0px;margin-bottom: 0px;margin-top: 0px;border-width: 0px 0px 0px 0px;border-color:#eae9e9;border-style:solid;\" ><div class=\"fusion-builder-row fusion-row\"><div class=\"fusion-layout-column fusion_builder_column fusion-builder-column-7 fusion_builder_column_2_3 2_3 fusion-two-third fusion-column-first\" style=\"width:66.666666666667%;width:calc(66.666666666667% - ( ( 4% ) * 0.66666666666667 ) );margin-right: 4%;margin-top:0px;margin-bottom:20px;\"><div class=\"fusion-column-wrapper fusion-flex-column-wrapper-legacy\" style=\"background-position:left top;background-repeat:no-repeat;-webkit-background-size:cover;-moz-background-size:cover;-o-background-size:cover;background-size:cover;padding: 0px 0px 0px 0px;\"><div class=\"fusion-text fusion-text-5\"><h3><strong>NATIONAL MARITIME MUSEUM in Gda\u0144sk<\/strong><\/h3>\n<p>Our lawyers managed a number of investments, including among others the building of:<\/p>\n<p style=\"padding-left: 30px;\"><img decoding=\"async\" class=\"alignnone wp-image-1500\" src=\"http:\/\/kpdi.pl\/wp-content\/uploads\/sites\/4\/2018\/03\/IKONA-kafle.png\" alt=\"ikona KPDI\" width=\"10\" height=\"10\" \/>\u00a0 Maritime Culture Centre in Gda\u0144sk<\/p>\n<p style=\"padding-left: 30px;\"><img decoding=\"async\" class=\"alignnone wp-image-1500\" src=\"http:\/\/kpdi.pl\/wp-content\/uploads\/sites\/4\/2018\/03\/IKONA-kafle.png\" alt=\"ikona KPDI\" width=\"10\" height=\"10\" \/>\u00a0 Shipwreck Conservation Centre in Tczew<\/p>\n<p>The investor of both these projects was the National Maritime Museum in Gda\u0144sk. The investments were co-financed within the framework of the European Economic Area Financial Mechanism and the economic operators were selected in the Public Procurement Procedures.<\/p>\n<p>The building of the Maritime Culture Centre required also the old building situated next to the Crane of Gda\u0144sk to be demolished and, subsequently, archaeological works to be carried out. The contract itself was based on FIDIC conditions. The investment was a great success<\/p>\n<\/div><div class=\"fusion-clearfix\"><\/div><\/div><\/div><div class=\"fusion-layout-column fusion_builder_column fusion-builder-column-8 fusion_builder_column_1_3 1_3 fusion-one-third fusion-column-last\" style=\"width:33.333333333333%;width:calc(33.333333333333% - ( ( 4% ) * 0.33333333333333 ) );margin-top:0px;margin-bottom:20px;\"><div class=\"fusion-column-wrapper fusion-flex-column-wrapper-legacy\" style=\"background-position:left top;background-repeat:no-repeat;-webkit-background-size:cover;-moz-background-size:cover;-o-background-size:cover;background-size:cover;padding: 0px 0px 0px 0px;\"><div class=\"fusion-sep-clear\"><\/div><div class=\"fusion-separator fusion-full-width-sep\" style=\"margin-left: auto;margin-right: auto;margin-top:10px;margin-bottom:40px;width:100%;\"><\/div><div class=\"fusion-sep-clear\"><\/div><span class=\" fusion-imageframe imageframe-none imageframe-3 hover-type-none\"><img decoding=\"async\" width=\"300\" height=\"287\" alt=\"o\u015brodek kultury morskiej\" title=\"NMM\" src=\"http:\/\/kpdi.pl\/wp-content\/uploads\/sites\/4\/2018\/05\/NMM-300x287.jpg\" class=\"img-responsive wp-image-1708\" srcset=\"https:\/\/kpdi.pl\/english\/wp-content\/uploads\/sites\/4\/2018\/05\/NMM-200x191.jpg 200w, https:\/\/kpdi.pl\/english\/wp-content\/uploads\/sites\/4\/2018\/05\/NMM-400x382.jpg 400w, https:\/\/kpdi.pl\/english\/wp-content\/uploads\/sites\/4\/2018\/05\/NMM-600x573.jpg 600w, https:\/\/kpdi.pl\/english\/wp-content\/uploads\/sites\/4\/2018\/05\/NMM.jpg 628w\" sizes=\"(max-width: 800px) 100vw, 400px\" \/><\/span><div class=\"fusion-clearfix\"><\/div><\/div><\/div><\/div><\/div><div class=\"fusion-fullwidth fullwidth-box fusion-builder-row-7 nonhundred-percent-fullwidth non-hundred-percent-height-scrolling\" style=\"background-color: rgba(255,255,255,0);background-position: center center;background-repeat: no-repeat;padding-top:0px;padding-right:0px;padding-bottom:0px;padding-left:0px;margin-bottom: 0px;margin-top: 0px;border-width: 0px 0px 0px 0px;border-color:#eae9e9;border-style:solid;\" ><div class=\"fusion-builder-row fusion-row\"><div class=\"fusion-layout-column fusion_builder_column fusion-builder-column-9 fusion_builder_column_1_1 1_1 fusion-one-full fusion-column-first fusion-column-last\" style=\"margin-top:0px;margin-bottom:20px;\"><div class=\"fusion-column-wrapper fusion-flex-column-wrapper-legacy\" style=\"background-position:left top;background-repeat:no-repeat;-webkit-background-size:cover;-moz-background-size:cover;-o-background-size:cover;background-size:cover;padding: 0px 0px 0px 0px;\"><div class=\"fusion-sep-clear\"><\/div><div class=\"fusion-separator fusion-full-width-sep\" style=\"margin-left: auto;margin-right: auto;margin-top:10px;margin-bottom:40px;width:100%;\"><div class=\"fusion-separator-border sep-single sep-solid\" style=\"border-color:rgba(39,134,229,0.76);border-top-width:1px;\"><\/div><\/div><div class=\"fusion-sep-clear\"><\/div><div class=\"fusion-text fusion-text-6\"><h2 style=\"text-align: center;\"><strong>FIDIC<\/strong><\/h2>\n<\/div><div class=\"fusion-text fusion-text-7\"><p>We are experienced in executing investments based of FIDIC standard forms of contract.<\/p>\n<p>Our lawyers participated in numerous training sessions in this field. Our Law Office, jointly with SIDiR \u2013 the Association of Engineer Consultants and Valuers, organized the course in FIDIC Contract Forms. The knowledge gained through this experience, supported with practice, allows us to be professional consultants in investment processes.<\/p>\n<\/div><div class=\"fusion-clearfix\"><\/div><\/div><\/div><\/div><\/div><\/p>\n","protected":false},"excerpt":{"rendered":"","protected":false},"author":1,"featured_media":0,"parent":0,"menu_order":0,"comment_status":"closed","ping_status":"closed","template":"","meta":{"_exactmetrics_skip_tracking":false,"_exactmetrics_sitenote_active":false,"_exactmetrics_sitenote_note":"","_exactmetrics_sitenote_category":0,"footnotes":""},"class_list":["post-1127","page","type-page","status-publish","hentry"],"yoast_head":"<!-- This site is optimized with the Yoast SEO plugin v27.5 - https:\/\/yoast.com\/product\/yoast-seo-wordpress\/ -->\n<title>Obs\u0142uga inwestycji. FIDIC | Kancelaria Prawna KPDI (Gda\u0144sk)<\/title>\n<meta name=\"description\" content=\"Obs\u0142uga inwestycji na nieruchomo\u015bciach, w tym realizowanych na bazie kontraktu FIDIC. W tym obszarze doradzimy zar\u00f3wno inwestorowi, jak i wykonawcy.\" \/>\n<meta name=\"robots\" content=\"index, follow, max-snippet:-1, max-image-preview:large, max-video-preview:-1\" \/>\n<link rel=\"canonical\" href=\"https:\/\/kpdi.pl\/english\/obsluga-inwestycji-fidic\/\" \/>\n<meta property=\"og:locale\" content=\"en_US\" \/>\n<meta property=\"og:type\" content=\"article\" \/>\n<meta property=\"og:title\" content=\"Obs\u0142uga inwestycji. FIDIC | Kancelaria Prawna KPDI (Gda\u0144sk)\" \/>\n<meta property=\"og:description\" content=\"Obs\u0142uga inwestycji na nieruchomo\u015bciach, w tym realizowanych na bazie kontraktu FIDIC. W tym obszarze doradzimy zar\u00f3wno inwestorowi, jak i wykonawcy.\" \/>\n<meta property=\"og:url\" content=\"https:\/\/kpdi.pl\/english\/obsluga-inwestycji-fidic\/\" \/>\n<meta property=\"og:site_name\" content=\"KPDI EN\" \/>\n<meta property=\"article:modified_time\" content=\"2019-06-28T09:10:19+00:00\" \/>\n<meta property=\"og:image\" content=\"http:\/\/kpdi.pl\/wp-content\/uploads\/sites\/4\/2018\/03\/IKONA-kafle.png\" \/>\n<meta name=\"twitter:card\" content=\"summary_large_image\" \/>\n<meta name=\"twitter:label1\" content=\"Est. reading time\" \/>\n\t<meta name=\"twitter:data1\" content=\"11 minutes\" \/>\n<script type=\"application\/ld+json\" class=\"yoast-schema-graph\">{\"@context\":\"https:\\\/\\\/schema.org\",\"@graph\":[{\"@type\":\"WebPage\",\"@id\":\"https:\\\/\\\/kpdi.pl\\\/english\\\/obsluga-inwestycji-fidic\\\/\",\"url\":\"https:\\\/\\\/kpdi.pl\\\/english\\\/obsluga-inwestycji-fidic\\\/\",\"name\":\"Obs\u0142uga inwestycji. FIDIC | Kancelaria Prawna KPDI (Gda\u0144sk)\",\"isPartOf\":{\"@id\":\"https:\\\/\\\/kpdi.pl\\\/english\\\/#website\"},\"primaryImageOfPage\":{\"@id\":\"https:\\\/\\\/kpdi.pl\\\/english\\\/obsluga-inwestycji-fidic\\\/#primaryimage\"},\"image\":{\"@id\":\"https:\\\/\\\/kpdi.pl\\\/english\\\/obsluga-inwestycji-fidic\\\/#primaryimage\"},\"thumbnailUrl\":\"http:\\\/\\\/kpdi.pl\\\/wp-content\\\/uploads\\\/sites\\\/4\\\/2018\\\/03\\\/IKONA-kafle.png\",\"datePublished\":\"2018-03-13T17:25:57+00:00\",\"dateModified\":\"2019-06-28T09:10:19+00:00\",\"description\":\"Obs\u0142uga inwestycji na nieruchomo\u015bciach, w tym realizowanych na bazie kontraktu FIDIC. W tym obszarze doradzimy zar\u00f3wno inwestorowi, jak i wykonawcy.\",\"breadcrumb\":{\"@id\":\"https:\\\/\\\/kpdi.pl\\\/english\\\/obsluga-inwestycji-fidic\\\/#breadcrumb\"},\"inLanguage\":\"en-US\",\"potentialAction\":[{\"@type\":\"ReadAction\",\"target\":[\"https:\\\/\\\/kpdi.pl\\\/english\\\/obsluga-inwestycji-fidic\\\/\"]}]},{\"@type\":\"ImageObject\",\"inLanguage\":\"en-US\",\"@id\":\"https:\\\/\\\/kpdi.pl\\\/english\\\/obsluga-inwestycji-fidic\\\/#primaryimage\",\"url\":\"http:\\\/\\\/kpdi.pl\\\/wp-content\\\/uploads\\\/sites\\\/4\\\/2018\\\/03\\\/IKONA-kafle.png\",\"contentUrl\":\"http:\\\/\\\/kpdi.pl\\\/wp-content\\\/uploads\\\/sites\\\/4\\\/2018\\\/03\\\/IKONA-kafle.png\"},{\"@type\":\"BreadcrumbList\",\"@id\":\"https:\\\/\\\/kpdi.pl\\\/english\\\/obsluga-inwestycji-fidic\\\/#breadcrumb\",\"itemListElement\":[{\"@type\":\"ListItem\",\"position\":1,\"name\":\"Strona g\u0142\u00f3wna\",\"item\":\"https:\\\/\\\/kpdi.pl\\\/english\\\/\"},{\"@type\":\"ListItem\",\"position\":2,\"name\":\"Investment services. FIDIC.\"}]},{\"@type\":\"WebSite\",\"@id\":\"https:\\\/\\\/kpdi.pl\\\/english\\\/#website\",\"url\":\"https:\\\/\\\/kpdi.pl\\\/english\\\/\",\"name\":\"KPDI EN\",\"description\":\"KPDI | Law Office Gda\u0144sk\",\"potentialAction\":[{\"@type\":\"SearchAction\",\"target\":{\"@type\":\"EntryPoint\",\"urlTemplate\":\"https:\\\/\\\/kpdi.pl\\\/english\\\/?s={search_term_string}\"},\"query-input\":{\"@type\":\"PropertyValueSpecification\",\"valueRequired\":true,\"valueName\":\"search_term_string\"}}],\"inLanguage\":\"en-US\"}]}<\/script>\n<!-- \/ Yoast SEO plugin. -->","yoast_head_json":{"title":"Obs\u0142uga inwestycji. FIDIC | Kancelaria Prawna KPDI (Gda\u0144sk)","description":"Obs\u0142uga inwestycji na nieruchomo\u015bciach, w tym realizowanych na bazie kontraktu FIDIC. W tym obszarze doradzimy zar\u00f3wno inwestorowi, jak i wykonawcy.","robots":{"index":"index","follow":"follow","max-snippet":"max-snippet:-1","max-image-preview":"max-image-preview:large","max-video-preview":"max-video-preview:-1"},"canonical":"https:\/\/kpdi.pl\/english\/obsluga-inwestycji-fidic\/","og_locale":"en_US","og_type":"article","og_title":"Obs\u0142uga inwestycji. FIDIC | Kancelaria Prawna KPDI (Gda\u0144sk)","og_description":"Obs\u0142uga inwestycji na nieruchomo\u015bciach, w tym realizowanych na bazie kontraktu FIDIC. W tym obszarze doradzimy zar\u00f3wno inwestorowi, jak i wykonawcy.","og_url":"https:\/\/kpdi.pl\/english\/obsluga-inwestycji-fidic\/","og_site_name":"KPDI EN","article_modified_time":"2019-06-28T09:10:19+00:00","og_image":[{"url":"http:\/\/kpdi.pl\/wp-content\/uploads\/sites\/4\/2018\/03\/IKONA-kafle.png","type":"","width":"","height":""}],"twitter_card":"summary_large_image","twitter_misc":{"Est. reading time":"11 minutes"},"schema":{"@context":"https:\/\/schema.org","@graph":[{"@type":"WebPage","@id":"https:\/\/kpdi.pl\/english\/obsluga-inwestycji-fidic\/","url":"https:\/\/kpdi.pl\/english\/obsluga-inwestycji-fidic\/","name":"Obs\u0142uga inwestycji. FIDIC | Kancelaria Prawna KPDI (Gda\u0144sk)","isPartOf":{"@id":"https:\/\/kpdi.pl\/english\/#website"},"primaryImageOfPage":{"@id":"https:\/\/kpdi.pl\/english\/obsluga-inwestycji-fidic\/#primaryimage"},"image":{"@id":"https:\/\/kpdi.pl\/english\/obsluga-inwestycji-fidic\/#primaryimage"},"thumbnailUrl":"http:\/\/kpdi.pl\/wp-content\/uploads\/sites\/4\/2018\/03\/IKONA-kafle.png","datePublished":"2018-03-13T17:25:57+00:00","dateModified":"2019-06-28T09:10:19+00:00","description":"Obs\u0142uga inwestycji na nieruchomo\u015bciach, w tym realizowanych na bazie kontraktu FIDIC. W tym obszarze doradzimy zar\u00f3wno inwestorowi, jak i wykonawcy.","breadcrumb":{"@id":"https:\/\/kpdi.pl\/english\/obsluga-inwestycji-fidic\/#breadcrumb"},"inLanguage":"en-US","potentialAction":[{"@type":"ReadAction","target":["https:\/\/kpdi.pl\/english\/obsluga-inwestycji-fidic\/"]}]},{"@type":"ImageObject","inLanguage":"en-US","@id":"https:\/\/kpdi.pl\/english\/obsluga-inwestycji-fidic\/#primaryimage","url":"http:\/\/kpdi.pl\/wp-content\/uploads\/sites\/4\/2018\/03\/IKONA-kafle.png","contentUrl":"http:\/\/kpdi.pl\/wp-content\/uploads\/sites\/4\/2018\/03\/IKONA-kafle.png"},{"@type":"BreadcrumbList","@id":"https:\/\/kpdi.pl\/english\/obsluga-inwestycji-fidic\/#breadcrumb","itemListElement":[{"@type":"ListItem","position":1,"name":"Strona g\u0142\u00f3wna","item":"https:\/\/kpdi.pl\/english\/"},{"@type":"ListItem","position":2,"name":"Investment services. FIDIC."}]},{"@type":"WebSite","@id":"https:\/\/kpdi.pl\/english\/#website","url":"https:\/\/kpdi.pl\/english\/","name":"KPDI EN","description":"KPDI | Law Office Gda\u0144sk","potentialAction":[{"@type":"SearchAction","target":{"@type":"EntryPoint","urlTemplate":"https:\/\/kpdi.pl\/english\/?s={search_term_string}"},"query-input":{"@type":"PropertyValueSpecification","valueRequired":true,"valueName":"search_term_string"}}],"inLanguage":"en-US"}]}},"_links":{"self":[{"href":"https:\/\/kpdi.pl\/english\/wp-json\/wp\/v2\/pages\/1127","targetHints":{"allow":["GET"]}}],"collection":[{"href":"https:\/\/kpdi.pl\/english\/wp-json\/wp\/v2\/pages"}],"about":[{"href":"https:\/\/kpdi.pl\/english\/wp-json\/wp\/v2\/types\/page"}],"author":[{"embeddable":true,"href":"https:\/\/kpdi.pl\/english\/wp-json\/wp\/v2\/users\/1"}],"replies":[{"embeddable":true,"href":"https:\/\/kpdi.pl\/english\/wp-json\/wp\/v2\/comments?post=1127"}],"version-history":[{"count":14,"href":"https:\/\/kpdi.pl\/english\/wp-json\/wp\/v2\/pages\/1127\/revisions"}],"predecessor-version":[{"id":1955,"href":"https:\/\/kpdi.pl\/english\/wp-json\/wp\/v2\/pages\/1127\/revisions\/1955"}],"wp:attachment":[{"href":"https:\/\/kpdi.pl\/english\/wp-json\/wp\/v2\/media?parent=1127"}],"curies":[{"name":"wp","href":"https:\/\/api.w.org\/{rel}","templated":true}]}}