{"id":1131,"date":"2018-03-15T21:05:09","date_gmt":"2018-03-15T21:05:09","guid":{"rendered":"http:\/\/kpdi.pl\/english\/?page_id=1131"},"modified":"2025-09-24T12:10:23","modified_gmt":"2025-09-24T12:10:23","slug":"ochrona-praw-autorskich-i-wlasnosci-przemyslowej","status":"publish","type":"page","link":"https:\/\/kpdi.pl\/english\/ochrona-praw-autorskich-i-wlasnosci-przemyslowej\/","title":{"rendered":"Copyright protection"},"content":{"rendered":"<p><div class=\"fusion-fullwidth fullwidth-box fusion-builder-row-1 nonhundred-percent-fullwidth non-hundred-percent-height-scrolling\" style=\"background-color: rgba(255,255,255,0);background-position: center center;background-repeat: no-repeat;padding-top:0px;padding-right:0px;padding-bottom:0px;padding-left:0px;margin-bottom: 0px;margin-top: 0px;border-width: 0px 0px 0px 0px;border-color:#eae9e9;border-style:solid;\" ><div class=\"fusion-builder-row fusion-row\"><div class=\"fusion-layout-column fusion_builder_column fusion-builder-column-0 fusion_builder_column_1_1 1_1 fusion-one-full fusion-column-first fusion-column-last\" style=\"margin-top:0px;margin-bottom:0px;\"><div class=\"fusion-column-wrapper fusion-flex-column-wrapper-legacy\" style=\"background-position:left top;background-repeat:no-repeat;-webkit-background-size:cover;-moz-background-size:cover;-o-background-size:cover;background-size:cover;padding: 0px 0px 0px 0px;\"><div class=\"fusion-text fusion-text-1\"><div class=\"col-sm-9 col-text\"><\/div>\n<\/div><div class=\"fusion-clearfix\"><\/div><\/div><\/div><\/div><\/div><div class=\"fusion-fullwidth fullwidth-box fusion-builder-row-2 nonhundred-percent-fullwidth non-hundred-percent-height-scrolling\" style=\"background-color: rgba(255,255,255,0);background-position: center center;background-repeat: no-repeat;padding-top:0px;padding-right:0px;padding-bottom:0px;padding-left:0px;margin-bottom: 0px;margin-top: 0px;border-width: 0px 0px 0px 0px;border-color:#eae9e9;border-style:solid;\" ><div class=\"fusion-builder-row fusion-row\"><div class=\"fusion-layout-column fusion_builder_column fusion-builder-column-1 fusion_builder_column_3_5 3_5 fusion-three-fifth fusion-column-first\" style=\"width:60%;width:calc(60% - ( ( 4% ) * 0.6 ) );margin-right: 4%;margin-top:0px;margin-bottom:20px;\"><div class=\"fusion-column-wrapper fusion-flex-column-wrapper-legacy\" style=\"background-position:left top;background-repeat:no-repeat;-webkit-background-size:cover;-moz-background-size:cover;-o-background-size:cover;background-size:cover;padding: 0px 0px 0px 0px;\"><div class=\"fusion-text fusion-text-2\"><h3>Copyright protection<\/h3>\n<p>Copyright is a particular area of concern of not only authors but also of anyone who uses the works of such authors. A work may be a photograph, a film or a text but works include also a series of other results of human creativity, even such untypical as data bases, translated dialogues of a film, or musical scores.<\/p>\n<p>Sometimes the work is our trademark \u2013 the logo. One of the typical but critical mistakes is to commission a graphic designer to design our logo without transferring the copyright onto the customer \u2013 this can lead to unimaginable problems as the author may not only prohibit using the work in specific fields of exploitation but also claim proper compensation.<\/p>\n<p>Similar problems may occur while using foreign works \u2013 if there is no clearly defined licence, huge complications and costs may arise. This refers to all types of works regardless of their form. That\u2019s why protection of copyright is becoming more and more important.<\/p>\n<h3>Industrial property protection<\/h3>\n<p>Companies start to pay a lot more attention to proper protection of industrial property, including the rights resulting from registration of trademarks, inventions, designs or utility models.<\/p>\n<\/div><div class=\"fusion-clearfix\"><\/div><\/div><\/div><div class=\"fusion-layout-column fusion_builder_column fusion-builder-column-2 fusion_builder_column_2_5 2_5 fusion-two-fifth fusion-column-last\" style=\"width:40%;width:calc(40% - ( ( 4% ) * 0.4 ) );margin-top:0px;margin-bottom:20px;\"><div class=\"fusion-column-wrapper fusion-flex-column-wrapper-legacy\" style=\"background-position:left top;background-repeat:no-repeat;-webkit-background-size:cover;-moz-background-size:cover;-o-background-size:cover;background-size:cover;padding: 0px 0px 0px 0px;\"><span class=\" fusion-imageframe imageframe-none imageframe-1 hover-type-none\"><img decoding=\"async\" width=\"596\" height=\"750\" title=\"law_7-compressor\" src=\"http:\/\/kpdi.pl\/wp-content\/uploads\/sites\/4\/2015\/02\/law_7-compressor1.jpg\" alt class=\"img-responsive wp-image-1044\"\/><\/span><div class=\"fusion-clearfix\"><\/div><\/div><\/div><\/div><\/div><div class=\"fusion-fullwidth fullwidth-box fusion-builder-row-3 nonhundred-percent-fullwidth non-hundred-percent-height-scrolling\" style=\"background-color: rgba(255,255,255,0);background-position: center center;background-repeat: no-repeat;padding-top:0px;padding-right:0px;padding-bottom:0px;padding-left:0px;margin-bottom: 0px;margin-top: 0px;border-width: 0px 0px 0px 0px;border-color:#eae9e9;border-style:solid;\" ><div class=\"fusion-builder-row fusion-row\"><div class=\"fusion-layout-column fusion_builder_column fusion-builder-column-3 fusion_builder_column_1_1 1_1 fusion-one-full fusion-column-first fusion-column-last\" style=\"margin-top:0px;margin-bottom:20px;\"><div class=\"fusion-column-wrapper fusion-flex-column-wrapper-legacy\" style=\"background-position:left top;background-repeat:no-repeat;-webkit-background-size:cover;-moz-background-size:cover;-o-background-size:cover;background-size:cover;padding: 0px 0px 0px 0px;\"><div class=\"fusion-flip-boxes flip-boxes row fusion-columns-1 flip-effect-classic\"><div class=\"fusion-flip-box-wrapper fusion-column col-lg-12 col-md-12 col-sm-12\"><div class=\"fusion-flip-box flip-right\" tabindex=\"0\"><div class=\"flip-box-inner-wrapper\"><div class=\"flip-box-front\" style=\"background-color:#f6f6f6;border-color:rgba(0,0,0,0);border-radius:4px;border-style:solid;border-width:1px;color:#747474;transition-duration:0.8s;\"><div class=\"flip-box-front-inner\"><h2 class=\"flip-box-heading without-text\" style=\"color:#333333;\">The issues of industrial property rights are universal.<\/h2><\/div><\/div><div class=\"flip-box-back\" style=\"background-color:rgba(39,134,229,0.76);border-color:rgba(0,0,0,0);border-radius:4px;border-style:solid;border-width:1px;color:#ffffff;transition-duration:0.8s;\"><div class=\"flip-box-back-inner\">\n<h3>Breaches of exclusive rights to a patent or registered industrial design are typical disputes in the field of industrial property right.<\/h3>\n<\/div><\/div><\/div><\/div><\/div><\/div><div class=\"clearfix\"><\/div><div class=\"fusion-text fusion-text-3\"><h3>Consultancy by KPDI<\/h3>\n<p>We represent our Clients in disputes connected with breaches of intellectual property rights. The role of the lawyer is to ensure that the Client has the proper set of rights to achieve specific objectives. By collaborating with patent attorneys we ensure proper protection of intellectual property.<\/p>\n<\/div><div class=\"fusion-clearfix\"><\/div><\/div><\/div><\/div><\/div><\/p>\n","protected":false},"excerpt":{"rendered":"","protected":false},"author":1,"featured_media":0,"parent":0,"menu_order":0,"comment_status":"closed","ping_status":"closed","template":"","meta":{"_exactmetrics_skip_tracking":false,"_exactmetrics_sitenote_active":false,"_exactmetrics_sitenote_note":"","_exactmetrics_sitenote_category":0,"footnotes":""},"class_list":["post-1131","page","type-page","status-publish","hentry"],"yoast_head":"<!-- This site is optimized with the Yoast SEO plugin v27.5 - https:\/\/yoast.com\/product\/yoast-seo-wordpress\/ -->\n<title>Ochrona praw autorskich i w\u0142asno\u015bci przemys\u0142owej | Kancelaria Prawna<\/title>\n<meta name=\"description\" content=\"Ochrona praw autorskich i w\u0142asno\u015bci przemys\u0142owej to jeden z istotniejszych obszar\u00f3w dzia\u0142ania naszej Kancelarii. Prawnik Kancelarii KPDI w Gda\u0144sku zapewni by nabycie pe\u0142ni praw lub w\u0142a\u015bciwe sformu\u0142owanie umowy licencyjnej.\" \/>\n<meta name=\"robots\" content=\"index, follow, max-snippet:-1, max-image-preview:large, max-video-preview:-1\" \/>\n<link rel=\"canonical\" href=\"https:\/\/kpdi.pl\/english\/ochrona-praw-autorskich-i-wlasnosci-przemyslowej\/\" \/>\n<meta property=\"og:locale\" content=\"en_US\" \/>\n<meta property=\"og:type\" content=\"article\" \/>\n<meta property=\"og:title\" content=\"Ochrona praw autorskich i w\u0142asno\u015bci przemys\u0142owej | Kancelaria Prawna\" \/>\n<meta property=\"og:description\" content=\"Ochrona praw autorskich i w\u0142asno\u015bci przemys\u0142owej to jeden z istotniejszych obszar\u00f3w dzia\u0142ania naszej Kancelarii. Prawnik Kancelarii KPDI w Gda\u0144sku zapewni by nabycie pe\u0142ni praw lub w\u0142a\u015bciwe sformu\u0142owanie umowy licencyjnej.\" \/>\n<meta property=\"og:url\" content=\"https:\/\/kpdi.pl\/english\/ochrona-praw-autorskich-i-wlasnosci-przemyslowej\/\" \/>\n<meta property=\"og:site_name\" content=\"KPDI EN\" \/>\n<meta property=\"article:modified_time\" content=\"2025-09-24T12:10:23+00:00\" \/>\n<meta name=\"twitter:card\" content=\"summary_large_image\" \/>\n<meta name=\"twitter:label1\" content=\"Est. reading time\" \/>\n\t<meta name=\"twitter:data1\" content=\"3 minutes\" \/>\n<script type=\"application\/ld+json\" class=\"yoast-schema-graph\">{\"@context\":\"https:\\\/\\\/schema.org\",\"@graph\":[{\"@type\":\"WebPage\",\"@id\":\"https:\\\/\\\/kpdi.pl\\\/english\\\/ochrona-praw-autorskich-i-wlasnosci-przemyslowej\\\/\",\"url\":\"https:\\\/\\\/kpdi.pl\\\/english\\\/ochrona-praw-autorskich-i-wlasnosci-przemyslowej\\\/\",\"name\":\"Ochrona praw autorskich i w\u0142asno\u015bci przemys\u0142owej | Kancelaria Prawna\",\"isPartOf\":{\"@id\":\"https:\\\/\\\/kpdi.pl\\\/english\\\/#website\"},\"datePublished\":\"2018-03-15T21:05:09+00:00\",\"dateModified\":\"2025-09-24T12:10:23+00:00\",\"description\":\"Ochrona praw autorskich i w\u0142asno\u015bci przemys\u0142owej to jeden z istotniejszych obszar\u00f3w dzia\u0142ania naszej Kancelarii. Prawnik Kancelarii KPDI w Gda\u0144sku zapewni by nabycie pe\u0142ni praw lub w\u0142a\u015bciwe sformu\u0142owanie umowy licencyjnej.\",\"breadcrumb\":{\"@id\":\"https:\\\/\\\/kpdi.pl\\\/english\\\/ochrona-praw-autorskich-i-wlasnosci-przemyslowej\\\/#breadcrumb\"},\"inLanguage\":\"en-US\",\"potentialAction\":[{\"@type\":\"ReadAction\",\"target\":[\"https:\\\/\\\/kpdi.pl\\\/english\\\/ochrona-praw-autorskich-i-wlasnosci-przemyslowej\\\/\"]}]},{\"@type\":\"BreadcrumbList\",\"@id\":\"https:\\\/\\\/kpdi.pl\\\/english\\\/ochrona-praw-autorskich-i-wlasnosci-przemyslowej\\\/#breadcrumb\",\"itemListElement\":[{\"@type\":\"ListItem\",\"position\":1,\"name\":\"Strona g\u0142\u00f3wna\",\"item\":\"https:\\\/\\\/kpdi.pl\\\/english\\\/\"},{\"@type\":\"ListItem\",\"position\":2,\"name\":\"Copyright protection\"}]},{\"@type\":\"WebSite\",\"@id\":\"https:\\\/\\\/kpdi.pl\\\/english\\\/#website\",\"url\":\"https:\\\/\\\/kpdi.pl\\\/english\\\/\",\"name\":\"KPDI EN\",\"description\":\"KPDI | Law Office Gda\u0144sk\",\"potentialAction\":[{\"@type\":\"SearchAction\",\"target\":{\"@type\":\"EntryPoint\",\"urlTemplate\":\"https:\\\/\\\/kpdi.pl\\\/english\\\/?s={search_term_string}\"},\"query-input\":{\"@type\":\"PropertyValueSpecification\",\"valueRequired\":true,\"valueName\":\"search_term_string\"}}],\"inLanguage\":\"en-US\"}]}<\/script>\n<!-- \/ Yoast SEO plugin. -->","yoast_head_json":{"title":"Ochrona praw autorskich i w\u0142asno\u015bci przemys\u0142owej | Kancelaria Prawna","description":"Ochrona praw autorskich i w\u0142asno\u015bci przemys\u0142owej to jeden z istotniejszych obszar\u00f3w dzia\u0142ania naszej Kancelarii. Prawnik Kancelarii KPDI w Gda\u0144sku zapewni by nabycie pe\u0142ni praw lub w\u0142a\u015bciwe sformu\u0142owanie umowy licencyjnej.","robots":{"index":"index","follow":"follow","max-snippet":"max-snippet:-1","max-image-preview":"max-image-preview:large","max-video-preview":"max-video-preview:-1"},"canonical":"https:\/\/kpdi.pl\/english\/ochrona-praw-autorskich-i-wlasnosci-przemyslowej\/","og_locale":"en_US","og_type":"article","og_title":"Ochrona praw autorskich i w\u0142asno\u015bci przemys\u0142owej | Kancelaria Prawna","og_description":"Ochrona praw autorskich i w\u0142asno\u015bci przemys\u0142owej to jeden z istotniejszych obszar\u00f3w dzia\u0142ania naszej Kancelarii. Prawnik Kancelarii KPDI w Gda\u0144sku zapewni by nabycie pe\u0142ni praw lub w\u0142a\u015bciwe sformu\u0142owanie umowy licencyjnej.","og_url":"https:\/\/kpdi.pl\/english\/ochrona-praw-autorskich-i-wlasnosci-przemyslowej\/","og_site_name":"KPDI EN","article_modified_time":"2025-09-24T12:10:23+00:00","twitter_card":"summary_large_image","twitter_misc":{"Est. reading time":"3 minutes"},"schema":{"@context":"https:\/\/schema.org","@graph":[{"@type":"WebPage","@id":"https:\/\/kpdi.pl\/english\/ochrona-praw-autorskich-i-wlasnosci-przemyslowej\/","url":"https:\/\/kpdi.pl\/english\/ochrona-praw-autorskich-i-wlasnosci-przemyslowej\/","name":"Ochrona praw autorskich i w\u0142asno\u015bci przemys\u0142owej | Kancelaria Prawna","isPartOf":{"@id":"https:\/\/kpdi.pl\/english\/#website"},"datePublished":"2018-03-15T21:05:09+00:00","dateModified":"2025-09-24T12:10:23+00:00","description":"Ochrona praw autorskich i w\u0142asno\u015bci przemys\u0142owej to jeden z istotniejszych obszar\u00f3w dzia\u0142ania naszej Kancelarii. Prawnik Kancelarii KPDI w Gda\u0144sku zapewni by nabycie pe\u0142ni praw lub w\u0142a\u015bciwe sformu\u0142owanie umowy licencyjnej.","breadcrumb":{"@id":"https:\/\/kpdi.pl\/english\/ochrona-praw-autorskich-i-wlasnosci-przemyslowej\/#breadcrumb"},"inLanguage":"en-US","potentialAction":[{"@type":"ReadAction","target":["https:\/\/kpdi.pl\/english\/ochrona-praw-autorskich-i-wlasnosci-przemyslowej\/"]}]},{"@type":"BreadcrumbList","@id":"https:\/\/kpdi.pl\/english\/ochrona-praw-autorskich-i-wlasnosci-przemyslowej\/#breadcrumb","itemListElement":[{"@type":"ListItem","position":1,"name":"Strona g\u0142\u00f3wna","item":"https:\/\/kpdi.pl\/english\/"},{"@type":"ListItem","position":2,"name":"Copyright protection"}]},{"@type":"WebSite","@id":"https:\/\/kpdi.pl\/english\/#website","url":"https:\/\/kpdi.pl\/english\/","name":"KPDI EN","description":"KPDI | Law Office Gda\u0144sk","potentialAction":[{"@type":"SearchAction","target":{"@type":"EntryPoint","urlTemplate":"https:\/\/kpdi.pl\/english\/?s={search_term_string}"},"query-input":{"@type":"PropertyValueSpecification","valueRequired":true,"valueName":"search_term_string"}}],"inLanguage":"en-US"}]}},"_links":{"self":[{"href":"https:\/\/kpdi.pl\/english\/wp-json\/wp\/v2\/pages\/1131","targetHints":{"allow":["GET"]}}],"collection":[{"href":"https:\/\/kpdi.pl\/english\/wp-json\/wp\/v2\/pages"}],"about":[{"href":"https:\/\/kpdi.pl\/english\/wp-json\/wp\/v2\/types\/page"}],"author":[{"embeddable":true,"href":"https:\/\/kpdi.pl\/english\/wp-json\/wp\/v2\/users\/1"}],"replies":[{"embeddable":true,"href":"https:\/\/kpdi.pl\/english\/wp-json\/wp\/v2\/comments?post=1131"}],"version-history":[{"count":13,"href":"https:\/\/kpdi.pl\/english\/wp-json\/wp\/v2\/pages\/1131\/revisions"}],"predecessor-version":[{"id":2132,"href":"https:\/\/kpdi.pl\/english\/wp-json\/wp\/v2\/pages\/1131\/revisions\/2132"}],"wp:attachment":[{"href":"https:\/\/kpdi.pl\/english\/wp-json\/wp\/v2\/media?parent=1131"}],"curies":[{"name":"wp","href":"https:\/\/api.w.org\/{rel}","templated":true}]}}