{"id":1162,"date":"2018-03-15T22:34:55","date_gmt":"2018-03-15T22:34:55","guid":{"rendered":"http:\/\/kpdi.pl\/english\/?page_id=1162"},"modified":"2018-03-15T22:34:55","modified_gmt":"2018-03-15T22:34:55","slug":"adwokat-krzysztof-kuczynski","status":"publish","type":"page","link":"https:\/\/kpdi.pl\/english\/adwokat-krzysztof-kuczynski\/","title":{"rendered":""},"content":{"rendered":"<p><img decoding=\"async\" class=\"size-medium wp-image-1163 alignleft\" src=\"http:\/\/kpdi.pl\/wp-content\/uploads\/sites\/4\/2018\/03\/k-kuczynski-200x300.jpg\" alt=\"krzysztof kuczy\u0144ski\" width=\"200\" height=\"300\" srcset=\"https:\/\/kpdi.pl\/english\/wp-content\/uploads\/sites\/4\/2018\/03\/k-kuczynski-200x300.jpg 200w, https:\/\/kpdi.pl\/english\/wp-content\/uploads\/sites\/4\/2018\/03\/k-kuczynski-400x600.jpg 400w, https:\/\/kpdi.pl\/english\/wp-content\/uploads\/sites\/4\/2018\/03\/k-kuczynski-600x900.jpg 600w, https:\/\/kpdi.pl\/english\/wp-content\/uploads\/sites\/4\/2018\/03\/k-kuczynski.jpg 667w\" sizes=\"(max-width: 200px) 100vw, 200px\" \/>Krzysztof Kuczy\u0144ski uko\u0144czy\u0142 studia prawnicze na Wydziale Prawa i Administracji Uniwersytetu Gda\u0144skiego.<\/p>\n<p>Absolwent podyplomowych studi\u00f3w prawniczych (LL.M.) na Uniwersytecie Heinricha Heinego w D\u00fcsseldorfie. Uko\u0144czy\u0142 te\u017c studia uzupe\u0142niaj\u0105ce Anglo-American Law (Uniwersytet Heinricha Heinego w D\u00fcsseldorfie we wsp\u00f3\u0142pracy z Harvard Law School).<\/p>\n<p>Autor wielu publikacji.<\/p>\n<h3><strong>Praktyka zawodowa w:<\/strong><\/h3>\n<ul>\n<li>Kancelarii WendlerTremml w D\u00fcseldorfie,<\/li>\n<li>Przedstawicielstwie Ambasady RP w Kolonii,<\/li>\n<li>Konsulacie Generalnym RP w Kolonii,<\/li>\n<li>Sekretariacie Generalnym Parlamentu Europejskiego w Luksemburgu,<\/li>\n<li>Trybunale Karnym ONZ ds. by\u0142ej Jugos\u0142awii w Hadze oraz<\/li>\n<li>Kancelarii Harris Cartier LLP w Londynie.<\/li>\n<\/ul>\n<h3><strong>Specjalizuje si\u0119<\/strong><\/h3>\n<p>w doradztwie na rzecz podmiot\u00f3w gospodarczych, w tym w szczeg\u00f3lno\u015bci w mi\u0119dzynarodowym obrocie prawnym, transakcjach M&amp;A, negocjacjach um\u00f3w.<\/p>\n<p>Prowadzi\u0142, z ramienia zamawiaj\u0105cego, proces organizacji zam\u00f3wie\u0144 publicznych oraz realizacji kontrakt\u00f3w na budow\u0119 oraz wyposa\u017cenie O\u015brodka Kultury Morskiej w Gda\u0144sku.<\/p>\n<p>Opracowywa\u0142 m.in. prawne aspekty procesu tworzenia i rozwoju dzia\u0142alno\u015bci operacyjnej mi\u0119dzynarodowego <em>joint venture<\/em> zajmuj\u0105cego si\u0119 dostawami paliw lotniczych w Polsce. Szerokie do\u015bwiadczenie w zakresie obs\u0142ugi prawnej sp\u00f3\u0142ek z kapita\u0142em zagranicznym oraz transakcji o charakterze mi\u0119dzynarodowym.<\/p>\n<p>W ostatnich latach strategiczny doradca prawny najwi\u0119kszego polskiego prywatnego przewo\u017anika kolejowego towar\u00f3w. Prowadzi\u0142 m.in. szereg transakcji zmierzaj\u0105cych do pozyskania kilkudziesi\u0119ciu lokomotyw wraz z organizacj\u0105 ich finansowania w formie leasingu. Doradza\u0142 w procesie uzyskania zezwolenia na prowadzenie dzia\u0142alno\u015bci przewozowej w RFN przed niemieckim regulatorem kolejowym.<\/p>\n<h3><strong>J\u0119zyki obce:<\/strong><\/h3>\n<p>angielski, niemiecki, francuski, rosyjski.<\/p>\n<h3><strong>Zainteresowania:<\/strong><\/h3>\n<p>off-road, instruktor strzelectwa (Gda\u0144ska Szko\u0142a Strzelectwa, <a href=\"http:\/\/www.gss.gda.pl\">www.gss.gda.pl<\/a>), kettlebells, sztuki walki (II kup w Taekwondo), instruktor \u017ceglarstwa, \u0142owiectwo.<\/p>\n","protected":false},"excerpt":{"rendered":"<p>Krzysztof Kuczy\u0144ski uko\u0144czy\u0142 studia prawnicze na Wydziale Prawa i Administracji [&hellip;]<\/p>\n","protected":false},"author":1,"featured_media":0,"parent":0,"menu_order":0,"comment_status":"closed","ping_status":"closed","template":"","meta":{"_exactmetrics_skip_tracking":false,"_exactmetrics_sitenote_active":false,"_exactmetrics_sitenote_note":"","_exactmetrics_sitenote_category":0,"footnotes":""},"class_list":["post-1162","page","type-page","status-publish","hentry"],"yoast_head":"<!-- This site is optimized with the Yoast SEO plugin v27.5 - https:\/\/yoast.com\/product\/yoast-seo-wordpress\/ -->\n<title>adw. Krzysztof Kuczy\u0144ski | Kancelaria prawna KPDI (Gda\u0144sk)<\/title>\n<meta name=\"description\" content=\"Adwokat krzysztof Kuczy\u0144ski jest partnerem zarz\u0105dzaj\u0105cym Kancelarii Prawnej KPDI (Gda\u0144sk) odpowiedzialnym za sprawy z zakresu obrotu mi\u0119dzynarodowego, Dzia\u0142 prawa Kolejowego i transakcje M&amp;A.\" \/>\n<meta name=\"robots\" content=\"index, follow, max-snippet:-1, max-image-preview:large, max-video-preview:-1\" \/>\n<link rel=\"canonical\" href=\"https:\/\/kpdi.pl\/english\/adwokat-krzysztof-kuczynski\/\" \/>\n<meta property=\"og:locale\" content=\"en_US\" \/>\n<meta property=\"og:type\" content=\"article\" \/>\n<meta property=\"og:title\" content=\"adw. Krzysztof Kuczy\u0144ski | Kancelaria prawna KPDI (Gda\u0144sk)\" \/>\n<meta property=\"og:description\" content=\"Adwokat krzysztof Kuczy\u0144ski jest partnerem zarz\u0105dzaj\u0105cym Kancelarii Prawnej KPDI (Gda\u0144sk) odpowiedzialnym za sprawy z zakresu obrotu mi\u0119dzynarodowego, Dzia\u0142 prawa Kolejowego i transakcje M&amp;A.\" \/>\n<meta property=\"og:url\" content=\"https:\/\/kpdi.pl\/english\/adwokat-krzysztof-kuczynski\/\" \/>\n<meta property=\"og:site_name\" content=\"KPDI EN\" \/>\n<meta property=\"og:image\" content=\"http:\/\/kpdi.pl\/wp-content\/uploads\/sites\/4\/2018\/03\/k-kuczynski-200x300.jpg\" \/>\n<meta name=\"twitter:card\" content=\"summary_large_image\" \/>\n<meta name=\"twitter:label1\" content=\"Est. reading time\" \/>\n\t<meta name=\"twitter:data1\" content=\"1 minute\" \/>\n<script type=\"application\/ld+json\" class=\"yoast-schema-graph\">{\"@context\":\"https:\\\/\\\/schema.org\",\"@graph\":[{\"@type\":\"WebPage\",\"@id\":\"https:\\\/\\\/kpdi.pl\\\/english\\\/adwokat-krzysztof-kuczynski\\\/\",\"url\":\"https:\\\/\\\/kpdi.pl\\\/english\\\/adwokat-krzysztof-kuczynski\\\/\",\"name\":\"adw. Krzysztof Kuczy\u0144ski | Kancelaria prawna KPDI (Gda\u0144sk)\",\"isPartOf\":{\"@id\":\"https:\\\/\\\/kpdi.pl\\\/english\\\/#website\"},\"primaryImageOfPage\":{\"@id\":\"https:\\\/\\\/kpdi.pl\\\/english\\\/adwokat-krzysztof-kuczynski\\\/#primaryimage\"},\"image\":{\"@id\":\"https:\\\/\\\/kpdi.pl\\\/english\\\/adwokat-krzysztof-kuczynski\\\/#primaryimage\"},\"thumbnailUrl\":\"http:\\\/\\\/kpdi.pl\\\/wp-content\\\/uploads\\\/sites\\\/4\\\/2018\\\/03\\\/k-kuczynski-200x300.jpg\",\"datePublished\":\"2018-03-15T22:34:55+00:00\",\"description\":\"Adwokat krzysztof Kuczy\u0144ski jest partnerem zarz\u0105dzaj\u0105cym Kancelarii Prawnej KPDI (Gda\u0144sk) odpowiedzialnym za sprawy z zakresu obrotu mi\u0119dzynarodowego, Dzia\u0142 prawa Kolejowego i transakcje M&A.\",\"inLanguage\":\"en-US\",\"potentialAction\":[{\"@type\":\"ReadAction\",\"target\":[\"https:\\\/\\\/kpdi.pl\\\/english\\\/adwokat-krzysztof-kuczynski\\\/\"]}]},{\"@type\":\"ImageObject\",\"inLanguage\":\"en-US\",\"@id\":\"https:\\\/\\\/kpdi.pl\\\/english\\\/adwokat-krzysztof-kuczynski\\\/#primaryimage\",\"url\":\"http:\\\/\\\/kpdi.pl\\\/wp-content\\\/uploads\\\/sites\\\/4\\\/2018\\\/03\\\/k-kuczynski-200x300.jpg\",\"contentUrl\":\"http:\\\/\\\/kpdi.pl\\\/wp-content\\\/uploads\\\/sites\\\/4\\\/2018\\\/03\\\/k-kuczynski-200x300.jpg\"},{\"@type\":\"WebSite\",\"@id\":\"https:\\\/\\\/kpdi.pl\\\/english\\\/#website\",\"url\":\"https:\\\/\\\/kpdi.pl\\\/english\\\/\",\"name\":\"KPDI EN\",\"description\":\"KPDI | Law Office Gda\u0144sk\",\"potentialAction\":[{\"@type\":\"SearchAction\",\"target\":{\"@type\":\"EntryPoint\",\"urlTemplate\":\"https:\\\/\\\/kpdi.pl\\\/english\\\/?s={search_term_string}\"},\"query-input\":{\"@type\":\"PropertyValueSpecification\",\"valueRequired\":true,\"valueName\":\"search_term_string\"}}],\"inLanguage\":\"en-US\"}]}<\/script>\n<!-- \/ Yoast SEO plugin. -->","yoast_head_json":{"title":"adw. Krzysztof Kuczy\u0144ski | Kancelaria prawna KPDI (Gda\u0144sk)","description":"Adwokat krzysztof Kuczy\u0144ski jest partnerem zarz\u0105dzaj\u0105cym Kancelarii Prawnej KPDI (Gda\u0144sk) odpowiedzialnym za sprawy z zakresu obrotu mi\u0119dzynarodowego, Dzia\u0142 prawa Kolejowego i transakcje M&A.","robots":{"index":"index","follow":"follow","max-snippet":"max-snippet:-1","max-image-preview":"max-image-preview:large","max-video-preview":"max-video-preview:-1"},"canonical":"https:\/\/kpdi.pl\/english\/adwokat-krzysztof-kuczynski\/","og_locale":"en_US","og_type":"article","og_title":"adw. Krzysztof Kuczy\u0144ski | Kancelaria prawna KPDI (Gda\u0144sk)","og_description":"Adwokat krzysztof Kuczy\u0144ski jest partnerem zarz\u0105dzaj\u0105cym Kancelarii Prawnej KPDI (Gda\u0144sk) odpowiedzialnym za sprawy z zakresu obrotu mi\u0119dzynarodowego, Dzia\u0142 prawa Kolejowego i transakcje M&A.","og_url":"https:\/\/kpdi.pl\/english\/adwokat-krzysztof-kuczynski\/","og_site_name":"KPDI EN","og_image":[{"url":"http:\/\/kpdi.pl\/wp-content\/uploads\/sites\/4\/2018\/03\/k-kuczynski-200x300.jpg","type":"","width":"","height":""}],"twitter_card":"summary_large_image","twitter_misc":{"Est. reading time":"1 minute"},"schema":{"@context":"https:\/\/schema.org","@graph":[{"@type":"WebPage","@id":"https:\/\/kpdi.pl\/english\/adwokat-krzysztof-kuczynski\/","url":"https:\/\/kpdi.pl\/english\/adwokat-krzysztof-kuczynski\/","name":"adw. Krzysztof Kuczy\u0144ski | Kancelaria prawna KPDI (Gda\u0144sk)","isPartOf":{"@id":"https:\/\/kpdi.pl\/english\/#website"},"primaryImageOfPage":{"@id":"https:\/\/kpdi.pl\/english\/adwokat-krzysztof-kuczynski\/#primaryimage"},"image":{"@id":"https:\/\/kpdi.pl\/english\/adwokat-krzysztof-kuczynski\/#primaryimage"},"thumbnailUrl":"http:\/\/kpdi.pl\/wp-content\/uploads\/sites\/4\/2018\/03\/k-kuczynski-200x300.jpg","datePublished":"2018-03-15T22:34:55+00:00","description":"Adwokat krzysztof Kuczy\u0144ski jest partnerem zarz\u0105dzaj\u0105cym Kancelarii Prawnej KPDI (Gda\u0144sk) odpowiedzialnym za sprawy z zakresu obrotu mi\u0119dzynarodowego, Dzia\u0142 prawa Kolejowego i transakcje M&A.","inLanguage":"en-US","potentialAction":[{"@type":"ReadAction","target":["https:\/\/kpdi.pl\/english\/adwokat-krzysztof-kuczynski\/"]}]},{"@type":"ImageObject","inLanguage":"en-US","@id":"https:\/\/kpdi.pl\/english\/adwokat-krzysztof-kuczynski\/#primaryimage","url":"http:\/\/kpdi.pl\/wp-content\/uploads\/sites\/4\/2018\/03\/k-kuczynski-200x300.jpg","contentUrl":"http:\/\/kpdi.pl\/wp-content\/uploads\/sites\/4\/2018\/03\/k-kuczynski-200x300.jpg"},{"@type":"WebSite","@id":"https:\/\/kpdi.pl\/english\/#website","url":"https:\/\/kpdi.pl\/english\/","name":"KPDI EN","description":"KPDI | Law Office Gda\u0144sk","potentialAction":[{"@type":"SearchAction","target":{"@type":"EntryPoint","urlTemplate":"https:\/\/kpdi.pl\/english\/?s={search_term_string}"},"query-input":{"@type":"PropertyValueSpecification","valueRequired":true,"valueName":"search_term_string"}}],"inLanguage":"en-US"}]}},"_links":{"self":[{"href":"https:\/\/kpdi.pl\/english\/wp-json\/wp\/v2\/pages\/1162","targetHints":{"allow":["GET"]}}],"collection":[{"href":"https:\/\/kpdi.pl\/english\/wp-json\/wp\/v2\/pages"}],"about":[{"href":"https:\/\/kpdi.pl\/english\/wp-json\/wp\/v2\/types\/page"}],"author":[{"embeddable":true,"href":"https:\/\/kpdi.pl\/english\/wp-json\/wp\/v2\/users\/1"}],"replies":[{"embeddable":true,"href":"https:\/\/kpdi.pl\/english\/wp-json\/wp\/v2\/comments?post=1162"}],"version-history":[{"count":1,"href":"https:\/\/kpdi.pl\/english\/wp-json\/wp\/v2\/pages\/1162\/revisions"}],"predecessor-version":[{"id":1165,"href":"https:\/\/kpdi.pl\/english\/wp-json\/wp\/v2\/pages\/1162\/revisions\/1165"}],"wp:attachment":[{"href":"https:\/\/kpdi.pl\/english\/wp-json\/wp\/v2\/media?parent=1162"}],"curies":[{"name":"wp","href":"https:\/\/api.w.org\/{rel}","templated":true}]}}