{"id":1166,"date":"2018-03-15T22:40:30","date_gmt":"2018-03-15T22:40:30","guid":{"rendered":"http:\/\/kpdi.pl\/english\/?page_id=1166"},"modified":"2025-11-28T10:40:48","modified_gmt":"2025-11-28T10:40:48","slug":"radca-prawny-lechoslaw-piotrowski","status":"publish","type":"page","link":"https:\/\/kpdi.pl\/english\/radca-prawny-lechoslaw-piotrowski\/","title":{"rendered":"Legal advisor Lechos\u0142aw Piotrowski"},"content":{"rendered":"<div class=\"fusion-fullwidth fullwidth-box fusion-builder-row-1 nonhundred-percent-fullwidth non-hundred-percent-height-scrolling\" style=\"background-color: rgba(255,255,255,0);background-position: center center;background-repeat: no-repeat;padding-top:0px;padding-right:0px;padding-bottom:0px;padding-left:0px;margin-bottom: 0px;margin-top: 0px;border-width: 0px 0px 0px 0px;border-color:#eae9e9;border-style:solid;\" ><div class=\"fusion-builder-row fusion-row\"><div class=\"fusion-layout-column fusion_builder_column fusion-builder-column-0 fusion_builder_column_1_3 1_3 fusion-one-third fusion-column-first\" style=\"width:33.333333333333%;width:calc(33.333333333333% - ( ( 4% ) * 0.33333333333333 ) );margin-right: 4%;margin-top:0px;margin-bottom:20px;\"><div class=\"fusion-column-wrapper fusion-flex-column-wrapper-legacy\" style=\"background-position:left top;background-blend-mode: overlay;background-repeat:no-repeat;-webkit-background-size:cover;-moz-background-size:cover;-o-background-size:cover;background-size:cover;padding: 0px 0px 0px 0px;\"><div class=\"imageframe-align-center\"><style>.fusion-image-frame-bottomshadow.image-frame-shadow-1{display:inline-block}.element-bottomshadow.imageframe-1:before, .element-bottomshadow.imageframe-1:after{-webkit-box-shadow: 0 17px 10px rgba(0,0,0,0.4);box-shadow: 0 17px 10px rgba(0,0,0,0.4);}<\/style><div class=\"awb-image-frame awb-image-frame-1 fusion-image-frame-bottomshadow element-bottomshadow image-frame-shadow-1 fusion-no-medium-visibility\"><span class=\" fusion-imageframe imageframe-bottomshadow imageframe-1 element-bottomshadow hover-type-zoomout\"><img decoding=\"async\" width=\"200\" height=\"300\" title=\"DSC_1144\" src=\"https:\/\/kpdi.pl\/english\/wp-content\/uploads\/sites\/4\/2025\/11\/DSC_1144-200x300.jpg\" alt class=\"img-responsive wp-image-2171\" srcset=\"https:\/\/kpdi.pl\/english\/wp-content\/uploads\/sites\/4\/2025\/11\/DSC_1144-200x300.jpg 200w, https:\/\/kpdi.pl\/english\/wp-content\/uploads\/sites\/4\/2025\/11\/DSC_1144-400x599.jpg 400w, https:\/\/kpdi.pl\/english\/wp-content\/uploads\/sites\/4\/2025\/11\/DSC_1144-600x899.jpg 600w, https:\/\/kpdi.pl\/english\/wp-content\/uploads\/sites\/4\/2025\/11\/DSC_1144-800x1199.jpg 800w, https:\/\/kpdi.pl\/english\/wp-content\/uploads\/sites\/4\/2025\/11\/DSC_1144-1200x1798.jpg 1200w, https:\/\/kpdi.pl\/english\/wp-content\/uploads\/sites\/4\/2025\/11\/DSC_1144-scaled.jpg 1709w\" sizes=\"(max-width: 800px) 100vw, 400px\" \/><\/span><\/div><\/div><div class=\"fusion-sep-clear\"><\/div><div class=\"fusion-separator fusion-full-width-sep\" style=\"margin-left: auto;margin-right: auto;margin-top:10px;margin-bottom:10px;width:100%;\"><\/div><div class=\"fusion-sep-clear\"><\/div><div class=\"aligncenter\"><div class=\"fusion-social-links fusion-social-links-1\"><div class=\"fusion-social-networks\"><div class=\"fusion-social-networks-wrapper\"><a class=\"fusion-social-network-icon fusion-tooltip fusion-linkedin awb-icon-linkedin\" style=\"color:#40bfff;font-size:16px;\" data-placement=\"top\" data-title=\"LinkedIn\" data-toggle=\"tooltip\" title=\"LinkedIn\" aria-label=\"linkedin\" target=\"_blank\" rel=\"noopener noreferrer\" href=\"https:\/\/www.linkedin.com\/in\/lechoslaw-piotrowski-1745702\/\"><\/a><a class=\"fusion-social-network-icon fusion-tooltip fusion-mail awb-icon-mail\" style=\"color:#40bfff;font-size:16px;\" data-placement=\"top\" data-title=\"Email\" data-toggle=\"tooltip\" title=\"Email\" aria-label=\"mail\" target=\"_blank\" rel=\"noopener noreferrer\" href=\"mailto:&#108;e&#099;h&#111;&#115;l&#097;w.pi&#111;tr&#111;ws&#107;i&#064;&#107;p&#100;&#105;&#046;pl&#047;e&#110;&#103;lis&#104;\"><\/a><\/div><\/div><\/div><\/div><style type=\"text\/css\">.fusion-social-links-1 .boxed-icons .fusion-social-network-icon{border-top-width:0px !important;border-right-width:0px !important;border-bottom-width:0px !important;border-left-width:0px !important;border-color:var(--awb-color3) !important;}.fusion-social-links-1 .boxed-icons .fusion-social-network-icon:hover{background-color:rgba(232,232,232,0.8) !important;border-color:var(--awb-color4) !important;}.fusion-social-links-1 .fusion-social-network-icon:hover{color:rgba(190,189,189,0.8) !important;}.fusion-social-links-1{ margin-top : 0px;margin-right : 0px;margin-bottom : 0px;margin-left : 0px;}<\/style><div class=\"fusion-clearfix\"><\/div><\/div><\/div><div class=\"fusion-layout-column fusion_builder_column fusion-builder-column-1 fusion_builder_column_2_3 2_3 fusion-two-third fusion-column-last\" style=\"width:66.666666666667%;width:calc(66.666666666667% - ( ( 4% ) * 0.66666666666667 ) );margin-top:0px;margin-bottom:20px;\"><div class=\"fusion-column-wrapper fusion-flex-column-wrapper-legacy\" style=\"background-position:left top;background-blend-mode: overlay;background-repeat:no-repeat;-webkit-background-size:cover;-moz-background-size:cover;-o-background-size:cover;background-size:cover;padding: 0px 0px 0px 0px;\"><div class=\"fusion-content-boxes content-boxes columns row fusion-columns-1 fusion-columns-total-5 fusion-content-boxes-1 content-boxes-icon-with-title content-left\" data-animationOffset=\"top-into-view\" style=\"margin-top:0px;margin-bottom:60px;\"><style type=\"text\/css\">.fusion-content-boxes-1 .heading .content-box-heading {color:#333333;}\n\t\t\t\t\t.fusion-content-boxes-1 .fusion-content-box-hover .link-area-link-icon-hover .heading .content-box-heading,\n\t\t\t\t\t.fusion-content-boxes-1 .fusion-content-box-hover .link-area-link-icon-hover .heading .heading-link .content-box-heading,\n\t\t\t\t\t.fusion-content-boxes-1 .fusion-content-box-hover .link-area-box-hover .heading .content-box-heading,\n\t\t\t\t\t.fusion-content-boxes-1 .fusion-content-box-hover .link-area-box-hover .heading .heading-link .content-box-heading,\n\t\t\t\t\t.fusion-content-boxes-1 .fusion-content-box-hover .link-area-link-icon-hover.link-area-box .fusion-read-more,\n\t\t\t\t\t.fusion-content-boxes-1 .fusion-content-box-hover .link-area-link-icon-hover.link-area-box .fusion-read-more::after,\n\t\t\t\t\t.fusion-content-boxes-1 .fusion-content-box-hover .link-area-link-icon-hover.link-area-box .fusion-read-more::before,\n\t\t\t\t\t.fusion-content-boxes-1 .fusion-content-box-hover .fusion-read-more:hover:after,\n\t\t\t\t\t.fusion-content-boxes-1 .fusion-content-box-hover .fusion-read-more:hover:before,\n\t\t\t\t\t.fusion-content-boxes-1 .fusion-content-box-hover .fusion-read-more:hover,\n\t\t\t\t\t.fusion-content-boxes-1 .fusion-content-box-hover .link-area-box-hover.link-area-box .fusion-read-more,\n\t\t\t\t\t.fusion-content-boxes-1 .fusion-content-box-hover .link-area-box-hover.link-area-box .fusion-read-more::after,\n\t\t\t\t\t.fusion-content-boxes-1 .fusion-content-box-hover .link-area-box-hover.link-area-box .fusion-read-more::before,\n\t\t\t\t\t.fusion-content-boxes-1 .fusion-content-box-hover .link-area-link-icon-hover .icon .circle-no,\n\t\t\t\t\t.fusion-content-boxes-1 .heading .heading-link:hover .content-box-heading {\n\t\t\t\t\t\tcolor: #1a80b6;\n\t\t\t\t\t}\n\t\t\t\t\t.fusion-content-boxes-1 .fusion-content-box-hover .link-area-box-hover .icon .circle-no {\n\t\t\t\t\t\tcolor: #1a80b6 !important;\n\t\t\t\t\t}.fusion-content-boxes-1 .fusion-content-box-hover .link-area-box.link-area-box-hover .fusion-content-box-button {background: #5aabd6;color: #105378;background-image: -webkit-gradient( linear, left bottom, left top, from( #90c9e8 ), to( #5aabd6 ) );background-image: linear-gradient( to top, #90c9e8, #5aabd6 )}.fusion-content-boxes-1 .fusion-content-box-hover .link-area-box.link-area-box-hover .fusion-content-box-button .fusion-button-text {color: #105378;}\n\t\t\t\t\t.fusion-content-boxes-1 .fusion-content-box-hover .link-area-link-icon-hover .heading .icon > span {\n\t\t\t\t\t\tbackground-color: #1a80b6 !important;\n\t\t\t\t\t}\n\t\t\t\t\t.fusion-content-boxes-1 .fusion-content-box-hover .link-area-box-hover .heading .icon > span {\n\t\t\t\t\t\tborder-color: #1a80b6 !important;\n\t\t\t\t\t}<\/style><div class=\"fusion-column content-box-column content-box-column content-box-column-1 col-lg-12 col-md-12 col-sm-12 fusion-content-box-hover content-box-column-last-in-row\"><div class=\"col content-box-wrapper content-wrapper link-area-link-icon icon-hover-animation-fade\" style=\"background-color:rgba(255,255,255,0);\" data-animationOffset=\"top-into-view\"><div class=\"heading heading-with-icon icon-left\"><div class=\"icon\"><i style=\"border-color:#333333;border-width:1px;background-color:#ffffff;box-sizing:content-box;height:42px;width:42px;line-height:42px;border-radius:50%;color:#40bfff;font-size:21px;\" aria-hidden=\"true\" class=\"fontawesome-icon fa-check fas circle-yes\"><\/i><\/div><h2 class=\"content-box-heading\" style=\"font-size:18px;line-height:23px;\">Education.<\/h2><\/div><div class=\"fusion-clearfix\"><\/div><div class=\"content-container\" style=\"color:#747474;\">\n<p>He graduated in law at the Faculty of Law and Administration of the University of Gda\u0144sk. Postgraduate studies in &#8220;Corporate Finance Management&#8221; at the Faculty of Management at the University of Gda\u0144sk.<\/p>\n<div class=\"jhH5U r-i34P93mzjrbs\" data-rtid=\"i34P93mzjrbs\">\n<div id=\"tw-ob\" class=\"tw-src-ltr\">\n<div class=\"oSioSc\">\n<div id=\"tw-target\">\n<div id=\"kAz1tf\" class=\"g9WsWb\">\n<div id=\"tw-target-text-container\" class=\"tw-ta-container tw-nfl\">\n<pre class=\"tw-ta tw-text-small\" lang=\"en\"><\/pre>\n<\/div>\n<div id=\"z6maec\" class=\"tw-ta-container tw-nfl\">\n<pre id=\"tw-target-rmn\" class=\"tw-data-placeholder tw-ta tw-text-small\" dir=\"ltr\" data-placeholder=\"\"><\/pre>\n<pre class=\"tw-ta tw-text-small\"><\/pre>\n<\/div>\n<div id=\"tw-tmenu\" class=\"tw-menu\"><\/div>\n<\/div>\n<\/div>\n<\/div>\n<\/div>\n<div class=\"dURPtb\"><\/div>\n<div class=\"iJLG_NxW9mKs-pvVKlfEP0Yk\"><\/div>\n<\/div>\n<\/div><\/div><\/div><div class=\"fusion-column content-box-column content-box-column content-box-column-2 col-lg-12 col-md-12 col-sm-12 fusion-content-box-hover content-box-column-last-in-row\"><div class=\"col content-box-wrapper content-wrapper link-area-link-icon icon-hover-animation-fade\" style=\"background-color:rgba(255,255,255,0);\" data-animationOffset=\"top-into-view\"><div class=\"heading heading-with-icon icon-left\"><div class=\"icon\"><i style=\"border-color:#333333;border-width:1px;background-color:#ffffff;box-sizing:content-box;height:42px;width:42px;line-height:42px;border-radius:50%;color:#40bfff;font-size:21px;\" aria-hidden=\"true\" class=\"fontawesome-icon fa-check fas circle-yes\"><\/i><\/div><h2 class=\"content-box-heading\" style=\"font-size:18px;line-height:23px;\">Experience.<\/h2><\/div><div class=\"fusion-clearfix\"><\/div><div class=\"content-container\" style=\"color:#747474;\">\n<p id=\"tw-target-text\" class=\"tw-data-text tw-ta tw-text-small\" dir=\"ltr\" data-placeholder=\"T\u0142umaczenie\"><span lang=\"en\" tabindex=\"0\">In the years 2000-2001 he worked at ING Bank \u015al\u0105ski S.A., then as an applicant in law offices. Attorney since 2005.<\/span><\/p>\n<p class=\"tw-data-text tw-ta tw-text-small\" dir=\"ltr\" data-placeholder=\"T\u0142umaczenie\"><span lang=\"en\" tabindex=\"0\">He has many years of experience in compiling and negotiating contracts, in particular those that are a part of investment processes, also based on FIDIC procedures. He also specializes in conducting court disputes for business clients arising during the implementation of contracts, both in common courts and in arbitration. <\/span><\/p>\n<p class=\"tw-data-text tw-ta tw-text-small\" dir=\"ltr\" data-placeholder=\"T\u0142umaczenie\"><span lang=\"en\" tabindex=\"0\">He advised on investment processes related to the expansion of the refinery in Gda\u0144sk and the management of hydrocarbon motherloads in the Baltic Sea.<\/span><\/p>\n<p class=\"tw-data-text tw-ta tw-text-small\" dir=\"ltr\" data-placeholder=\"T\u0142umaczenie\"><span lang=\"en\" tabindex=\"0\">He participated in numerous public procurement proceedings, both on the part of the ordering parties and the bidders.<\/span><\/p>\n<p class=\"tw-data-text tw-ta tw-text-small\" dir=\"ltr\" data-placeholder=\"T\u0142umaczenie\"><span lang=\"en\" tabindex=\"0\">He provides legal services to companies in the IT sector, advising, among others, in negotiating contracts for the implementation of IT projects, consistent IT services, service contracts and the preparation of regulations for services provided via internet.<\/span><\/p>\n<\/div><\/div><\/div><div class=\"fusion-column content-box-column content-box-column content-box-column-3 col-lg-12 col-md-12 col-sm-12 fusion-content-box-hover content-box-column-last-in-row\"><div class=\"col content-box-wrapper content-wrapper link-area-link-icon icon-hover-animation-fade\" style=\"background-color:rgba(255,255,255,0);\" data-animationOffset=\"top-into-view\"><div class=\"heading heading-with-icon icon-left\"><div class=\"icon\"><i style=\"border-color:#333333;border-width:1px;background-color:#ffffff;box-sizing:content-box;height:42px;width:42px;line-height:42px;border-radius:50%;color:#40bfff;font-size:21px;\" aria-hidden=\"true\" class=\"fontawesome-icon fa-check fas circle-yes\"><\/i><\/div><h2 class=\"content-box-heading\" style=\"font-size:18px;line-height:23px;\">Specialization.<\/h2><\/div><div class=\"fusion-clearfix\"><\/div><div class=\"content-container\" style=\"color:#747474;\">\n<p>Economic and commercial law, energy, M&amp;A transactions, contracts negotiation, conducting court procedures, intellectual property law.<\/p>\n<div class=\"jhH5U r-i34P93mzjrbs\" data-rtid=\"i34P93mzjrbs\">\n<div id=\"tw-ob\" class=\"tw-src-ltr\">\n<div class=\"oSioSc\">\n<div id=\"tw-target\">\n<div id=\"kAz1tf\" class=\"g9WsWb\">\n<div id=\"tw-target-text-container\" class=\"tw-ta-container tw-nfl\">\n<pre id=\"tw-target-text\" class=\"tw-data-text tw-ta tw-text-small\" dir=\"ltr\" data-placeholder=\"T\u0142umaczenie\"><\/pre>\n<pre class=\"tw-ta tw-text-small\" lang=\"en\"><\/pre>\n<\/div>\n<div id=\"z6maec\" class=\"tw-ta-container tw-nfl\">\n<pre id=\"tw-target-rmn\" class=\"tw-data-placeholder tw-ta tw-text-small\" dir=\"ltr\" data-placeholder=\"\"><\/pre>\n<pre class=\"tw-ta tw-text-small\"><\/pre>\n<\/div>\n<div id=\"tw-tmenu\" class=\"tw-menu\"><\/div>\n<\/div>\n<\/div>\n<\/div>\n<\/div>\n<div class=\"dURPtb\"><\/div>\n<div class=\"iJLG_NxW9mKs-pvVKlfEP0Yk\"><\/div>\n<\/div>\n<\/div><\/div><\/div><div class=\"fusion-column content-box-column content-box-column content-box-column-4 col-lg-12 col-md-12 col-sm-12 fusion-content-box-hover content-box-column-last-in-row\"><div class=\"col content-box-wrapper content-wrapper link-area-link-icon icon-hover-animation-fade\" style=\"background-color:rgba(255,255,255,0);\" data-animationOffset=\"top-into-view\"><div class=\"heading heading-with-icon icon-left\"><div class=\"icon\"><i style=\"border-color:#333333;border-width:1px;background-color:#ffffff;box-sizing:content-box;height:42px;width:42px;line-height:42px;border-radius:50%;color:#40bfff;font-size:21px;\" aria-hidden=\"true\" class=\"fontawesome-icon fa-check fas circle-yes\"><\/i><\/div><h2 class=\"content-box-heading\" style=\"font-size:18px;line-height:23px;\">Languages.<\/h2><\/div><div class=\"fusion-clearfix\"><\/div><div class=\"content-container\" style=\"color:#747474;\">\n<p>English.<\/p>\n<\/div><\/div><\/div><div class=\"fusion-column content-box-column content-box-column content-box-column-5 col-lg-12 col-md-12 col-sm-12 fusion-content-box-hover content-box-column-last content-box-column-last-in-row\"><div class=\"col content-box-wrapper content-wrapper link-area-link-icon icon-hover-animation-fade\" style=\"background-color:rgba(255,255,255,0);\" data-animationOffset=\"top-into-view\"><div class=\"heading heading-with-icon icon-left\"><div class=\"icon\"><i style=\"border-color:#333333;border-width:1px;background-color:#ffffff;box-sizing:content-box;height:42px;width:42px;line-height:42px;border-radius:50%;color:#40bfff;font-size:21px;\" aria-hidden=\"true\" class=\"fontawesome-icon fa-check fas circle-yes\"><\/i><\/div><h2 class=\"content-box-heading\" style=\"font-size:18px;line-height:23px;\">Interests.<\/h2><\/div><div class=\"fusion-clearfix\"><\/div><div class=\"content-container\" style=\"color:#747474;\">\n<p>History, football, hiking and canoeing, cinema.<\/p>\n<div class=\"jhH5U r-i34P93mzjrbs\" data-rtid=\"i34P93mzjrbs\">\n<div id=\"tw-ob\" class=\"tw-src-ltr\">\n<div class=\"oSioSc\">\n<div id=\"tw-target\">\n<div id=\"kAz1tf\" class=\"g9WsWb\">\n<div id=\"tw-target-text-container\" class=\"tw-ta-container tw-nfl\">\n<pre id=\"tw-target-text\" class=\"tw-data-text tw-ta tw-text-medium\" dir=\"ltr\" data-placeholder=\"T\u0142umaczenie\"><\/pre>\n<pre class=\"tw-ta tw-text-medium\" lang=\"en\"><\/pre>\n<\/div>\n<div id=\"z6maec\" class=\"tw-ta-container tw-nfl\">\n<pre id=\"tw-target-rmn\" class=\"tw-data-placeholder tw-ta tw-text-small\" dir=\"ltr\" data-placeholder=\"\"><\/pre>\n<pre class=\"tw-ta tw-text-small\"><\/pre>\n<\/div>\n<div id=\"tw-tmenu\" class=\"tw-menu\"><\/div>\n<\/div>\n<\/div>\n<\/div>\n<\/div>\n<div class=\"dURPtb\"><\/div>\n<div class=\"iJLG_NxW9mKs-pvVKlfEP0Yk\"><\/div>\n<\/div>\n<\/div><\/div><\/div><style type=\"text\/css\">\n\t\t\t\t\t\t.fusion-content-boxes-1 .fusion-content-box-hover .heading-link:hover .icon i.circle-yes,\n\t\t\t\t\t\t.fusion-content-boxes-1 .fusion-content-box-hover .link-area-box:hover .heading-link .icon i.circle-yes,\n\t\t\t\t\t\t.fusion-content-boxes-1 .fusion-content-box-hover .link-area-link-icon-hover .heading .icon i.circle-yes,\n\t\t\t\t\t\t.fusion-content-boxes-1 .fusion-content-box-hover .link-area-box-hover .heading .icon i.circle-yes {\n\t\t\t\t\t\t\tbackground-color: #1a80b6 !important;\n\t\t\t\t\t\t\tborder-color: #1a80b6 !important;\n\t\t\t\t\t\t}<\/style><div class=\"fusion-clearfix\"><\/div><\/div><div class=\"fusion-clearfix\"><\/div><\/div><\/div><\/div><\/div>\n","protected":false},"excerpt":{"rendered":"","protected":false},"author":1,"featured_media":0,"parent":0,"menu_order":0,"comment_status":"closed","ping_status":"closed","template":"","meta":{"_exactmetrics_skip_tracking":false,"_exactmetrics_sitenote_active":false,"_exactmetrics_sitenote_note":"","_exactmetrics_sitenote_category":0,"footnotes":""},"class_list":["post-1166","page","type-page","status-publish","hentry"],"yoast_head":"<!-- This site is optimized with the Yoast SEO plugin v27.6 - https:\/\/yoast.com\/product\/yoast-seo-wordpress\/ -->\n<title>r.pr. Lechos\u0142aw Piotrowski | Kancelaria Prawna KPDI (Gda\u0144sk)<\/title>\n<meta name=\"description\" content=\"Radca prawny Lechos\u0142aw Piotrowski - partner Kancelarii Prawnej Doma\u0144ski i Wsp\u00f3lnicy (Gda\u0144sk), Specjalizuje si\u0119 w prawie handlowym, negocjacjach um\u00f3w i bran\u017cy IT.\" \/>\n<meta name=\"robots\" content=\"index, follow, max-snippet:-1, max-image-preview:large, max-video-preview:-1\" \/>\n<link rel=\"canonical\" href=\"https:\/\/kpdi.pl\/english\/radca-prawny-lechoslaw-piotrowski\/\" \/>\n<meta property=\"og:locale\" content=\"en_US\" \/>\n<meta property=\"og:type\" content=\"article\" \/>\n<meta property=\"og:title\" content=\"r.pr. Lechos\u0142aw Piotrowski | Kancelaria Prawna KPDI (Gda\u0144sk)\" \/>\n<meta property=\"og:description\" content=\"Radca prawny Lechos\u0142aw Piotrowski - partner Kancelarii Prawnej Doma\u0144ski i Wsp\u00f3lnicy (Gda\u0144sk), Specjalizuje si\u0119 w prawie handlowym, negocjacjach um\u00f3w i bran\u017cy IT.\" \/>\n<meta property=\"og:url\" content=\"https:\/\/kpdi.pl\/english\/radca-prawny-lechoslaw-piotrowski\/\" \/>\n<meta property=\"og:site_name\" content=\"KPDI EN\" \/>\n<meta property=\"article:modified_time\" content=\"2025-11-28T10:40:48+00:00\" \/>\n<meta name=\"twitter:card\" content=\"summary_large_image\" \/>\n<meta name=\"twitter:label1\" content=\"Est. reading time\" \/>\n\t<meta name=\"twitter:data1\" content=\"2 minutes\" \/>\n<script type=\"application\/ld+json\" class=\"yoast-schema-graph\">{\"@context\":\"https:\\\/\\\/schema.org\",\"@graph\":[{\"@type\":\"WebPage\",\"@id\":\"https:\\\/\\\/kpdi.pl\\\/english\\\/radca-prawny-lechoslaw-piotrowski\\\/\",\"url\":\"https:\\\/\\\/kpdi.pl\\\/english\\\/radca-prawny-lechoslaw-piotrowski\\\/\",\"name\":\"r.pr. Lechos\u0142aw Piotrowski | Kancelaria Prawna KPDI (Gda\u0144sk)\",\"isPartOf\":{\"@id\":\"https:\\\/\\\/kpdi.pl\\\/english\\\/#website\"},\"datePublished\":\"2018-03-15T22:40:30+00:00\",\"dateModified\":\"2025-11-28T10:40:48+00:00\",\"description\":\"Radca prawny Lechos\u0142aw Piotrowski - partner Kancelarii Prawnej Doma\u0144ski i Wsp\u00f3lnicy (Gda\u0144sk), Specjalizuje si\u0119 w prawie handlowym, negocjacjach um\u00f3w i bran\u017cy IT.\",\"breadcrumb\":{\"@id\":\"https:\\\/\\\/kpdi.pl\\\/english\\\/radca-prawny-lechoslaw-piotrowski\\\/#breadcrumb\"},\"inLanguage\":\"en-US\",\"potentialAction\":[{\"@type\":\"ReadAction\",\"target\":[\"https:\\\/\\\/kpdi.pl\\\/english\\\/radca-prawny-lechoslaw-piotrowski\\\/\"]}]},{\"@type\":\"BreadcrumbList\",\"@id\":\"https:\\\/\\\/kpdi.pl\\\/english\\\/radca-prawny-lechoslaw-piotrowski\\\/#breadcrumb\",\"itemListElement\":[{\"@type\":\"ListItem\",\"position\":1,\"name\":\"Strona g\u0142\u00f3wna\",\"item\":\"https:\\\/\\\/kpdi.pl\\\/english\\\/\"},{\"@type\":\"ListItem\",\"position\":2,\"name\":\"Legal advisor Lechos\u0142aw Piotrowski\"}]},{\"@type\":\"WebSite\",\"@id\":\"https:\\\/\\\/kpdi.pl\\\/english\\\/#website\",\"url\":\"https:\\\/\\\/kpdi.pl\\\/english\\\/\",\"name\":\"KPDI EN\",\"description\":\"KPDI | Law Office Gda\u0144sk\",\"potentialAction\":[{\"@type\":\"SearchAction\",\"target\":{\"@type\":\"EntryPoint\",\"urlTemplate\":\"https:\\\/\\\/kpdi.pl\\\/english\\\/?s={search_term_string}\"},\"query-input\":{\"@type\":\"PropertyValueSpecification\",\"valueRequired\":true,\"valueName\":\"search_term_string\"}}],\"inLanguage\":\"en-US\"}]}<\/script>\n<!-- \/ Yoast SEO plugin. -->","yoast_head_json":{"title":"r.pr. Lechos\u0142aw Piotrowski | Kancelaria Prawna KPDI (Gda\u0144sk)","description":"Radca prawny Lechos\u0142aw Piotrowski - partner Kancelarii Prawnej Doma\u0144ski i Wsp\u00f3lnicy (Gda\u0144sk), Specjalizuje si\u0119 w prawie handlowym, negocjacjach um\u00f3w i bran\u017cy IT.","robots":{"index":"index","follow":"follow","max-snippet":"max-snippet:-1","max-image-preview":"max-image-preview:large","max-video-preview":"max-video-preview:-1"},"canonical":"https:\/\/kpdi.pl\/english\/radca-prawny-lechoslaw-piotrowski\/","og_locale":"en_US","og_type":"article","og_title":"r.pr. Lechos\u0142aw Piotrowski | Kancelaria Prawna KPDI (Gda\u0144sk)","og_description":"Radca prawny Lechos\u0142aw Piotrowski - partner Kancelarii Prawnej Doma\u0144ski i Wsp\u00f3lnicy (Gda\u0144sk), Specjalizuje si\u0119 w prawie handlowym, negocjacjach um\u00f3w i bran\u017cy IT.","og_url":"https:\/\/kpdi.pl\/english\/radca-prawny-lechoslaw-piotrowski\/","og_site_name":"KPDI EN","article_modified_time":"2025-11-28T10:40:48+00:00","twitter_card":"summary_large_image","twitter_misc":{"Est. reading time":"2 minutes"},"schema":{"@context":"https:\/\/schema.org","@graph":[{"@type":"WebPage","@id":"https:\/\/kpdi.pl\/english\/radca-prawny-lechoslaw-piotrowski\/","url":"https:\/\/kpdi.pl\/english\/radca-prawny-lechoslaw-piotrowski\/","name":"r.pr. Lechos\u0142aw Piotrowski | Kancelaria Prawna KPDI (Gda\u0144sk)","isPartOf":{"@id":"https:\/\/kpdi.pl\/english\/#website"},"datePublished":"2018-03-15T22:40:30+00:00","dateModified":"2025-11-28T10:40:48+00:00","description":"Radca prawny Lechos\u0142aw Piotrowski - partner Kancelarii Prawnej Doma\u0144ski i Wsp\u00f3lnicy (Gda\u0144sk), Specjalizuje si\u0119 w prawie handlowym, negocjacjach um\u00f3w i bran\u017cy IT.","breadcrumb":{"@id":"https:\/\/kpdi.pl\/english\/radca-prawny-lechoslaw-piotrowski\/#breadcrumb"},"inLanguage":"en-US","potentialAction":[{"@type":"ReadAction","target":["https:\/\/kpdi.pl\/english\/radca-prawny-lechoslaw-piotrowski\/"]}]},{"@type":"BreadcrumbList","@id":"https:\/\/kpdi.pl\/english\/radca-prawny-lechoslaw-piotrowski\/#breadcrumb","itemListElement":[{"@type":"ListItem","position":1,"name":"Strona g\u0142\u00f3wna","item":"https:\/\/kpdi.pl\/english\/"},{"@type":"ListItem","position":2,"name":"Legal advisor Lechos\u0142aw Piotrowski"}]},{"@type":"WebSite","@id":"https:\/\/kpdi.pl\/english\/#website","url":"https:\/\/kpdi.pl\/english\/","name":"KPDI EN","description":"KPDI | Law Office Gda\u0144sk","potentialAction":[{"@type":"SearchAction","target":{"@type":"EntryPoint","urlTemplate":"https:\/\/kpdi.pl\/english\/?s={search_term_string}"},"query-input":{"@type":"PropertyValueSpecification","valueRequired":true,"valueName":"search_term_string"}}],"inLanguage":"en-US"}]}},"_links":{"self":[{"href":"https:\/\/kpdi.pl\/english\/wp-json\/wp\/v2\/pages\/1166","targetHints":{"allow":["GET"]}}],"collection":[{"href":"https:\/\/kpdi.pl\/english\/wp-json\/wp\/v2\/pages"}],"about":[{"href":"https:\/\/kpdi.pl\/english\/wp-json\/wp\/v2\/types\/page"}],"author":[{"embeddable":true,"href":"https:\/\/kpdi.pl\/english\/wp-json\/wp\/v2\/users\/1"}],"replies":[{"embeddable":true,"href":"https:\/\/kpdi.pl\/english\/wp-json\/wp\/v2\/comments?post=1166"}],"version-history":[{"count":19,"href":"https:\/\/kpdi.pl\/english\/wp-json\/wp\/v2\/pages\/1166\/revisions"}],"predecessor-version":[{"id":2185,"href":"https:\/\/kpdi.pl\/english\/wp-json\/wp\/v2\/pages\/1166\/revisions\/2185"}],"wp:attachment":[{"href":"https:\/\/kpdi.pl\/english\/wp-json\/wp\/v2\/media?parent=1166"}],"curies":[{"name":"wp","href":"https:\/\/api.w.org\/{rel}","templated":true}]}}