{"id":1169,"date":"2018-03-18T07:34:08","date_gmt":"2018-03-18T07:34:08","guid":{"rendered":"http:\/\/kpdi.pl\/english\/?page_id=1169"},"modified":"2018-03-18T07:34:08","modified_gmt":"2018-03-18T07:34:08","slug":"uzyskanie-pozwolenia-na-bron-palna","status":"publish","type":"page","link":"https:\/\/kpdi.pl\/english\/uzyskanie-pozwolenia-na-bron-palna\/","title":{"rendered":"Uzyskanie pozwolenia na bro\u0144 paln\u0105"},"content":{"rendered":"<p>Szczeg\u00f3ln\u0105 specjalizacj\u0105 naszej Kancelarii s\u0105 prawne aspekty posiadania broni palnej w Polsce, w tym doradztwo i reprezentacja ws sprawach zwi\u0105zanych z uzyskaniem pozwolenia na bro\u0144 paln\u0105.<\/p>\n<h3><strong>Adwokat &#8211; instruktor strzelectwa<\/strong><\/h3>\n<p>Partner Kancelarii prawnej KPDI (Gda\u0144sk), <a href=\"http:\/\/kpdi.pl\/english\/nasz-zespol\/partnerzy\/adwokat-krzysztof-kuczynski-llm\">adwokat Krzysztof Kuczy\u0144ski<\/a>, jest instruktorem strzelectwa, prowadz\u0105cym <a href=\"http:\/\/gss.gda.pl\/\" target=\"_blank\" rel=\"noopener\">Gda\u0144sk\u0105 Szko\u0142\u0119 Strzelectwa<\/a>. Jednocze\u015bnie anga\u017cuje si\u0119 od wielu lat debat\u0119 na temat prawa broni i amunicji,. Krzysztof Kuczy\u0144ski jest autorem wielu publikacji zwi\u0105zanych z problematyk\u0105 posiadania broni i amunicji (wi\u0119cej na stronie <a href=\"http:\/\/gss.gda.pl\/baza-wiedzy\/artykuly\/\" target=\"_blank\" rel=\"noopener\">Gda\u0144skiej Szko\u0142y Strzelectwa<\/a>).<\/p>\n<h3><strong>Pozwolenia na bro\u0144 paln\u0105<\/strong><\/h3>\n<p>Doradzamy w zakresie formalnych warunk\u00f3w zdobycia <strong>pozwolenia na bro\u0144 paln\u0105<\/strong>. Reprezentujemy w post\u0119powaniach prowadzonych przez Komendant\u00f3w Wojew\u00f3dzkich Policji (WPA) oraz Komendant\u00f3w \u017bandarmerii Wojskowej. Tak\u017ce w sprawach zwi\u0105zanych z cofni\u0119ciem pozwolenia na bro\u0144.<\/p>\n<h3><strong>Karne aspekty u\u017cycia broni palnej<\/strong><\/h3>\n<p>Reprezentujemy posiadaczy broni w post\u0119powaniach karnych zwi\u0105zanych z <strong>posiadaniem, u\u017cyciem lub obrotem broni\u0105 paln\u0105. <\/strong>Krzysztof Kuczy\u0144ski specjalizuje si\u0119 m.in. w zakresie prawa <strong>obrony koniecznej <\/strong>z u\u017cyciem broni palnej. Bra\u0142 m.in. udzia\u0142 jako ekspert prawny w <a href=\"http:\/\/www.rp.pl\/Prawo-karne\/310269977-Granice-obrony-koniecznej-wciaz-wywoluja-spory---debata-Pod-orlem-o-panstwie-i-prawie.html\" target=\"_blank\" rel=\"noopener\">Debacie <\/a>dotycz\u0105cej zagadnie\u0144 obrony koniecznej, w tym zasad obrony z u\u017cyciem broni palnej zorganizowanej przez Redakcj\u0119 &#8220;<em>Rzeczpospolitej&#8221;<\/em>.<\/p>\n<p>Krzysztof Kuczy\u0144ski jest autorem opracowania przybli\u017caj\u0105cego prawne aspekty obrony koniecznej z u\u017cyciem broni palnej, kt\u00f3ry dost\u0119pny jest <a href=\"http:\/\/gss.gda.pl\/obrona-konieczna-uzyciem-broni-palnej-zagadnienia-prawne-czesc-2\/\">TUTAJ-&gt;<\/a><\/p>\n","protected":false},"excerpt":{"rendered":"<p>Szczeg\u00f3ln\u0105 specjalizacj\u0105 naszej Kancelarii s\u0105 prawne aspekty posiadania broni palnej [&hellip;]<\/p>\n","protected":false},"author":1,"featured_media":0,"parent":0,"menu_order":0,"comment_status":"closed","ping_status":"closed","template":"","meta":{"_exactmetrics_skip_tracking":false,"_exactmetrics_sitenote_active":false,"_exactmetrics_sitenote_note":"","_exactmetrics_sitenote_category":0,"footnotes":""},"class_list":["post-1169","page","type-page","status-publish","hentry"],"yoast_head":"<!-- This site is optimized with the Yoast SEO plugin v27.5 - https:\/\/yoast.com\/product\/yoast-seo-wordpress\/ -->\n<title>Uzyskanie pozwolenia na bro\u0144 paln\u0105 | Kancelaria Prawna KPDI (Gda\u0144sk)<\/title>\n<meta name=\"description\" content=\"Reprezentujemy w sprawach dotycz\u0105cych uzyskania pozwolenia na bro\u0144 paln\u0105, a tak\u017ce innych sprawach (karnych i administracyjnych) zwi\u0105zanych z posiadaniem i u\u017cyciem broni palnej. Adwokat Krzysztof Kuczy\u0144ski, Gda\u0144sk.\" \/>\n<meta name=\"robots\" content=\"index, follow, max-snippet:-1, max-image-preview:large, max-video-preview:-1\" \/>\n<link rel=\"canonical\" href=\"https:\/\/kpdi.pl\/english\/uzyskanie-pozwolenia-na-bron-palna\/\" \/>\n<meta property=\"og:locale\" content=\"en_US\" \/>\n<meta property=\"og:type\" content=\"article\" \/>\n<meta property=\"og:title\" content=\"Uzyskanie pozwolenia na bro\u0144 paln\u0105 | Kancelaria Prawna KPDI (Gda\u0144sk)\" \/>\n<meta property=\"og:description\" content=\"Reprezentujemy w sprawach dotycz\u0105cych uzyskania pozwolenia na bro\u0144 paln\u0105, a tak\u017ce innych sprawach (karnych i administracyjnych) zwi\u0105zanych z posiadaniem i u\u017cyciem broni palnej. Adwokat Krzysztof Kuczy\u0144ski, Gda\u0144sk.\" \/>\n<meta property=\"og:url\" content=\"https:\/\/kpdi.pl\/english\/uzyskanie-pozwolenia-na-bron-palna\/\" \/>\n<meta property=\"og:site_name\" content=\"KPDI EN\" \/>\n<meta name=\"twitter:card\" content=\"summary_large_image\" \/>\n<meta name=\"twitter:label1\" content=\"Est. reading time\" \/>\n\t<meta name=\"twitter:data1\" content=\"1 minute\" \/>\n<script type=\"application\/ld+json\" class=\"yoast-schema-graph\">{\"@context\":\"https:\\\/\\\/schema.org\",\"@graph\":[{\"@type\":\"WebPage\",\"@id\":\"https:\\\/\\\/kpdi.pl\\\/english\\\/uzyskanie-pozwolenia-na-bron-palna\\\/\",\"url\":\"https:\\\/\\\/kpdi.pl\\\/english\\\/uzyskanie-pozwolenia-na-bron-palna\\\/\",\"name\":\"Uzyskanie pozwolenia na bro\u0144 paln\u0105 | Kancelaria Prawna KPDI (Gda\u0144sk)\",\"isPartOf\":{\"@id\":\"https:\\\/\\\/kpdi.pl\\\/english\\\/#website\"},\"datePublished\":\"2018-03-18T07:34:08+00:00\",\"description\":\"Reprezentujemy w sprawach dotycz\u0105cych uzyskania pozwolenia na bro\u0144 paln\u0105, a tak\u017ce innych sprawach (karnych i administracyjnych) zwi\u0105zanych z posiadaniem i u\u017cyciem broni palnej. Adwokat Krzysztof Kuczy\u0144ski, Gda\u0144sk.\",\"breadcrumb\":{\"@id\":\"https:\\\/\\\/kpdi.pl\\\/english\\\/uzyskanie-pozwolenia-na-bron-palna\\\/#breadcrumb\"},\"inLanguage\":\"en-US\",\"potentialAction\":[{\"@type\":\"ReadAction\",\"target\":[\"https:\\\/\\\/kpdi.pl\\\/english\\\/uzyskanie-pozwolenia-na-bron-palna\\\/\"]}]},{\"@type\":\"BreadcrumbList\",\"@id\":\"https:\\\/\\\/kpdi.pl\\\/english\\\/uzyskanie-pozwolenia-na-bron-palna\\\/#breadcrumb\",\"itemListElement\":[{\"@type\":\"ListItem\",\"position\":1,\"name\":\"Strona g\u0142\u00f3wna\",\"item\":\"https:\\\/\\\/kpdi.pl\\\/english\\\/\"},{\"@type\":\"ListItem\",\"position\":2,\"name\":\"Uzyskanie pozwolenia na bro\u0144 paln\u0105\"}]},{\"@type\":\"WebSite\",\"@id\":\"https:\\\/\\\/kpdi.pl\\\/english\\\/#website\",\"url\":\"https:\\\/\\\/kpdi.pl\\\/english\\\/\",\"name\":\"KPDI EN\",\"description\":\"KPDI | Law Office Gda\u0144sk\",\"potentialAction\":[{\"@type\":\"SearchAction\",\"target\":{\"@type\":\"EntryPoint\",\"urlTemplate\":\"https:\\\/\\\/kpdi.pl\\\/english\\\/?s={search_term_string}\"},\"query-input\":{\"@type\":\"PropertyValueSpecification\",\"valueRequired\":true,\"valueName\":\"search_term_string\"}}],\"inLanguage\":\"en-US\"}]}<\/script>\n<!-- \/ Yoast SEO plugin. -->","yoast_head_json":{"title":"Uzyskanie pozwolenia na bro\u0144 paln\u0105 | Kancelaria Prawna KPDI (Gda\u0144sk)","description":"Reprezentujemy w sprawach dotycz\u0105cych uzyskania pozwolenia na bro\u0144 paln\u0105, a tak\u017ce innych sprawach (karnych i administracyjnych) zwi\u0105zanych z posiadaniem i u\u017cyciem broni palnej. Adwokat Krzysztof Kuczy\u0144ski, Gda\u0144sk.","robots":{"index":"index","follow":"follow","max-snippet":"max-snippet:-1","max-image-preview":"max-image-preview:large","max-video-preview":"max-video-preview:-1"},"canonical":"https:\/\/kpdi.pl\/english\/uzyskanie-pozwolenia-na-bron-palna\/","og_locale":"en_US","og_type":"article","og_title":"Uzyskanie pozwolenia na bro\u0144 paln\u0105 | Kancelaria Prawna KPDI (Gda\u0144sk)","og_description":"Reprezentujemy w sprawach dotycz\u0105cych uzyskania pozwolenia na bro\u0144 paln\u0105, a tak\u017ce innych sprawach (karnych i administracyjnych) zwi\u0105zanych z posiadaniem i u\u017cyciem broni palnej. Adwokat Krzysztof Kuczy\u0144ski, Gda\u0144sk.","og_url":"https:\/\/kpdi.pl\/english\/uzyskanie-pozwolenia-na-bron-palna\/","og_site_name":"KPDI EN","twitter_card":"summary_large_image","twitter_misc":{"Est. reading time":"1 minute"},"schema":{"@context":"https:\/\/schema.org","@graph":[{"@type":"WebPage","@id":"https:\/\/kpdi.pl\/english\/uzyskanie-pozwolenia-na-bron-palna\/","url":"https:\/\/kpdi.pl\/english\/uzyskanie-pozwolenia-na-bron-palna\/","name":"Uzyskanie pozwolenia na bro\u0144 paln\u0105 | Kancelaria Prawna KPDI (Gda\u0144sk)","isPartOf":{"@id":"https:\/\/kpdi.pl\/english\/#website"},"datePublished":"2018-03-18T07:34:08+00:00","description":"Reprezentujemy w sprawach dotycz\u0105cych uzyskania pozwolenia na bro\u0144 paln\u0105, a tak\u017ce innych sprawach (karnych i administracyjnych) zwi\u0105zanych z posiadaniem i u\u017cyciem broni palnej. Adwokat Krzysztof Kuczy\u0144ski, Gda\u0144sk.","breadcrumb":{"@id":"https:\/\/kpdi.pl\/english\/uzyskanie-pozwolenia-na-bron-palna\/#breadcrumb"},"inLanguage":"en-US","potentialAction":[{"@type":"ReadAction","target":["https:\/\/kpdi.pl\/english\/uzyskanie-pozwolenia-na-bron-palna\/"]}]},{"@type":"BreadcrumbList","@id":"https:\/\/kpdi.pl\/english\/uzyskanie-pozwolenia-na-bron-palna\/#breadcrumb","itemListElement":[{"@type":"ListItem","position":1,"name":"Strona g\u0142\u00f3wna","item":"https:\/\/kpdi.pl\/english\/"},{"@type":"ListItem","position":2,"name":"Uzyskanie pozwolenia na bro\u0144 paln\u0105"}]},{"@type":"WebSite","@id":"https:\/\/kpdi.pl\/english\/#website","url":"https:\/\/kpdi.pl\/english\/","name":"KPDI EN","description":"KPDI | Law Office Gda\u0144sk","potentialAction":[{"@type":"SearchAction","target":{"@type":"EntryPoint","urlTemplate":"https:\/\/kpdi.pl\/english\/?s={search_term_string}"},"query-input":{"@type":"PropertyValueSpecification","valueRequired":true,"valueName":"search_term_string"}}],"inLanguage":"en-US"}]}},"_links":{"self":[{"href":"https:\/\/kpdi.pl\/english\/wp-json\/wp\/v2\/pages\/1169","targetHints":{"allow":["GET"]}}],"collection":[{"href":"https:\/\/kpdi.pl\/english\/wp-json\/wp\/v2\/pages"}],"about":[{"href":"https:\/\/kpdi.pl\/english\/wp-json\/wp\/v2\/types\/page"}],"author":[{"embeddable":true,"href":"https:\/\/kpdi.pl\/english\/wp-json\/wp\/v2\/users\/1"}],"replies":[{"embeddable":true,"href":"https:\/\/kpdi.pl\/english\/wp-json\/wp\/v2\/comments?post=1169"}],"version-history":[{"count":1,"href":"https:\/\/kpdi.pl\/english\/wp-json\/wp\/v2\/pages\/1169\/revisions"}],"predecessor-version":[{"id":1171,"href":"https:\/\/kpdi.pl\/english\/wp-json\/wp\/v2\/pages\/1169\/revisions\/1171"}],"wp:attachment":[{"href":"https:\/\/kpdi.pl\/english\/wp-json\/wp\/v2\/media?parent=1169"}],"curies":[{"name":"wp","href":"https:\/\/api.w.org\/{rel}","templated":true}]}}