{"id":1447,"date":"2018-03-22T20:35:24","date_gmt":"2018-03-22T20:35:24","guid":{"rendered":"http:\/\/kpdi.pl\/english\/?page_id=1447"},"modified":"2019-06-28T10:27:23","modified_gmt":"2019-06-28T10:27:23","slug":"procesy-miedzynarodowe","status":"publish","type":"page","link":"https:\/\/kpdi.pl\/english\/procesy-miedzynarodowe\/","title":{"rendered":"International cases"},"content":{"rendered":"<p><div class=\"fusion-fullwidth fullwidth-box fusion-builder-row-1 nonhundred-percent-fullwidth non-hundred-percent-height-scrolling\" style=\"background-color: rgba(255,255,255,0);background-position: center center;background-repeat: no-repeat;padding-top:0px;padding-right:0px;padding-bottom:0px;padding-left:0px;margin-bottom: 0px;margin-top: 0px;border-width: 0px 0px 0px 0px;border-color:#eae9e9;border-style:solid;\" ><div class=\"fusion-builder-row fusion-row\"><div class=\"fusion-layout-column fusion_builder_column fusion-builder-column-0 fusion_builder_column_1_1 1_1 fusion-one-full fusion-column-first fusion-column-last\" style=\"margin-top:0px;margin-bottom:20px;\"><div class=\"fusion-column-wrapper fusion-flex-column-wrapper-legacy\" style=\"background-position:left top;background-repeat:no-repeat;-webkit-background-size:cover;-moz-background-size:cover;-o-background-size:cover;background-size:cover;padding: 0px 0px 0px 0px;\"><div class=\"fusion-text fusion-text-1\"><h2 style=\"text-align: center;\"><strong>International cases \u2013 representation of our Clients in disputes requires the knowledge of principles of proceeding with international elements.<\/strong><\/h2>\n<\/div><div class=\"fusion-clearfix\"><\/div><\/div><\/div><\/div><\/div><div class=\"fusion-fullwidth fullwidth-box fusion-builder-row-2 nonhundred-percent-fullwidth non-hundred-percent-height-scrolling\" style=\"background-color: rgba(255,255,255,0);background-position: center center;background-repeat: no-repeat;padding-top:0px;padding-right:0px;padding-bottom:0px;padding-left:0px;margin-bottom: 0px;margin-top: 0px;border-width: 0px 0px 0px 0px;border-color:#eae9e9;border-style:solid;\" ><div class=\"fusion-builder-row fusion-row\"><div class=\"fusion-layout-column fusion_builder_column fusion-builder-column-1 fusion_builder_column_3_5 3_5 fusion-three-fifth fusion-column-first\" style=\"width:60%;width:calc(60% - ( ( 4% ) * 0.6 ) );margin-right: 4%;margin-top:0px;margin-bottom:20px;\"><div class=\"fusion-column-wrapper fusion-flex-column-wrapper-legacy\" style=\"background-position:left top;background-repeat:no-repeat;-webkit-background-size:cover;-moz-background-size:cover;-o-background-size:cover;background-size:cover;padding: 0px 0px 0px 0px;\"><div class=\"fusion-text fusion-text-2\"><h3>Foreign business partners \u2013 the everyday life of Polish companies<\/h3>\n<p>The everyday life of every company involves business relations within the European Union, trade exchange with China or import of goods or services from abroad.<\/p>\n<p>Any business contact of our Client with a foreign partner results in the need to establish both the governing law for the transaction and the jurisdiction of the country in which any possible disputes will be resolved. The majority of business relations are successful, so companies tend not to think about possible problems. However, when there is a dispute \u2013 either complaint, lack of payment, a counterclaim or lack of delivery, etc. \u2013 the formalities start to matter.<\/p>\n<p>Bringing a legal action to a court of a wrong country may result in irreparable damages. Moreover, whenever parties to court proceedings come from different countries, special principles of procedure need to be followed.<\/p>\n<h3><\/h3>\n<h3>Our experts in legal actions with foreign parties<\/h3>\n<p>We represent foreign Clients in Poland and Polish Clients in disputes with foreign companies. Our lawyers specialize in business law and international trade proceedings. The Partner responsible for international proceedings and foreign matters is <a href=\"http:\/\/kpdi.pl\/english\/adwokat-krzysztof-kuczynski-llm\/\">Krzysztof Kuczy\u0144ski, LL.M.<\/a><\/p>\n<\/div><div class=\"fusion-clearfix\"><\/div><\/div><\/div><div class=\"fusion-layout-column fusion_builder_column fusion-builder-column-2 fusion_builder_column_2_5 2_5 fusion-two-fifth fusion-column-last\" style=\"width:40%;width:calc(40% - ( ( 4% ) * 0.4 ) );margin-top:0px;margin-bottom:20px;\"><div class=\"fusion-column-wrapper fusion-flex-column-wrapper-legacy\" style=\"background-position:left top;background-repeat:no-repeat;-webkit-background-size:cover;-moz-background-size:cover;-o-background-size:cover;background-size:cover;padding: 0px 0px 0px 0px;\"><div class=\"fusion-sep-clear\"><\/div><div class=\"fusion-separator fusion-full-width-sep\" style=\"margin-left: auto;margin-right: auto;margin-top:10px;margin-bottom:30px;width:100%;\"><\/div><div class=\"fusion-sep-clear\"><\/div><div class=\"imageframe-align-center\"><span class=\" fusion-imageframe imageframe-none imageframe-1 hover-type-none\"><img decoding=\"async\" width=\"200\" height=\"300\" alt=\"adwokat Krzysztof Kuczy\u0144ski\" title=\"sesja_kpdi_fot_maziarz_0010\" src=\"http:\/\/kpdi.pl\/wp-content\/uploads\/sites\/4\/2018\/03\/sesja_kpdi_fot_maziarz_0010-200x300.jpg\" class=\"img-responsive wp-image-1389\" srcset=\"https:\/\/kpdi.pl\/english\/wp-content\/uploads\/sites\/4\/2018\/03\/sesja_kpdi_fot_maziarz_0010-200x300.jpg 200w, https:\/\/kpdi.pl\/english\/wp-content\/uploads\/sites\/4\/2018\/03\/sesja_kpdi_fot_maziarz_0010-400x600.jpg 400w, https:\/\/kpdi.pl\/english\/wp-content\/uploads\/sites\/4\/2018\/03\/sesja_kpdi_fot_maziarz_0010-600x900.jpg 600w, https:\/\/kpdi.pl\/english\/wp-content\/uploads\/sites\/4\/2018\/03\/sesja_kpdi_fot_maziarz_0010.jpg 667w\" sizes=\"(max-width: 800px) 100vw, 600px\" \/><\/span><\/div><div class=\"fusion-clearfix\"><\/div><\/div><\/div><\/div><\/div><div class=\"fusion-fullwidth fullwidth-box fusion-builder-row-3 nonhundred-percent-fullwidth non-hundred-percent-height-scrolling\" style=\"background-color: rgba(255,255,255,0);background-position: center center;background-repeat: no-repeat;padding-top:0px;padding-right:0px;padding-bottom:0px;padding-left:0px;margin-bottom: 0px;margin-top: 0px;border-width: 0px 0px 0px 0px;border-color:#eae9e9;border-style:solid;\" ><div class=\"fusion-builder-row fusion-row\"><div class=\"fusion-layout-column fusion_builder_column fusion-builder-column-3 fusion_builder_column_1_1 1_1 fusion-one-full fusion-column-first fusion-column-last\" style=\"margin-top:0px;margin-bottom:20px;\"><div class=\"fusion-column-wrapper fusion-flex-column-wrapper-legacy\" style=\"background-position:left top;background-repeat:no-repeat;-webkit-background-size:cover;-moz-background-size:cover;-o-background-size:cover;background-size:cover;padding: 0px 0px 0px 0px;\"><div class=\"fusion-sep-clear\"><\/div><div class=\"fusion-separator fusion-full-width-sep\" style=\"margin-left: auto;margin-right: auto;margin-top:10px;margin-bottom:10px;width:100%;\"><div class=\"fusion-separator-border sep-single sep-solid\" style=\"border-color:rgba(39,134,229,0.76);border-top-width:1px;\"><\/div><\/div><div class=\"fusion-sep-clear\"><\/div><div class=\"fusion-clearfix\"><\/div><\/div><\/div><\/div><\/div><div class=\"fusion-fullwidth fullwidth-box fusion-builder-row-4 nonhundred-percent-fullwidth non-hundred-percent-height-scrolling\" style=\"background-color: rgba(255,255,255,0);background-position: center center;background-repeat: no-repeat;padding-top:0px;padding-right:0px;padding-bottom:0px;padding-left:0px;margin-bottom: 0px;margin-top: 0px;border-width: 0px 0px 0px 0px;border-color:#eae9e9;border-style:solid;\" ><div class=\"fusion-builder-row fusion-row\"><div class=\"fusion-layout-column fusion_builder_column fusion-builder-column-4 fusion_builder_column_3_5 3_5 fusion-three-fifth fusion-column-first\" style=\"width:60%;width:calc(60% - ( ( 4% ) * 0.6 ) );margin-right: 4%;margin-top:0px;margin-bottom:20px;\"><div class=\"fusion-column-wrapper fusion-flex-column-wrapper-legacy\" style=\"background-position:left top;background-repeat:no-repeat;-webkit-background-size:cover;-moz-background-size:cover;-o-background-size:cover;background-size:cover;padding: 0px 0px 0px 0px;\"><div class=\"fusion-text fusion-text-3\"><h3>EUROJURIS \u2013 our support abroad<\/h3>\n<p>Thanks to being a member of EUROJURIS International and collaborating with numerous foreign law offices, we are able to provide legal services in settling disputes abroad.<\/p>\n<p>Get to know more about<a href=\"http:\/\/kpdi.pl\/english\/eurojuris-international\/\"> EUROJURIS-&gt;<\/a><\/p>\n<\/div><div class=\"fusion-clearfix\"><\/div><\/div><\/div><div class=\"fusion-layout-column fusion_builder_column fusion-builder-column-5 fusion_builder_column_2_5 2_5 fusion-two-fifth fusion-column-last\" style=\"width:40%;width:calc(40% - ( ( 4% ) * 0.4 ) );margin-top:0px;margin-bottom:20px;\"><div class=\"fusion-column-wrapper fusion-flex-column-wrapper-legacy\" style=\"background-position:left top;background-repeat:no-repeat;-webkit-background-size:cover;-moz-background-size:cover;-o-background-size:cover;background-size:cover;padding: 0px 0px 0px 0px;\"><div class=\"imageframe-align-center\"><span class=\" fusion-imageframe imageframe-none imageframe-2 hover-type-none\"><img decoding=\"async\" width=\"300\" height=\"48\" alt=\"EUROJURIS International\" title=\"EUROJURIS logo\" src=\"http:\/\/kpdi.pl\/wp-content\/uploads\/sites\/4\/2018\/03\/EUROJURIS-logo-300x48.png\" class=\"img-responsive wp-image-1480\" srcset=\"https:\/\/kpdi.pl\/english\/wp-content\/uploads\/sites\/4\/2018\/03\/EUROJURIS-logo-200x32.png 200w, https:\/\/kpdi.pl\/english\/wp-content\/uploads\/sites\/4\/2018\/03\/EUROJURIS-logo-400x64.png 400w, https:\/\/kpdi.pl\/english\/wp-content\/uploads\/sites\/4\/2018\/03\/EUROJURIS-logo-600x95.png 600w, https:\/\/kpdi.pl\/english\/wp-content\/uploads\/sites\/4\/2018\/03\/EUROJURIS-logo-800x127.png 800w, https:\/\/kpdi.pl\/english\/wp-content\/uploads\/sites\/4\/2018\/03\/EUROJURIS-logo-1200x191.png 1200w, https:\/\/kpdi.pl\/english\/wp-content\/uploads\/sites\/4\/2018\/03\/EUROJURIS-logo.png 2320w\" sizes=\"(max-width: 800px) 100vw, 600px\" \/><\/span><\/div><div class=\"fusion-clearfix\"><\/div><\/div><\/div><\/div><\/div><\/p>\n","protected":false},"excerpt":{"rendered":"","protected":false},"author":1,"featured_media":0,"parent":0,"menu_order":0,"comment_status":"closed","ping_status":"closed","template":"","meta":{"_exactmetrics_skip_tracking":false,"_exactmetrics_sitenote_active":false,"_exactmetrics_sitenote_note":"","_exactmetrics_sitenote_category":0,"footnotes":""},"class_list":["post-1447","page","type-page","status-publish","hentry"],"yoast_head":"<!-- This site is optimized with the Yoast SEO plugin v27.5 - https:\/\/yoast.com\/product\/yoast-seo-wordpress\/ -->\n<title>Procesy mi\u0119dzynarodowe | Kancelaria Prawna KPDI (Gda\u0144sk)<\/title>\n<meta name=\"description\" content=\"Procesy mi\u0119dzynarodowe - sprawy s\u0105dowe z udzia\u0142em zagranicznym. Windykacja mi\u0119dzynarodowa. Reprezentujemy polskich i zagranicznych kontrahent\u00f3w w procesach s\u0105dowych w Polsce i organizujemy pomoc prawn\u0105 w sprawach rozpatrywanych przez s\u0105dy obce.\" \/>\n<meta name=\"robots\" content=\"index, follow, max-snippet:-1, max-image-preview:large, max-video-preview:-1\" \/>\n<link rel=\"canonical\" href=\"https:\/\/kpdi.pl\/english\/procesy-miedzynarodowe\/\" \/>\n<meta property=\"og:locale\" content=\"en_US\" \/>\n<meta property=\"og:type\" content=\"article\" \/>\n<meta property=\"og:title\" content=\"Procesy mi\u0119dzynarodowe | Kancelaria Prawna KPDI (Gda\u0144sk)\" \/>\n<meta property=\"og:description\" content=\"Procesy mi\u0119dzynarodowe - sprawy s\u0105dowe z udzia\u0142em zagranicznym. Windykacja mi\u0119dzynarodowa. Reprezentujemy polskich i zagranicznych kontrahent\u00f3w w procesach s\u0105dowych w Polsce i organizujemy pomoc prawn\u0105 w sprawach rozpatrywanych przez s\u0105dy obce.\" \/>\n<meta property=\"og:url\" content=\"https:\/\/kpdi.pl\/english\/procesy-miedzynarodowe\/\" \/>\n<meta property=\"og:site_name\" content=\"KPDI EN\" \/>\n<meta property=\"article:modified_time\" content=\"2019-06-28T10:27:23+00:00\" \/>\n<meta name=\"twitter:card\" content=\"summary_large_image\" \/>\n<meta name=\"twitter:label1\" content=\"Est. reading time\" \/>\n\t<meta name=\"twitter:data1\" content=\"7 minutes\" \/>\n<script type=\"application\/ld+json\" class=\"yoast-schema-graph\">{\"@context\":\"https:\\\/\\\/schema.org\",\"@graph\":[{\"@type\":\"WebPage\",\"@id\":\"https:\\\/\\\/kpdi.pl\\\/english\\\/procesy-miedzynarodowe\\\/\",\"url\":\"https:\\\/\\\/kpdi.pl\\\/english\\\/procesy-miedzynarodowe\\\/\",\"name\":\"Procesy mi\u0119dzynarodowe | Kancelaria Prawna KPDI (Gda\u0144sk)\",\"isPartOf\":{\"@id\":\"https:\\\/\\\/kpdi.pl\\\/english\\\/#website\"},\"datePublished\":\"2018-03-22T20:35:24+00:00\",\"dateModified\":\"2019-06-28T10:27:23+00:00\",\"description\":\"Procesy mi\u0119dzynarodowe - sprawy s\u0105dowe z udzia\u0142em zagranicznym. Windykacja mi\u0119dzynarodowa. Reprezentujemy polskich i zagranicznych kontrahent\u00f3w w procesach s\u0105dowych w Polsce i organizujemy pomoc prawn\u0105 w sprawach rozpatrywanych przez s\u0105dy obce.\",\"breadcrumb\":{\"@id\":\"https:\\\/\\\/kpdi.pl\\\/english\\\/procesy-miedzynarodowe\\\/#breadcrumb\"},\"inLanguage\":\"en-US\",\"potentialAction\":[{\"@type\":\"ReadAction\",\"target\":[\"https:\\\/\\\/kpdi.pl\\\/english\\\/procesy-miedzynarodowe\\\/\"]}]},{\"@type\":\"BreadcrumbList\",\"@id\":\"https:\\\/\\\/kpdi.pl\\\/english\\\/procesy-miedzynarodowe\\\/#breadcrumb\",\"itemListElement\":[{\"@type\":\"ListItem\",\"position\":1,\"name\":\"Strona g\u0142\u00f3wna\",\"item\":\"https:\\\/\\\/kpdi.pl\\\/english\\\/\"},{\"@type\":\"ListItem\",\"position\":2,\"name\":\"International cases\"}]},{\"@type\":\"WebSite\",\"@id\":\"https:\\\/\\\/kpdi.pl\\\/english\\\/#website\",\"url\":\"https:\\\/\\\/kpdi.pl\\\/english\\\/\",\"name\":\"KPDI EN\",\"description\":\"KPDI | Law Office Gda\u0144sk\",\"potentialAction\":[{\"@type\":\"SearchAction\",\"target\":{\"@type\":\"EntryPoint\",\"urlTemplate\":\"https:\\\/\\\/kpdi.pl\\\/english\\\/?s={search_term_string}\"},\"query-input\":{\"@type\":\"PropertyValueSpecification\",\"valueRequired\":true,\"valueName\":\"search_term_string\"}}],\"inLanguage\":\"en-US\"}]}<\/script>\n<!-- \/ Yoast SEO plugin. -->","yoast_head_json":{"title":"Procesy mi\u0119dzynarodowe | Kancelaria Prawna KPDI (Gda\u0144sk)","description":"Procesy mi\u0119dzynarodowe - sprawy s\u0105dowe z udzia\u0142em zagranicznym. Windykacja mi\u0119dzynarodowa. Reprezentujemy polskich i zagranicznych kontrahent\u00f3w w procesach s\u0105dowych w Polsce i organizujemy pomoc prawn\u0105 w sprawach rozpatrywanych przez s\u0105dy obce.","robots":{"index":"index","follow":"follow","max-snippet":"max-snippet:-1","max-image-preview":"max-image-preview:large","max-video-preview":"max-video-preview:-1"},"canonical":"https:\/\/kpdi.pl\/english\/procesy-miedzynarodowe\/","og_locale":"en_US","og_type":"article","og_title":"Procesy mi\u0119dzynarodowe | Kancelaria Prawna KPDI (Gda\u0144sk)","og_description":"Procesy mi\u0119dzynarodowe - sprawy s\u0105dowe z udzia\u0142em zagranicznym. Windykacja mi\u0119dzynarodowa. Reprezentujemy polskich i zagranicznych kontrahent\u00f3w w procesach s\u0105dowych w Polsce i organizujemy pomoc prawn\u0105 w sprawach rozpatrywanych przez s\u0105dy obce.","og_url":"https:\/\/kpdi.pl\/english\/procesy-miedzynarodowe\/","og_site_name":"KPDI EN","article_modified_time":"2019-06-28T10:27:23+00:00","twitter_card":"summary_large_image","twitter_misc":{"Est. reading time":"7 minutes"},"schema":{"@context":"https:\/\/schema.org","@graph":[{"@type":"WebPage","@id":"https:\/\/kpdi.pl\/english\/procesy-miedzynarodowe\/","url":"https:\/\/kpdi.pl\/english\/procesy-miedzynarodowe\/","name":"Procesy mi\u0119dzynarodowe | Kancelaria Prawna KPDI (Gda\u0144sk)","isPartOf":{"@id":"https:\/\/kpdi.pl\/english\/#website"},"datePublished":"2018-03-22T20:35:24+00:00","dateModified":"2019-06-28T10:27:23+00:00","description":"Procesy mi\u0119dzynarodowe - sprawy s\u0105dowe z udzia\u0142em zagranicznym. Windykacja mi\u0119dzynarodowa. Reprezentujemy polskich i zagranicznych kontrahent\u00f3w w procesach s\u0105dowych w Polsce i organizujemy pomoc prawn\u0105 w sprawach rozpatrywanych przez s\u0105dy obce.","breadcrumb":{"@id":"https:\/\/kpdi.pl\/english\/procesy-miedzynarodowe\/#breadcrumb"},"inLanguage":"en-US","potentialAction":[{"@type":"ReadAction","target":["https:\/\/kpdi.pl\/english\/procesy-miedzynarodowe\/"]}]},{"@type":"BreadcrumbList","@id":"https:\/\/kpdi.pl\/english\/procesy-miedzynarodowe\/#breadcrumb","itemListElement":[{"@type":"ListItem","position":1,"name":"Strona g\u0142\u00f3wna","item":"https:\/\/kpdi.pl\/english\/"},{"@type":"ListItem","position":2,"name":"International cases"}]},{"@type":"WebSite","@id":"https:\/\/kpdi.pl\/english\/#website","url":"https:\/\/kpdi.pl\/english\/","name":"KPDI EN","description":"KPDI | Law Office Gda\u0144sk","potentialAction":[{"@type":"SearchAction","target":{"@type":"EntryPoint","urlTemplate":"https:\/\/kpdi.pl\/english\/?s={search_term_string}"},"query-input":{"@type":"PropertyValueSpecification","valueRequired":true,"valueName":"search_term_string"}}],"inLanguage":"en-US"}]}},"_links":{"self":[{"href":"https:\/\/kpdi.pl\/english\/wp-json\/wp\/v2\/pages\/1447","targetHints":{"allow":["GET"]}}],"collection":[{"href":"https:\/\/kpdi.pl\/english\/wp-json\/wp\/v2\/pages"}],"about":[{"href":"https:\/\/kpdi.pl\/english\/wp-json\/wp\/v2\/types\/page"}],"author":[{"embeddable":true,"href":"https:\/\/kpdi.pl\/english\/wp-json\/wp\/v2\/users\/1"}],"replies":[{"embeddable":true,"href":"https:\/\/kpdi.pl\/english\/wp-json\/wp\/v2\/comments?post=1447"}],"version-history":[{"count":6,"href":"https:\/\/kpdi.pl\/english\/wp-json\/wp\/v2\/pages\/1447\/revisions"}],"predecessor-version":[{"id":1974,"href":"https:\/\/kpdi.pl\/english\/wp-json\/wp\/v2\/pages\/1447\/revisions\/1974"}],"wp:attachment":[{"href":"https:\/\/kpdi.pl\/english\/wp-json\/wp\/v2\/media?parent=1447"}],"curies":[{"name":"wp","href":"https:\/\/api.w.org\/{rel}","templated":true}]}}