{"id":1615,"date":"2018-04-18T12:29:43","date_gmt":"2018-04-18T12:29:43","guid":{"rendered":"http:\/\/kpdi.pl\/english\/?page_id=1615"},"modified":"2025-09-25T10:10:08","modified_gmt":"2025-09-25T10:10:08","slug":"due-dilligence","status":"publish","type":"page","link":"https:\/\/kpdi.pl\/english\/due-dilligence\/","title":{"rendered":"Due dilligence"},"content":{"rendered":"<p><div class=\"fusion-fullwidth fullwidth-box fusion-builder-row-1 nonhundred-percent-fullwidth non-hundred-percent-height-scrolling\" style=\"background-color: rgba(255,255,255,0);background-position: center center;background-repeat: no-repeat;padding-top:0px;padding-right:0px;padding-bottom:0px;padding-left:0px;margin-bottom: 0px;margin-top: 0px;border-width: 0px 0px 0px 0px;border-color:#eae9e9;border-style:solid;\" ><div class=\"fusion-builder-row fusion-row\"><div class=\"fusion-layout-column fusion_builder_column fusion-builder-column-0 fusion_builder_column_1_1 1_1 fusion-one-full fusion-column-first fusion-column-last\" style=\"margin-top:0px;margin-bottom:20px;\"><div class=\"fusion-column-wrapper fusion-flex-column-wrapper-legacy\" style=\"background-position:left top;background-blend-mode: overlay;background-repeat:no-repeat;-webkit-background-size:cover;-moz-background-size:cover;-o-background-size:cover;background-size:cover;padding: 0px 0px 0px 0px;\"><div class=\"fusion-text fusion-text-1\"><h2><strong><em>Due diligence<\/em> \u2013 legal examination of companies, enterprises, and real estate<\/strong><\/h2>\n<\/div><div class=\"fusion-clearfix\"><\/div><\/div><\/div><\/div><\/div><div class=\"fusion-fullwidth fullwidth-box fusion-builder-row-2 nonhundred-percent-fullwidth non-hundred-percent-height-scrolling\" style=\"background-color: rgba(255,255,255,0);background-position: center center;background-repeat: no-repeat;padding-top:0px;padding-right:0px;padding-bottom:0px;padding-left:0px;margin-bottom: 0px;margin-top: 0px;border-width: 0px 0px 0px 0px;border-color:#eae9e9;border-style:solid;\" ><div class=\"fusion-builder-row fusion-row\"><div class=\"fusion-layout-column fusion_builder_column fusion-builder-column-1 fusion_builder_column_1_1 1_1 fusion-one-full fusion-column-first fusion-column-last\" style=\"margin-top:0px;margin-bottom:20px;\"><div class=\"fusion-column-wrapper fusion-flex-column-wrapper-legacy\" style=\"background-position:left top;background-blend-mode: overlay;background-repeat:no-repeat;-webkit-background-size:cover;-moz-background-size:cover;-o-background-size:cover;background-size:cover;padding: 0px 0px 0px 0px;\"><div class=\"fusion-text fusion-text-2\"><h3 class=\"fusion-responsive-typography-calculated\" style=\"--fontsize: 16; line-height: 1.5; --minfontsize: 16;\" data-fontsize=\"16\" data-lineheight=\"24px\"><strong><img decoding=\"async\" class=\"alignnone wp-image-1500\" src=\"https:\/\/kpdi.pl\/wp-content\/uploads\/2018\/03\/IKONA-kafle.png\" alt=\"Kancelaria KPDI\" width=\"25\" height=\"25\" \/> <em>Due diligence<\/em> of companies and enterprises<\/strong><\/h3>\n<h3 class=\"fusion-responsive-typography-calculated\" style=\"--fontsize: 16; line-height: 1.5; --minfontsize: 16;\" data-fontsize=\"16\" data-lineheight=\"24px\"><strong><img decoding=\"async\" class=\"wp-image-1752 alignright\" src=\"https:\/\/kpdi.pl\/wp-content\/uploads\/2018\/05\/due-dilligence-1024x729.jpg\" alt=\"due dilligence\" width=\"598\" height=\"426\" srcset=\"https:\/\/kpdi.pl\/english\/wp-content\/uploads\/sites\/4\/2018\/05\/due-dilligence-200x142.jpg 200w, https:\/\/kpdi.pl\/english\/wp-content\/uploads\/sites\/4\/2018\/05\/due-dilligence-300x214.jpg 300w, https:\/\/kpdi.pl\/english\/wp-content\/uploads\/sites\/4\/2018\/05\/due-dilligence-400x285.jpg 400w, https:\/\/kpdi.pl\/english\/wp-content\/uploads\/sites\/4\/2018\/05\/due-dilligence-600x427.jpg 600w, https:\/\/kpdi.pl\/english\/wp-content\/uploads\/sites\/4\/2018\/05\/due-dilligence-768x547.jpg 768w, https:\/\/kpdi.pl\/english\/wp-content\/uploads\/sites\/4\/2018\/05\/due-dilligence-800x570.jpg 800w, https:\/\/kpdi.pl\/english\/wp-content\/uploads\/sites\/4\/2018\/05\/due-dilligence-1024x729.jpg 1024w, https:\/\/kpdi.pl\/english\/wp-content\/uploads\/sites\/4\/2018\/05\/due-dilligence-1200x854.jpg 1200w, https:\/\/kpdi.pl\/english\/wp-content\/uploads\/sites\/4\/2018\/05\/due-dilligence.jpg 1500w\" sizes=\"(max-width: 598px) 100vw, 598px\" \/><\/strong><\/h3>\n<p>Purchasing shares in a company is a straightforward transaction. A much greater challenge is examining the substance of the company in which we are becoming a shareholder, and sometimes the sole owner. When we purchase shares, we are buying a \u201cbag\u201d without knowing anything about its contents. Our role is to provide all information about the history and risks arising from the company&#8217;s activities to date.<\/p>\n<p>In cooperation with tax advisors and certified auditors, we prepare comprehensive audit reports that are not limited to legal issues, but also cover tax and financial issues.<\/p>\n<h3 class=\"fusion-responsive-typography-calculated\" style=\"--fontsize: 16; line-height: 1.5; --minfontsize: 16;\" data-fontsize=\"16\" data-lineheight=\"24px\"><strong><img decoding=\"async\" class=\"alignnone wp-image-1500\" src=\"https:\/\/kpdi.pl\/wp-content\/uploads\/2018\/03\/IKONA-kafle.png\" alt=\"Kancelaria KPDI\" width=\"25\" height=\"25\" \/> Real estate <em>due diligence<\/em><\/strong><\/h3>\n<p>The purchase of land or a building is also a serious transaction. Real estate is encumbered with various titles. The buyer of real estate may be liable for the debts of their legal predecessor.<\/p>\n<p>Investing in the property we intend to purchase is only possible if permitted by local law (local zoning plan, decision on building conditions).<\/p>\n<p>The role of the law firm is to provide legal certainty to the buyer of the property, which we achieve through a dedicated investigation.<\/p>\n<\/div><div class=\"fusion-clearfix\"><\/div><\/div><\/div><\/div><\/div><\/p>\n","protected":false},"excerpt":{"rendered":"","protected":false},"author":1,"featured_media":0,"parent":0,"menu_order":0,"comment_status":"closed","ping_status":"closed","template":"","meta":{"_exactmetrics_skip_tracking":false,"_exactmetrics_sitenote_active":false,"_exactmetrics_sitenote_note":"","_exactmetrics_sitenote_category":0,"footnotes":""},"class_list":["post-1615","page","type-page","status-publish","hentry"],"yoast_head":"<!-- This site is optimized with the Yoast SEO plugin v27.4 - https:\/\/yoast.com\/product\/yoast-seo-wordpress\/ -->\n<title>Due dilligence - KPDI EN<\/title>\n<meta name=\"description\" content=\"Prowadzimy due dilligence sp\u00f3\u0142ek, przedsi\u0119biorstw i nieruchomo\u015bci. Audyt prawny uzupe\u0142niany jest o badanie podatkowe i finansowe. Kancelaria organizuje badanie i przygotowuje raport z ocen\u0105 ryzyk transakcji.\" \/>\n<meta name=\"robots\" content=\"index, follow, max-snippet:-1, max-image-preview:large, max-video-preview:-1\" \/>\n<link rel=\"canonical\" href=\"https:\/\/kpdi.pl\/english\/due-dilligence\/\" \/>\n<meta property=\"og:locale\" content=\"en_US\" \/>\n<meta property=\"og:type\" content=\"article\" \/>\n<meta property=\"og:title\" content=\"Due dilligence - KPDI EN\" \/>\n<meta property=\"og:description\" content=\"Prowadzimy due dilligence sp\u00f3\u0142ek, przedsi\u0119biorstw i nieruchomo\u015bci. Audyt prawny uzupe\u0142niany jest o badanie podatkowe i finansowe. Kancelaria organizuje badanie i przygotowuje raport z ocen\u0105 ryzyk transakcji.\" \/>\n<meta property=\"og:url\" content=\"https:\/\/kpdi.pl\/english\/due-dilligence\/\" \/>\n<meta property=\"og:site_name\" content=\"KPDI EN\" \/>\n<meta property=\"article:modified_time\" content=\"2025-09-25T10:10:08+00:00\" \/>\n<meta property=\"og:image\" content=\"https:\/\/kpdi.pl\/english\/wp-content\/uploads\/sites\/4\/2018\/03\/IKONA-kafle.png\" \/>\n\t<meta property=\"og:image:width\" content=\"62\" \/>\n\t<meta property=\"og:image:height\" content=\"61\" \/>\n\t<meta property=\"og:image:type\" content=\"image\/png\" \/>\n<meta name=\"twitter:card\" content=\"summary_large_image\" \/>\n<meta name=\"twitter:label1\" content=\"Est. reading time\" \/>\n\t<meta name=\"twitter:data1\" content=\"3 minutes\" \/>\n<script type=\"application\/ld+json\" class=\"yoast-schema-graph\">{\"@context\":\"https:\\\/\\\/schema.org\",\"@graph\":[{\"@type\":\"WebPage\",\"@id\":\"https:\\\/\\\/kpdi.pl\\\/english\\\/due-dilligence\\\/\",\"url\":\"https:\\\/\\\/kpdi.pl\\\/english\\\/due-dilligence\\\/\",\"name\":\"Due dilligence - KPDI EN\",\"isPartOf\":{\"@id\":\"https:\\\/\\\/kpdi.pl\\\/english\\\/#website\"},\"primaryImageOfPage\":{\"@id\":\"https:\\\/\\\/kpdi.pl\\\/english\\\/due-dilligence\\\/#primaryimage\"},\"image\":{\"@id\":\"https:\\\/\\\/kpdi.pl\\\/english\\\/due-dilligence\\\/#primaryimage\"},\"thumbnailUrl\":\"https:\\\/\\\/kpdi.pl\\\/wp-content\\\/uploads\\\/2018\\\/03\\\/IKONA-kafle.png\",\"datePublished\":\"2018-04-18T12:29:43+00:00\",\"dateModified\":\"2025-09-25T10:10:08+00:00\",\"description\":\"Prowadzimy due dilligence sp\u00f3\u0142ek, przedsi\u0119biorstw i nieruchomo\u015bci. Audyt prawny uzupe\u0142niany jest o badanie podatkowe i finansowe. Kancelaria organizuje badanie i przygotowuje raport z ocen\u0105 ryzyk transakcji.\",\"breadcrumb\":{\"@id\":\"https:\\\/\\\/kpdi.pl\\\/english\\\/due-dilligence\\\/#breadcrumb\"},\"inLanguage\":\"en-US\",\"potentialAction\":[{\"@type\":\"ReadAction\",\"target\":[\"https:\\\/\\\/kpdi.pl\\\/english\\\/due-dilligence\\\/\"]}]},{\"@type\":\"ImageObject\",\"inLanguage\":\"en-US\",\"@id\":\"https:\\\/\\\/kpdi.pl\\\/english\\\/due-dilligence\\\/#primaryimage\",\"url\":\"https:\\\/\\\/kpdi.pl\\\/wp-content\\\/uploads\\\/2018\\\/03\\\/IKONA-kafle.png\",\"contentUrl\":\"https:\\\/\\\/kpdi.pl\\\/wp-content\\\/uploads\\\/2018\\\/03\\\/IKONA-kafle.png\"},{\"@type\":\"BreadcrumbList\",\"@id\":\"https:\\\/\\\/kpdi.pl\\\/english\\\/due-dilligence\\\/#breadcrumb\",\"itemListElement\":[{\"@type\":\"ListItem\",\"position\":1,\"name\":\"Strona g\u0142\u00f3wna\",\"item\":\"https:\\\/\\\/kpdi.pl\\\/english\\\/\"},{\"@type\":\"ListItem\",\"position\":2,\"name\":\"Due dilligence\"}]},{\"@type\":\"WebSite\",\"@id\":\"https:\\\/\\\/kpdi.pl\\\/english\\\/#website\",\"url\":\"https:\\\/\\\/kpdi.pl\\\/english\\\/\",\"name\":\"KPDI EN\",\"description\":\"KPDI | Law Office Gda\u0144sk\",\"potentialAction\":[{\"@type\":\"SearchAction\",\"target\":{\"@type\":\"EntryPoint\",\"urlTemplate\":\"https:\\\/\\\/kpdi.pl\\\/english\\\/?s={search_term_string}\"},\"query-input\":{\"@type\":\"PropertyValueSpecification\",\"valueRequired\":true,\"valueName\":\"search_term_string\"}}],\"inLanguage\":\"en-US\"}]}<\/script>\n<!-- \/ Yoast SEO plugin. -->","yoast_head_json":{"title":"Due dilligence - KPDI EN","description":"Prowadzimy due dilligence sp\u00f3\u0142ek, przedsi\u0119biorstw i nieruchomo\u015bci. Audyt prawny uzupe\u0142niany jest o badanie podatkowe i finansowe. Kancelaria organizuje badanie i przygotowuje raport z ocen\u0105 ryzyk transakcji.","robots":{"index":"index","follow":"follow","max-snippet":"max-snippet:-1","max-image-preview":"max-image-preview:large","max-video-preview":"max-video-preview:-1"},"canonical":"https:\/\/kpdi.pl\/english\/due-dilligence\/","og_locale":"en_US","og_type":"article","og_title":"Due dilligence - KPDI EN","og_description":"Prowadzimy due dilligence sp\u00f3\u0142ek, przedsi\u0119biorstw i nieruchomo\u015bci. Audyt prawny uzupe\u0142niany jest o badanie podatkowe i finansowe. Kancelaria organizuje badanie i przygotowuje raport z ocen\u0105 ryzyk transakcji.","og_url":"https:\/\/kpdi.pl\/english\/due-dilligence\/","og_site_name":"KPDI EN","article_modified_time":"2025-09-25T10:10:08+00:00","og_image":[{"width":62,"height":61,"url":"https:\/\/kpdi.pl\/english\/wp-content\/uploads\/sites\/4\/2018\/03\/IKONA-kafle.png","type":"image\/png"}],"twitter_card":"summary_large_image","twitter_misc":{"Est. reading time":"3 minutes"},"schema":{"@context":"https:\/\/schema.org","@graph":[{"@type":"WebPage","@id":"https:\/\/kpdi.pl\/english\/due-dilligence\/","url":"https:\/\/kpdi.pl\/english\/due-dilligence\/","name":"Due dilligence - KPDI EN","isPartOf":{"@id":"https:\/\/kpdi.pl\/english\/#website"},"primaryImageOfPage":{"@id":"https:\/\/kpdi.pl\/english\/due-dilligence\/#primaryimage"},"image":{"@id":"https:\/\/kpdi.pl\/english\/due-dilligence\/#primaryimage"},"thumbnailUrl":"https:\/\/kpdi.pl\/wp-content\/uploads\/2018\/03\/IKONA-kafle.png","datePublished":"2018-04-18T12:29:43+00:00","dateModified":"2025-09-25T10:10:08+00:00","description":"Prowadzimy due dilligence sp\u00f3\u0142ek, przedsi\u0119biorstw i nieruchomo\u015bci. Audyt prawny uzupe\u0142niany jest o badanie podatkowe i finansowe. Kancelaria organizuje badanie i przygotowuje raport z ocen\u0105 ryzyk transakcji.","breadcrumb":{"@id":"https:\/\/kpdi.pl\/english\/due-dilligence\/#breadcrumb"},"inLanguage":"en-US","potentialAction":[{"@type":"ReadAction","target":["https:\/\/kpdi.pl\/english\/due-dilligence\/"]}]},{"@type":"ImageObject","inLanguage":"en-US","@id":"https:\/\/kpdi.pl\/english\/due-dilligence\/#primaryimage","url":"https:\/\/kpdi.pl\/wp-content\/uploads\/2018\/03\/IKONA-kafle.png","contentUrl":"https:\/\/kpdi.pl\/wp-content\/uploads\/2018\/03\/IKONA-kafle.png"},{"@type":"BreadcrumbList","@id":"https:\/\/kpdi.pl\/english\/due-dilligence\/#breadcrumb","itemListElement":[{"@type":"ListItem","position":1,"name":"Strona g\u0142\u00f3wna","item":"https:\/\/kpdi.pl\/english\/"},{"@type":"ListItem","position":2,"name":"Due dilligence"}]},{"@type":"WebSite","@id":"https:\/\/kpdi.pl\/english\/#website","url":"https:\/\/kpdi.pl\/english\/","name":"KPDI EN","description":"KPDI | Law Office Gda\u0144sk","potentialAction":[{"@type":"SearchAction","target":{"@type":"EntryPoint","urlTemplate":"https:\/\/kpdi.pl\/english\/?s={search_term_string}"},"query-input":{"@type":"PropertyValueSpecification","valueRequired":true,"valueName":"search_term_string"}}],"inLanguage":"en-US"}]}},"_links":{"self":[{"href":"https:\/\/kpdi.pl\/english\/wp-json\/wp\/v2\/pages\/1615","targetHints":{"allow":["GET"]}}],"collection":[{"href":"https:\/\/kpdi.pl\/english\/wp-json\/wp\/v2\/pages"}],"about":[{"href":"https:\/\/kpdi.pl\/english\/wp-json\/wp\/v2\/types\/page"}],"author":[{"embeddable":true,"href":"https:\/\/kpdi.pl\/english\/wp-json\/wp\/v2\/users\/1"}],"replies":[{"embeddable":true,"href":"https:\/\/kpdi.pl\/english\/wp-json\/wp\/v2\/comments?post=1615"}],"version-history":[{"count":8,"href":"https:\/\/kpdi.pl\/english\/wp-json\/wp\/v2\/pages\/1615\/revisions"}],"predecessor-version":[{"id":2155,"href":"https:\/\/kpdi.pl\/english\/wp-json\/wp\/v2\/pages\/1615\/revisions\/2155"}],"wp:attachment":[{"href":"https:\/\/kpdi.pl\/english\/wp-json\/wp\/v2\/media?parent=1615"}],"curies":[{"name":"wp","href":"https:\/\/api.w.org\/{rel}","templated":true}]}}