{"id":1627,"date":"2018-04-18T15:23:06","date_gmt":"2018-04-18T15:23:06","guid":{"rendered":"http:\/\/kpdi.pl\/english\/?page_id=1627"},"modified":"2019-06-28T10:51:28","modified_gmt":"2019-06-28T10:51:28","slug":"zakladanie-spolek","status":"publish","type":"page","link":"https:\/\/kpdi.pl\/english\/zakladanie-spolek\/","title":{"rendered":"Establishing companies"},"content":{"rendered":"<p><div class=\"fusion-fullwidth fullwidth-box fusion-builder-row-1 nonhundred-percent-fullwidth non-hundred-percent-height-scrolling\" style=\"background-color: rgba(255,255,255,0);background-position: center center;background-repeat: no-repeat;padding-top:0px;padding-right:0px;padding-bottom:0px;padding-left:0px;margin-bottom: 0px;margin-top: 0px;border-width: 0px 0px 0px 0px;border-color:#eae9e9;border-style:solid;\" ><div class=\"fusion-builder-row fusion-row\"><div class=\"fusion-layout-column fusion_builder_column fusion-builder-column-0 fusion_builder_column_1_1 1_1 fusion-one-full fusion-column-first fusion-column-last\" style=\"margin-top:0px;margin-bottom:20px;\"><div class=\"fusion-column-wrapper fusion-flex-column-wrapper-legacy\" style=\"background-position:left top;background-repeat:no-repeat;-webkit-background-size:cover;-moz-background-size:cover;-o-background-size:cover;background-size:cover;padding: 0px 0px 0px 0px;\"><div class=\"fusion-text fusion-text-1\"><h2><strong>Establishing companies \u2013 which form would be best for the business?<\/strong><\/h2>\n<\/div><div class=\"fusion-clearfix\"><\/div><\/div><\/div><div class=\"fusion-layout-column fusion_builder_column fusion-builder-column-1 fusion_builder_column_2_5 2_5 fusion-two-fifth fusion-column-first\" style=\"width:40%;width:calc(40% - ( ( 4% ) * 0.4 ) );margin-right: 4%;margin-top:0px;margin-bottom:20px;\"><div class=\"fusion-column-wrapper fusion-flex-column-wrapper-legacy\" style=\"background-position:left top;background-repeat:no-repeat;-webkit-background-size:cover;-moz-background-size:cover;-o-background-size:cover;background-size:cover;padding: 0px 0px 0px 0px;\"><span class=\" fusion-imageframe imageframe-none imageframe-1 hover-type-none\"><img decoding=\"async\" width=\"300\" height=\"200\" alt=\"zak\u0142adanie sp\u00f3\u0142ek\" title=\"zak\u0142adanie sp\u00f3\u0142ek1\" src=\"http:\/\/kpdi.pl\/wp-content\/uploads\/sites\/4\/2018\/05\/zak\u0142adanie-sp\u00f3\u0142ek1-300x200.jpg\" class=\"img-responsive wp-image-1715\" srcset=\"https:\/\/kpdi.pl\/english\/wp-content\/uploads\/sites\/4\/2018\/05\/zak\u0142adanie-sp\u00f3\u0142ek1-200x133.jpg 200w, https:\/\/kpdi.pl\/english\/wp-content\/uploads\/sites\/4\/2018\/05\/zak\u0142adanie-sp\u00f3\u0142ek1-400x267.jpg 400w, https:\/\/kpdi.pl\/english\/wp-content\/uploads\/sites\/4\/2018\/05\/zak\u0142adanie-sp\u00f3\u0142ek1-600x400.jpg 600w, https:\/\/kpdi.pl\/english\/wp-content\/uploads\/sites\/4\/2018\/05\/zak\u0142adanie-sp\u00f3\u0142ek1-800x534.jpg 800w, https:\/\/kpdi.pl\/english\/wp-content\/uploads\/sites\/4\/2018\/05\/zak\u0142adanie-sp\u00f3\u0142ek1-1200x801.jpg 1200w, https:\/\/kpdi.pl\/english\/wp-content\/uploads\/sites\/4\/2018\/05\/zak\u0142adanie-sp\u00f3\u0142ek1.jpg 1500w\" sizes=\"(max-width: 800px) 100vw, 600px\" \/><\/span><div class=\"fusion-clearfix\"><\/div><\/div><\/div><div class=\"fusion-layout-column fusion_builder_column fusion-builder-column-2 fusion_builder_column_3_5 3_5 fusion-three-fifth fusion-column-last\" style=\"width:60%;width:calc(60% - ( ( 4% ) * 0.6 ) );margin-top:0px;margin-bottom:20px;\"><div class=\"fusion-column-wrapper fusion-flex-column-wrapper-legacy\" style=\"background-position:left top;background-repeat:no-repeat;-webkit-background-size:cover;-moz-background-size:cover;-o-background-size:cover;background-size:cover;padding: 0px 0px 0px 0px;\"><div class=\"fusion-text fusion-text-2\"><p>Businessmen decide to establish companies for various reasons. Some of them wish to combine the potential of a few persons, others to secure their personal property against potential claims, still others search for investors who would finance a given project in return for shares.<\/p>\n<p>A separate company also gives the opportunity to separate various business activities conducted by the same businessman.<\/p>\n<p>The most popular form is a limited liability company as it permits various business objectives to be achieved. Unfortunately, this form is also very ineffective tax-wise. However, often the same objectives may be achieved through other more optimum structures.<\/p>\n<p>The first step to establish a company is to learn the Client\u2019s objectives. Only then can we adjust the solution to the Client\u2019s needs.<\/p>\n<\/div><div class=\"fusion-clearfix\"><\/div><\/div><\/div><div class=\"fusion-layout-column fusion_builder_column fusion-builder-column-3 fusion_builder_column_1_1 1_1 fusion-one-full fusion-column-first fusion-column-last\" style=\"margin-top:0px;margin-bottom:20px;\"><div class=\"fusion-column-wrapper fusion-flex-column-wrapper-legacy\" style=\"background-position:left top;background-repeat:no-repeat;-webkit-background-size:cover;-moz-background-size:cover;-o-background-size:cover;background-size:cover;padding: 0px 0px 0px 0px;\"><div class=\"fusion-sep-clear\"><\/div><div class=\"fusion-separator fusion-full-width-sep\" style=\"margin-left: auto;margin-right: auto;margin-top:10px;margin-bottom:30px;width:100%;\"><div class=\"fusion-separator-border sep-single sep-solid\" style=\"border-color:rgba(39,134,229,0.76);border-top-width:1px;\"><\/div><\/div><div class=\"fusion-sep-clear\"><\/div><div class=\"fusion-clearfix\"><\/div><\/div><\/div><\/div><\/div><div class=\"fusion-fullwidth fullwidth-box fusion-builder-row-2 nonhundred-percent-fullwidth non-hundred-percent-height-scrolling\" style=\"background-color: rgba(255,255,255,0);background-position: center center;background-repeat: no-repeat;padding-top:0px;padding-right:0px;padding-bottom:0px;padding-left:0px;margin-bottom: 0px;margin-top: 0px;border-width: 0px 0px 0px 0px;border-color:#eae9e9;border-style:solid;\" ><div class=\"fusion-builder-row fusion-row\"><div class=\"fusion-layout-column fusion_builder_column fusion-builder-column-4 fusion_builder_column_3_5 3_5 fusion-three-fifth fusion-column-first\" style=\"width:60%;width:calc(60% - ( ( 4% ) * 0.6 ) );margin-right: 4%;margin-top:0px;margin-bottom:20px;\"><div class=\"fusion-column-wrapper fusion-flex-column-wrapper-legacy\" style=\"background-position:left top;background-repeat:no-repeat;-webkit-background-size:cover;-moz-background-size:cover;-o-background-size:cover;background-size:cover;padding: 0px 0px 0px 0px;\"><div class=\"fusion-text fusion-text-3\"><h2><strong>The essentials of KPDI consultancy<\/strong><\/h2>\n<\/div><div class=\"fusion-text fusion-text-4\"><p>Establishing a company is not limited to selecting its legal form. Often it requires the relations between partners and the business relations between this entity and its closes business surrounding to be defined.<\/p>\n<p>KPDI lawyers represent shareholders while negotiating the contents of the articles of association as well as shareholders\u2019 agreements which are not disclosed to the public. Our function is to define the terms and conditions of establishing the company and managing its operations, but also such matters as for instance the principles of investing and financing the company\u2019s operations, the options of acquiring\/redeeming shares, principles of conducting competitive activities, special rules of settling disputes or the consequences of terminating business operations.<\/p>\n<p>An example of such a transaction was establishing LOTOS Air BP Polska sp. z o.o. during which we represented Grupa LOTOS S.A. in negotiation the package of agreements to regulate the rules of share acquisition and shareholders collaboration.<\/p>\n<\/div><div class=\"fusion-clearfix\"><\/div><\/div><\/div><div class=\"fusion-layout-column fusion_builder_column fusion-builder-column-5 fusion_builder_column_2_5 2_5 fusion-two-fifth fusion-column-last\" style=\"width:40%;width:calc(40% - ( ( 4% ) * 0.4 ) );margin-top:0px;margin-bottom:20px;\"><div class=\"fusion-column-wrapper fusion-flex-column-wrapper-legacy\" style=\"background-position:left top;background-repeat:no-repeat;-webkit-background-size:cover;-moz-background-size:cover;-o-background-size:cover;background-size:cover;padding: 0px 0px 0px 0px;\"><span class=\" fusion-imageframe imageframe-none imageframe-2 hover-type-none\"><img decoding=\"async\" width=\"300\" height=\"200\" title=\"zak\u0142adanie sp\u00f3\u0142ek 2\" src=\"http:\/\/kpdi.pl\/wp-content\/uploads\/sites\/4\/2018\/05\/zak\u0142adanie-sp\u00f3\u0142ek-2-300x200.jpg\" alt class=\"img-responsive wp-image-1717\" srcset=\"https:\/\/kpdi.pl\/english\/wp-content\/uploads\/sites\/4\/2018\/05\/zak\u0142adanie-sp\u00f3\u0142ek-2-200x133.jpg 200w, https:\/\/kpdi.pl\/english\/wp-content\/uploads\/sites\/4\/2018\/05\/zak\u0142adanie-sp\u00f3\u0142ek-2-400x267.jpg 400w, https:\/\/kpdi.pl\/english\/wp-content\/uploads\/sites\/4\/2018\/05\/zak\u0142adanie-sp\u00f3\u0142ek-2-600x400.jpg 600w, https:\/\/kpdi.pl\/english\/wp-content\/uploads\/sites\/4\/2018\/05\/zak\u0142adanie-sp\u00f3\u0142ek-2-800x534.jpg 800w, https:\/\/kpdi.pl\/english\/wp-content\/uploads\/sites\/4\/2018\/05\/zak\u0142adanie-sp\u00f3\u0142ek-2-1200x801.jpg 1200w, https:\/\/kpdi.pl\/english\/wp-content\/uploads\/sites\/4\/2018\/05\/zak\u0142adanie-sp\u00f3\u0142ek-2.jpg 1500w\" sizes=\"(max-width: 800px) 100vw, 600px\" \/><\/span><div class=\"fusion-clearfix\"><\/div><\/div><\/div><\/div><\/div><\/p>\n","protected":false},"excerpt":{"rendered":"","protected":false},"author":1,"featured_media":0,"parent":0,"menu_order":0,"comment_status":"closed","ping_status":"closed","template":"","meta":{"_exactmetrics_skip_tracking":false,"_exactmetrics_sitenote_active":false,"_exactmetrics_sitenote_note":"","_exactmetrics_sitenote_category":0,"footnotes":""},"class_list":["post-1627","page","type-page","status-publish","hentry"],"yoast_head":"<!-- This site is optimized with the Yoast SEO plugin v27.4 - https:\/\/yoast.com\/product\/yoast-seo-wordpress\/ -->\n<title>Establishing companies - KPDI EN<\/title>\n<meta name=\"description\" content=\"Zak\u0142adanie sp\u00f3\u0142ek, w tym prowadzenie negocjacji umowy wsp\u00f3lnik\u00f3w oraz um\u00f3w nabycia udzia\u0142\u00f3w, to jeden z obszar\u00f3w specjalizacji naszej Kancelarii. Pomo\u017cemy wybra\u0107 najkorzystniejsz\u0105 form\u0119 prawn\u0105 Waszego biznesu.\" \/>\n<meta name=\"robots\" content=\"index, follow, max-snippet:-1, max-image-preview:large, max-video-preview:-1\" \/>\n<link rel=\"canonical\" href=\"https:\/\/kpdi.pl\/english\/zakladanie-spolek\/\" \/>\n<meta property=\"og:locale\" content=\"en_US\" \/>\n<meta property=\"og:type\" content=\"article\" \/>\n<meta property=\"og:title\" content=\"Establishing companies - KPDI EN\" \/>\n<meta property=\"og:description\" content=\"Zak\u0142adanie sp\u00f3\u0142ek, w tym prowadzenie negocjacji umowy wsp\u00f3lnik\u00f3w oraz um\u00f3w nabycia udzia\u0142\u00f3w, to jeden z obszar\u00f3w specjalizacji naszej Kancelarii. Pomo\u017cemy wybra\u0107 najkorzystniejsz\u0105 form\u0119 prawn\u0105 Waszego biznesu.\" \/>\n<meta property=\"og:url\" content=\"https:\/\/kpdi.pl\/english\/zakladanie-spolek\/\" \/>\n<meta property=\"og:site_name\" content=\"KPDI EN\" \/>\n<meta property=\"article:modified_time\" content=\"2019-06-28T10:51:28+00:00\" \/>\n<meta name=\"twitter:card\" content=\"summary_large_image\" \/>\n<meta name=\"twitter:label1\" content=\"Est. reading time\" \/>\n\t<meta name=\"twitter:data1\" content=\"6 minutes\" \/>\n<script type=\"application\/ld+json\" class=\"yoast-schema-graph\">{\"@context\":\"https:\\\/\\\/schema.org\",\"@graph\":[{\"@type\":\"WebPage\",\"@id\":\"https:\\\/\\\/kpdi.pl\\\/english\\\/zakladanie-spolek\\\/\",\"url\":\"https:\\\/\\\/kpdi.pl\\\/english\\\/zakladanie-spolek\\\/\",\"name\":\"Establishing companies - KPDI EN\",\"isPartOf\":{\"@id\":\"https:\\\/\\\/kpdi.pl\\\/english\\\/#website\"},\"datePublished\":\"2018-04-18T15:23:06+00:00\",\"dateModified\":\"2019-06-28T10:51:28+00:00\",\"description\":\"Zak\u0142adanie sp\u00f3\u0142ek, w tym prowadzenie negocjacji umowy wsp\u00f3lnik\u00f3w oraz um\u00f3w nabycia udzia\u0142\u00f3w, to jeden z obszar\u00f3w specjalizacji naszej Kancelarii. Pomo\u017cemy wybra\u0107 najkorzystniejsz\u0105 form\u0119 prawn\u0105 Waszego biznesu.\",\"breadcrumb\":{\"@id\":\"https:\\\/\\\/kpdi.pl\\\/english\\\/zakladanie-spolek\\\/#breadcrumb\"},\"inLanguage\":\"en-US\",\"potentialAction\":[{\"@type\":\"ReadAction\",\"target\":[\"https:\\\/\\\/kpdi.pl\\\/english\\\/zakladanie-spolek\\\/\"]}]},{\"@type\":\"BreadcrumbList\",\"@id\":\"https:\\\/\\\/kpdi.pl\\\/english\\\/zakladanie-spolek\\\/#breadcrumb\",\"itemListElement\":[{\"@type\":\"ListItem\",\"position\":1,\"name\":\"Strona g\u0142\u00f3wna\",\"item\":\"https:\\\/\\\/kpdi.pl\\\/english\\\/\"},{\"@type\":\"ListItem\",\"position\":2,\"name\":\"Establishing companies\"}]},{\"@type\":\"WebSite\",\"@id\":\"https:\\\/\\\/kpdi.pl\\\/english\\\/#website\",\"url\":\"https:\\\/\\\/kpdi.pl\\\/english\\\/\",\"name\":\"KPDI EN\",\"description\":\"KPDI | Law Office Gda\u0144sk\",\"potentialAction\":[{\"@type\":\"SearchAction\",\"target\":{\"@type\":\"EntryPoint\",\"urlTemplate\":\"https:\\\/\\\/kpdi.pl\\\/english\\\/?s={search_term_string}\"},\"query-input\":{\"@type\":\"PropertyValueSpecification\",\"valueRequired\":true,\"valueName\":\"search_term_string\"}}],\"inLanguage\":\"en-US\"}]}<\/script>\n<!-- \/ Yoast SEO plugin. -->","yoast_head_json":{"title":"Establishing companies - KPDI EN","description":"Zak\u0142adanie sp\u00f3\u0142ek, w tym prowadzenie negocjacji umowy wsp\u00f3lnik\u00f3w oraz um\u00f3w nabycia udzia\u0142\u00f3w, to jeden z obszar\u00f3w specjalizacji naszej Kancelarii. Pomo\u017cemy wybra\u0107 najkorzystniejsz\u0105 form\u0119 prawn\u0105 Waszego biznesu.","robots":{"index":"index","follow":"follow","max-snippet":"max-snippet:-1","max-image-preview":"max-image-preview:large","max-video-preview":"max-video-preview:-1"},"canonical":"https:\/\/kpdi.pl\/english\/zakladanie-spolek\/","og_locale":"en_US","og_type":"article","og_title":"Establishing companies - KPDI EN","og_description":"Zak\u0142adanie sp\u00f3\u0142ek, w tym prowadzenie negocjacji umowy wsp\u00f3lnik\u00f3w oraz um\u00f3w nabycia udzia\u0142\u00f3w, to jeden z obszar\u00f3w specjalizacji naszej Kancelarii. Pomo\u017cemy wybra\u0107 najkorzystniejsz\u0105 form\u0119 prawn\u0105 Waszego biznesu.","og_url":"https:\/\/kpdi.pl\/english\/zakladanie-spolek\/","og_site_name":"KPDI EN","article_modified_time":"2019-06-28T10:51:28+00:00","twitter_card":"summary_large_image","twitter_misc":{"Est. reading time":"6 minutes"},"schema":{"@context":"https:\/\/schema.org","@graph":[{"@type":"WebPage","@id":"https:\/\/kpdi.pl\/english\/zakladanie-spolek\/","url":"https:\/\/kpdi.pl\/english\/zakladanie-spolek\/","name":"Establishing companies - KPDI EN","isPartOf":{"@id":"https:\/\/kpdi.pl\/english\/#website"},"datePublished":"2018-04-18T15:23:06+00:00","dateModified":"2019-06-28T10:51:28+00:00","description":"Zak\u0142adanie sp\u00f3\u0142ek, w tym prowadzenie negocjacji umowy wsp\u00f3lnik\u00f3w oraz um\u00f3w nabycia udzia\u0142\u00f3w, to jeden z obszar\u00f3w specjalizacji naszej Kancelarii. Pomo\u017cemy wybra\u0107 najkorzystniejsz\u0105 form\u0119 prawn\u0105 Waszego biznesu.","breadcrumb":{"@id":"https:\/\/kpdi.pl\/english\/zakladanie-spolek\/#breadcrumb"},"inLanguage":"en-US","potentialAction":[{"@type":"ReadAction","target":["https:\/\/kpdi.pl\/english\/zakladanie-spolek\/"]}]},{"@type":"BreadcrumbList","@id":"https:\/\/kpdi.pl\/english\/zakladanie-spolek\/#breadcrumb","itemListElement":[{"@type":"ListItem","position":1,"name":"Strona g\u0142\u00f3wna","item":"https:\/\/kpdi.pl\/english\/"},{"@type":"ListItem","position":2,"name":"Establishing companies"}]},{"@type":"WebSite","@id":"https:\/\/kpdi.pl\/english\/#website","url":"https:\/\/kpdi.pl\/english\/","name":"KPDI EN","description":"KPDI | Law Office Gda\u0144sk","potentialAction":[{"@type":"SearchAction","target":{"@type":"EntryPoint","urlTemplate":"https:\/\/kpdi.pl\/english\/?s={search_term_string}"},"query-input":{"@type":"PropertyValueSpecification","valueRequired":true,"valueName":"search_term_string"}}],"inLanguage":"en-US"}]}},"_links":{"self":[{"href":"https:\/\/kpdi.pl\/english\/wp-json\/wp\/v2\/pages\/1627","targetHints":{"allow":["GET"]}}],"collection":[{"href":"https:\/\/kpdi.pl\/english\/wp-json\/wp\/v2\/pages"}],"about":[{"href":"https:\/\/kpdi.pl\/english\/wp-json\/wp\/v2\/types\/page"}],"author":[{"embeddable":true,"href":"https:\/\/kpdi.pl\/english\/wp-json\/wp\/v2\/users\/1"}],"replies":[{"embeddable":true,"href":"https:\/\/kpdi.pl\/english\/wp-json\/wp\/v2\/comments?post=1627"}],"version-history":[{"count":12,"href":"https:\/\/kpdi.pl\/english\/wp-json\/wp\/v2\/pages\/1627\/revisions"}],"predecessor-version":[{"id":1984,"href":"https:\/\/kpdi.pl\/english\/wp-json\/wp\/v2\/pages\/1627\/revisions\/1984"}],"wp:attachment":[{"href":"https:\/\/kpdi.pl\/english\/wp-json\/wp\/v2\/media?parent=1627"}],"curies":[{"name":"wp","href":"https:\/\/api.w.org\/{rel}","templated":true}]}}