{"id":1672,"date":"2018-05-04T11:28:49","date_gmt":"2018-05-04T11:28:49","guid":{"rendered":"http:\/\/kpdi.pl\/english\/?page_id=1672"},"modified":"2025-09-25T10:33:37","modified_gmt":"2025-09-25T10:33:37","slug":"obsluga-korporacyjna-spolek","status":"publish","type":"page","link":"https:\/\/kpdi.pl\/english\/obsluga-korporacyjna-spolek\/","title":{"rendered":"Corporate legal services"},"content":{"rendered":"<p><div class=\"fusion-fullwidth fullwidth-box fusion-builder-row-1 nonhundred-percent-fullwidth non-hundred-percent-height-scrolling\" style=\"background-color: rgba(255,255,255,0);background-position: center center;background-repeat: no-repeat;padding-top:0px;padding-right:0px;padding-bottom:0px;padding-left:0px;margin-bottom: 0px;margin-top: 0px;border-width: 0px 0px 0px 0px;border-color:#eae9e9;border-style:solid;\" ><div class=\"fusion-builder-row fusion-row\"><div class=\"fusion-layout-column fusion_builder_column fusion-builder-column-0 fusion_builder_column_1_1 1_1 fusion-one-full fusion-column-first fusion-column-last\" style=\"margin-top:0px;margin-bottom:20px;\"><div class=\"fusion-column-wrapper fusion-flex-column-wrapper-legacy\" style=\"background-position:left top;background-repeat:no-repeat;-webkit-background-size:cover;-moz-background-size:cover;-o-background-size:cover;background-size:cover;padding: 0px 0px 0px 0px;\"><div class=\"fusion-text fusion-text-1\"><h2 style=\"text-align: center;\"><strong>Corporate services for companies \u2013 consulting for large entities and capital groups<\/strong><\/h2>\n<\/div><div class=\"fusion-text fusion-text-2\"><p style=\"text-align: left;\">KPDI Law Firm has been providing services to large enterprises and capital groups for many years. Our role is to ensure that the activities of corporate bodies comply with broadly understood corporate documentation. We also advise on the creation of internal regulations for capital groups, aimed at maintaining corporate governance within holding structures.<\/p>\n<\/div><div class=\"fusion-clearfix\"><\/div><\/div><\/div><\/div><\/div><div class=\"fusion-fullwidth fullwidth-box fusion-builder-row-2 nonhundred-percent-fullwidth non-hundred-percent-height-scrolling\" style=\"background-color: rgba(255,255,255,0);background-position: center center;background-repeat: no-repeat;padding-top:0px;padding-right:0px;padding-bottom:0px;padding-left:0px;margin-bottom: 0px;margin-top: 0px;border-width: 0px 0px 0px 0px;border-color:#eae9e9;border-style:solid;\" ><div class=\"fusion-builder-row fusion-row\"><div class=\"fusion-layout-column fusion_builder_column fusion-builder-column-1 fusion_builder_column_1_1 1_1 fusion-one-full fusion-column-first fusion-column-last\" style=\"margin-top:0px;margin-bottom:20px;\"><div class=\"fusion-column-wrapper fusion-flex-column-wrapper-legacy\" style=\"background-position:left top;background-repeat:no-repeat;-webkit-background-size:cover;-moz-background-size:cover;-o-background-size:cover;background-size:cover;padding: 0px 0px 0px 0px;\"><div class=\"fusion-text fusion-text-3\"><h3><strong><img decoding=\"async\" class=\"alignnone wp-image-1500\" src=\"http:\/\/kpdi.pl\/wp-content\/uploads\/2018\/03\/IKONA-kafle.png\" alt=\"Kancelaria KPDI\" width=\"25\" height=\"25\" \/> Advisory services for corporate bodies<img decoding=\"async\" class=\"wp-image-1763 alignright\" src=\"http:\/\/kpdi.pl\/wp-content\/uploads\/2018\/05\/obs\u0142uga-korporacyjna-sp\u00f3\u0142ek-1024x679.jpg\" alt=\"obs\u0142uga korporacyjna sp\u00f3\u0142ek\" width=\"506\" height=\"335\" srcset=\"https:\/\/kpdi.pl\/english\/wp-content\/uploads\/sites\/4\/2018\/05\/obs\u0142uga-korporacyjna-sp\u00f3\u0142ek-200x133.jpg 200w, https:\/\/kpdi.pl\/english\/wp-content\/uploads\/sites\/4\/2018\/05\/obs\u0142uga-korporacyjna-sp\u00f3\u0142ek-300x199.jpg 300w, https:\/\/kpdi.pl\/english\/wp-content\/uploads\/sites\/4\/2018\/05\/obs\u0142uga-korporacyjna-sp\u00f3\u0142ek-400x265.jpg 400w, https:\/\/kpdi.pl\/english\/wp-content\/uploads\/sites\/4\/2018\/05\/obs\u0142uga-korporacyjna-sp\u00f3\u0142ek-600x398.jpg 600w, https:\/\/kpdi.pl\/english\/wp-content\/uploads\/sites\/4\/2018\/05\/obs\u0142uga-korporacyjna-sp\u00f3\u0142ek-768x509.jpg 768w, https:\/\/kpdi.pl\/english\/wp-content\/uploads\/sites\/4\/2018\/05\/obs\u0142uga-korporacyjna-sp\u00f3\u0142ek-800x530.jpg 800w, https:\/\/kpdi.pl\/english\/wp-content\/uploads\/sites\/4\/2018\/05\/obs\u0142uga-korporacyjna-sp\u00f3\u0142ek-1024x679.jpg 1024w, https:\/\/kpdi.pl\/english\/wp-content\/uploads\/sites\/4\/2018\/05\/obs\u0142uga-korporacyjna-sp\u00f3\u0142ek-1200x795.jpg 1200w, https:\/\/kpdi.pl\/english\/wp-content\/uploads\/sites\/4\/2018\/05\/obs\u0142uga-korporacyjna-sp\u00f3\u0142ek.jpg 1500w\" sizes=\"(max-width: 506px) 100vw, 506px\" \/><\/strong><\/h3>\n<p>The day-to-day operations of multi-member corporate bodies require organizational support. In many cases, professional assistance from a legal advisor is essential. The rules for convening meetings, adopting resolutions, conducting proceedings, and preparing proper minutes of meetings are just a few examples of situations where legal issues arise.<\/p>\n<h3><strong><img decoding=\"async\" class=\"alignnone wp-image-1500\" src=\"http:\/\/kpdi.pl\/wp-content\/uploads\/2018\/03\/IKONA-kafle.png\" alt=\"Kancelaria KPDI\" width=\"25\" height=\"25\" \/><\/strong> Corporate governance<\/h3>\n<p>The division of a large enterprise into multiple companies necessitates the implementation of an effective system for controlling their activities. However, the first step towards ensuring that the actions of the management boards of subsidiaries are consistent with the owner&#8217;s wishes is to establish clear rules of conduct. These include all kinds of internal acts that form a corporate governance system specific to a given capital group.<\/p>\n<h3><strong><img decoding=\"async\" class=\"alignnone wp-image-1500\" src=\"http:\/\/kpdi.pl\/wp-content\/uploads\/2018\/03\/IKONA-kafle.png\" alt=\"Kancelaria KPDI\" width=\"25\" height=\"25\" \/><\/strong> Commissions and committees<\/h3>\n<p>It is not uncommon for capital groups to centralize decision-making in investment and financial matters. Ad hoc committees are set up to ensure control over significant expenditures that could affect the group&#8217;s consolidated results. These internal bodies operate in accordance with regulations, the creation and interpretation of which also requires legal support.<\/p>\n<\/div><div class=\"fusion-clearfix\"><\/div><\/div><\/div><\/div><\/div><\/p>\n","protected":false},"excerpt":{"rendered":"","protected":false},"author":1,"featured_media":0,"parent":0,"menu_order":0,"comment_status":"closed","ping_status":"closed","template":"","meta":{"_exactmetrics_skip_tracking":false,"_exactmetrics_sitenote_active":false,"_exactmetrics_sitenote_note":"","_exactmetrics_sitenote_category":0,"footnotes":""},"class_list":["post-1672","page","type-page","status-publish","hentry"],"yoast_head":"<!-- This site is optimized with the Yoast SEO plugin v27.5 - https:\/\/yoast.com\/product\/yoast-seo-wordpress\/ -->\n<title>Obs\u0142uga korporacyjna sp\u00f3\u0142ek | Kancelaria Prawna KPDI (Gda\u0144sk)<\/title>\n<meta name=\"description\" content=\"Obs\u0142uga korporacyjna sp\u00f3\u0142ek. Kancelaria Prawna KPDI (Gda\u0144sk) doradza przy tworzeniu dokumentacji wewn\u0119trznej grup kapita\u0142owych. Doradzamy zarz\u0105dom oraz radom nadzorczym sp\u00f3\u0142ek kapita\u0142owych w toku ich bie\u017c\u0105cej dzia\u0142alno\u015bci.\" \/>\n<meta name=\"robots\" content=\"index, follow, max-snippet:-1, max-image-preview:large, max-video-preview:-1\" \/>\n<link rel=\"canonical\" href=\"https:\/\/kpdi.pl\/english\/obsluga-korporacyjna-spolek\/\" \/>\n<meta property=\"og:locale\" content=\"en_US\" \/>\n<meta property=\"og:type\" content=\"article\" \/>\n<meta property=\"og:title\" content=\"Obs\u0142uga korporacyjna sp\u00f3\u0142ek | Kancelaria Prawna KPDI (Gda\u0144sk)\" \/>\n<meta property=\"og:description\" content=\"Obs\u0142uga korporacyjna sp\u00f3\u0142ek. Kancelaria Prawna KPDI (Gda\u0144sk) doradza przy tworzeniu dokumentacji wewn\u0119trznej grup kapita\u0142owych. Doradzamy zarz\u0105dom oraz radom nadzorczym sp\u00f3\u0142ek kapita\u0142owych w toku ich bie\u017c\u0105cej dzia\u0142alno\u015bci.\" \/>\n<meta property=\"og:url\" content=\"https:\/\/kpdi.pl\/english\/obsluga-korporacyjna-spolek\/\" \/>\n<meta property=\"og:site_name\" content=\"KPDI EN\" \/>\n<meta property=\"article:modified_time\" content=\"2025-09-25T10:33:37+00:00\" \/>\n<meta property=\"og:image\" content=\"https:\/\/kpdi.pl\/english\/wp-content\/uploads\/sites\/4\/2018\/03\/IKONA-kafle.png\" \/>\n\t<meta property=\"og:image:width\" content=\"62\" \/>\n\t<meta property=\"og:image:height\" content=\"61\" \/>\n\t<meta property=\"og:image:type\" content=\"image\/png\" \/>\n<meta name=\"twitter:card\" content=\"summary_large_image\" \/>\n<meta name=\"twitter:label1\" content=\"Est. reading time\" \/>\n\t<meta name=\"twitter:data1\" content=\"4 minutes\" \/>\n<script type=\"application\/ld+json\" class=\"yoast-schema-graph\">{\"@context\":\"https:\\\/\\\/schema.org\",\"@graph\":[{\"@type\":\"WebPage\",\"@id\":\"https:\\\/\\\/kpdi.pl\\\/english\\\/obsluga-korporacyjna-spolek\\\/\",\"url\":\"https:\\\/\\\/kpdi.pl\\\/english\\\/obsluga-korporacyjna-spolek\\\/\",\"name\":\"Obs\u0142uga korporacyjna sp\u00f3\u0142ek | Kancelaria Prawna KPDI (Gda\u0144sk)\",\"isPartOf\":{\"@id\":\"https:\\\/\\\/kpdi.pl\\\/english\\\/#website\"},\"primaryImageOfPage\":{\"@id\":\"https:\\\/\\\/kpdi.pl\\\/english\\\/obsluga-korporacyjna-spolek\\\/#primaryimage\"},\"image\":{\"@id\":\"https:\\\/\\\/kpdi.pl\\\/english\\\/obsluga-korporacyjna-spolek\\\/#primaryimage\"},\"thumbnailUrl\":\"http:\\\/\\\/kpdi.pl\\\/wp-content\\\/uploads\\\/2018\\\/03\\\/IKONA-kafle.png\",\"datePublished\":\"2018-05-04T11:28:49+00:00\",\"dateModified\":\"2025-09-25T10:33:37+00:00\",\"description\":\"Obs\u0142uga korporacyjna sp\u00f3\u0142ek. Kancelaria Prawna KPDI (Gda\u0144sk) doradza przy tworzeniu dokumentacji wewn\u0119trznej grup kapita\u0142owych. Doradzamy zarz\u0105dom oraz radom nadzorczym sp\u00f3\u0142ek kapita\u0142owych w toku ich bie\u017c\u0105cej dzia\u0142alno\u015bci.\",\"breadcrumb\":{\"@id\":\"https:\\\/\\\/kpdi.pl\\\/english\\\/obsluga-korporacyjna-spolek\\\/#breadcrumb\"},\"inLanguage\":\"en-US\",\"potentialAction\":[{\"@type\":\"ReadAction\",\"target\":[\"https:\\\/\\\/kpdi.pl\\\/english\\\/obsluga-korporacyjna-spolek\\\/\"]}]},{\"@type\":\"ImageObject\",\"inLanguage\":\"en-US\",\"@id\":\"https:\\\/\\\/kpdi.pl\\\/english\\\/obsluga-korporacyjna-spolek\\\/#primaryimage\",\"url\":\"http:\\\/\\\/kpdi.pl\\\/wp-content\\\/uploads\\\/2018\\\/03\\\/IKONA-kafle.png\",\"contentUrl\":\"http:\\\/\\\/kpdi.pl\\\/wp-content\\\/uploads\\\/2018\\\/03\\\/IKONA-kafle.png\"},{\"@type\":\"BreadcrumbList\",\"@id\":\"https:\\\/\\\/kpdi.pl\\\/english\\\/obsluga-korporacyjna-spolek\\\/#breadcrumb\",\"itemListElement\":[{\"@type\":\"ListItem\",\"position\":1,\"name\":\"Strona g\u0142\u00f3wna\",\"item\":\"https:\\\/\\\/kpdi.pl\\\/english\\\/\"},{\"@type\":\"ListItem\",\"position\":2,\"name\":\"Corporate legal services\"}]},{\"@type\":\"WebSite\",\"@id\":\"https:\\\/\\\/kpdi.pl\\\/english\\\/#website\",\"url\":\"https:\\\/\\\/kpdi.pl\\\/english\\\/\",\"name\":\"KPDI EN\",\"description\":\"KPDI | Law Office Gda\u0144sk\",\"potentialAction\":[{\"@type\":\"SearchAction\",\"target\":{\"@type\":\"EntryPoint\",\"urlTemplate\":\"https:\\\/\\\/kpdi.pl\\\/english\\\/?s={search_term_string}\"},\"query-input\":{\"@type\":\"PropertyValueSpecification\",\"valueRequired\":true,\"valueName\":\"search_term_string\"}}],\"inLanguage\":\"en-US\"}]}<\/script>\n<!-- \/ Yoast SEO plugin. -->","yoast_head_json":{"title":"Obs\u0142uga korporacyjna sp\u00f3\u0142ek | Kancelaria Prawna KPDI (Gda\u0144sk)","description":"Obs\u0142uga korporacyjna sp\u00f3\u0142ek. Kancelaria Prawna KPDI (Gda\u0144sk) doradza przy tworzeniu dokumentacji wewn\u0119trznej grup kapita\u0142owych. Doradzamy zarz\u0105dom oraz radom nadzorczym sp\u00f3\u0142ek kapita\u0142owych w toku ich bie\u017c\u0105cej dzia\u0142alno\u015bci.","robots":{"index":"index","follow":"follow","max-snippet":"max-snippet:-1","max-image-preview":"max-image-preview:large","max-video-preview":"max-video-preview:-1"},"canonical":"https:\/\/kpdi.pl\/english\/obsluga-korporacyjna-spolek\/","og_locale":"en_US","og_type":"article","og_title":"Obs\u0142uga korporacyjna sp\u00f3\u0142ek | Kancelaria Prawna KPDI (Gda\u0144sk)","og_description":"Obs\u0142uga korporacyjna sp\u00f3\u0142ek. Kancelaria Prawna KPDI (Gda\u0144sk) doradza przy tworzeniu dokumentacji wewn\u0119trznej grup kapita\u0142owych. Doradzamy zarz\u0105dom oraz radom nadzorczym sp\u00f3\u0142ek kapita\u0142owych w toku ich bie\u017c\u0105cej dzia\u0142alno\u015bci.","og_url":"https:\/\/kpdi.pl\/english\/obsluga-korporacyjna-spolek\/","og_site_name":"KPDI EN","article_modified_time":"2025-09-25T10:33:37+00:00","og_image":[{"width":62,"height":61,"url":"https:\/\/kpdi.pl\/english\/wp-content\/uploads\/sites\/4\/2018\/03\/IKONA-kafle.png","type":"image\/png"}],"twitter_card":"summary_large_image","twitter_misc":{"Est. reading time":"4 minutes"},"schema":{"@context":"https:\/\/schema.org","@graph":[{"@type":"WebPage","@id":"https:\/\/kpdi.pl\/english\/obsluga-korporacyjna-spolek\/","url":"https:\/\/kpdi.pl\/english\/obsluga-korporacyjna-spolek\/","name":"Obs\u0142uga korporacyjna sp\u00f3\u0142ek | Kancelaria Prawna KPDI (Gda\u0144sk)","isPartOf":{"@id":"https:\/\/kpdi.pl\/english\/#website"},"primaryImageOfPage":{"@id":"https:\/\/kpdi.pl\/english\/obsluga-korporacyjna-spolek\/#primaryimage"},"image":{"@id":"https:\/\/kpdi.pl\/english\/obsluga-korporacyjna-spolek\/#primaryimage"},"thumbnailUrl":"http:\/\/kpdi.pl\/wp-content\/uploads\/2018\/03\/IKONA-kafle.png","datePublished":"2018-05-04T11:28:49+00:00","dateModified":"2025-09-25T10:33:37+00:00","description":"Obs\u0142uga korporacyjna sp\u00f3\u0142ek. Kancelaria Prawna KPDI (Gda\u0144sk) doradza przy tworzeniu dokumentacji wewn\u0119trznej grup kapita\u0142owych. Doradzamy zarz\u0105dom oraz radom nadzorczym sp\u00f3\u0142ek kapita\u0142owych w toku ich bie\u017c\u0105cej dzia\u0142alno\u015bci.","breadcrumb":{"@id":"https:\/\/kpdi.pl\/english\/obsluga-korporacyjna-spolek\/#breadcrumb"},"inLanguage":"en-US","potentialAction":[{"@type":"ReadAction","target":["https:\/\/kpdi.pl\/english\/obsluga-korporacyjna-spolek\/"]}]},{"@type":"ImageObject","inLanguage":"en-US","@id":"https:\/\/kpdi.pl\/english\/obsluga-korporacyjna-spolek\/#primaryimage","url":"http:\/\/kpdi.pl\/wp-content\/uploads\/2018\/03\/IKONA-kafle.png","contentUrl":"http:\/\/kpdi.pl\/wp-content\/uploads\/2018\/03\/IKONA-kafle.png"},{"@type":"BreadcrumbList","@id":"https:\/\/kpdi.pl\/english\/obsluga-korporacyjna-spolek\/#breadcrumb","itemListElement":[{"@type":"ListItem","position":1,"name":"Strona g\u0142\u00f3wna","item":"https:\/\/kpdi.pl\/english\/"},{"@type":"ListItem","position":2,"name":"Corporate legal services"}]},{"@type":"WebSite","@id":"https:\/\/kpdi.pl\/english\/#website","url":"https:\/\/kpdi.pl\/english\/","name":"KPDI EN","description":"KPDI | Law Office Gda\u0144sk","potentialAction":[{"@type":"SearchAction","target":{"@type":"EntryPoint","urlTemplate":"https:\/\/kpdi.pl\/english\/?s={search_term_string}"},"query-input":{"@type":"PropertyValueSpecification","valueRequired":true,"valueName":"search_term_string"}}],"inLanguage":"en-US"}]}},"_links":{"self":[{"href":"https:\/\/kpdi.pl\/english\/wp-json\/wp\/v2\/pages\/1672","targetHints":{"allow":["GET"]}}],"collection":[{"href":"https:\/\/kpdi.pl\/english\/wp-json\/wp\/v2\/pages"}],"about":[{"href":"https:\/\/kpdi.pl\/english\/wp-json\/wp\/v2\/types\/page"}],"author":[{"embeddable":true,"href":"https:\/\/kpdi.pl\/english\/wp-json\/wp\/v2\/users\/1"}],"replies":[{"embeddable":true,"href":"https:\/\/kpdi.pl\/english\/wp-json\/wp\/v2\/comments?post=1672"}],"version-history":[{"count":11,"href":"https:\/\/kpdi.pl\/english\/wp-json\/wp\/v2\/pages\/1672\/revisions"}],"predecessor-version":[{"id":2158,"href":"https:\/\/kpdi.pl\/english\/wp-json\/wp\/v2\/pages\/1672\/revisions\/2158"}],"wp:attachment":[{"href":"https:\/\/kpdi.pl\/english\/wp-json\/wp\/v2\/media?parent=1672"}],"curies":[{"name":"wp","href":"https:\/\/api.w.org\/{rel}","templated":true}]}}